{"id":76871,"date":"2024-09-11T17:38:05","date_gmt":"2024-09-11T17:38:05","guid":{"rendered":"https:\/\/www.climatepolicyinitiative.org\/?page_id=76871"},"modified":"2024-09-17T12:43:15","modified_gmt":"2024-09-17T12:43:15","slug":"papel-catalisador-das-garantias","status":"publish","type":"page","link":"https:\/\/www.climatepolicyinitiative.org\/pt-br\/papel-catalisador-das-garantias\/","title":{"rendered":"Papel Catalisador das Garantias"},"content":{"rendered":"\n<p><span class=\"button\"><a href=\"https:\/\/www.climatepolicyinitiative.org\/pt-br\/publication\/ferramentas-para-impulsionar-o-financiamento-de-solucoes-baseadas-na-natureza\/\" target=\"_blank\" rel=\"noreferrer noopener\">p\u00e1gina principal<\/a><\/span>&nbsp; <span class=\"button\"><a href=\"https:\/\/www.climatepolicyinitiative.org\/wp-content\/uploads\/2024\/09\/REL-Ferramentas-para-Impulsionar-o-Financiamento-de-SbN.pdf\" target=\"_blank\" rel=\"noreferrer noopener\">ACESSE O RELAT\u00d3RIO<\/a><\/span><\/p>\n\n\n\n<p>As garantias s\u00e3o um meio fundamental de mobilizar recursos privados. Um estudo da OCDE constatou que elas alavancaram 26% de todo o financiamento privado mobilizado de 2018 a 2020. Elas s\u00e3o uma ferramenta de mitiga\u00e7\u00e3o de riscos preferida dos investidores privados para riscos em moeda local e estrangeira, d\u00e9ficits de financiamento de projetos e riscos externos.<\/p>\n\n\n\n<p>As garantias podem empregar capital concessional e de doadores limitado para alavancar o investimento privado em SbN, aumentando a liquidez, reduzindo os custos dos empr\u00e9stimos, estendendo os prazos dos empr\u00e9stimos para atender \u00e0s necessidades do projeto e mitigando os riscos.<\/p>\n\n\n\n<div class=\"wp-block-columns has-background is-layout-flex wp-container-core-columns-is-layout-9d6595d7 wp-block-columns-is-layout-flex\" style=\"background-color:#eeeeeeed\">\n<div class=\"wp-block-column is-layout-flow wp-block-column-is-layout-flow\">\n<h2 class=\"wp-block-heading\"><strong>Principais Aprendizados sobre Garantias<\/strong><\/h2>\n\n\n\n<p><strong>As garantias podem mitigar os riscos pol\u00edticos, cambiais, de liquidez e de cr\u00e9dito para os investidores.<\/strong> Conforme observado nos casos desta se\u00e7\u00e3o, essas ferramentas podem assumir a forma de garantias soberanas, corporativas e financeiras. A troca de d\u00edvida-por-natureza do Equador e o Seychelles Blue Bond ajudaram a mobilizar os investidores dos mercados de capitais por meio do uso de garantias. As garantias tamb\u00e9m podem prolongar o prazo dos empr\u00e9stimos, como no caso do AGRI3 Fund. Elas tamb\u00e9m podem atenuar o risco de cr\u00e9dito do <em>pipeline<\/em> de projetos, como no caso do Asia Climate-Smart Landscape Fund.<\/p>\n\n\n\n<p>O Gal\u00e1pagos Swap usou ferramentas de aprimoramento de cr\u00e9dito para reduzir os riscos para os investidores privados e diminuir o custo do capital, permitindo o financiamento da conserva\u00e7\u00e3o e a economia fiscal. No entanto, as convers\u00f5es de d\u00edvidas exigem coordena\u00e7\u00e3o e di\u00e1logo estreitos entre v\u00e1rios atores e s\u00e3o altamente espec\u00edficas ao contexto. Embora o Banco Interamericano de Desenvolvimento (BID)e a DFC estivessem bem posicionados para fornecer as garantias nesse caso, seria necess\u00e1rio envolver novos parceiros em outras jurisdi\u00e7\u00f5es.<\/p>\n\n\n\n<p><strong>As garantias v\u00eam principalmente de poucas institui\u00e7\u00f5es, o que limita a capacidade de escala.<\/strong> O CPI mapeou 52 tipos de garantias internacionais, sendo que menos de 15% delas t\u00eam foco no clima. Com exce\u00e7\u00e3o da Green Guarantee Company, o desembolso desses instrumentos \u00e9 feito principalmente por bancos multilaterais de desenvolvimento e IFDs o que pode levar a uma implementa\u00e7\u00e3o mais lenta. Esses atores podem estar altamente ligados a interesses pol\u00edticos e, embora possam oferecer escala, os fatores necess\u00e1rios para sua implementa\u00e7\u00e3o sugerem que a replica\u00e7\u00e3o pode ser um desafio.<\/p>\n<\/div>\n<\/div>\n\n\n\n<div class=\"flourish-embed flourish-cards\" data-src=\"visualisation\/19334166?502650\"><script src=\"https:\/\/public.flourish.studio\/resources\/embed.js\"><\/script><noscript><img decoding=\"async\" src=\"https:\/\/public.flourish.studio\/visualisation\/19334166\/thumbnail\" width=\"100%\" alt=\"cards visualization\" \/><\/noscript><\/div>\n","protected":false},"excerpt":{"rendered":"<p>p\u00e1gina principal&nbsp; ACESSE O RELAT\u00d3RIO As garantias s\u00e3o um meio fundamental de mobilizar recursos privados. Um estudo da OCDE constatou que elas alavancaram 26% de todo o financiamento privado mobilizado de 2018 a 2020. Elas s\u00e3o uma ferramenta de mitiga\u00e7\u00e3o de riscos preferida dos investidores privados para riscos em moeda local e estrangeira, d\u00e9ficits de [&hellip;]<\/p>\n","protected":false},"author":233,"featured_media":75980,"parent":0,"menu_order":13,"comment_status":"closed","ping_status":"closed","template":"","meta":{"_acf_changed":false,"footnotes":""},"programs":[],"regions":[1399],"topics":[1257,1249,1300,1294,1891],"collaborations":[],"class_list":["post-76871","page","type-page","status-publish","format-standard","has-post-thumbnail","hentry","regions-global","topics-adaptacao-e-resiliencia","topics-conservacao-de-recursos-naturais","topics-florestas","topics-inovacao-financeira","topics-nature-based-solutions-pt-br"],"acf":[],"yoast_head":"<!-- This site is optimized with the Yoast SEO plugin v27.3 - https:\/\/yoast.com\/product\/yoast-seo-wordpress\/ -->\n<title>Papel Catalisador das Garantias - CPI<\/title>\n<meta name=\"robots\" content=\"index, follow, max-snippet:-1, max-image-preview:large, max-video-preview:-1\" \/>\n<link rel=\"canonical\" href=\"https:\/\/www.climatepolicyinitiative.org\/pt-br\/papel-catalisador-das-garantias\/\" \/>\n<meta property=\"og:locale\" content=\"pt_BR\" \/>\n<meta property=\"og:type\" content=\"article\" \/>\n<meta property=\"og:title\" content=\"Papel Catalisador das Garantias - CPI\" \/>\n<meta property=\"og:description\" content=\"p\u00e1gina principal&nbsp; ACESSE O RELAT\u00d3RIO As garantias s\u00e3o um meio fundamental de mobilizar recursos privados. Um estudo da OCDE constatou que elas alavancaram 26% de todo o financiamento privado mobilizado de 2018 a 2020. Elas s\u00e3o uma ferramenta de mitiga\u00e7\u00e3o de riscos preferida dos investidores privados para riscos em moeda local e estrangeira, d\u00e9ficits de [&hellip;]\" \/>\n<meta property=\"og:url\" content=\"https:\/\/www.climatepolicyinitiative.org\/pt-br\/papel-catalisador-das-garantias\/\" \/>\n<meta property=\"og:site_name\" content=\"CPI\" \/>\n<meta property=\"article:publisher\" content=\"https:\/\/www.facebook.com\/ClimatePolicyInitiative\" \/>\n<meta property=\"article:modified_time\" content=\"2024-09-17T12:43:15+00:00\" \/>\n<meta property=\"og:image\" content=\"https:\/\/www.climatepolicyinitiative.org\/wp-content\/uploads\/2024\/08\/Depositphotos_9844164_HEADER_paginas.jpg\" \/>\n\t<meta property=\"og:image:width\" content=\"2000\" \/>\n\t<meta property=\"og:image:height\" content=\"1066\" \/>\n\t<meta property=\"og:image:type\" content=\"image\/jpeg\" \/>\n<meta name=\"twitter:card\" content=\"summary_large_image\" \/>\n<meta name=\"twitter:site\" content=\"@climatepolicy\" \/>\n<meta name=\"twitter:label1\" content=\"Est. tempo de leitura\" \/>\n\t<meta name=\"twitter:data1\" content=\"2 minutos\" \/>\n<script type=\"application\/ld+json\" class=\"yoast-schema-graph\">{\"@context\":\"https:\\\/\\\/schema.org\",\"@graph\":[{\"@type\":\"WebPage\",\"@id\":\"https:\\\/\\\/www.climatepolicyinitiative.org\\\/pt-br\\\/papel-catalisador-das-garantias\\\/\",\"url\":\"https:\\\/\\\/www.climatepolicyinitiative.org\\\/pt-br\\\/papel-catalisador-das-garantias\\\/\",\"name\":\"Papel Catalisador das Garantias - CPI\",\"isPartOf\":{\"@id\":\"https:\\\/\\\/www.climatepolicyinitiative.org\\\/pt-br\\\/#website\"},\"primaryImageOfPage\":{\"@id\":\"https:\\\/\\\/www.climatepolicyinitiative.org\\\/pt-br\\\/papel-catalisador-das-garantias\\\/#primaryimage\"},\"image\":{\"@id\":\"https:\\\/\\\/www.climatepolicyinitiative.org\\\/pt-br\\\/papel-catalisador-das-garantias\\\/#primaryimage\"},\"thumbnailUrl\":\"https:\\\/\\\/www.climatepolicyinitiative.org\\\/wp-content\\\/uploads\\\/2024\\\/08\\\/Depositphotos_9844164_HEADER_paginas.jpg\",\"datePublished\":\"2024-09-11T17:38:05+00:00\",\"dateModified\":\"2024-09-17T12:43:15+00:00\",\"breadcrumb\":{\"@id\":\"https:\\\/\\\/www.climatepolicyinitiative.org\\\/pt-br\\\/papel-catalisador-das-garantias\\\/#breadcrumb\"},\"inLanguage\":\"pt-BR\",\"potentialAction\":[{\"@type\":\"ReadAction\",\"target\":[\"https:\\\/\\\/www.climatepolicyinitiative.org\\\/pt-br\\\/papel-catalisador-das-garantias\\\/\"]}]},{\"@type\":\"ImageObject\",\"inLanguage\":\"pt-BR\",\"@id\":\"https:\\\/\\\/www.climatepolicyinitiative.org\\\/pt-br\\\/papel-catalisador-das-garantias\\\/#primaryimage\",\"url\":\"https:\\\/\\\/www.climatepolicyinitiative.org\\\/wp-content\\\/uploads\\\/2024\\\/08\\\/Depositphotos_9844164_HEADER_paginas.jpg\",\"contentUrl\":\"https:\\\/\\\/www.climatepolicyinitiative.org\\\/wp-content\\\/uploads\\\/2024\\\/08\\\/Depositphotos_9844164_HEADER_paginas.jpg\",\"width\":2000,\"height\":1066},{\"@type\":\"BreadcrumbList\",\"@id\":\"https:\\\/\\\/www.climatepolicyinitiative.org\\\/pt-br\\\/papel-catalisador-das-garantias\\\/#breadcrumb\",\"itemListElement\":[{\"@type\":\"ListItem\",\"position\":1,\"name\":\"Home\",\"item\":\"https:\\\/\\\/www.climatepolicyinitiative.org\\\/pt-br\\\/\"},{\"@type\":\"ListItem\",\"position\":2,\"name\":\"Papel Catalisador das Garantias\"}]},{\"@type\":\"WebSite\",\"@id\":\"https:\\\/\\\/www.climatepolicyinitiative.org\\\/pt-br\\\/#website\",\"url\":\"https:\\\/\\\/www.climatepolicyinitiative.org\\\/pt-br\\\/\",\"name\":\"CPI\",\"description\":\"Climate Policy Initiative works to improve the most important energy and land use policies around the world, with a particular focus on finance.\",\"publisher\":{\"@id\":\"https:\\\/\\\/www.climatepolicyinitiative.org\\\/pt-br\\\/#organization\"},\"potentialAction\":[{\"@type\":\"SearchAction\",\"target\":{\"@type\":\"EntryPoint\",\"urlTemplate\":\"https:\\\/\\\/www.climatepolicyinitiative.org\\\/pt-br\\\/?s={search_term_string}\"},\"query-input\":{\"@type\":\"PropertyValueSpecification\",\"valueRequired\":true,\"valueName\":\"search_term_string\"}}],\"inLanguage\":\"pt-BR\"},{\"@type\":\"Organization\",\"@id\":\"https:\\\/\\\/www.climatepolicyinitiative.org\\\/pt-br\\\/#organization\",\"name\":\"Climate Policy Initiative\",\"url\":\"https:\\\/\\\/www.climatepolicyinitiative.org\\\/pt-br\\\/\",\"logo\":{\"@type\":\"ImageObject\",\"inLanguage\":\"pt-BR\",\"@id\":\"https:\\\/\\\/www.climatepolicyinitiative.org\\\/pt-br\\\/#\\\/schema\\\/logo\\\/image\\\/\",\"url\":\"https:\\\/\\\/www.climatepolicyinitiative.org\\\/wp-content\\\/uploads\\\/2021\\\/07\\\/CPI_logo_cmyk_transparent.png\",\"contentUrl\":\"https:\\\/\\\/www.climatepolicyinitiative.org\\\/wp-content\\\/uploads\\\/2021\\\/07\\\/CPI_logo_cmyk_transparent.png\",\"width\":1728,\"height\":720,\"caption\":\"Climate Policy Initiative\"},\"image\":{\"@id\":\"https:\\\/\\\/www.climatepolicyinitiative.org\\\/pt-br\\\/#\\\/schema\\\/logo\\\/image\\\/\"},\"sameAs\":[\"https:\\\/\\\/www.facebook.com\\\/ClimatePolicyInitiative\",\"https:\\\/\\\/x.com\\\/climatepolicy\",\"https:\\\/\\\/www.linkedin.com\\\/company\\\/climate-policy-initiative\\\/?lipi=urn:li:page:d_flagship3_search_srp_all;GvyQ8DliSYaW9eZhdq8RBQ==\",\"https:\\\/\\\/www.youtube.com\\\/channel\\\/UCE8V0iDgBU8mreZdBegVCcA\",\"https:\\\/\\\/en.wikipedia.org\\\/wiki\\\/Climate_Policy_Initiative\"]}]}<\/script>\n<!-- \/ Yoast SEO plugin. -->","yoast_head_json":{"title":"Papel Catalisador das Garantias - CPI","robots":{"index":"index","follow":"follow","max-snippet":"max-snippet:-1","max-image-preview":"max-image-preview:large","max-video-preview":"max-video-preview:-1"},"canonical":"https:\/\/www.climatepolicyinitiative.org\/pt-br\/papel-catalisador-das-garantias\/","og_locale":"pt_BR","og_type":"article","og_title":"Papel Catalisador das Garantias - CPI","og_description":"p\u00e1gina principal&nbsp; ACESSE O RELAT\u00d3RIO As garantias s\u00e3o um meio fundamental de mobilizar recursos privados. Um estudo da OCDE constatou que elas alavancaram 26% de todo o financiamento privado mobilizado de 2018 a 2020. Elas s\u00e3o uma ferramenta de mitiga\u00e7\u00e3o de riscos preferida dos investidores privados para riscos em moeda local e estrangeira, d\u00e9ficits de [&hellip;]","og_url":"https:\/\/www.climatepolicyinitiative.org\/pt-br\/papel-catalisador-das-garantias\/","og_site_name":"CPI","article_publisher":"https:\/\/www.facebook.com\/ClimatePolicyInitiative","article_modified_time":"2024-09-17T12:43:15+00:00","og_image":[{"width":2000,"height":1066,"url":"https:\/\/www.climatepolicyinitiative.org\/wp-content\/uploads\/2024\/08\/Depositphotos_9844164_HEADER_paginas.jpg","type":"image\/jpeg"}],"twitter_card":"summary_large_image","twitter_site":"@climatepolicy","twitter_misc":{"Est. tempo de leitura":"2 minutos"},"schema":{"@context":"https:\/\/schema.org","@graph":[{"@type":"WebPage","@id":"https:\/\/www.climatepolicyinitiative.org\/pt-br\/papel-catalisador-das-garantias\/","url":"https:\/\/www.climatepolicyinitiative.org\/pt-br\/papel-catalisador-das-garantias\/","name":"Papel Catalisador das Garantias - CPI","isPartOf":{"@id":"https:\/\/www.climatepolicyinitiative.org\/pt-br\/#website"},"primaryImageOfPage":{"@id":"https:\/\/www.climatepolicyinitiative.org\/pt-br\/papel-catalisador-das-garantias\/#primaryimage"},"image":{"@id":"https:\/\/www.climatepolicyinitiative.org\/pt-br\/papel-catalisador-das-garantias\/#primaryimage"},"thumbnailUrl":"https:\/\/www.climatepolicyinitiative.org\/wp-content\/uploads\/2024\/08\/Depositphotos_9844164_HEADER_paginas.jpg","datePublished":"2024-09-11T17:38:05+00:00","dateModified":"2024-09-17T12:43:15+00:00","breadcrumb":{"@id":"https:\/\/www.climatepolicyinitiative.org\/pt-br\/papel-catalisador-das-garantias\/#breadcrumb"},"inLanguage":"pt-BR","potentialAction":[{"@type":"ReadAction","target":["https:\/\/www.climatepolicyinitiative.org\/pt-br\/papel-catalisador-das-garantias\/"]}]},{"@type":"ImageObject","inLanguage":"pt-BR","@id":"https:\/\/www.climatepolicyinitiative.org\/pt-br\/papel-catalisador-das-garantias\/#primaryimage","url":"https:\/\/www.climatepolicyinitiative.org\/wp-content\/uploads\/2024\/08\/Depositphotos_9844164_HEADER_paginas.jpg","contentUrl":"https:\/\/www.climatepolicyinitiative.org\/wp-content\/uploads\/2024\/08\/Depositphotos_9844164_HEADER_paginas.jpg","width":2000,"height":1066},{"@type":"BreadcrumbList","@id":"https:\/\/www.climatepolicyinitiative.org\/pt-br\/papel-catalisador-das-garantias\/#breadcrumb","itemListElement":[{"@type":"ListItem","position":1,"name":"Home","item":"https:\/\/www.climatepolicyinitiative.org\/pt-br\/"},{"@type":"ListItem","position":2,"name":"Papel Catalisador das Garantias"}]},{"@type":"WebSite","@id":"https:\/\/www.climatepolicyinitiative.org\/pt-br\/#website","url":"https:\/\/www.climatepolicyinitiative.org\/pt-br\/","name":"CPI","description":"Climate Policy Initiative works to improve the most important energy and land use policies around the world, with a particular focus on finance.","publisher":{"@id":"https:\/\/www.climatepolicyinitiative.org\/pt-br\/#organization"},"potentialAction":[{"@type":"SearchAction","target":{"@type":"EntryPoint","urlTemplate":"https:\/\/www.climatepolicyinitiative.org\/pt-br\/?s={search_term_string}"},"query-input":{"@type":"PropertyValueSpecification","valueRequired":true,"valueName":"search_term_string"}}],"inLanguage":"pt-BR"},{"@type":"Organization","@id":"https:\/\/www.climatepolicyinitiative.org\/pt-br\/#organization","name":"Climate Policy Initiative","url":"https:\/\/www.climatepolicyinitiative.org\/pt-br\/","logo":{"@type":"ImageObject","inLanguage":"pt-BR","@id":"https:\/\/www.climatepolicyinitiative.org\/pt-br\/#\/schema\/logo\/image\/","url":"https:\/\/www.climatepolicyinitiative.org\/wp-content\/uploads\/2021\/07\/CPI_logo_cmyk_transparent.png","contentUrl":"https:\/\/www.climatepolicyinitiative.org\/wp-content\/uploads\/2021\/07\/CPI_logo_cmyk_transparent.png","width":1728,"height":720,"caption":"Climate Policy Initiative"},"image":{"@id":"https:\/\/www.climatepolicyinitiative.org\/pt-br\/#\/schema\/logo\/image\/"},"sameAs":["https:\/\/www.facebook.com\/ClimatePolicyInitiative","https:\/\/x.com\/climatepolicy","https:\/\/www.linkedin.com\/company\/climate-policy-initiative\/?lipi=urn:li:page:d_flagship3_search_srp_all;GvyQ8DliSYaW9eZhdq8RBQ==","https:\/\/www.youtube.com\/channel\/UCE8V0iDgBU8mreZdBegVCcA","https:\/\/en.wikipedia.org\/wiki\/Climate_Policy_Initiative"]}]}},"_links":{"self":[{"href":"https:\/\/www.climatepolicyinitiative.org\/pt-br\/wp-json\/wp\/v2\/pages\/76871","targetHints":{"allow":["GET"]}}],"collection":[{"href":"https:\/\/www.climatepolicyinitiative.org\/pt-br\/wp-json\/wp\/v2\/pages"}],"about":[{"href":"https:\/\/www.climatepolicyinitiative.org\/pt-br\/wp-json\/wp\/v2\/types\/page"}],"author":[{"embeddable":true,"href":"https:\/\/www.climatepolicyinitiative.org\/pt-br\/wp-json\/wp\/v2\/users\/233"}],"replies":[{"embeddable":true,"href":"https:\/\/www.climatepolicyinitiative.org\/pt-br\/wp-json\/wp\/v2\/comments?post=76871"}],"version-history":[{"count":0,"href":"https:\/\/www.climatepolicyinitiative.org\/pt-br\/wp-json\/wp\/v2\/pages\/76871\/revisions"}],"wp:featuredmedia":[{"embeddable":true,"href":"https:\/\/www.climatepolicyinitiative.org\/pt-br\/wp-json\/wp\/v2\/media\/75980"}],"wp:attachment":[{"href":"https:\/\/www.climatepolicyinitiative.org\/pt-br\/wp-json\/wp\/v2\/media?parent=76871"}],"wp:term":[{"taxonomy":"programs","embeddable":true,"href":"https:\/\/www.climatepolicyinitiative.org\/pt-br\/wp-json\/wp\/v2\/programs?post=76871"},{"taxonomy":"regions","embeddable":true,"href":"https:\/\/www.climatepolicyinitiative.org\/pt-br\/wp-json\/wp\/v2\/regions?post=76871"},{"taxonomy":"topics","embeddable":true,"href":"https:\/\/www.climatepolicyinitiative.org\/pt-br\/wp-json\/wp\/v2\/topics?post=76871"},{"taxonomy":"collaborations","embeddable":true,"href":"https:\/\/www.climatepolicyinitiative.org\/pt-br\/wp-json\/wp\/v2\/collaborations?post=76871"}],"curies":[{"name":"wp","href":"https:\/\/api.w.org\/{rel}","templated":true}]}}