{"id":71757,"date":"2024-04-30T19:29:16","date_gmt":"2024-04-30T19:29:16","guid":{"rendered":"https:\/\/www.climatepolicyinitiative.org\/climateshot-investor-coalition-clic\/"},"modified":"2026-02-18T07:28:12","modified_gmt":"2026-02-18T07:28:12","slug":"climateshot-investor-coalition-clic","status":"publish","type":"page","link":"https:\/\/www.climatepolicyinitiative.org\/pt-br\/climateshot-investor-coalition-clic\/","title":{"rendered":"ClimateShot Investor Coalition (CLIC)"},"content":{"rendered":"\n<p>CPI is the Secretariat for the <a href=\"https:\/\/climateshotinvestor.org\/\">ClimateShot Investor Coalition<\/a> (CLIC), a global coalition driving investment in sustainable agriculture and food systems. CLIC works to accelerate and scale finance for low-carbon, climate-resilient and nature-positive agriculture and food systems globally. To achieve its misssion, CLIC is focused on three key outcomes:<\/p>\n\n<ol class=\"wp-block-list\">\n<li>Maior consenso sobre as prioridades para o financiamento do clima e da natureza;<\/li>\n\n\n\n<li>Maior aplica\u00e7\u00e3o da ci\u00eancia e da inova\u00e7\u00e3o na tomada de decis\u00f5es sobre investimentos de impacto;<\/li>\n\n\n\n<li>Aumento do financiamento para o setor em n\u00edvel global.<\/li>\n<\/ol>\n\n<p class=\"has-text-align-center\"><a href=\"https:\/\/climateshotinvestor.org\/\"><span class=\"button\">VISITE O SITE DO CLIC<\/span><\/a><\/p>\n\n<h2 class=\"wp-block-heading\"><strong>O Connector<\/strong>&#13;\n<div id=\"gtx-trans\" style=\"position: absolute; left: 483px; top: 116.99px;\">&#13;\n<div class=\"gtx-trans-icon\"><\/div>&#13;\n<\/div><\/h2>\n\n<p>The CLIC Agrifood Investment &#8220;Connector&#8221; develops a high-quality pipeline of climate- and nature-positive agribusinesses in developing countries. The Connector identifies suitable SMEs and works with them to assess their climate and nature risks and impacts in preparation for investor pitching and due diligence. In parallel, the Connector identifies pools of interested investors and builds a solid understanding of their requirements to facilitate meaningful connections with SMEs.<\/p>\n\n<p class=\"has-text-align-center\"><span class=\"button\"><a href=\"https:\/\/climateshotinvestor.org\/the-connector\">SAIBA MAIS SOBRE O CONECTOR<\/a><\/span><\/p>\n\n<h2 class=\"wp-block-heading\"><strong>Grupos de A\u00e7\u00e3o<\/strong>&#13;\n<div id=\"gtx-trans\" style=\"position: absolute; left: 27px; top: -9.78819px;\">&#13;\n<div class=\"gtx-trans-icon\"><\/div>&#13;\n<\/div><\/h2>\n\n<ol class=\"wp-block-list\">\n<li>O <strong>grupo de a\u00e7\u00e3o de inova\u00e7\u00e3o financeira<\/strong> apoia e amplia os esfor\u00e7os dos membros para desenvolver ve\u00edculos financeiros inovadores, respaldados pela ci\u00eancia, que sejam positivos para o clima e a natureza.&#13;\n&#13;\n\u00a0<\/li>\n\n\n\n<li>O <strong>grupo de a\u00e7\u00e3o de ferramentas baseadas em evid\u00eancias<\/strong> permite que a comunidade de investimento de impacto intensifique a avalia\u00e7\u00e3o de riscos e a medi\u00e7\u00e3o de impacto em interven\u00e7\u00f5es no sistema agr\u00edcola e alimentar atrav\u00e9s da utiliza\u00e7\u00e3o eficaz de ferramentas e metodologias para a coleta de dados.<\/li>\n<\/ol>\n\n<h2 class=\"wp-block-heading\"><strong>Nossos Membros<\/strong>&#13;\n<div id=\"gtx-trans\" style=\"position: absolute; left: 51px; top: -9.78819px;\">&#13;\n<div class=\"gtx-trans-icon\"><\/div>&#13;\n<\/div><\/h2>\n<div class=\"wp-block-image\">\n<figure class=\"aligncenter size-large\"><img loading=\"lazy\" decoding=\"async\" width=\"1024\" height=\"443\" src=\"https:\/\/www.climatepolicyinitiative.org\/wp-content\/uploads\/2023\/05\/Partner-graphic-logos-1024x443.png\" alt=\"\" class=\"wp-image-55288\" srcset=\"https:\/\/www.climatepolicyinitiative.org\/wp-content\/uploads\/2023\/05\/Partner-graphic-logos-1024x443.png 1024w, https:\/\/www.climatepolicyinitiative.org\/wp-content\/uploads\/2023\/05\/Partner-graphic-logos-300x130.png 300w, https:\/\/www.climatepolicyinitiative.org\/wp-content\/uploads\/2023\/05\/Partner-graphic-logos-1536x665.png 1536w, https:\/\/www.climatepolicyinitiative.org\/wp-content\/uploads\/2023\/05\/Partner-graphic-logos.png 1548w\" sizes=\"auto, (max-width: 1024px) 100vw, 1024px\" \/><\/figure>\n<\/div>\n<p class=\"has-text-align-center\"><span class=\"button\"><a href=\"https:\/\/climateshotinvestor.org\/members\">SAIBA MAIS<\/a><\/span><\/p>\n\n<hr class=\"wp-block-separator has-alpha-channel-opacity\"\/>\n\n<p>Para obter mais informa\u00e7\u00f5es sobre o CLIC ou para manifestar interesse em participar, visite nosso site\u00a0 ou entre em contato com <a href=\"mailto:clic@cpiglobal.org\">clic@cpiglobal.org<\/a>.<\/p>\n\n<figure class=\"wp-block-image size-large\"><img loading=\"lazy\" decoding=\"async\" width=\"1024\" height=\"342\" src=\"https:\/\/www.climatepolicyinitiative.org\/wp-content\/uploads\/2023\/07\/UK-International-Development-Logo-Colour-01-1024x342.png\" alt=\"\" class=\"wp-image-56680\" srcset=\"https:\/\/www.climatepolicyinitiative.org\/wp-content\/uploads\/2023\/07\/UK-International-Development-Logo-Colour-01-1024x342.png 1024w, https:\/\/www.climatepolicyinitiative.org\/wp-content\/uploads\/2023\/07\/UK-International-Development-Logo-Colour-01-300x100.png 300w, https:\/\/www.climatepolicyinitiative.org\/wp-content\/uploads\/2023\/07\/UK-International-Development-Logo-Colour-01-1536x513.png 1536w, https:\/\/www.climatepolicyinitiative.org\/wp-content\/uploads\/2023\/07\/UK-International-Development-Logo-Colour-01.png 1596w\" sizes=\"auto, (max-width: 1024px) 100vw, 1024px\" \/><\/figure>\n\n<p>O CLIC \u00e9 financiado pelo Research and Evidence Directorate do Foreign, Commonwealth and Development Office (FCDO).<\/p>\n","protected":false},"excerpt":{"rendered":"<p>CPI is the Secretariat for the ClimateShot Investor Coalition (CLIC), a global coalition driving investment in sustainable agriculture and food systems. CLIC works to accelerate and scale finance for low-carbon, climate-resilient and nature-positive agriculture and food systems globally. To achieve its misssion, CLIC is focused on three key outcomes: VISITE O SITE DO CLIC O [&hellip;]<\/p>\n","protected":false},"author":245,"featured_media":54858,"parent":0,"menu_order":19,"comment_status":"closed","ping_status":"closed","template":"templates\/landing.php","meta":{"_acf_changed":false,"footnotes":""},"programs":[1844],"regions":[],"topics":[],"collaborations":[],"class_list":["post-71757","page","type-page","status-publish","format-standard","has-post-thumbnail","hentry","programs-climateshot-investor-coalition-clic-pt-br"],"acf":[],"yoast_head":"<!-- This site is optimized with the Yoast SEO plugin v27.3 - https:\/\/yoast.com\/product\/yoast-seo-wordpress\/ -->\n<title>ClimateShot Investor Coalition (CLIC) - CPI<\/title>\n<meta name=\"robots\" content=\"index, follow, max-snippet:-1, max-image-preview:large, max-video-preview:-1\" \/>\n<link rel=\"canonical\" href=\"https:\/\/www.climatepolicyinitiative.org\/pt-br\/climateshot-investor-coalition-clic\/\" \/>\n<meta property=\"og:locale\" content=\"pt_BR\" \/>\n<meta property=\"og:type\" content=\"article\" \/>\n<meta property=\"og:title\" content=\"ClimateShot Investor Coalition (CLIC) - CPI\" \/>\n<meta property=\"og:description\" content=\"CPI is the Secretariat for the ClimateShot Investor Coalition (CLIC), a global coalition driving investment in sustainable agriculture and food systems. CLIC works to accelerate and scale finance for low-carbon, climate-resilient and nature-positive agriculture and food systems globally. To achieve its misssion, CLIC is focused on three key outcomes: VISITE O SITE DO CLIC O [&hellip;]\" \/>\n<meta property=\"og:url\" content=\"https:\/\/www.climatepolicyinitiative.org\/pt-br\/climateshot-investor-coalition-clic\/\" \/>\n<meta property=\"og:site_name\" content=\"CPI\" \/>\n<meta property=\"article:publisher\" content=\"https:\/\/www.facebook.com\/ClimatePolicyInitiative\" \/>\n<meta property=\"article:modified_time\" content=\"2026-02-18T07:28:12+00:00\" \/>\n<meta property=\"og:image\" content=\"https:\/\/www.climatepolicyinitiative.org\/wp-content\/uploads\/2023\/04\/CLIC-HERO_.png\" \/>\n\t<meta property=\"og:image:width\" content=\"817\" \/>\n\t<meta property=\"og:image:height\" content=\"669\" \/>\n\t<meta property=\"og:image:type\" content=\"image\/png\" \/>\n<meta name=\"twitter:card\" content=\"summary_large_image\" \/>\n<meta name=\"twitter:site\" content=\"@climatepolicy\" \/>\n<meta name=\"twitter:label1\" content=\"Est. tempo de leitura\" \/>\n\t<meta name=\"twitter:data1\" content=\"2 minutos\" \/>\n<script type=\"application\/ld+json\" class=\"yoast-schema-graph\">{\"@context\":\"https:\\\/\\\/schema.org\",\"@graph\":[{\"@type\":\"WebPage\",\"@id\":\"https:\\\/\\\/www.climatepolicyinitiative.org\\\/pt-br\\\/climateshot-investor-coalition-clic\\\/\",\"url\":\"https:\\\/\\\/www.climatepolicyinitiative.org\\\/pt-br\\\/climateshot-investor-coalition-clic\\\/\",\"name\":\"ClimateShot Investor Coalition (CLIC) - CPI\",\"isPartOf\":{\"@id\":\"https:\\\/\\\/www.climatepolicyinitiative.org\\\/pt-br\\\/#website\"},\"primaryImageOfPage\":{\"@id\":\"https:\\\/\\\/www.climatepolicyinitiative.org\\\/pt-br\\\/climateshot-investor-coalition-clic\\\/#primaryimage\"},\"image\":{\"@id\":\"https:\\\/\\\/www.climatepolicyinitiative.org\\\/pt-br\\\/climateshot-investor-coalition-clic\\\/#primaryimage\"},\"thumbnailUrl\":\"https:\\\/\\\/www.climatepolicyinitiative.org\\\/wp-content\\\/uploads\\\/2023\\\/04\\\/CLIC-HERO_.png\",\"datePublished\":\"2024-04-30T19:29:16+00:00\",\"dateModified\":\"2026-02-18T07:28:12+00:00\",\"breadcrumb\":{\"@id\":\"https:\\\/\\\/www.climatepolicyinitiative.org\\\/pt-br\\\/climateshot-investor-coalition-clic\\\/#breadcrumb\"},\"inLanguage\":\"pt-BR\",\"potentialAction\":[{\"@type\":\"ReadAction\",\"target\":[\"https:\\\/\\\/www.climatepolicyinitiative.org\\\/pt-br\\\/climateshot-investor-coalition-clic\\\/\"]}]},{\"@type\":\"ImageObject\",\"inLanguage\":\"pt-BR\",\"@id\":\"https:\\\/\\\/www.climatepolicyinitiative.org\\\/pt-br\\\/climateshot-investor-coalition-clic\\\/#primaryimage\",\"url\":\"https:\\\/\\\/www.climatepolicyinitiative.org\\\/wp-content\\\/uploads\\\/2023\\\/04\\\/CLIC-HERO_.png\",\"contentUrl\":\"https:\\\/\\\/www.climatepolicyinitiative.org\\\/wp-content\\\/uploads\\\/2023\\\/04\\\/CLIC-HERO_.png\",\"width\":817,\"height\":669,\"caption\":\"ClimateShot Investor Coalition\"},{\"@type\":\"BreadcrumbList\",\"@id\":\"https:\\\/\\\/www.climatepolicyinitiative.org\\\/pt-br\\\/climateshot-investor-coalition-clic\\\/#breadcrumb\",\"itemListElement\":[{\"@type\":\"ListItem\",\"position\":1,\"name\":\"Home\",\"item\":\"https:\\\/\\\/www.climatepolicyinitiative.org\\\/pt-br\\\/\"},{\"@type\":\"ListItem\",\"position\":2,\"name\":\"ClimateShot Investor Coalition (CLIC)\"}]},{\"@type\":\"WebSite\",\"@id\":\"https:\\\/\\\/www.climatepolicyinitiative.org\\\/pt-br\\\/#website\",\"url\":\"https:\\\/\\\/www.climatepolicyinitiative.org\\\/pt-br\\\/\",\"name\":\"CPI\",\"description\":\"Climate Policy Initiative works to improve the most important energy and land use policies around the world, with a particular focus on finance.\",\"publisher\":{\"@id\":\"https:\\\/\\\/www.climatepolicyinitiative.org\\\/pt-br\\\/#organization\"},\"potentialAction\":[{\"@type\":\"SearchAction\",\"target\":{\"@type\":\"EntryPoint\",\"urlTemplate\":\"https:\\\/\\\/www.climatepolicyinitiative.org\\\/pt-br\\\/?s={search_term_string}\"},\"query-input\":{\"@type\":\"PropertyValueSpecification\",\"valueRequired\":true,\"valueName\":\"search_term_string\"}}],\"inLanguage\":\"pt-BR\"},{\"@type\":\"Organization\",\"@id\":\"https:\\\/\\\/www.climatepolicyinitiative.org\\\/pt-br\\\/#organization\",\"name\":\"Climate Policy Initiative\",\"url\":\"https:\\\/\\\/www.climatepolicyinitiative.org\\\/pt-br\\\/\",\"logo\":{\"@type\":\"ImageObject\",\"inLanguage\":\"pt-BR\",\"@id\":\"https:\\\/\\\/www.climatepolicyinitiative.org\\\/pt-br\\\/#\\\/schema\\\/logo\\\/image\\\/\",\"url\":\"https:\\\/\\\/www.climatepolicyinitiative.org\\\/wp-content\\\/uploads\\\/2021\\\/07\\\/CPI_logo_cmyk_transparent.png\",\"contentUrl\":\"https:\\\/\\\/www.climatepolicyinitiative.org\\\/wp-content\\\/uploads\\\/2021\\\/07\\\/CPI_logo_cmyk_transparent.png\",\"width\":1728,\"height\":720,\"caption\":\"Climate Policy Initiative\"},\"image\":{\"@id\":\"https:\\\/\\\/www.climatepolicyinitiative.org\\\/pt-br\\\/#\\\/schema\\\/logo\\\/image\\\/\"},\"sameAs\":[\"https:\\\/\\\/www.facebook.com\\\/ClimatePolicyInitiative\",\"https:\\\/\\\/x.com\\\/climatepolicy\",\"https:\\\/\\\/www.linkedin.com\\\/company\\\/climate-policy-initiative\\\/?lipi=urn:li:page:d_flagship3_search_srp_all;GvyQ8DliSYaW9eZhdq8RBQ==\",\"https:\\\/\\\/www.youtube.com\\\/channel\\\/UCE8V0iDgBU8mreZdBegVCcA\",\"https:\\\/\\\/en.wikipedia.org\\\/wiki\\\/Climate_Policy_Initiative\"]}]}<\/script>\n<!-- \/ Yoast SEO plugin. -->","yoast_head_json":{"title":"ClimateShot Investor Coalition (CLIC) - CPI","robots":{"index":"index","follow":"follow","max-snippet":"max-snippet:-1","max-image-preview":"max-image-preview:large","max-video-preview":"max-video-preview:-1"},"canonical":"https:\/\/www.climatepolicyinitiative.org\/pt-br\/climateshot-investor-coalition-clic\/","og_locale":"pt_BR","og_type":"article","og_title":"ClimateShot Investor Coalition (CLIC) - CPI","og_description":"CPI is the Secretariat for the ClimateShot Investor Coalition (CLIC), a global coalition driving investment in sustainable agriculture and food systems. CLIC works to accelerate and scale finance for low-carbon, climate-resilient and nature-positive agriculture and food systems globally. To achieve its misssion, CLIC is focused on three key outcomes: VISITE O SITE DO CLIC O [&hellip;]","og_url":"https:\/\/www.climatepolicyinitiative.org\/pt-br\/climateshot-investor-coalition-clic\/","og_site_name":"CPI","article_publisher":"https:\/\/www.facebook.com\/ClimatePolicyInitiative","article_modified_time":"2026-02-18T07:28:12+00:00","og_image":[{"width":817,"height":669,"url":"https:\/\/www.climatepolicyinitiative.org\/wp-content\/uploads\/2023\/04\/CLIC-HERO_.png","type":"image\/png"}],"twitter_card":"summary_large_image","twitter_site":"@climatepolicy","twitter_misc":{"Est. tempo de leitura":"2 minutos"},"schema":{"@context":"https:\/\/schema.org","@graph":[{"@type":"WebPage","@id":"https:\/\/www.climatepolicyinitiative.org\/pt-br\/climateshot-investor-coalition-clic\/","url":"https:\/\/www.climatepolicyinitiative.org\/pt-br\/climateshot-investor-coalition-clic\/","name":"ClimateShot Investor Coalition (CLIC) - CPI","isPartOf":{"@id":"https:\/\/www.climatepolicyinitiative.org\/pt-br\/#website"},"primaryImageOfPage":{"@id":"https:\/\/www.climatepolicyinitiative.org\/pt-br\/climateshot-investor-coalition-clic\/#primaryimage"},"image":{"@id":"https:\/\/www.climatepolicyinitiative.org\/pt-br\/climateshot-investor-coalition-clic\/#primaryimage"},"thumbnailUrl":"https:\/\/www.climatepolicyinitiative.org\/wp-content\/uploads\/2023\/04\/CLIC-HERO_.png","datePublished":"2024-04-30T19:29:16+00:00","dateModified":"2026-02-18T07:28:12+00:00","breadcrumb":{"@id":"https:\/\/www.climatepolicyinitiative.org\/pt-br\/climateshot-investor-coalition-clic\/#breadcrumb"},"inLanguage":"pt-BR","potentialAction":[{"@type":"ReadAction","target":["https:\/\/www.climatepolicyinitiative.org\/pt-br\/climateshot-investor-coalition-clic\/"]}]},{"@type":"ImageObject","inLanguage":"pt-BR","@id":"https:\/\/www.climatepolicyinitiative.org\/pt-br\/climateshot-investor-coalition-clic\/#primaryimage","url":"https:\/\/www.climatepolicyinitiative.org\/wp-content\/uploads\/2023\/04\/CLIC-HERO_.png","contentUrl":"https:\/\/www.climatepolicyinitiative.org\/wp-content\/uploads\/2023\/04\/CLIC-HERO_.png","width":817,"height":669,"caption":"ClimateShot Investor Coalition"},{"@type":"BreadcrumbList","@id":"https:\/\/www.climatepolicyinitiative.org\/pt-br\/climateshot-investor-coalition-clic\/#breadcrumb","itemListElement":[{"@type":"ListItem","position":1,"name":"Home","item":"https:\/\/www.climatepolicyinitiative.org\/pt-br\/"},{"@type":"ListItem","position":2,"name":"ClimateShot Investor Coalition (CLIC)"}]},{"@type":"WebSite","@id":"https:\/\/www.climatepolicyinitiative.org\/pt-br\/#website","url":"https:\/\/www.climatepolicyinitiative.org\/pt-br\/","name":"CPI","description":"Climate Policy Initiative works to improve the most important energy and land use policies around the world, with a particular focus on finance.","publisher":{"@id":"https:\/\/www.climatepolicyinitiative.org\/pt-br\/#organization"},"potentialAction":[{"@type":"SearchAction","target":{"@type":"EntryPoint","urlTemplate":"https:\/\/www.climatepolicyinitiative.org\/pt-br\/?s={search_term_string}"},"query-input":{"@type":"PropertyValueSpecification","valueRequired":true,"valueName":"search_term_string"}}],"inLanguage":"pt-BR"},{"@type":"Organization","@id":"https:\/\/www.climatepolicyinitiative.org\/pt-br\/#organization","name":"Climate Policy Initiative","url":"https:\/\/www.climatepolicyinitiative.org\/pt-br\/","logo":{"@type":"ImageObject","inLanguage":"pt-BR","@id":"https:\/\/www.climatepolicyinitiative.org\/pt-br\/#\/schema\/logo\/image\/","url":"https:\/\/www.climatepolicyinitiative.org\/wp-content\/uploads\/2021\/07\/CPI_logo_cmyk_transparent.png","contentUrl":"https:\/\/www.climatepolicyinitiative.org\/wp-content\/uploads\/2021\/07\/CPI_logo_cmyk_transparent.png","width":1728,"height":720,"caption":"Climate Policy Initiative"},"image":{"@id":"https:\/\/www.climatepolicyinitiative.org\/pt-br\/#\/schema\/logo\/image\/"},"sameAs":["https:\/\/www.facebook.com\/ClimatePolicyInitiative","https:\/\/x.com\/climatepolicy","https:\/\/www.linkedin.com\/company\/climate-policy-initiative\/?lipi=urn:li:page:d_flagship3_search_srp_all;GvyQ8DliSYaW9eZhdq8RBQ==","https:\/\/www.youtube.com\/channel\/UCE8V0iDgBU8mreZdBegVCcA","https:\/\/en.wikipedia.org\/wiki\/Climate_Policy_Initiative"]}]}},"_links":{"self":[{"href":"https:\/\/www.climatepolicyinitiative.org\/pt-br\/wp-json\/wp\/v2\/pages\/71757","targetHints":{"allow":["GET"]}}],"collection":[{"href":"https:\/\/www.climatepolicyinitiative.org\/pt-br\/wp-json\/wp\/v2\/pages"}],"about":[{"href":"https:\/\/www.climatepolicyinitiative.org\/pt-br\/wp-json\/wp\/v2\/types\/page"}],"author":[{"embeddable":true,"href":"https:\/\/www.climatepolicyinitiative.org\/pt-br\/wp-json\/wp\/v2\/users\/245"}],"replies":[{"embeddable":true,"href":"https:\/\/www.climatepolicyinitiative.org\/pt-br\/wp-json\/wp\/v2\/comments?post=71757"}],"version-history":[{"count":1,"href":"https:\/\/www.climatepolicyinitiative.org\/pt-br\/wp-json\/wp\/v2\/pages\/71757\/revisions"}],"predecessor-version":[{"id":116699,"href":"https:\/\/www.climatepolicyinitiative.org\/pt-br\/wp-json\/wp\/v2\/pages\/71757\/revisions\/116699"}],"wp:featuredmedia":[{"embeddable":true,"href":"https:\/\/www.climatepolicyinitiative.org\/pt-br\/wp-json\/wp\/v2\/media\/54858"}],"wp:attachment":[{"href":"https:\/\/www.climatepolicyinitiative.org\/pt-br\/wp-json\/wp\/v2\/media?parent=71757"}],"wp:term":[{"taxonomy":"programs","embeddable":true,"href":"https:\/\/www.climatepolicyinitiative.org\/pt-br\/wp-json\/wp\/v2\/programs?post=71757"},{"taxonomy":"regions","embeddable":true,"href":"https:\/\/www.climatepolicyinitiative.org\/pt-br\/wp-json\/wp\/v2\/regions?post=71757"},{"taxonomy":"topics","embeddable":true,"href":"https:\/\/www.climatepolicyinitiative.org\/pt-br\/wp-json\/wp\/v2\/topics?post=71757"},{"taxonomy":"collaborations","embeddable":true,"href":"https:\/\/www.climatepolicyinitiative.org\/pt-br\/wp-json\/wp\/v2\/collaborations?post=71757"}],"curies":[{"name":"wp","href":"https:\/\/api.w.org\/{rel}","templated":true}]}}