{"id":71737,"date":"2024-04-30T18:32:10","date_gmt":"2024-04-30T18:32:10","guid":{"rendered":"https:\/\/www.climatepolicyinitiative.org\/mapeamento-do-financiamento-climatico\/"},"modified":"2026-02-18T07:25:22","modified_gmt":"2026-02-18T07:25:22","slug":"mapeamento-do-financiamento-climatico","status":"publish","type":"page","link":"https:\/\/www.climatepolicyinitiative.org\/pt-br\/mapeamento-do-financiamento-climatico\/","title":{"rendered":"Mapeamento do Financiamento Clim\u00e1tico"},"content":{"rendered":"\n<p>Os dados sobre os fluxos de financiamento clim\u00e1tico nos n\u00edveis global, nacional e setorial s\u00e3o essenciais para ampliar a a\u00e7\u00e3o clim\u00e1tica nos locais mais necess\u00e1rios.<\/p>\n\n\n\n<p>O CPI foi pioneiro no mapeamento dos fluxos globais de financiamento clim\u00e1tico,&nbsp; publicando em 2010 o primeiro Panorama Global de Financiamento Clim\u00e1tico. Desde ent\u00e3o, o CPI tem mapeado e analisado os fluxos de financiamento clim\u00e1tico, construindo <a href=\"https:\/\/www.climatepolicyinitiative.org\/methodology-at-cpi\/\" target=\"_blank\" rel=\"noreferrer noopener\">metodologias s\u00f3lidas<\/a> para garantir a precis\u00e3o e a credibilidade da an\u00e1lise h\u00e1 mais de uma d\u00e9cada. Atrav\u00e9s de v\u00e1rias fontes de dados e parcerias, incluindo nossa pr\u00f3pria pesquisa prim\u00e1ria, apoiamos os tomadores de decis\u00e3o dos setores p\u00fablico e privado na defini\u00e7\u00e3o e no mapeamento dos fluxos de financiamento clim\u00e1tico com informa\u00e7\u00f5es sobre a origem e fonte dos recursos, instrumentos financeiros, setores beneficiados e usos clim\u00e1ticos (mitiga\u00e7\u00e3o, adapta\u00e7\u00e3o ou ambos).<\/p>\n\n\n\n<h2 class=\"wp-block-heading\"><strong>O CPI \u00c9 A PRINCIPAL FONTE DE MAPEAMENTO DO FINANCIAMENTO CLIM\u00c1TICO QUE CONTEMPLA FONTES P\u00daBLICAS E PRIVADAS.<\/strong><\/h2>\n\n\n\n<p>O <a href=\"https:\/\/www.climatepolicyinitiative.org\/publication\/global-landscape-of-climate-finance-2023\/\" target=\"_blank\" rel=\"noreferrer noopener\">Panorama Global de Financiamento Clim\u00e1tico<\/a>&nbsp;do CPI oferece o panorama mais abrangente sobre as fontes e o volume de financiamento clim\u00e1tico, especificando regi\u00f5es e setores favorecidos.&nbsp; O Panorama avalia o investimento nacional e internacional dos setores p\u00fablico e privado e oferece aos formuladores de pol\u00edticas p\u00fablicas e \u00e0 sociedade civil uma linha de base consistente para medir o progresso voltado a n\u00edveis de investimentos compat\u00edveis com as metas clim\u00e1ticas atuais.<\/p>\n\n\n\n<p><a href=\"https:\/\/www.climatepolicyinitiative.org\/methodology-at-cpi\/\" target=\"_blank\" rel=\"noreferrer noopener\"><span class=\"button\">Saiba mais sobre nossa metodologia<\/span><\/a><\/p>\n\n\n\n<hr class=\"wp-block-separator has-css-opacity\"\/>\n\n\n\n<h2 class=\"wp-block-heading\"><strong>POR GEOGRAFIA<\/strong>\n<div id=\"gtx-trans\" style=\"position: absolute; left: 14px; top: -9.78819px;\">\n<div class=\"gtx-trans-icon\"><\/div>\n<\/div><\/h2>\n\n\n\n<p>Nossa metodologia robusta de Panorama tem sido aplicada nos n\u00edveis regional, nacional e subnacional para analisar as fontes e os usos do financiamento clim\u00e1tico que apoiam as decis\u00f5es de pol\u00edticas p\u00fablicas, as abordagens regulat\u00f3rias e a elabora\u00e7\u00e3o de estrat\u00e9gias de advocacy , bem como para complementar as estrat\u00e9gias de financiamento da NDC.<\/p>\n\n\n\n<p><span class=\"button\"><a href=\"https:\/\/www.climatepolicyinitiative.org\/tracking-climate-finance-by-geography\/\" target=\"_blank\" rel=\"noreferrer noopener\">SAIBA MAIS<\/a><\/span><\/p>\n\n\n<section class=\"block block-chart is-image\"><div is=\"chart\/image\" class=\"chart-image\">\n\t\t<script type=\"json\/props\">{\n    \"colors\": []\n}<\/script>\n\n\t\t\n\t\t<div element=\"tabs\"><\/div>\n\n\t\t\t\t\t<a class=\"block-chart--image image--link\" href=\"https:\/\/www.climatepolicyinitiative.org\/tracking-climate-finance-by-geography\/\" target=\"_blank\"><div class=\"image--wrap\"><img src='https:\/\/www.climatepolicyinitiative.org\/wp-content\/uploads\/2024\/04\/World-Map-for-tracking-landing-page-OR-01-1024x648-PT.jpg' class=\"image\" alt=\"World-Map-for-tracking-landing-page-OR-01-1024x648-PT\" style=\"max-width:100%\" \/><\/div><\/a><!-- image html = <a class=\"block-chart--image image--link\" href=\"https:\/\/www.climatepolicyinitiative.org\/tracking-climate-finance-by-geography\/\" target=\"_blank\"><div class=\"image--wrap\"><img src='https:\/\/www.climatepolicyinitiative.org\/wp-content\/uploads\/2024\/04\/World-Map-for-tracking-landing-page-OR-01-1024x648-PT.jpg' class=\"image\" alt=\"World-Map-for-tracking-landing-page-OR-01-1024x648-PT\" style=\"max-width:100%\" \/><\/div><\/a>-->\t\t\n\t\t<div element=\"canvas\"><\/div>\n\n\t\t\t\t<group name=\"\">\n\t\t\t<!-- tab -->\t\t\t\n\t\t<\/group>\n\t\t\n\n\t\t\n\t\t\t<\/div><\/section>\n\n\n<hr class=\"wp-block-separator has-css-opacity\"\/>\n\n\n\n<h2 class=\"wp-block-heading\"><strong>POR SETOR<\/strong><\/h2>\n\n\n\n<figure class=\"wp-block-image size-full\"><img loading=\"lazy\" decoding=\"async\" width=\"977\" height=\"196\" src=\"https:\/\/www.climatepolicyinitiative.org\/wp-content\/uploads\/2024\/04\/Sectors-1-PT-1.jpg\" alt=\"\" class=\"wp-image-71751\" srcset=\"https:\/\/www.climatepolicyinitiative.org\/wp-content\/uploads\/2024\/04\/Sectors-1-PT-1.jpg 977w, https:\/\/www.climatepolicyinitiative.org\/wp-content\/uploads\/2024\/04\/Sectors-1-PT-1-300x60.jpg 300w\" sizes=\"auto, (max-width: 977px) 100vw, 977px\" \/><\/figure>\n\n\n\n<p>Tamb\u00e9m analisamos as lacunas e as oportunidades de financiamento em setores-chave, como uso da terra, adapta\u00e7\u00e3o, acesso \u00e0 energia, cidades e energia renov\u00e1vel.<\/p>\n\n\n\n<p><span class=\"button\"><a href=\"https:\/\/www.climatepolicyinitiative.org\/tracking-climate-finance-by-sector\/\" target=\"_blank\" rel=\"noreferrer noopener\">SAIBA MAIS<\/a><\/span><\/p>\n\n\n\n<hr class=\"wp-block-separator has-css-opacity\"\/>\n\n\n\n<h2 class=\"wp-block-heading\"><strong>IMPACTO<\/strong><\/h2>\n\n\n\n<p>Os relat\u00f3rios de monitoramento do CPI foram os primeiros a fornecer um panorama abrangente de todos os dados de financiamento clim\u00e1tico relatados para ou por outras organiza\u00e7\u00f5es com base em mais de 20 fontes de dados utilizadas, incluindo a Organiza\u00e7\u00e3o para Coopera\u00e7\u00e3o e Desenvolvimento Econ\u00f4mico (OCDE) e a Bloomberg New Energy Finance. <\/p>\n\n\n\n<p>Os dados produzidos pelo trabalho de mapeamento do CPI fornecem evid\u00eancias importantes para as discuss\u00f5es t\u00e9cnicas e <a href=\"https:\/\/unfccc.int\/topics\/climate-finance\/resources\/biennial-assessment-and-overview-of-climate-finance-flows\" target=\"_blank\" rel=\"noreferrer noopener\">negocia\u00e7\u00f5es da UNFCCC<\/a>,&nbsp;para os <a href=\"https:\/\/www.ipcc.ch\/reports\/\" target=\"_blank\" rel=\"noreferrer noopener\">Relat\u00f3rios de Avalia\u00e7\u00e3o do IPCC<\/a> e ainda para planos e estrat\u00e9gias nacionais de desenvolvimento, elaborados por governos e institui\u00e7\u00f5es financeiras. <\/p>\n\n\n\n<p>O envolvimento dos principais <em>stakeholders<\/em> na compila\u00e7\u00e3o desses relat\u00f3rios, em especial dos provedores de financiamento p\u00fablico internacional, tem orientado os esfor\u00e7os&nbsp;dos <a href=\"https:\/\/www.adb.org\/documents\/joint-report-mdbs-climate-finance-2015\" target=\"_blank\" rel=\"noreferrer noopener\">bancos multilaterais de desenvolvimento<\/a>, das institui\u00e7\u00f5es financeiras bilaterais &nbsp;e dos bancos nacionais de desenvolvimento para superar algumas das principais lacunas relatadas em nossos estudos.<\/p>\n\n\n\n<hr class=\"wp-block-separator has-css-opacity\"\/>\n\n\n\n<h2 class=\"wp-block-heading\"><strong>GRUPO DE MAPEAMENTO DE FINAN\u00c7AS ALINHADAS AO CLIMA<\/strong><\/h2>\n\n\n\n<p>O CPI supervisiona uma rede de especialistas que trabalham para alcan\u00e7ar maior impacto e escala no financiamento clim\u00e1tico, aprimorando e alinhando os esfor\u00e7os de mapeamento. O Grupo promove colabora\u00e7\u00e3o entre os principais participantes do mapeamento de finan\u00e7as clim\u00e1ticas, analisando segmentos de mercado e temas espec\u00edficos, incluindo bancos, mercados de capitais, dados e rastreamento nacional. O Grupo tamb\u00e9m fornece orienta\u00e7\u00e3o estrat\u00e9gica para o trabalho de pesquisa e mapeamento de finan\u00e7as clim\u00e1ticas do CPI.<\/p>\n\n\n\n<p><span class=\"button\"><a href=\"https:\/\/www.climatepolicyinitiative.org\/the-topics\/climate-finance-landscape\/climate-aligned-finance-tracking-group\/\" target=\"_blank\" rel=\"noreferrer noopener\">SAIBA MAIS<\/a><\/span><\/p>\n\n\n\n<hr class=\"wp-block-separator has-css-opacity\"\/>\n\n\n\n<h2 class=\"wp-block-heading\"><strong>ENTRE EM CONTATO CONOSCO<\/strong><\/h2>\n\n\n\n<p>Ainda h\u00e1 muitas lacunas e desafios no mapeamento. Ao seguir fornecendo dados mais abrangentes e compar\u00e1veis, o trabalho do CPI continuar\u00e1 ajudando tomadores de decis\u00e3o na otimiza\u00e7\u00e3o do uso de seus recursos. Entre em contato pelo e-mail adminlondon@cpiglobal.org se quiser saber mais ou apoiar nossa pesquisa.<\/p>\n","protected":false},"excerpt":{"rendered":"<p>Os dados sobre os fluxos de financiamento clim\u00e1tico nos n\u00edveis global, nacional e setorial s\u00e3o essenciais para ampliar a a\u00e7\u00e3o clim\u00e1tica nos locais mais necess\u00e1rios. O CPI foi pioneiro no mapeamento dos fluxos globais de financiamento clim\u00e1tico,&nbsp; publicando em 2010 o primeiro Panorama Global de Financiamento Clim\u00e1tico. Desde ent\u00e3o, o CPI tem mapeado e analisado [&hellip;]<\/p>\n","protected":false},"author":245,"featured_media":46627,"parent":0,"menu_order":18,"comment_status":"closed","ping_status":"closed","template":"templates\/landing.php","meta":{"_acf_changed":false,"footnotes":""},"programs":[1843],"regions":[1399],"topics":[],"collaborations":[],"class_list":["post-71737","page","type-page","status-publish","format-standard","has-post-thumbnail","hentry","programs-sustainable-finance-integrity-pt-br","regions-global"],"acf":[],"yoast_head":"<!-- This site is optimized with the Yoast SEO plugin v27.3 - https:\/\/yoast.com\/product\/yoast-seo-wordpress\/ -->\n<title>Mapeamento do Financiamento Clim\u00e1tico - CPI<\/title>\n<meta name=\"robots\" content=\"index, follow, max-snippet:-1, max-image-preview:large, max-video-preview:-1\" \/>\n<link rel=\"canonical\" href=\"https:\/\/www.climatepolicyinitiative.org\/pt-br\/mapeamento-do-financiamento-climatico\/\" \/>\n<meta property=\"og:locale\" content=\"pt_BR\" \/>\n<meta property=\"og:type\" content=\"article\" \/>\n<meta property=\"og:title\" content=\"Mapeamento do Financiamento Clim\u00e1tico - CPI\" \/>\n<meta property=\"og:description\" content=\"Os dados sobre os fluxos de financiamento clim\u00e1tico nos n\u00edveis global, nacional e setorial s\u00e3o essenciais para ampliar a a\u00e7\u00e3o clim\u00e1tica nos locais mais necess\u00e1rios. O CPI foi pioneiro no mapeamento dos fluxos globais de financiamento clim\u00e1tico,&nbsp; publicando em 2010 o primeiro Panorama Global de Financiamento Clim\u00e1tico. Desde ent\u00e3o, o CPI tem mapeado e analisado [&hellip;]\" \/>\n<meta property=\"og:url\" content=\"https:\/\/www.climatepolicyinitiative.org\/pt-br\/mapeamento-do-financiamento-climatico\/\" \/>\n<meta property=\"og:site_name\" content=\"CPI\" \/>\n<meta property=\"article:publisher\" content=\"https:\/\/www.facebook.com\/ClimatePolicyInitiative\" \/>\n<meta property=\"article:modified_time\" content=\"2026-02-18T07:25:22+00:00\" \/>\n<meta property=\"og:image\" content=\"https:\/\/www.climatepolicyinitiative.org\/wp-content\/uploads\/2022\/05\/MicrosoftTeams-image-31-1.png\" \/>\n\t<meta property=\"og:image:width\" content=\"732\" \/>\n\t<meta property=\"og:image:height\" content=\"627\" \/>\n\t<meta property=\"og:image:type\" content=\"image\/png\" \/>\n<meta name=\"twitter:card\" content=\"summary_large_image\" \/>\n<meta name=\"twitter:site\" content=\"@climatepolicy\" \/>\n<meta name=\"twitter:label1\" content=\"Est. tempo de leitura\" \/>\n\t<meta name=\"twitter:data1\" content=\"3 minutos\" \/>\n<script type=\"application\/ld+json\" class=\"yoast-schema-graph\">{\"@context\":\"https:\\\/\\\/schema.org\",\"@graph\":[{\"@type\":\"WebPage\",\"@id\":\"https:\\\/\\\/www.climatepolicyinitiative.org\\\/pt-br\\\/mapeamento-do-financiamento-climatico\\\/\",\"url\":\"https:\\\/\\\/www.climatepolicyinitiative.org\\\/pt-br\\\/mapeamento-do-financiamento-climatico\\\/\",\"name\":\"Mapeamento do Financiamento Clim\u00e1tico - CPI\",\"isPartOf\":{\"@id\":\"https:\\\/\\\/www.climatepolicyinitiative.org\\\/pt-br\\\/#website\"},\"primaryImageOfPage\":{\"@id\":\"https:\\\/\\\/www.climatepolicyinitiative.org\\\/pt-br\\\/mapeamento-do-financiamento-climatico\\\/#primaryimage\"},\"image\":{\"@id\":\"https:\\\/\\\/www.climatepolicyinitiative.org\\\/pt-br\\\/mapeamento-do-financiamento-climatico\\\/#primaryimage\"},\"thumbnailUrl\":\"https:\\\/\\\/www.climatepolicyinitiative.org\\\/wp-content\\\/uploads\\\/2022\\\/05\\\/MicrosoftTeams-image-31-1.png\",\"datePublished\":\"2024-04-30T18:32:10+00:00\",\"dateModified\":\"2026-02-18T07:25:22+00:00\",\"breadcrumb\":{\"@id\":\"https:\\\/\\\/www.climatepolicyinitiative.org\\\/pt-br\\\/mapeamento-do-financiamento-climatico\\\/#breadcrumb\"},\"inLanguage\":\"pt-BR\",\"potentialAction\":[{\"@type\":\"ReadAction\",\"target\":[\"https:\\\/\\\/www.climatepolicyinitiative.org\\\/pt-br\\\/mapeamento-do-financiamento-climatico\\\/\"]}]},{\"@type\":\"ImageObject\",\"inLanguage\":\"pt-BR\",\"@id\":\"https:\\\/\\\/www.climatepolicyinitiative.org\\\/pt-br\\\/mapeamento-do-financiamento-climatico\\\/#primaryimage\",\"url\":\"https:\\\/\\\/www.climatepolicyinitiative.org\\\/wp-content\\\/uploads\\\/2022\\\/05\\\/MicrosoftTeams-image-31-1.png\",\"contentUrl\":\"https:\\\/\\\/www.climatepolicyinitiative.org\\\/wp-content\\\/uploads\\\/2022\\\/05\\\/MicrosoftTeams-image-31-1.png\",\"width\":732,\"height\":627},{\"@type\":\"BreadcrumbList\",\"@id\":\"https:\\\/\\\/www.climatepolicyinitiative.org\\\/pt-br\\\/mapeamento-do-financiamento-climatico\\\/#breadcrumb\",\"itemListElement\":[{\"@type\":\"ListItem\",\"position\":1,\"name\":\"Home\",\"item\":\"https:\\\/\\\/www.climatepolicyinitiative.org\\\/pt-br\\\/\"},{\"@type\":\"ListItem\",\"position\":2,\"name\":\"Mapeamento do Financiamento Clim\u00e1tico\"}]},{\"@type\":\"WebSite\",\"@id\":\"https:\\\/\\\/www.climatepolicyinitiative.org\\\/pt-br\\\/#website\",\"url\":\"https:\\\/\\\/www.climatepolicyinitiative.org\\\/pt-br\\\/\",\"name\":\"CPI\",\"description\":\"Climate Policy Initiative works to improve the most important energy and land use policies around the world, with a particular focus on finance.\",\"publisher\":{\"@id\":\"https:\\\/\\\/www.climatepolicyinitiative.org\\\/pt-br\\\/#organization\"},\"potentialAction\":[{\"@type\":\"SearchAction\",\"target\":{\"@type\":\"EntryPoint\",\"urlTemplate\":\"https:\\\/\\\/www.climatepolicyinitiative.org\\\/pt-br\\\/?s={search_term_string}\"},\"query-input\":{\"@type\":\"PropertyValueSpecification\",\"valueRequired\":true,\"valueName\":\"search_term_string\"}}],\"inLanguage\":\"pt-BR\"},{\"@type\":\"Organization\",\"@id\":\"https:\\\/\\\/www.climatepolicyinitiative.org\\\/pt-br\\\/#organization\",\"name\":\"Climate Policy Initiative\",\"url\":\"https:\\\/\\\/www.climatepolicyinitiative.org\\\/pt-br\\\/\",\"logo\":{\"@type\":\"ImageObject\",\"inLanguage\":\"pt-BR\",\"@id\":\"https:\\\/\\\/www.climatepolicyinitiative.org\\\/pt-br\\\/#\\\/schema\\\/logo\\\/image\\\/\",\"url\":\"https:\\\/\\\/www.climatepolicyinitiative.org\\\/wp-content\\\/uploads\\\/2021\\\/07\\\/CPI_logo_cmyk_transparent.png\",\"contentUrl\":\"https:\\\/\\\/www.climatepolicyinitiative.org\\\/wp-content\\\/uploads\\\/2021\\\/07\\\/CPI_logo_cmyk_transparent.png\",\"width\":1728,\"height\":720,\"caption\":\"Climate Policy Initiative\"},\"image\":{\"@id\":\"https:\\\/\\\/www.climatepolicyinitiative.org\\\/pt-br\\\/#\\\/schema\\\/logo\\\/image\\\/\"},\"sameAs\":[\"https:\\\/\\\/www.facebook.com\\\/ClimatePolicyInitiative\",\"https:\\\/\\\/x.com\\\/climatepolicy\",\"https:\\\/\\\/www.linkedin.com\\\/company\\\/climate-policy-initiative\\\/?lipi=urn:li:page:d_flagship3_search_srp_all;GvyQ8DliSYaW9eZhdq8RBQ==\",\"https:\\\/\\\/www.youtube.com\\\/channel\\\/UCE8V0iDgBU8mreZdBegVCcA\",\"https:\\\/\\\/en.wikipedia.org\\\/wiki\\\/Climate_Policy_Initiative\"]}]}<\/script>\n<!-- \/ Yoast SEO plugin. -->","yoast_head_json":{"title":"Mapeamento do Financiamento Clim\u00e1tico - CPI","robots":{"index":"index","follow":"follow","max-snippet":"max-snippet:-1","max-image-preview":"max-image-preview:large","max-video-preview":"max-video-preview:-1"},"canonical":"https:\/\/www.climatepolicyinitiative.org\/pt-br\/mapeamento-do-financiamento-climatico\/","og_locale":"pt_BR","og_type":"article","og_title":"Mapeamento do Financiamento Clim\u00e1tico - CPI","og_description":"Os dados sobre os fluxos de financiamento clim\u00e1tico nos n\u00edveis global, nacional e setorial s\u00e3o essenciais para ampliar a a\u00e7\u00e3o clim\u00e1tica nos locais mais necess\u00e1rios. O CPI foi pioneiro no mapeamento dos fluxos globais de financiamento clim\u00e1tico,&nbsp; publicando em 2010 o primeiro Panorama Global de Financiamento Clim\u00e1tico. Desde ent\u00e3o, o CPI tem mapeado e analisado [&hellip;]","og_url":"https:\/\/www.climatepolicyinitiative.org\/pt-br\/mapeamento-do-financiamento-climatico\/","og_site_name":"CPI","article_publisher":"https:\/\/www.facebook.com\/ClimatePolicyInitiative","article_modified_time":"2026-02-18T07:25:22+00:00","og_image":[{"width":732,"height":627,"url":"https:\/\/www.climatepolicyinitiative.org\/wp-content\/uploads\/2022\/05\/MicrosoftTeams-image-31-1.png","type":"image\/png"}],"twitter_card":"summary_large_image","twitter_site":"@climatepolicy","twitter_misc":{"Est. tempo de leitura":"3 minutos"},"schema":{"@context":"https:\/\/schema.org","@graph":[{"@type":"WebPage","@id":"https:\/\/www.climatepolicyinitiative.org\/pt-br\/mapeamento-do-financiamento-climatico\/","url":"https:\/\/www.climatepolicyinitiative.org\/pt-br\/mapeamento-do-financiamento-climatico\/","name":"Mapeamento do Financiamento Clim\u00e1tico - CPI","isPartOf":{"@id":"https:\/\/www.climatepolicyinitiative.org\/pt-br\/#website"},"primaryImageOfPage":{"@id":"https:\/\/www.climatepolicyinitiative.org\/pt-br\/mapeamento-do-financiamento-climatico\/#primaryimage"},"image":{"@id":"https:\/\/www.climatepolicyinitiative.org\/pt-br\/mapeamento-do-financiamento-climatico\/#primaryimage"},"thumbnailUrl":"https:\/\/www.climatepolicyinitiative.org\/wp-content\/uploads\/2022\/05\/MicrosoftTeams-image-31-1.png","datePublished":"2024-04-30T18:32:10+00:00","dateModified":"2026-02-18T07:25:22+00:00","breadcrumb":{"@id":"https:\/\/www.climatepolicyinitiative.org\/pt-br\/mapeamento-do-financiamento-climatico\/#breadcrumb"},"inLanguage":"pt-BR","potentialAction":[{"@type":"ReadAction","target":["https:\/\/www.climatepolicyinitiative.org\/pt-br\/mapeamento-do-financiamento-climatico\/"]}]},{"@type":"ImageObject","inLanguage":"pt-BR","@id":"https:\/\/www.climatepolicyinitiative.org\/pt-br\/mapeamento-do-financiamento-climatico\/#primaryimage","url":"https:\/\/www.climatepolicyinitiative.org\/wp-content\/uploads\/2022\/05\/MicrosoftTeams-image-31-1.png","contentUrl":"https:\/\/www.climatepolicyinitiative.org\/wp-content\/uploads\/2022\/05\/MicrosoftTeams-image-31-1.png","width":732,"height":627},{"@type":"BreadcrumbList","@id":"https:\/\/www.climatepolicyinitiative.org\/pt-br\/mapeamento-do-financiamento-climatico\/#breadcrumb","itemListElement":[{"@type":"ListItem","position":1,"name":"Home","item":"https:\/\/www.climatepolicyinitiative.org\/pt-br\/"},{"@type":"ListItem","position":2,"name":"Mapeamento do Financiamento Clim\u00e1tico"}]},{"@type":"WebSite","@id":"https:\/\/www.climatepolicyinitiative.org\/pt-br\/#website","url":"https:\/\/www.climatepolicyinitiative.org\/pt-br\/","name":"CPI","description":"Climate Policy Initiative works to improve the most important energy and land use policies around the world, with a particular focus on finance.","publisher":{"@id":"https:\/\/www.climatepolicyinitiative.org\/pt-br\/#organization"},"potentialAction":[{"@type":"SearchAction","target":{"@type":"EntryPoint","urlTemplate":"https:\/\/www.climatepolicyinitiative.org\/pt-br\/?s={search_term_string}"},"query-input":{"@type":"PropertyValueSpecification","valueRequired":true,"valueName":"search_term_string"}}],"inLanguage":"pt-BR"},{"@type":"Organization","@id":"https:\/\/www.climatepolicyinitiative.org\/pt-br\/#organization","name":"Climate Policy Initiative","url":"https:\/\/www.climatepolicyinitiative.org\/pt-br\/","logo":{"@type":"ImageObject","inLanguage":"pt-BR","@id":"https:\/\/www.climatepolicyinitiative.org\/pt-br\/#\/schema\/logo\/image\/","url":"https:\/\/www.climatepolicyinitiative.org\/wp-content\/uploads\/2021\/07\/CPI_logo_cmyk_transparent.png","contentUrl":"https:\/\/www.climatepolicyinitiative.org\/wp-content\/uploads\/2021\/07\/CPI_logo_cmyk_transparent.png","width":1728,"height":720,"caption":"Climate Policy Initiative"},"image":{"@id":"https:\/\/www.climatepolicyinitiative.org\/pt-br\/#\/schema\/logo\/image\/"},"sameAs":["https:\/\/www.facebook.com\/ClimatePolicyInitiative","https:\/\/x.com\/climatepolicy","https:\/\/www.linkedin.com\/company\/climate-policy-initiative\/?lipi=urn:li:page:d_flagship3_search_srp_all;GvyQ8DliSYaW9eZhdq8RBQ==","https:\/\/www.youtube.com\/channel\/UCE8V0iDgBU8mreZdBegVCcA","https:\/\/en.wikipedia.org\/wiki\/Climate_Policy_Initiative"]}]}},"_links":{"self":[{"href":"https:\/\/www.climatepolicyinitiative.org\/pt-br\/wp-json\/wp\/v2\/pages\/71737","targetHints":{"allow":["GET"]}}],"collection":[{"href":"https:\/\/www.climatepolicyinitiative.org\/pt-br\/wp-json\/wp\/v2\/pages"}],"about":[{"href":"https:\/\/www.climatepolicyinitiative.org\/pt-br\/wp-json\/wp\/v2\/types\/page"}],"author":[{"embeddable":true,"href":"https:\/\/www.climatepolicyinitiative.org\/pt-br\/wp-json\/wp\/v2\/users\/245"}],"replies":[{"embeddable":true,"href":"https:\/\/www.climatepolicyinitiative.org\/pt-br\/wp-json\/wp\/v2\/comments?post=71737"}],"version-history":[{"count":2,"href":"https:\/\/www.climatepolicyinitiative.org\/pt-br\/wp-json\/wp\/v2\/pages\/71737\/revisions"}],"predecessor-version":[{"id":116697,"href":"https:\/\/www.climatepolicyinitiative.org\/pt-br\/wp-json\/wp\/v2\/pages\/71737\/revisions\/116697"}],"wp:featuredmedia":[{"embeddable":true,"href":"https:\/\/www.climatepolicyinitiative.org\/pt-br\/wp-json\/wp\/v2\/media\/46627"}],"wp:attachment":[{"href":"https:\/\/www.climatepolicyinitiative.org\/pt-br\/wp-json\/wp\/v2\/media?parent=71737"}],"wp:term":[{"taxonomy":"programs","embeddable":true,"href":"https:\/\/www.climatepolicyinitiative.org\/pt-br\/wp-json\/wp\/v2\/programs?post=71737"},{"taxonomy":"regions","embeddable":true,"href":"https:\/\/www.climatepolicyinitiative.org\/pt-br\/wp-json\/wp\/v2\/regions?post=71737"},{"taxonomy":"topics","embeddable":true,"href":"https:\/\/www.climatepolicyinitiative.org\/pt-br\/wp-json\/wp\/v2\/topics?post=71737"},{"taxonomy":"collaborations","embeddable":true,"href":"https:\/\/www.climatepolicyinitiative.org\/pt-br\/wp-json\/wp\/v2\/collaborations?post=71737"}],"curies":[{"name":"wp","href":"https:\/\/api.w.org\/{rel}","templated":true}]}}