{"id":71720,"date":"2024-04-30T17:14:49","date_gmt":"2024-04-30T17:14:49","guid":{"rendered":"https:\/\/www.climatepolicyinitiative.org\/cidades-sustentaveis\/"},"modified":"2026-02-18T07:24:14","modified_gmt":"2026-02-18T07:24:14","slug":"cidades-sustentaveis","status":"publish","type":"page","link":"https:\/\/www.climatepolicyinitiative.org\/pt-br\/cidades-sustentaveis\/","title":{"rendered":"Cidades Sustent\u00e1veis"},"content":{"rendered":"\n<p>\u00c0 medida que o mundo aumenta a urbaniza\u00e7\u00e3o , as cidades devem estar no centro dos esfor\u00e7os globais para reduzir as emiss\u00f5es de gases de efeito estufa e os riscos das mudan\u00e7as clim\u00e1ticas. As cidades n\u00e3o apenas respondem por 70% das emiss\u00f5es globais de CO2 provenientes do uso de energia, como tamb\u00e9m est\u00e3o na linha de frente da vulnerabilidade \u00e0s mudan\u00e7as clim\u00e1ticas, com a maioria j\u00e1 enfrentando  impactos prejudiciais para seus habitantes e infraestrutura como resultado de eventos clim\u00e1ticos extremos. Para lidar com essa situa\u00e7\u00e3o, s\u00e3o necess\u00e1rios trilh\u00f5es de d\u00f3lares para o financiamento de a\u00e7\u00f5es clim\u00e1ticas nas cidades \u2013 evidenciando uma lacuna significativa de investimento em solu\u00e7\u00f5es clim\u00e1ticas urbanas. <\/p>\n\n\n\n<p>O CPI \u00e9 o Secretariado da <a href=\"https:\/\/citiesclimatefinance.org\/\" target=\"_blank\" rel=\"noreferrer noopener\">Alian\u00e7a de Lideran\u00e7a para o Financiamento Clim\u00e1tico das Cidades<\/a> (<span style=\"font-style: normal !msorm;\"><em>Cities Climate Finance Leadership Alliance<\/em><\/span> &#8211; CCFLA), a \u00fanica coliga\u00e7\u00e3o multin\u00edvel e com v\u00e1rios <span style=\"font-style: normal !msorm;\"><em>stakeholders<\/em><\/span> que visa fechar a lacuna de investimento em projetos e infraestrutura urbanos clim\u00e1ticos subnacionais em n\u00edvel mundial. A CCFLA fornece uma plataforma para que todos os atores relevantes dedicados \u00e0 a\u00e7\u00e3o clim\u00e1tica urbana se re\u00fanam e troquem conhecimentos. Publica tamb\u00e9m pesquisas contemplando temas fundamentais, incluindo <a href=\"https:\/\/www.climatepolicyinitiative.org\/publication\/the-state-of-cities-climate-finance\/\" target=\"_blank\" rel=\"noreferrer noopener\">o estado do financiamento clim\u00e1tico das cidades<\/a>, <a href=\"https:\/\/www.climatepolicyinitiative.org\/publication\/financing-net-zero-carbon-buildings\/\" target=\"_blank\" rel=\"noreferrer noopener\">o aumento do financiamento para edif\u00edcios com emiss\u00f5es zero de carbono<\/a> e o <a href=\"https:\/\/www.climatepolicyinitiative.org\/publication\/an-analysis-of-urban-climate-adaptation-finance\/\" target=\"_blank\" rel=\"noreferrer noopener\">financiamento da adapta\u00e7\u00e3o urbana<\/a>.<\/p>\n","protected":false},"excerpt":{"rendered":"<p>\u00c0 medida que o mundo aumenta a urbaniza\u00e7\u00e3o , as cidades devem estar no centro dos esfor\u00e7os globais para reduzir as emiss\u00f5es de gases de efeito estufa e os riscos das mudan\u00e7as clim\u00e1ticas. As cidades n\u00e3o apenas respondem por 70% das emiss\u00f5es globais de CO2 provenientes do uso de energia, como tamb\u00e9m est\u00e3o na linha [&hellip;]<\/p>\n","protected":false},"author":245,"featured_media":50054,"parent":0,"menu_order":14,"comment_status":"closed","ping_status":"closed","template":"templates\/landing.php","meta":{"_acf_changed":false,"footnotes":""},"programs":[],"regions":[],"topics":[1353],"collaborations":[],"class_list":["post-71720","page","type-page","status-publish","format-standard","has-post-thumbnail","hentry","topics-cidades-sustentaveis"],"acf":[],"yoast_head":"<!-- This site is optimized with the Yoast SEO plugin v27.3 - https:\/\/yoast.com\/product\/yoast-seo-wordpress\/ -->\n<title>Cidades Sustent\u00e1veis - CPI<\/title>\n<meta name=\"robots\" content=\"index, follow, max-snippet:-1, max-image-preview:large, max-video-preview:-1\" \/>\n<link rel=\"canonical\" href=\"https:\/\/www.climatepolicyinitiative.org\/pt-br\/cidades-sustentaveis\/\" \/>\n<meta property=\"og:locale\" content=\"pt_BR\" \/>\n<meta property=\"og:type\" content=\"article\" \/>\n<meta property=\"og:title\" content=\"Cidades Sustent\u00e1veis - CPI\" \/>\n<meta property=\"og:description\" content=\"\u00c0 medida que o mundo aumenta a urbaniza\u00e7\u00e3o , as cidades devem estar no centro dos esfor\u00e7os globais para reduzir as emiss\u00f5es de gases de efeito estufa e os riscos das mudan\u00e7as clim\u00e1ticas. As cidades n\u00e3o apenas respondem por 70% das emiss\u00f5es globais de CO2 provenientes do uso de energia, como tamb\u00e9m est\u00e3o na linha [&hellip;]\" \/>\n<meta property=\"og:url\" content=\"https:\/\/www.climatepolicyinitiative.org\/pt-br\/cidades-sustentaveis\/\" \/>\n<meta property=\"og:site_name\" content=\"CPI\" \/>\n<meta property=\"article:publisher\" content=\"https:\/\/www.facebook.com\/ClimatePolicyInitiative\" \/>\n<meta property=\"article:modified_time\" content=\"2026-02-18T07:24:14+00:00\" \/>\n<meta property=\"og:image\" content=\"https:\/\/www.climatepolicyinitiative.org\/wp-content\/uploads\/2022\/10\/nerea-marti-sesarino-_NpSkRaTy0A-unsplash-1.jpg\" \/>\n\t<meta property=\"og:image:width\" content=\"1920\" \/>\n\t<meta property=\"og:image:height\" content=\"1280\" \/>\n\t<meta property=\"og:image:type\" content=\"image\/jpeg\" \/>\n<meta name=\"twitter:card\" content=\"summary_large_image\" \/>\n<meta name=\"twitter:site\" content=\"@climatepolicy\" \/>\n<meta name=\"twitter:label1\" content=\"Est. tempo de leitura\" \/>\n\t<meta name=\"twitter:data1\" content=\"2 minutos\" \/>\n<script type=\"application\/ld+json\" class=\"yoast-schema-graph\">{\"@context\":\"https:\\\/\\\/schema.org\",\"@graph\":[{\"@type\":\"WebPage\",\"@id\":\"https:\\\/\\\/www.climatepolicyinitiative.org\\\/pt-br\\\/cidades-sustentaveis\\\/\",\"url\":\"https:\\\/\\\/www.climatepolicyinitiative.org\\\/pt-br\\\/cidades-sustentaveis\\\/\",\"name\":\"Cidades Sustent\u00e1veis - CPI\",\"isPartOf\":{\"@id\":\"https:\\\/\\\/www.climatepolicyinitiative.org\\\/pt-br\\\/#website\"},\"primaryImageOfPage\":{\"@id\":\"https:\\\/\\\/www.climatepolicyinitiative.org\\\/pt-br\\\/cidades-sustentaveis\\\/#primaryimage\"},\"image\":{\"@id\":\"https:\\\/\\\/www.climatepolicyinitiative.org\\\/pt-br\\\/cidades-sustentaveis\\\/#primaryimage\"},\"thumbnailUrl\":\"https:\\\/\\\/www.climatepolicyinitiative.org\\\/wp-content\\\/uploads\\\/2022\\\/10\\\/nerea-marti-sesarino-_NpSkRaTy0A-unsplash-1.jpg\",\"datePublished\":\"2024-04-30T17:14:49+00:00\",\"dateModified\":\"2026-02-18T07:24:14+00:00\",\"breadcrumb\":{\"@id\":\"https:\\\/\\\/www.climatepolicyinitiative.org\\\/pt-br\\\/cidades-sustentaveis\\\/#breadcrumb\"},\"inLanguage\":\"pt-BR\",\"potentialAction\":[{\"@type\":\"ReadAction\",\"target\":[\"https:\\\/\\\/www.climatepolicyinitiative.org\\\/pt-br\\\/cidades-sustentaveis\\\/\"]}]},{\"@type\":\"ImageObject\",\"inLanguage\":\"pt-BR\",\"@id\":\"https:\\\/\\\/www.climatepolicyinitiative.org\\\/pt-br\\\/cidades-sustentaveis\\\/#primaryimage\",\"url\":\"https:\\\/\\\/www.climatepolicyinitiative.org\\\/wp-content\\\/uploads\\\/2022\\\/10\\\/nerea-marti-sesarino-_NpSkRaTy0A-unsplash-1.jpg\",\"contentUrl\":\"https:\\\/\\\/www.climatepolicyinitiative.org\\\/wp-content\\\/uploads\\\/2022\\\/10\\\/nerea-marti-sesarino-_NpSkRaTy0A-unsplash-1.jpg\",\"width\":1920,\"height\":1280},{\"@type\":\"BreadcrumbList\",\"@id\":\"https:\\\/\\\/www.climatepolicyinitiative.org\\\/pt-br\\\/cidades-sustentaveis\\\/#breadcrumb\",\"itemListElement\":[{\"@type\":\"ListItem\",\"position\":1,\"name\":\"Home\",\"item\":\"https:\\\/\\\/www.climatepolicyinitiative.org\\\/pt-br\\\/\"},{\"@type\":\"ListItem\",\"position\":2,\"name\":\"Cidades Sustent\u00e1veis\"}]},{\"@type\":\"WebSite\",\"@id\":\"https:\\\/\\\/www.climatepolicyinitiative.org\\\/pt-br\\\/#website\",\"url\":\"https:\\\/\\\/www.climatepolicyinitiative.org\\\/pt-br\\\/\",\"name\":\"CPI\",\"description\":\"Climate Policy Initiative works to improve the most important energy and land use policies around the world, with a particular focus on finance.\",\"publisher\":{\"@id\":\"https:\\\/\\\/www.climatepolicyinitiative.org\\\/pt-br\\\/#organization\"},\"potentialAction\":[{\"@type\":\"SearchAction\",\"target\":{\"@type\":\"EntryPoint\",\"urlTemplate\":\"https:\\\/\\\/www.climatepolicyinitiative.org\\\/pt-br\\\/?s={search_term_string}\"},\"query-input\":{\"@type\":\"PropertyValueSpecification\",\"valueRequired\":true,\"valueName\":\"search_term_string\"}}],\"inLanguage\":\"pt-BR\"},{\"@type\":\"Organization\",\"@id\":\"https:\\\/\\\/www.climatepolicyinitiative.org\\\/pt-br\\\/#organization\",\"name\":\"Climate Policy Initiative\",\"url\":\"https:\\\/\\\/www.climatepolicyinitiative.org\\\/pt-br\\\/\",\"logo\":{\"@type\":\"ImageObject\",\"inLanguage\":\"pt-BR\",\"@id\":\"https:\\\/\\\/www.climatepolicyinitiative.org\\\/pt-br\\\/#\\\/schema\\\/logo\\\/image\\\/\",\"url\":\"https:\\\/\\\/www.climatepolicyinitiative.org\\\/wp-content\\\/uploads\\\/2021\\\/07\\\/CPI_logo_cmyk_transparent.png\",\"contentUrl\":\"https:\\\/\\\/www.climatepolicyinitiative.org\\\/wp-content\\\/uploads\\\/2021\\\/07\\\/CPI_logo_cmyk_transparent.png\",\"width\":1728,\"height\":720,\"caption\":\"Climate Policy Initiative\"},\"image\":{\"@id\":\"https:\\\/\\\/www.climatepolicyinitiative.org\\\/pt-br\\\/#\\\/schema\\\/logo\\\/image\\\/\"},\"sameAs\":[\"https:\\\/\\\/www.facebook.com\\\/ClimatePolicyInitiative\",\"https:\\\/\\\/x.com\\\/climatepolicy\",\"https:\\\/\\\/www.linkedin.com\\\/company\\\/climate-policy-initiative\\\/?lipi=urn:li:page:d_flagship3_search_srp_all;GvyQ8DliSYaW9eZhdq8RBQ==\",\"https:\\\/\\\/www.youtube.com\\\/channel\\\/UCE8V0iDgBU8mreZdBegVCcA\",\"https:\\\/\\\/en.wikipedia.org\\\/wiki\\\/Climate_Policy_Initiative\"]}]}<\/script>\n<!-- \/ Yoast SEO plugin. -->","yoast_head_json":{"title":"Cidades Sustent\u00e1veis - CPI","robots":{"index":"index","follow":"follow","max-snippet":"max-snippet:-1","max-image-preview":"max-image-preview:large","max-video-preview":"max-video-preview:-1"},"canonical":"https:\/\/www.climatepolicyinitiative.org\/pt-br\/cidades-sustentaveis\/","og_locale":"pt_BR","og_type":"article","og_title":"Cidades Sustent\u00e1veis - CPI","og_description":"\u00c0 medida que o mundo aumenta a urbaniza\u00e7\u00e3o , as cidades devem estar no centro dos esfor\u00e7os globais para reduzir as emiss\u00f5es de gases de efeito estufa e os riscos das mudan\u00e7as clim\u00e1ticas. As cidades n\u00e3o apenas respondem por 70% das emiss\u00f5es globais de CO2 provenientes do uso de energia, como tamb\u00e9m est\u00e3o na linha [&hellip;]","og_url":"https:\/\/www.climatepolicyinitiative.org\/pt-br\/cidades-sustentaveis\/","og_site_name":"CPI","article_publisher":"https:\/\/www.facebook.com\/ClimatePolicyInitiative","article_modified_time":"2026-02-18T07:24:14+00:00","og_image":[{"width":1920,"height":1280,"url":"https:\/\/www.climatepolicyinitiative.org\/wp-content\/uploads\/2022\/10\/nerea-marti-sesarino-_NpSkRaTy0A-unsplash-1.jpg","type":"image\/jpeg"}],"twitter_card":"summary_large_image","twitter_site":"@climatepolicy","twitter_misc":{"Est. tempo de leitura":"2 minutos"},"schema":{"@context":"https:\/\/schema.org","@graph":[{"@type":"WebPage","@id":"https:\/\/www.climatepolicyinitiative.org\/pt-br\/cidades-sustentaveis\/","url":"https:\/\/www.climatepolicyinitiative.org\/pt-br\/cidades-sustentaveis\/","name":"Cidades Sustent\u00e1veis - CPI","isPartOf":{"@id":"https:\/\/www.climatepolicyinitiative.org\/pt-br\/#website"},"primaryImageOfPage":{"@id":"https:\/\/www.climatepolicyinitiative.org\/pt-br\/cidades-sustentaveis\/#primaryimage"},"image":{"@id":"https:\/\/www.climatepolicyinitiative.org\/pt-br\/cidades-sustentaveis\/#primaryimage"},"thumbnailUrl":"https:\/\/www.climatepolicyinitiative.org\/wp-content\/uploads\/2022\/10\/nerea-marti-sesarino-_NpSkRaTy0A-unsplash-1.jpg","datePublished":"2024-04-30T17:14:49+00:00","dateModified":"2026-02-18T07:24:14+00:00","breadcrumb":{"@id":"https:\/\/www.climatepolicyinitiative.org\/pt-br\/cidades-sustentaveis\/#breadcrumb"},"inLanguage":"pt-BR","potentialAction":[{"@type":"ReadAction","target":["https:\/\/www.climatepolicyinitiative.org\/pt-br\/cidades-sustentaveis\/"]}]},{"@type":"ImageObject","inLanguage":"pt-BR","@id":"https:\/\/www.climatepolicyinitiative.org\/pt-br\/cidades-sustentaveis\/#primaryimage","url":"https:\/\/www.climatepolicyinitiative.org\/wp-content\/uploads\/2022\/10\/nerea-marti-sesarino-_NpSkRaTy0A-unsplash-1.jpg","contentUrl":"https:\/\/www.climatepolicyinitiative.org\/wp-content\/uploads\/2022\/10\/nerea-marti-sesarino-_NpSkRaTy0A-unsplash-1.jpg","width":1920,"height":1280},{"@type":"BreadcrumbList","@id":"https:\/\/www.climatepolicyinitiative.org\/pt-br\/cidades-sustentaveis\/#breadcrumb","itemListElement":[{"@type":"ListItem","position":1,"name":"Home","item":"https:\/\/www.climatepolicyinitiative.org\/pt-br\/"},{"@type":"ListItem","position":2,"name":"Cidades Sustent\u00e1veis"}]},{"@type":"WebSite","@id":"https:\/\/www.climatepolicyinitiative.org\/pt-br\/#website","url":"https:\/\/www.climatepolicyinitiative.org\/pt-br\/","name":"CPI","description":"Climate Policy Initiative works to improve the most important energy and land use policies around the world, with a particular focus on finance.","publisher":{"@id":"https:\/\/www.climatepolicyinitiative.org\/pt-br\/#organization"},"potentialAction":[{"@type":"SearchAction","target":{"@type":"EntryPoint","urlTemplate":"https:\/\/www.climatepolicyinitiative.org\/pt-br\/?s={search_term_string}"},"query-input":{"@type":"PropertyValueSpecification","valueRequired":true,"valueName":"search_term_string"}}],"inLanguage":"pt-BR"},{"@type":"Organization","@id":"https:\/\/www.climatepolicyinitiative.org\/pt-br\/#organization","name":"Climate Policy Initiative","url":"https:\/\/www.climatepolicyinitiative.org\/pt-br\/","logo":{"@type":"ImageObject","inLanguage":"pt-BR","@id":"https:\/\/www.climatepolicyinitiative.org\/pt-br\/#\/schema\/logo\/image\/","url":"https:\/\/www.climatepolicyinitiative.org\/wp-content\/uploads\/2021\/07\/CPI_logo_cmyk_transparent.png","contentUrl":"https:\/\/www.climatepolicyinitiative.org\/wp-content\/uploads\/2021\/07\/CPI_logo_cmyk_transparent.png","width":1728,"height":720,"caption":"Climate Policy Initiative"},"image":{"@id":"https:\/\/www.climatepolicyinitiative.org\/pt-br\/#\/schema\/logo\/image\/"},"sameAs":["https:\/\/www.facebook.com\/ClimatePolicyInitiative","https:\/\/x.com\/climatepolicy","https:\/\/www.linkedin.com\/company\/climate-policy-initiative\/?lipi=urn:li:page:d_flagship3_search_srp_all;GvyQ8DliSYaW9eZhdq8RBQ==","https:\/\/www.youtube.com\/channel\/UCE8V0iDgBU8mreZdBegVCcA","https:\/\/en.wikipedia.org\/wiki\/Climate_Policy_Initiative"]}]}},"_links":{"self":[{"href":"https:\/\/www.climatepolicyinitiative.org\/pt-br\/wp-json\/wp\/v2\/pages\/71720","targetHints":{"allow":["GET"]}}],"collection":[{"href":"https:\/\/www.climatepolicyinitiative.org\/pt-br\/wp-json\/wp\/v2\/pages"}],"about":[{"href":"https:\/\/www.climatepolicyinitiative.org\/pt-br\/wp-json\/wp\/v2\/types\/page"}],"author":[{"embeddable":true,"href":"https:\/\/www.climatepolicyinitiative.org\/pt-br\/wp-json\/wp\/v2\/users\/245"}],"replies":[{"embeddable":true,"href":"https:\/\/www.climatepolicyinitiative.org\/pt-br\/wp-json\/wp\/v2\/comments?post=71720"}],"version-history":[{"count":2,"href":"https:\/\/www.climatepolicyinitiative.org\/pt-br\/wp-json\/wp\/v2\/pages\/71720\/revisions"}],"predecessor-version":[{"id":116695,"href":"https:\/\/www.climatepolicyinitiative.org\/pt-br\/wp-json\/wp\/v2\/pages\/71720\/revisions\/116695"}],"wp:featuredmedia":[{"embeddable":true,"href":"https:\/\/www.climatepolicyinitiative.org\/pt-br\/wp-json\/wp\/v2\/media\/50054"}],"wp:attachment":[{"href":"https:\/\/www.climatepolicyinitiative.org\/pt-br\/wp-json\/wp\/v2\/media?parent=71720"}],"wp:term":[{"taxonomy":"programs","embeddable":true,"href":"https:\/\/www.climatepolicyinitiative.org\/pt-br\/wp-json\/wp\/v2\/programs?post=71720"},{"taxonomy":"regions","embeddable":true,"href":"https:\/\/www.climatepolicyinitiative.org\/pt-br\/wp-json\/wp\/v2\/regions?post=71720"},{"taxonomy":"topics","embeddable":true,"href":"https:\/\/www.climatepolicyinitiative.org\/pt-br\/wp-json\/wp\/v2\/topics?post=71720"},{"taxonomy":"collaborations","embeddable":true,"href":"https:\/\/www.climatepolicyinitiative.org\/pt-br\/wp-json\/wp\/v2\/collaborations?post=71720"}],"curies":[{"name":"wp","href":"https:\/\/api.w.org\/{rel}","templated":true}]}}