{"id":69253,"date":"2024-03-04T18:31:59","date_gmt":"2024-03-04T18:31:59","guid":{"rendered":"https:\/\/www.climatepolicyinitiative.org\/agendas\/transicao-justa\/"},"modified":"2026-02-18T06:44:54","modified_gmt":"2026-02-18T06:44:54","slug":"transicao-justa","status":"publish","type":"page","link":"https:\/\/www.climatepolicyinitiative.org\/pt-br\/agendas\/transicao-justa\/","title":{"rendered":"Transi\u00e7\u00e3o Justa"},"content":{"rendered":"\n<p>Transi\u00e7\u00e3o Justa \u00e9 a mudan\u00e7a de uma economia extrativista para uma regenerativa, atrav\u00e9s de um processo justo e equitativo. Para assegurar que transi\u00e7\u00f5es para baixo carbono sejam realmente justas, \u00e9 fundamental mapear as amplas implica\u00e7\u00f5es socioecon\u00f4micas dessas transi\u00e7\u00f5es e desenvolver interven\u00e7\u00f5es pol\u00edticas, planos de investimento, mecanismos financeiros e engajamento comunit\u00e1rio que contemplem de maneira hol\u00edstica as mudan\u00e7as fundamentais provenientes dessas transi\u00e7\u00f5es.<\/p>\n\n\n\n<p>Ancorado em contextos espec\u00edficos de pa\u00eds e setor, o trabalho de Transi\u00e7\u00e3o Justa do CPI identifica caminhos para o desenvolvimento sustent\u00e1vel e equitativo, que leve em considera\u00e7\u00e3o os impactos para os principais stakeholders em todos os n\u00edveis, desde o nacional at\u00e9 o local \u2013 trabalhadores e comunidades, empregadores p\u00fablicos e privados, governos, institui\u00e7\u00f5es financeiras \u2013 e ent\u00e3o identifica ferramentas pol\u00edticas e financeiras para promover uma transi\u00e7\u00e3o justa.<\/p>\n\n\n\n<p>Alavancando nosso amplo portf\u00f3lio de trabalho em pol\u00edtica clim\u00e1tica e finan\u00e7as e nossa expertise local em economias emergentes \u2013 incluindo <a href=\"https:\/\/www.climatepolicyinitiative.org\/pt-br\/regioes\/brasil\/\" target=\"_blank\" rel=\"noreferrer noopener\">Brasil<\/a>, <a href=\"https:\/\/www.climatepolicyinitiative.org\/pt-br\/regioes\/india\/\" target=\"_blank\" rel=\"noreferrer noopener\">\u00cdndia <\/a>e <a href=\"https:\/\/www.climatepolicyinitiative.org\/pt-br\/regioes\/indonesia\/\" target=\"_blank\" rel=\"noreferrer noopener\">Indon\u00e9sia <\/a>\u2013 utilizamos uma abordagem baseada em dados, que apoia esfor\u00e7os<em> multi-stakeholder<\/em> em n\u00edveis setoriais, estaduais e nacionais para informar as decis\u00f5es de formuladores de pol\u00edticas e atores privados, mobilizar capital e fortalecer a capacidade de institui\u00e7\u00f5es locais.<\/p>\n\n\n\n<p>Mais especificamente, o trabalho de Transi\u00e7\u00e3o Justa do CPI inclui:<\/p>\n\n\n\n<h2 class=\"wp-block-heading\"><strong>1. Enquadramentos Anal\u00edticos<\/strong><\/h2>\n\n\n\n<p>Transi\u00e7\u00f5es de baixo carbono trazem riscos econ\u00f4micos e sociais significativos, mas tamb\u00e9m criam novas oportunidades econ\u00f4micas, que podem lidar simultaneamente com as desigualdades socioecon\u00f4micas existentes. Para apoiar formuladores de pol\u00edticas a compreender melhor essas quest\u00f5es complexas e desenvolver solu\u00e7\u00f5es pol\u00edticas eficazes, o CPI desenvolveu enquadramentos anal\u00edticos para transi\u00e7\u00f5es justas de quatro principais setores emissores de carbono \u2013 eletricidade, transporte, agropecu\u00e1ria e ind\u00fastria pesada (a\u00e7o e cimento) \u2013 com os seguintes componentes-chave:<\/p>\n\n\n\n<ul class=\"wp-block-list\">\n<li><strong>Enquadramento de Financiamento<\/strong> para formuladores de pol\u00edticas e outros <em>stakeholders<\/em> decisivos criarem modelos econ\u00f4micos e abordagens de financiamento abrangentes que possam gerenciar de maneira equitativa os riscos das transi\u00e7\u00f5es para aqueles impactados.<\/li>\n<\/ul>\n\n\n\n<h2 class=\"wp-block-heading\"><strong>2. Estrat\u00e9gias de Pol\u00edticas de Transi\u00e7\u00e3o<\/strong>\n<div id=\"gtx-trans\" style=\"position: absolute; left: 220px; top: -9.33333px;\">\n<div class=\"gtx-trans-icon\"><\/div>\n<\/div><\/h2>\n\n\n\n<ul class=\"wp-block-list\">\n<li><strong>An\u00e1lise diagn\u00f3stica<\/strong> &#8211; fornece aos formuladores de pol\u00edticas uma avalia\u00e7\u00e3o abrangente do <em>status quo<\/em> socioecon\u00f4mico e dos impactos potenciais da transi\u00e7\u00e3o para fornecer uma linha de base para mensurar as mudan\u00e7as e os impactos pol\u00edticos.<\/li>\n<\/ul>\n\n\n\n<ul class=\"wp-block-list\">\n<li><strong>Desenvolvimento e implementa\u00e7\u00e3o de pol\u00edticas<\/strong> &#8211; identifica, adapta e avalia instrumentos pol\u00edticos para apoiar transi\u00e7\u00f5es justas espec\u00edficas de pa\u00eds e setor, bem como marcos intermedi\u00e1rios.<\/li>\n<\/ul>\n\n\n\n<ul class=\"wp-block-list\">\n<li><strong>Monitoramento da implementa\u00e7\u00e3o de pol\u00edticas<\/strong> &#8211; acompanha e analisa a implementa\u00e7\u00e3o de pol\u00edticas e financiamento dedicados \u00e0s transi\u00e7\u00f5es justas.<\/li>\n<\/ul>\n\n\n\n<h2 class=\"wp-block-heading\"><strong>3. <\/strong><strong>Estrat\u00e9gias de Financiamento da Assist\u00eancia \u00e0 Transi\u00e7\u00e3o<\/strong><\/h2>\n\n\n\n<p>Transi\u00e7\u00f5es de baixo carbono adicionam encargos significativos aos governos e fundos p\u00fablicos. Nosso planejamento de transi\u00e7\u00e3o justa inclui <strong>Estrat\u00e9gias de Financiamento da Assist\u00eancia \u00e0 Transi\u00e7\u00e3o<\/strong>, pol\u00edticas setoriais espec\u00edficas e mecanismos financeiros projetados para mobilizar financiamento proveniente do setor p\u00fablico internacional e de investidores privados.<\/p>\n\n\n\n<p>Aspectos cruciais do nosso trabalho de assist\u00eancia \u00e0 transi\u00e7\u00e3o financeira incluem:<\/p>\n\n\n\n<ul class=\"wp-block-list\">\n<li><strong>Reconhecimento dos custos e necessidades financeiras da transi\u00e7\u00e3o, levando em considera\u00e7\u00e3o os impactos<\/strong> nos diversos atores e as necessidades correspondentes a \u2013 e fontes de \u2013 financiamento para assist\u00eancia \u00e0 transi\u00e7\u00e3o.<\/li>\n<\/ul>\n\n\n\n<ul class=\"wp-block-list\">\n<li><strong>Design de mecanismos financeiros eficazes e equitativos<\/strong> para canalizar desenvolvimento e commercial finance para as pessoas afetadas pela transi\u00e7\u00e3o.<\/li>\n<\/ul>\n\n\n\n<ul class=\"wp-block-list\">\n<li><strong>Presta\u00e7\u00e3o de assist\u00eancia financeira<\/strong> local aos <em>stakeholders<\/em> afetados por meio de esfor\u00e7os de capacita\u00e7\u00e3o e extensas colabora\u00e7\u00f5es com parceiros locais relevantes.<\/li>\n<\/ul>\n\n\n\n<h2 class=\"wp-block-heading\"><strong>4. Convoca\u00e7\u00e3o Eficaz e Inclusiva<\/strong>\n<div id=\"gtx-trans\" style=\"position: absolute; left: 182px; top: 38.3333px;\">\n<div class=\"gtx-trans-icon\"><\/div>\n<\/div><\/h2>\n\n\n\n<p>Nenhum dos trabalhos acima pode ser implementado com sucesso sem reunir grupos d\u00edspares para fornecer insights e expertise, criar aceita\u00e7\u00e3o e concordar com a implementa\u00e7\u00e3o. Alavancando nossa reputa\u00e7\u00e3o como uma terceira parte neutra capaz de construir pontes entre l\u00edderes de pol\u00edticas, finan\u00e7as, sociedade civil e acad\u00eamicos em n\u00edveis internacional, nacional e local, o CPI avan\u00e7a estrat\u00e9gias de transi\u00e7\u00e3o justa por meio de:<\/p>\n\n\n\n<ul class=\"wp-block-list\">\n<li><strong>Mapeamento de <em>stakeholders<\/em><\/strong> para identificar os atores envolvidos, seus interesses e sua influ\u00eancia.<\/li>\n<\/ul>\n\n\n\n<ul class=\"wp-block-list\">\n<li><strong>Convoca\u00e7\u00e3o<\/strong> de grupos locais juntamente com tomadores de decis\u00e3o de pol\u00edticas e finan\u00e7as para articular e planejar as necessidades e interesses dos mais afetados, desenvolver padr\u00f5es compartilhados e refor\u00e7ar a\u00e7\u00e3o e ambi\u00e7\u00e3o.<\/li>\n<\/ul>\n\n\n\n<hr class=\"wp-block-separator has-alpha-channel-opacity\"\/>\n\n\n\n<p>Para saber mais sobre o trabalho de Transi\u00e7\u00e3o Justa do CPI, entre em contato com um dos membros da nossa equipe.<\/p>\n","protected":false},"excerpt":{"rendered":"<p>Transi\u00e7\u00e3o Justa \u00e9 a mudan\u00e7a de uma economia extrativista para uma regenerativa, atrav\u00e9s de um processo justo e equitativo. Para assegurar que transi\u00e7\u00f5es para baixo carbono sejam realmente justas, \u00e9 fundamental mapear as amplas implica\u00e7\u00f5es socioecon\u00f4micas dessas transi\u00e7\u00f5es e desenvolver interven\u00e7\u00f5es pol\u00edticas, planos de investimento, mecanismos financeiros e engajamento comunit\u00e1rio que contemplem de maneira hol\u00edstica [&hellip;]<\/p>\n","protected":false},"author":206,"featured_media":51164,"parent":29846,"menu_order":18,"comment_status":"closed","ping_status":"closed","template":"templates\/landing.php","meta":{"_acf_changed":false,"footnotes":""},"programs":[],"regions":[1370,1373,1375,1391],"topics":[],"collaborations":[],"class_list":["post-69253","page","type-page","status-publish","format-standard","has-post-thumbnail","hentry","regions-africa","regions-americas","regions-asia","regions-economias-em-desenvolvimento"],"acf":[],"yoast_head":"<!-- This site is optimized with the Yoast SEO plugin v27.3 - https:\/\/yoast.com\/product\/yoast-seo-wordpress\/ -->\n<title>Transi\u00e7\u00e3o Justa - CPI<\/title>\n<meta name=\"robots\" content=\"index, follow, max-snippet:-1, max-image-preview:large, max-video-preview:-1\" \/>\n<link rel=\"canonical\" href=\"https:\/\/www.climatepolicyinitiative.org\/pt-br\/agendas\/transicao-justa\/\" \/>\n<meta property=\"og:locale\" content=\"pt_BR\" \/>\n<meta property=\"og:type\" content=\"article\" \/>\n<meta property=\"og:title\" content=\"Transi\u00e7\u00e3o Justa - CPI\" \/>\n<meta property=\"og:description\" content=\"Transi\u00e7\u00e3o Justa \u00e9 a mudan\u00e7a de uma economia extrativista para uma regenerativa, atrav\u00e9s de um processo justo e equitativo. Para assegurar que transi\u00e7\u00f5es para baixo carbono sejam realmente justas, \u00e9 fundamental mapear as amplas implica\u00e7\u00f5es socioecon\u00f4micas dessas transi\u00e7\u00f5es e desenvolver interven\u00e7\u00f5es pol\u00edticas, planos de investimento, mecanismos financeiros e engajamento comunit\u00e1rio que contemplem de maneira hol\u00edstica [&hellip;]\" \/>\n<meta property=\"og:url\" content=\"https:\/\/www.climatepolicyinitiative.org\/pt-br\/agendas\/transicao-justa\/\" \/>\n<meta property=\"og:site_name\" content=\"CPI\" \/>\n<meta property=\"article:publisher\" content=\"https:\/\/www.facebook.com\/ClimatePolicyInitiative\" \/>\n<meta property=\"article:modified_time\" content=\"2026-02-18T06:44:54+00:00\" \/>\n<meta property=\"og:image\" content=\"https:\/\/www.climatepolicyinitiative.org\/wp-content\/uploads\/2022\/11\/coal-plant-on-coast.jpg\" \/>\n\t<meta property=\"og:image:width\" content=\"1000\" \/>\n\t<meta property=\"og:image:height\" content=\"667\" \/>\n\t<meta property=\"og:image:type\" content=\"image\/jpeg\" \/>\n<meta name=\"twitter:card\" content=\"summary_large_image\" \/>\n<meta name=\"twitter:site\" content=\"@climatepolicy\" \/>\n<meta name=\"twitter:label1\" content=\"Est. tempo de leitura\" \/>\n\t<meta name=\"twitter:data1\" content=\"4 minutos\" \/>\n<script type=\"application\/ld+json\" class=\"yoast-schema-graph\">{\"@context\":\"https:\\\/\\\/schema.org\",\"@graph\":[{\"@type\":\"WebPage\",\"@id\":\"https:\\\/\\\/www.climatepolicyinitiative.org\\\/pt-br\\\/agendas\\\/transicao-justa\\\/\",\"url\":\"https:\\\/\\\/www.climatepolicyinitiative.org\\\/pt-br\\\/agendas\\\/transicao-justa\\\/\",\"name\":\"Transi\u00e7\u00e3o Justa - CPI\",\"isPartOf\":{\"@id\":\"https:\\\/\\\/www.climatepolicyinitiative.org\\\/pt-br\\\/#website\"},\"primaryImageOfPage\":{\"@id\":\"https:\\\/\\\/www.climatepolicyinitiative.org\\\/pt-br\\\/agendas\\\/transicao-justa\\\/#primaryimage\"},\"image\":{\"@id\":\"https:\\\/\\\/www.climatepolicyinitiative.org\\\/pt-br\\\/agendas\\\/transicao-justa\\\/#primaryimage\"},\"thumbnailUrl\":\"https:\\\/\\\/www.climatepolicyinitiative.org\\\/wp-content\\\/uploads\\\/2022\\\/11\\\/coal-plant-on-coast.jpg\",\"datePublished\":\"2024-03-04T18:31:59+00:00\",\"dateModified\":\"2026-02-18T06:44:54+00:00\",\"breadcrumb\":{\"@id\":\"https:\\\/\\\/www.climatepolicyinitiative.org\\\/pt-br\\\/agendas\\\/transicao-justa\\\/#breadcrumb\"},\"inLanguage\":\"pt-BR\",\"potentialAction\":[{\"@type\":\"ReadAction\",\"target\":[\"https:\\\/\\\/www.climatepolicyinitiative.org\\\/pt-br\\\/agendas\\\/transicao-justa\\\/\"]}]},{\"@type\":\"ImageObject\",\"inLanguage\":\"pt-BR\",\"@id\":\"https:\\\/\\\/www.climatepolicyinitiative.org\\\/pt-br\\\/agendas\\\/transicao-justa\\\/#primaryimage\",\"url\":\"https:\\\/\\\/www.climatepolicyinitiative.org\\\/wp-content\\\/uploads\\\/2022\\\/11\\\/coal-plant-on-coast.jpg\",\"contentUrl\":\"https:\\\/\\\/www.climatepolicyinitiative.org\\\/wp-content\\\/uploads\\\/2022\\\/11\\\/coal-plant-on-coast.jpg\",\"width\":1000,\"height\":667,\"caption\":\"Usina el\u00e9trica perto da costa\"},{\"@type\":\"BreadcrumbList\",\"@id\":\"https:\\\/\\\/www.climatepolicyinitiative.org\\\/pt-br\\\/agendas\\\/transicao-justa\\\/#breadcrumb\",\"itemListElement\":[{\"@type\":\"ListItem\",\"position\":1,\"name\":\"Home\",\"item\":\"https:\\\/\\\/www.climatepolicyinitiative.org\\\/pt-br\\\/\"},{\"@type\":\"ListItem\",\"position\":2,\"name\":\"Temas\",\"item\":\"https:\\\/\\\/www.climatepolicyinitiative.org\\\/pt-br\\\/agendas\\\/\"},{\"@type\":\"ListItem\",\"position\":3,\"name\":\"Transi\u00e7\u00e3o Justa\"}]},{\"@type\":\"WebSite\",\"@id\":\"https:\\\/\\\/www.climatepolicyinitiative.org\\\/pt-br\\\/#website\",\"url\":\"https:\\\/\\\/www.climatepolicyinitiative.org\\\/pt-br\\\/\",\"name\":\"CPI\",\"description\":\"Climate Policy Initiative works to improve the most important energy and land use policies around the world, with a particular focus on finance.\",\"publisher\":{\"@id\":\"https:\\\/\\\/www.climatepolicyinitiative.org\\\/pt-br\\\/#organization\"},\"potentialAction\":[{\"@type\":\"SearchAction\",\"target\":{\"@type\":\"EntryPoint\",\"urlTemplate\":\"https:\\\/\\\/www.climatepolicyinitiative.org\\\/pt-br\\\/?s={search_term_string}\"},\"query-input\":{\"@type\":\"PropertyValueSpecification\",\"valueRequired\":true,\"valueName\":\"search_term_string\"}}],\"inLanguage\":\"pt-BR\"},{\"@type\":\"Organization\",\"@id\":\"https:\\\/\\\/www.climatepolicyinitiative.org\\\/pt-br\\\/#organization\",\"name\":\"Climate Policy Initiative\",\"url\":\"https:\\\/\\\/www.climatepolicyinitiative.org\\\/pt-br\\\/\",\"logo\":{\"@type\":\"ImageObject\",\"inLanguage\":\"pt-BR\",\"@id\":\"https:\\\/\\\/www.climatepolicyinitiative.org\\\/pt-br\\\/#\\\/schema\\\/logo\\\/image\\\/\",\"url\":\"https:\\\/\\\/www.climatepolicyinitiative.org\\\/wp-content\\\/uploads\\\/2021\\\/07\\\/CPI_logo_cmyk_transparent.png\",\"contentUrl\":\"https:\\\/\\\/www.climatepolicyinitiative.org\\\/wp-content\\\/uploads\\\/2021\\\/07\\\/CPI_logo_cmyk_transparent.png\",\"width\":1728,\"height\":720,\"caption\":\"Climate Policy Initiative\"},\"image\":{\"@id\":\"https:\\\/\\\/www.climatepolicyinitiative.org\\\/pt-br\\\/#\\\/schema\\\/logo\\\/image\\\/\"},\"sameAs\":[\"https:\\\/\\\/www.facebook.com\\\/ClimatePolicyInitiative\",\"https:\\\/\\\/x.com\\\/climatepolicy\",\"https:\\\/\\\/www.linkedin.com\\\/company\\\/climate-policy-initiative\\\/?lipi=urn:li:page:d_flagship3_search_srp_all;GvyQ8DliSYaW9eZhdq8RBQ==\",\"https:\\\/\\\/www.youtube.com\\\/channel\\\/UCE8V0iDgBU8mreZdBegVCcA\",\"https:\\\/\\\/en.wikipedia.org\\\/wiki\\\/Climate_Policy_Initiative\"]}]}<\/script>\n<!-- \/ Yoast SEO plugin. -->","yoast_head_json":{"title":"Transi\u00e7\u00e3o Justa - CPI","robots":{"index":"index","follow":"follow","max-snippet":"max-snippet:-1","max-image-preview":"max-image-preview:large","max-video-preview":"max-video-preview:-1"},"canonical":"https:\/\/www.climatepolicyinitiative.org\/pt-br\/agendas\/transicao-justa\/","og_locale":"pt_BR","og_type":"article","og_title":"Transi\u00e7\u00e3o Justa - CPI","og_description":"Transi\u00e7\u00e3o Justa \u00e9 a mudan\u00e7a de uma economia extrativista para uma regenerativa, atrav\u00e9s de um processo justo e equitativo. Para assegurar que transi\u00e7\u00f5es para baixo carbono sejam realmente justas, \u00e9 fundamental mapear as amplas implica\u00e7\u00f5es socioecon\u00f4micas dessas transi\u00e7\u00f5es e desenvolver interven\u00e7\u00f5es pol\u00edticas, planos de investimento, mecanismos financeiros e engajamento comunit\u00e1rio que contemplem de maneira hol\u00edstica [&hellip;]","og_url":"https:\/\/www.climatepolicyinitiative.org\/pt-br\/agendas\/transicao-justa\/","og_site_name":"CPI","article_publisher":"https:\/\/www.facebook.com\/ClimatePolicyInitiative","article_modified_time":"2026-02-18T06:44:54+00:00","og_image":[{"width":1000,"height":667,"url":"https:\/\/www.climatepolicyinitiative.org\/wp-content\/uploads\/2022\/11\/coal-plant-on-coast.jpg","type":"image\/jpeg"}],"twitter_card":"summary_large_image","twitter_site":"@climatepolicy","twitter_misc":{"Est. tempo de leitura":"4 minutos"},"schema":{"@context":"https:\/\/schema.org","@graph":[{"@type":"WebPage","@id":"https:\/\/www.climatepolicyinitiative.org\/pt-br\/agendas\/transicao-justa\/","url":"https:\/\/www.climatepolicyinitiative.org\/pt-br\/agendas\/transicao-justa\/","name":"Transi\u00e7\u00e3o Justa - CPI","isPartOf":{"@id":"https:\/\/www.climatepolicyinitiative.org\/pt-br\/#website"},"primaryImageOfPage":{"@id":"https:\/\/www.climatepolicyinitiative.org\/pt-br\/agendas\/transicao-justa\/#primaryimage"},"image":{"@id":"https:\/\/www.climatepolicyinitiative.org\/pt-br\/agendas\/transicao-justa\/#primaryimage"},"thumbnailUrl":"https:\/\/www.climatepolicyinitiative.org\/wp-content\/uploads\/2022\/11\/coal-plant-on-coast.jpg","datePublished":"2024-03-04T18:31:59+00:00","dateModified":"2026-02-18T06:44:54+00:00","breadcrumb":{"@id":"https:\/\/www.climatepolicyinitiative.org\/pt-br\/agendas\/transicao-justa\/#breadcrumb"},"inLanguage":"pt-BR","potentialAction":[{"@type":"ReadAction","target":["https:\/\/www.climatepolicyinitiative.org\/pt-br\/agendas\/transicao-justa\/"]}]},{"@type":"ImageObject","inLanguage":"pt-BR","@id":"https:\/\/www.climatepolicyinitiative.org\/pt-br\/agendas\/transicao-justa\/#primaryimage","url":"https:\/\/www.climatepolicyinitiative.org\/wp-content\/uploads\/2022\/11\/coal-plant-on-coast.jpg","contentUrl":"https:\/\/www.climatepolicyinitiative.org\/wp-content\/uploads\/2022\/11\/coal-plant-on-coast.jpg","width":1000,"height":667,"caption":"Usina el\u00e9trica perto da costa"},{"@type":"BreadcrumbList","@id":"https:\/\/www.climatepolicyinitiative.org\/pt-br\/agendas\/transicao-justa\/#breadcrumb","itemListElement":[{"@type":"ListItem","position":1,"name":"Home","item":"https:\/\/www.climatepolicyinitiative.org\/pt-br\/"},{"@type":"ListItem","position":2,"name":"Temas","item":"https:\/\/www.climatepolicyinitiative.org\/pt-br\/agendas\/"},{"@type":"ListItem","position":3,"name":"Transi\u00e7\u00e3o Justa"}]},{"@type":"WebSite","@id":"https:\/\/www.climatepolicyinitiative.org\/pt-br\/#website","url":"https:\/\/www.climatepolicyinitiative.org\/pt-br\/","name":"CPI","description":"Climate Policy Initiative works to improve the most important energy and land use policies around the world, with a particular focus on finance.","publisher":{"@id":"https:\/\/www.climatepolicyinitiative.org\/pt-br\/#organization"},"potentialAction":[{"@type":"SearchAction","target":{"@type":"EntryPoint","urlTemplate":"https:\/\/www.climatepolicyinitiative.org\/pt-br\/?s={search_term_string}"},"query-input":{"@type":"PropertyValueSpecification","valueRequired":true,"valueName":"search_term_string"}}],"inLanguage":"pt-BR"},{"@type":"Organization","@id":"https:\/\/www.climatepolicyinitiative.org\/pt-br\/#organization","name":"Climate Policy Initiative","url":"https:\/\/www.climatepolicyinitiative.org\/pt-br\/","logo":{"@type":"ImageObject","inLanguage":"pt-BR","@id":"https:\/\/www.climatepolicyinitiative.org\/pt-br\/#\/schema\/logo\/image\/","url":"https:\/\/www.climatepolicyinitiative.org\/wp-content\/uploads\/2021\/07\/CPI_logo_cmyk_transparent.png","contentUrl":"https:\/\/www.climatepolicyinitiative.org\/wp-content\/uploads\/2021\/07\/CPI_logo_cmyk_transparent.png","width":1728,"height":720,"caption":"Climate Policy Initiative"},"image":{"@id":"https:\/\/www.climatepolicyinitiative.org\/pt-br\/#\/schema\/logo\/image\/"},"sameAs":["https:\/\/www.facebook.com\/ClimatePolicyInitiative","https:\/\/x.com\/climatepolicy","https:\/\/www.linkedin.com\/company\/climate-policy-initiative\/?lipi=urn:li:page:d_flagship3_search_srp_all;GvyQ8DliSYaW9eZhdq8RBQ==","https:\/\/www.youtube.com\/channel\/UCE8V0iDgBU8mreZdBegVCcA","https:\/\/en.wikipedia.org\/wiki\/Climate_Policy_Initiative"]}]}},"_links":{"self":[{"href":"https:\/\/www.climatepolicyinitiative.org\/pt-br\/wp-json\/wp\/v2\/pages\/69253","targetHints":{"allow":["GET"]}}],"collection":[{"href":"https:\/\/www.climatepolicyinitiative.org\/pt-br\/wp-json\/wp\/v2\/pages"}],"about":[{"href":"https:\/\/www.climatepolicyinitiative.org\/pt-br\/wp-json\/wp\/v2\/types\/page"}],"author":[{"embeddable":true,"href":"https:\/\/www.climatepolicyinitiative.org\/pt-br\/wp-json\/wp\/v2\/users\/206"}],"replies":[{"embeddable":true,"href":"https:\/\/www.climatepolicyinitiative.org\/pt-br\/wp-json\/wp\/v2\/comments?post=69253"}],"version-history":[{"count":0,"href":"https:\/\/www.climatepolicyinitiative.org\/pt-br\/wp-json\/wp\/v2\/pages\/69253\/revisions"}],"up":[{"embeddable":true,"href":"https:\/\/www.climatepolicyinitiative.org\/pt-br\/wp-json\/wp\/v2\/pages\/29846"}],"wp:featuredmedia":[{"embeddable":true,"href":"https:\/\/www.climatepolicyinitiative.org\/pt-br\/wp-json\/wp\/v2\/media\/51164"}],"wp:attachment":[{"href":"https:\/\/www.climatepolicyinitiative.org\/pt-br\/wp-json\/wp\/v2\/media?parent=69253"}],"wp:term":[{"taxonomy":"programs","embeddable":true,"href":"https:\/\/www.climatepolicyinitiative.org\/pt-br\/wp-json\/wp\/v2\/programs?post=69253"},{"taxonomy":"regions","embeddable":true,"href":"https:\/\/www.climatepolicyinitiative.org\/pt-br\/wp-json\/wp\/v2\/regions?post=69253"},{"taxonomy":"topics","embeddable":true,"href":"https:\/\/www.climatepolicyinitiative.org\/pt-br\/wp-json\/wp\/v2\/topics?post=69253"},{"taxonomy":"collaborations","embeddable":true,"href":"https:\/\/www.climatepolicyinitiative.org\/pt-br\/wp-json\/wp\/v2\/collaborations?post=69253"}],"curies":[{"name":"wp","href":"https:\/\/api.w.org\/{rel}","templated":true}]}}