{"id":57410,"date":"2023-09-01T18:33:52","date_gmt":"2023-09-01T18:33:52","guid":{"rendered":"https:\/\/www.climatepolicyinitiative.org\/?page_id=57410"},"modified":"2023-09-28T19:13:13","modified_gmt":"2023-09-28T18:13:13","slug":"panorama-de-financiamento-climatico-para-uso-da-terra-no-brasil-desenvolvimento-e-cooperacao-internacional","status":"publish","type":"page","link":"https:\/\/www.climatepolicyinitiative.org\/pt-br\/panorama-de-financiamento-climatico-para-uso-da-terra-no-brasil-desenvolvimento-e-cooperacao-internacional\/","title":{"rendered":"Panorama de Financiamento Clim\u00e1tico para Uso da Terra no Brasil &#8211; Desenvolvimento e Coopera\u00e7\u00e3o Internacional"},"content":{"rendered":"\n<p><a href=\"https:\/\/www.climatepolicyinitiative.org\/pt-br\/publication\/panorama-de-financiamento-climatico-para-uso-da-terra-no-brasil\/\" target=\"_blank\" rel=\"noreferrer noopener\"><span class=\"button\">P\u00e1gina Inicial<\/span><\/a>    <span class=\"button\"><a href=\"https:\/\/www.climatepolicyinitiative.org\/pt-br\/dataviz\/panorama-interativo-de-financiamento-climatico-para-uso-da-terra-no-brasil\/\" target=\"_blank\" rel=\"noreferrer noopener\">Sankey Interativo<\/a><\/span>\u00a0<a href=\"https:\/\/www.climatepolicyinitiative.org\/pt-br\/publication\/video-panorama-de-financiamento-climatico-para-uso-da-terra-no-brasil\/\" target=\"_blank\" rel=\"noreferrer noopener\"><span class=\"button\">V\u00cdDEO<\/span><\/a><\/p>\n\n\n\n<p>As fontes de recursos para desenvolvimento e coopera\u00e7\u00e3o internacional canalizaram R$ 1,2 bilh\u00e3o\/ano em financiamento clim\u00e1tico para uso da terra no Brasil entre 2015 e 2020, o que representa 5% dos fluxos financeiros alinhados ao clima.<\/p>\n\n\n\n<p>Esses recursos internacionais s\u00e3o majoritariamente provenientes de fontes p\u00fablicas (Figura 11). Os governos internacionais (R$ 518 milh\u00f5es\/ano), os fundos clim\u00e1ticos (R$ 472 bilh\u00f5es\/ano) e os bancos multilaterais de desenvolvimento (R$ 238 milh\u00f5es\/ano) canalizaram recursos principalmente atrav\u00e9s de doa\u00e7\u00f5es (R$ 789 milh\u00f5es\/ano). Dentre essas fontes, destacam-se o governo da Alemanha (R$ 279 milh\u00f5es\/ano), o Fundo Amaz\u00f4nia (R$ 183 milh\u00f5es\/ano), o <em>Green Climate Fund<\/em> (R$ 152 milh\u00f5es\/ano), o <em>Global Environment Facility<\/em> (R$ 115 milh\u00f5es\/ano) e o governo da Noruega (R$ 86 milh\u00f5es\/ano). Para evitar a dupla contagem dos fluxos financeiros, a fonte de recursos denominada \u201cgovernos internacionais\u201d n\u00e3o contabiliza as doa\u00e7\u00f5es dos governos da Alemanha e da Noruega ao Fundo Amaz\u00f4nia.<\/p>\n\n\n\n<p><strong>Figura 11.<\/strong> Financiamento Clim\u00e1tico para Uso da Terra no Brasil para Desenvolvimento e Coopera\u00e7\u00e3o Internacional por Fonte e Recurso e Instrumento, 2015-2020<\/p>\n\n\n\n<p><img loading=\"lazy\" decoding=\"async\" width=\"900\" height=\"325\" class=\"wp-image-57986\" style=\"width: 900px;\" src=\"https:\/\/www.climatepolicyinitiative.org\/wp-content\/uploads\/2023\/09\/LLUFIG11WP-PT.jpg\" alt=\"\" srcset=\"https:\/\/www.climatepolicyinitiative.org\/wp-content\/uploads\/2023\/09\/LLUFIG11WP-PT.jpg 2024w, https:\/\/www.climatepolicyinitiative.org\/wp-content\/uploads\/2023\/09\/LLUFIG11WP-PT-300x108.jpg 300w, https:\/\/www.climatepolicyinitiative.org\/wp-content\/uploads\/2023\/09\/LLUFIG11WP-PT-1024x370.jpg 1024w, https:\/\/www.climatepolicyinitiative.org\/wp-content\/uploads\/2023\/09\/LLUFIG11WP-PT-1536x555.jpg 1536w\" sizes=\"auto, (max-width: 900px) 100vw, 900px\" \/><\/p>\n\n\n\n<p><em><strong>Nota:<\/strong> Os valores referem-se \u00e0 m\u00e9dia anual, deflacionados pelo IPCA, tendo como refer\u00eancia dezembro de 2020.<br><strong>Fonte:<\/strong> CPI\/PUC-Rio com base nos dados do BNDES, OCDE-DAC e BID, 2022<\/em><br><\/p>\n\n\n\n<p>O Fundo Amaz\u00f4nia \u00e9 o principal fundo clim\u00e1tico canalizador de recursos internacionais para uso da terra no Brasil. Apesar disso, o Fundo Amaz\u00f4nia aprovou uma m\u00e9dia de R$ 183 milh\u00f5es\/ano, o que representa cerca de 0,7% do total de financiamento clim\u00e1tico mapeado para uso da terra no pa\u00eds entre 2015 e 2020.<\/p>\n\n\n\n<p>Enquanto grande parte do financiamento p\u00fablico internacional \u00e9 feito por meio de doa\u00e7\u00f5es, os bancos multilaterais de desenvolvimento canalizaram 98% dos recursos mapeados via cr\u00e9dito de baixo custo (R$ 234 milh\u00f5es\/ano). A maior parte desse recurso foi direcionada pelo Banco Mundial (R$ 171 milh\u00f5es\/ano), atrav\u00e9s de empr\u00e9stimos para governos estaduais com recursos destinados a atividades relacionadas ao setor de florestas (R$ 119 milh\u00f5es\/ano).<\/p>\n\n\n\n<p>Grande parte do financiamento internacional mapeado foi destinado a projetos do setor de florestas (R$ 856 milh\u00f5es\/ano), com o objetivo de contribuir com pol\u00edticas p\u00fablicas e estrat\u00e9gias relacionadas \u00e0 redu\u00e7\u00e3o do desmatamento, \u00e1reas protegidas, regulariza\u00e7\u00e3o ambiental e fundi\u00e1ria, assim como ordenamento fundi\u00e1rio. Portanto, essa parcela dos fluxos representa uma provis\u00e3o de bem p\u00fablico.<\/p>\n\n\n\n<p>Nessas estruturas, o financiamento \u00e9 aprovado para um projeto \u201cguarda-chuva\u201d com a\u00e7\u00f5es ou subprojetos que podem atuar com diferentes objetivos e p\u00fablicos-alvo. Esses projetos normalmente s\u00e3o operacionalizados por redes formadas por atores p\u00fablicos e privados, desde \u00f3rg\u00e3os federais e estaduais at\u00e9 agentes do terceiro setor.<a id=\"_ftnref1\" href=\"#_ftn1\"><sup>[1]<\/sup><\/a> Para projetos com essas particularidades, s\u00f3 \u00e9 poss\u00edvel caracterizar o primeiro benefici\u00e1rio \u2014 quem recebe os recursos para execu\u00e7\u00e3o do projeto \u2014 e n\u00e3o os benefici\u00e1rios finais \u2014 os atores beneficiados pelo financiamento indiretamente e de forma final (Chiriac, Naran e Falconer 2020).<\/p>\n\n\n\n<p>Tendo em vista esses desafios, foram mapeados R$ 108 milh\u00f5es\/ano em financiamento clim\u00e1tico para projetos que t\u00eam como benefici\u00e1rio final os povos ind\u00edgenas, as popula\u00e7\u00f5es tradicionais e outras comunidades locais (Figura 12). Esses fluxos t\u00eam como fontes de recursos, principalmente, os governos internacionais (R$ 30 milh\u00f5es) e os fundos clim\u00e1ticos (R$ 67 milh\u00f5es).<\/p>\n\n\n\n<p><strong>Figura 12.<\/strong> Financiamento Clim\u00e1tico para Uso da Terra no Brasil para Desenvolvimento e Coopera\u00e7\u00e3o Internacional por Benefici\u00e1rio Final e Fonte de Recurso, 2015-2020<\/p>\n\n\n\n<p><img loading=\"lazy\" decoding=\"async\" width=\"900\" height=\"405\" class=\"wp-image-57980\" style=\"width: 900px;\" src=\"https:\/\/www.climatepolicyinitiative.org\/wp-content\/uploads\/2023\/09\/LLUFIG12WP-PT.jpg\" alt=\"\" srcset=\"https:\/\/www.climatepolicyinitiative.org\/wp-content\/uploads\/2023\/09\/LLUFIG12WP-PT.jpg 2116w, https:\/\/www.climatepolicyinitiative.org\/wp-content\/uploads\/2023\/09\/LLUFIG12WP-PT-300x135.jpg 300w, https:\/\/www.climatepolicyinitiative.org\/wp-content\/uploads\/2023\/09\/LLUFIG12WP-PT-1024x461.jpg 1024w, https:\/\/www.climatepolicyinitiative.org\/wp-content\/uploads\/2023\/09\/LLUFIG12WP-PT-1536x692.jpg 1536w, https:\/\/www.climatepolicyinitiative.org\/wp-content\/uploads\/2023\/09\/LLUFIG12WP-PT-2048x922.jpg 2048w\" sizes=\"auto, (max-width: 900px) 100vw, 900px\" \/><\/p>\n\n\n\n<p><em><strong>Nota:<\/strong> Os valores referem-se \u00e0 m\u00e9dia anual, deflacionados pelo IPCA, tendo como refer\u00eancia dezembro de 2020.<br><strong>Fonte: <\/strong>CPI\/PUC-Rio com base nos dados do BNDES, OCDE-DAC e BID, 2022<\/em><\/p>\n\n\n\n<p><a href=\"https:\/\/www.climatepolicyinitiative.org\/wp-content\/uploads\/2023\/09\/Panorama-de-Financiamento-Climatico-para-Uso-da-Terra-no-Brasil.pdf\" target=\"_blank\" rel=\"noreferrer noopener\"><span class=\"button\">Relat\u00f3rio Completo (em pdf)<\/span><\/a><\/p>\n\n\n\n<hr class=\"wp-block-separator has-alpha-channel-opacity\"\/>\n\n\n\n<p><a id=\"_ftn1\" href=\"#_ftnref1\">[1]<\/a> Nessas estruturas de financiamento o recurso obtido pode ser canalizado pela concess\u00e3o ou contrata\u00e7\u00e3o subsequente dos demais atores envolvidos na operacionaliza\u00e7\u00e3o dos projetos (El Rashidy 2021).<\/p>\n","protected":false},"excerpt":{"rendered":"<p>P\u00e1gina Inicial Sankey Interativo\u00a0V\u00cdDEO As fontes de recursos para desenvolvimento e coopera\u00e7\u00e3o internacional canalizaram R$ 1,2 bilh\u00e3o\/ano em financiamento clim\u00e1tico para uso da terra no Brasil entre 2015 e 2020, o que representa 5% dos fluxos financeiros alinhados ao clima. Esses recursos internacionais s\u00e3o majoritariamente provenientes de fontes p\u00fablicas (Figura 11). Os governos internacionais (R$ [&hellip;]<\/p>\n","protected":false},"author":233,"featured_media":57204,"parent":0,"menu_order":0,"comment_status":"closed","ping_status":"closed","template":"","meta":{"_acf_changed":false,"footnotes":""},"programs":[1241],"regions":[1377],"topics":[1351,1249,1339,1341,1243],"collaborations":[],"class_list":["post-57410","page","type-page","status-publish","format-standard","has-post-thumbnail","hentry","programs-brazil-policy-center","regions-brasil","topics-agricultura-sustentavel","topics-conservacao-de-recursos-naturais","topics-credito-rural","topics-seguro-rural","topics-uso-da-terra"],"acf":[],"yoast_head":"<!-- This site is optimized with the Yoast SEO plugin v27.3 - https:\/\/yoast.com\/product\/yoast-seo-wordpress\/ -->\n<title>Panorama de Financiamento Clim\u00e1tico para Uso da Terra no Brasil - Desenvolvimento e Coopera\u00e7\u00e3o Internacional - CPI<\/title>\n<meta name=\"robots\" content=\"index, follow, max-snippet:-1, max-image-preview:large, max-video-preview:-1\" \/>\n<link rel=\"canonical\" href=\"https:\/\/www.climatepolicyinitiative.org\/pt-br\/panorama-de-financiamento-climatico-para-uso-da-terra-no-brasil-desenvolvimento-e-cooperacao-internacional\/\" \/>\n<meta property=\"og:locale\" content=\"pt_BR\" \/>\n<meta property=\"og:type\" content=\"article\" \/>\n<meta property=\"og:title\" content=\"Panorama de Financiamento Clim\u00e1tico para Uso da Terra no Brasil - Desenvolvimento e Coopera\u00e7\u00e3o Internacional - CPI\" \/>\n<meta property=\"og:description\" content=\"P\u00e1gina Inicial Sankey Interativo\u00a0V\u00cdDEO As fontes de recursos para desenvolvimento e coopera\u00e7\u00e3o internacional canalizaram R$ 1,2 bilh\u00e3o\/ano em financiamento clim\u00e1tico para uso da terra no Brasil entre 2015 e 2020, o que representa 5% dos fluxos financeiros alinhados ao clima. Esses recursos internacionais s\u00e3o majoritariamente provenientes de fontes p\u00fablicas (Figura 11). Os governos internacionais (R$ [&hellip;]\" \/>\n<meta property=\"og:url\" content=\"https:\/\/www.climatepolicyinitiative.org\/pt-br\/panorama-de-financiamento-climatico-para-uso-da-terra-no-brasil-desenvolvimento-e-cooperacao-internacional\/\" \/>\n<meta property=\"og:site_name\" content=\"CPI\" \/>\n<meta property=\"article:publisher\" content=\"https:\/\/www.facebook.com\/ClimatePolicyInitiative\" \/>\n<meta property=\"article:modified_time\" content=\"2023-09-28T18:13:13+00:00\" \/>\n<meta property=\"og:image\" content=\"https:\/\/www.climatepolicyinitiative.org\/wp-content\/uploads\/2023\/08\/Depositphotos_358361090_XL-CORTE-1-scaled.jpg\" \/>\n\t<meta property=\"og:image:width\" content=\"2560\" \/>\n\t<meta property=\"og:image:height\" content=\"734\" \/>\n\t<meta property=\"og:image:type\" content=\"image\/jpeg\" \/>\n<meta name=\"twitter:card\" content=\"summary_large_image\" \/>\n<meta name=\"twitter:site\" content=\"@climatepolicy\" \/>\n<meta name=\"twitter:label1\" content=\"Est. tempo de leitura\" \/>\n\t<meta name=\"twitter:data1\" content=\"3 minutos\" \/>\n<script type=\"application\/ld+json\" class=\"yoast-schema-graph\">{\"@context\":\"https:\\\/\\\/schema.org\",\"@graph\":[{\"@type\":\"WebPage\",\"@id\":\"https:\\\/\\\/www.climatepolicyinitiative.org\\\/pt-br\\\/panorama-de-financiamento-climatico-para-uso-da-terra-no-brasil-desenvolvimento-e-cooperacao-internacional\\\/\",\"url\":\"https:\\\/\\\/www.climatepolicyinitiative.org\\\/pt-br\\\/panorama-de-financiamento-climatico-para-uso-da-terra-no-brasil-desenvolvimento-e-cooperacao-internacional\\\/\",\"name\":\"Panorama de Financiamento Clim\u00e1tico para Uso da Terra no Brasil - Desenvolvimento e Coopera\u00e7\u00e3o Internacional - CPI\",\"isPartOf\":{\"@id\":\"https:\\\/\\\/www.climatepolicyinitiative.org\\\/pt-br\\\/#website\"},\"primaryImageOfPage\":{\"@id\":\"https:\\\/\\\/www.climatepolicyinitiative.org\\\/pt-br\\\/panorama-de-financiamento-climatico-para-uso-da-terra-no-brasil-desenvolvimento-e-cooperacao-internacional\\\/#primaryimage\"},\"image\":{\"@id\":\"https:\\\/\\\/www.climatepolicyinitiative.org\\\/pt-br\\\/panorama-de-financiamento-climatico-para-uso-da-terra-no-brasil-desenvolvimento-e-cooperacao-internacional\\\/#primaryimage\"},\"thumbnailUrl\":\"https:\\\/\\\/www.climatepolicyinitiative.org\\\/wp-content\\\/uploads\\\/2023\\\/08\\\/Depositphotos_358361090_XL-CORTE-1-scaled.jpg\",\"datePublished\":\"2023-09-01T18:33:52+00:00\",\"dateModified\":\"2023-09-28T18:13:13+00:00\",\"breadcrumb\":{\"@id\":\"https:\\\/\\\/www.climatepolicyinitiative.org\\\/pt-br\\\/panorama-de-financiamento-climatico-para-uso-da-terra-no-brasil-desenvolvimento-e-cooperacao-internacional\\\/#breadcrumb\"},\"inLanguage\":\"pt-BR\",\"potentialAction\":[{\"@type\":\"ReadAction\",\"target\":[\"https:\\\/\\\/www.climatepolicyinitiative.org\\\/pt-br\\\/panorama-de-financiamento-climatico-para-uso-da-terra-no-brasil-desenvolvimento-e-cooperacao-internacional\\\/\"]}]},{\"@type\":\"ImageObject\",\"inLanguage\":\"pt-BR\",\"@id\":\"https:\\\/\\\/www.climatepolicyinitiative.org\\\/pt-br\\\/panorama-de-financiamento-climatico-para-uso-da-terra-no-brasil-desenvolvimento-e-cooperacao-internacional\\\/#primaryimage\",\"url\":\"https:\\\/\\\/www.climatepolicyinitiative.org\\\/wp-content\\\/uploads\\\/2023\\\/08\\\/Depositphotos_358361090_XL-CORTE-1-scaled.jpg\",\"contentUrl\":\"https:\\\/\\\/www.climatepolicyinitiative.org\\\/wp-content\\\/uploads\\\/2023\\\/08\\\/Depositphotos_358361090_XL-CORTE-1-scaled.jpg\",\"width\":2560,\"height\":734},{\"@type\":\"BreadcrumbList\",\"@id\":\"https:\\\/\\\/www.climatepolicyinitiative.org\\\/pt-br\\\/panorama-de-financiamento-climatico-para-uso-da-terra-no-brasil-desenvolvimento-e-cooperacao-internacional\\\/#breadcrumb\",\"itemListElement\":[{\"@type\":\"ListItem\",\"position\":1,\"name\":\"Home\",\"item\":\"https:\\\/\\\/www.climatepolicyinitiative.org\\\/pt-br\\\/\"},{\"@type\":\"ListItem\",\"position\":2,\"name\":\"Panorama de Financiamento Clim\u00e1tico para Uso da Terra no Brasil &#8211; Desenvolvimento e Coopera\u00e7\u00e3o Internacional\"}]},{\"@type\":\"WebSite\",\"@id\":\"https:\\\/\\\/www.climatepolicyinitiative.org\\\/pt-br\\\/#website\",\"url\":\"https:\\\/\\\/www.climatepolicyinitiative.org\\\/pt-br\\\/\",\"name\":\"CPI\",\"description\":\"Climate Policy Initiative works to improve the most important energy and land use policies around the world, with a particular focus on finance.\",\"publisher\":{\"@id\":\"https:\\\/\\\/www.climatepolicyinitiative.org\\\/pt-br\\\/#organization\"},\"potentialAction\":[{\"@type\":\"SearchAction\",\"target\":{\"@type\":\"EntryPoint\",\"urlTemplate\":\"https:\\\/\\\/www.climatepolicyinitiative.org\\\/pt-br\\\/?s={search_term_string}\"},\"query-input\":{\"@type\":\"PropertyValueSpecification\",\"valueRequired\":true,\"valueName\":\"search_term_string\"}}],\"inLanguage\":\"pt-BR\"},{\"@type\":\"Organization\",\"@id\":\"https:\\\/\\\/www.climatepolicyinitiative.org\\\/pt-br\\\/#organization\",\"name\":\"Climate Policy Initiative\",\"url\":\"https:\\\/\\\/www.climatepolicyinitiative.org\\\/pt-br\\\/\",\"logo\":{\"@type\":\"ImageObject\",\"inLanguage\":\"pt-BR\",\"@id\":\"https:\\\/\\\/www.climatepolicyinitiative.org\\\/pt-br\\\/#\\\/schema\\\/logo\\\/image\\\/\",\"url\":\"https:\\\/\\\/www.climatepolicyinitiative.org\\\/wp-content\\\/uploads\\\/2021\\\/07\\\/CPI_logo_cmyk_transparent.png\",\"contentUrl\":\"https:\\\/\\\/www.climatepolicyinitiative.org\\\/wp-content\\\/uploads\\\/2021\\\/07\\\/CPI_logo_cmyk_transparent.png\",\"width\":1728,\"height\":720,\"caption\":\"Climate Policy Initiative\"},\"image\":{\"@id\":\"https:\\\/\\\/www.climatepolicyinitiative.org\\\/pt-br\\\/#\\\/schema\\\/logo\\\/image\\\/\"},\"sameAs\":[\"https:\\\/\\\/www.facebook.com\\\/ClimatePolicyInitiative\",\"https:\\\/\\\/x.com\\\/climatepolicy\",\"https:\\\/\\\/www.linkedin.com\\\/company\\\/climate-policy-initiative\\\/?lipi=urn:li:page:d_flagship3_search_srp_all;GvyQ8DliSYaW9eZhdq8RBQ==\",\"https:\\\/\\\/www.youtube.com\\\/channel\\\/UCE8V0iDgBU8mreZdBegVCcA\",\"https:\\\/\\\/en.wikipedia.org\\\/wiki\\\/Climate_Policy_Initiative\"]}]}<\/script>\n<!-- \/ Yoast SEO plugin. -->","yoast_head_json":{"title":"Panorama de Financiamento Clim\u00e1tico para Uso da Terra no Brasil - Desenvolvimento e Coopera\u00e7\u00e3o Internacional - CPI","robots":{"index":"index","follow":"follow","max-snippet":"max-snippet:-1","max-image-preview":"max-image-preview:large","max-video-preview":"max-video-preview:-1"},"canonical":"https:\/\/www.climatepolicyinitiative.org\/pt-br\/panorama-de-financiamento-climatico-para-uso-da-terra-no-brasil-desenvolvimento-e-cooperacao-internacional\/","og_locale":"pt_BR","og_type":"article","og_title":"Panorama de Financiamento Clim\u00e1tico para Uso da Terra no Brasil - Desenvolvimento e Coopera\u00e7\u00e3o Internacional - CPI","og_description":"P\u00e1gina Inicial Sankey Interativo\u00a0V\u00cdDEO As fontes de recursos para desenvolvimento e coopera\u00e7\u00e3o internacional canalizaram R$ 1,2 bilh\u00e3o\/ano em financiamento clim\u00e1tico para uso da terra no Brasil entre 2015 e 2020, o que representa 5% dos fluxos financeiros alinhados ao clima. Esses recursos internacionais s\u00e3o majoritariamente provenientes de fontes p\u00fablicas (Figura 11). Os governos internacionais (R$ [&hellip;]","og_url":"https:\/\/www.climatepolicyinitiative.org\/pt-br\/panorama-de-financiamento-climatico-para-uso-da-terra-no-brasil-desenvolvimento-e-cooperacao-internacional\/","og_site_name":"CPI","article_publisher":"https:\/\/www.facebook.com\/ClimatePolicyInitiative","article_modified_time":"2023-09-28T18:13:13+00:00","og_image":[{"width":2560,"height":734,"url":"https:\/\/www.climatepolicyinitiative.org\/wp-content\/uploads\/2023\/08\/Depositphotos_358361090_XL-CORTE-1-scaled.jpg","type":"image\/jpeg"}],"twitter_card":"summary_large_image","twitter_site":"@climatepolicy","twitter_misc":{"Est. tempo de leitura":"3 minutos"},"schema":{"@context":"https:\/\/schema.org","@graph":[{"@type":"WebPage","@id":"https:\/\/www.climatepolicyinitiative.org\/pt-br\/panorama-de-financiamento-climatico-para-uso-da-terra-no-brasil-desenvolvimento-e-cooperacao-internacional\/","url":"https:\/\/www.climatepolicyinitiative.org\/pt-br\/panorama-de-financiamento-climatico-para-uso-da-terra-no-brasil-desenvolvimento-e-cooperacao-internacional\/","name":"Panorama de Financiamento Clim\u00e1tico para Uso da Terra no Brasil - Desenvolvimento e Coopera\u00e7\u00e3o Internacional - CPI","isPartOf":{"@id":"https:\/\/www.climatepolicyinitiative.org\/pt-br\/#website"},"primaryImageOfPage":{"@id":"https:\/\/www.climatepolicyinitiative.org\/pt-br\/panorama-de-financiamento-climatico-para-uso-da-terra-no-brasil-desenvolvimento-e-cooperacao-internacional\/#primaryimage"},"image":{"@id":"https:\/\/www.climatepolicyinitiative.org\/pt-br\/panorama-de-financiamento-climatico-para-uso-da-terra-no-brasil-desenvolvimento-e-cooperacao-internacional\/#primaryimage"},"thumbnailUrl":"https:\/\/www.climatepolicyinitiative.org\/wp-content\/uploads\/2023\/08\/Depositphotos_358361090_XL-CORTE-1-scaled.jpg","datePublished":"2023-09-01T18:33:52+00:00","dateModified":"2023-09-28T18:13:13+00:00","breadcrumb":{"@id":"https:\/\/www.climatepolicyinitiative.org\/pt-br\/panorama-de-financiamento-climatico-para-uso-da-terra-no-brasil-desenvolvimento-e-cooperacao-internacional\/#breadcrumb"},"inLanguage":"pt-BR","potentialAction":[{"@type":"ReadAction","target":["https:\/\/www.climatepolicyinitiative.org\/pt-br\/panorama-de-financiamento-climatico-para-uso-da-terra-no-brasil-desenvolvimento-e-cooperacao-internacional\/"]}]},{"@type":"ImageObject","inLanguage":"pt-BR","@id":"https:\/\/www.climatepolicyinitiative.org\/pt-br\/panorama-de-financiamento-climatico-para-uso-da-terra-no-brasil-desenvolvimento-e-cooperacao-internacional\/#primaryimage","url":"https:\/\/www.climatepolicyinitiative.org\/wp-content\/uploads\/2023\/08\/Depositphotos_358361090_XL-CORTE-1-scaled.jpg","contentUrl":"https:\/\/www.climatepolicyinitiative.org\/wp-content\/uploads\/2023\/08\/Depositphotos_358361090_XL-CORTE-1-scaled.jpg","width":2560,"height":734},{"@type":"BreadcrumbList","@id":"https:\/\/www.climatepolicyinitiative.org\/pt-br\/panorama-de-financiamento-climatico-para-uso-da-terra-no-brasil-desenvolvimento-e-cooperacao-internacional\/#breadcrumb","itemListElement":[{"@type":"ListItem","position":1,"name":"Home","item":"https:\/\/www.climatepolicyinitiative.org\/pt-br\/"},{"@type":"ListItem","position":2,"name":"Panorama de Financiamento Clim\u00e1tico para Uso da Terra no Brasil &#8211; Desenvolvimento e Coopera\u00e7\u00e3o Internacional"}]},{"@type":"WebSite","@id":"https:\/\/www.climatepolicyinitiative.org\/pt-br\/#website","url":"https:\/\/www.climatepolicyinitiative.org\/pt-br\/","name":"CPI","description":"Climate Policy Initiative works to improve the most important energy and land use policies around the world, with a particular focus on finance.","publisher":{"@id":"https:\/\/www.climatepolicyinitiative.org\/pt-br\/#organization"},"potentialAction":[{"@type":"SearchAction","target":{"@type":"EntryPoint","urlTemplate":"https:\/\/www.climatepolicyinitiative.org\/pt-br\/?s={search_term_string}"},"query-input":{"@type":"PropertyValueSpecification","valueRequired":true,"valueName":"search_term_string"}}],"inLanguage":"pt-BR"},{"@type":"Organization","@id":"https:\/\/www.climatepolicyinitiative.org\/pt-br\/#organization","name":"Climate Policy Initiative","url":"https:\/\/www.climatepolicyinitiative.org\/pt-br\/","logo":{"@type":"ImageObject","inLanguage":"pt-BR","@id":"https:\/\/www.climatepolicyinitiative.org\/pt-br\/#\/schema\/logo\/image\/","url":"https:\/\/www.climatepolicyinitiative.org\/wp-content\/uploads\/2021\/07\/CPI_logo_cmyk_transparent.png","contentUrl":"https:\/\/www.climatepolicyinitiative.org\/wp-content\/uploads\/2021\/07\/CPI_logo_cmyk_transparent.png","width":1728,"height":720,"caption":"Climate Policy Initiative"},"image":{"@id":"https:\/\/www.climatepolicyinitiative.org\/pt-br\/#\/schema\/logo\/image\/"},"sameAs":["https:\/\/www.facebook.com\/ClimatePolicyInitiative","https:\/\/x.com\/climatepolicy","https:\/\/www.linkedin.com\/company\/climate-policy-initiative\/?lipi=urn:li:page:d_flagship3_search_srp_all;GvyQ8DliSYaW9eZhdq8RBQ==","https:\/\/www.youtube.com\/channel\/UCE8V0iDgBU8mreZdBegVCcA","https:\/\/en.wikipedia.org\/wiki\/Climate_Policy_Initiative"]}]}},"_links":{"self":[{"href":"https:\/\/www.climatepolicyinitiative.org\/pt-br\/wp-json\/wp\/v2\/pages\/57410","targetHints":{"allow":["GET"]}}],"collection":[{"href":"https:\/\/www.climatepolicyinitiative.org\/pt-br\/wp-json\/wp\/v2\/pages"}],"about":[{"href":"https:\/\/www.climatepolicyinitiative.org\/pt-br\/wp-json\/wp\/v2\/types\/page"}],"author":[{"embeddable":true,"href":"https:\/\/www.climatepolicyinitiative.org\/pt-br\/wp-json\/wp\/v2\/users\/233"}],"replies":[{"embeddable":true,"href":"https:\/\/www.climatepolicyinitiative.org\/pt-br\/wp-json\/wp\/v2\/comments?post=57410"}],"version-history":[{"count":0,"href":"https:\/\/www.climatepolicyinitiative.org\/pt-br\/wp-json\/wp\/v2\/pages\/57410\/revisions"}],"wp:featuredmedia":[{"embeddable":true,"href":"https:\/\/www.climatepolicyinitiative.org\/pt-br\/wp-json\/wp\/v2\/media\/57204"}],"wp:attachment":[{"href":"https:\/\/www.climatepolicyinitiative.org\/pt-br\/wp-json\/wp\/v2\/media?parent=57410"}],"wp:term":[{"taxonomy":"programs","embeddable":true,"href":"https:\/\/www.climatepolicyinitiative.org\/pt-br\/wp-json\/wp\/v2\/programs?post=57410"},{"taxonomy":"regions","embeddable":true,"href":"https:\/\/www.climatepolicyinitiative.org\/pt-br\/wp-json\/wp\/v2\/regions?post=57410"},{"taxonomy":"topics","embeddable":true,"href":"https:\/\/www.climatepolicyinitiative.org\/pt-br\/wp-json\/wp\/v2\/topics?post=57410"},{"taxonomy":"collaborations","embeddable":true,"href":"https:\/\/www.climatepolicyinitiative.org\/pt-br\/wp-json\/wp\/v2\/collaborations?post=57410"}],"curies":[{"name":"wp","href":"https:\/\/api.w.org\/{rel}","templated":true}]}}