{"id":30215,"date":"2020-07-14T11:34:33","date_gmt":"2020-07-14T11:34:33","guid":{"rendered":"http:\/\/climatepolicyinitiative.org\/sobre-o-cpi\/o-que-fazemos\/impulsionando-o-acesso-a-energia-nas-regioes-mais-carentes-da-india\/"},"modified":"2021-04-20T17:43:48","modified_gmt":"2021-04-20T17:43:48","slug":"impulsionando-o-acesso-a-energia-nas-regioes-mais-carentes-da-india","status":"publish","type":"page","link":"https:\/\/www.climatepolicyinitiative.org\/pt-br\/impulsionando-o-acesso-a-energia-nas-regioes-mais-carentes-da-india\/","title":{"rendered":"Impulsionando o acesso \u00e0 energia nas regi\u00f5es mais carentes da \u00cdndia"},"content":{"rendered":"\n<p><\/p>\n\n<blockquote class=\"wp-block-quote has-text-align-center is-style-large is-layout-flow wp-block-quote-is-layout-flow\"><p>A iniciativa da USICEF \u00e9 um passo cr\u00edtico para aumentar o acesso \u00e0 energia em regi\u00f5es carentes da \u00cdndia. Essa parceria p\u00fablico-privada apresenta a oportunidade para a OPIC financiar e implantar projetos de desenvolvimento de alto impacto que ap\u00f3iam comunidades carentes em toda a \u00cdndia para ajudar o pa\u00eds a cumprir suas metas de energia.<\/p><cite><strong>Elizabeth L. Littlefield<\/strong>, Ex-Presidente e CEO, OPIC<\/cite><\/blockquote>\n\n<h4 class=\"wp-block-heading\"><strong>SERVI\u00c7O<\/strong><\/h4>\n\n<p>A CPI gerencia a \u00a0<a href=\"https:\/\/www.usicef.org\/\">U.S.-India Clean Energy Finance (USICEF), <\/a>que \u00e9 a primeira instala\u00e7\u00e3o de prepara\u00e7\u00e3o de projetos e desenvolvimento de oleodutos da \u00cdndia para ajudar a prometer projetos solares distribu\u00eddos a se transformarem em oportunidades de investimento vi\u00e1veis.<\/p>\n\n<p>Uma pedra angular do compromisso assumido entre os governos da \u00cdndia e dos EUA de mobilizar financiamento para projetos de energia limpa distribu\u00eddos na \u00cdndia, o USICEF permite que esses projetos desbloqueiem capital que, por sua vez, beneficia comunidades desfavorecidas na \u00cdndia e contribui para as ambiciosas metas de acesso a energia renov\u00e1vel e energia da \u00cdndia.<\/p>\n\n<h4 class=\"wp-block-heading\"><strong>IMPACTO<\/strong><\/h4>\n\n<p>Em apenas tr\u00eas anos, o USICEF identificou 36 projetos promissores de energia solar distribu\u00edda em mais de 20 estados da \u00cdndia e comprometeu um total de US $ 4,5 milh\u00f5es em financiamento para esses projetos.<\/p>\n\n<p>Esses projetos devem comissionar mais de 500 MW de energia limpa, evitar 660.000 MT de emiss\u00f5es de CO2 anualmente, criar 17.500 novos empregos, gerar 710.000 MWh \/ a de eletricidade e mobilizar mais de US $ 270 milh\u00f5es em d\u00edvidas do projeto.<\/p>\n\n<p>Isso significa uma taxa de alavancagem de ~ US $ 90 para acesso \u00e0 energia na \u00cdndia para cada US $ 1 em financiamento \u00e0 CPI como Secretaria da USICEF.<\/p>\n\n<p><a href=\"https:\/\/www.climatepolicyinitiative.org\/wp-content\/uploads\/2020\/10\/USICEF-2020-Impact-Report.pdf\" target=\"_blank\" rel=\"noreferrer noopener\"><span class=\"button\">READ THE 2020 IMPACT REPORT<\/span><\/a><\/p>\n\n<h4 class=\"wp-block-heading\"><strong>CONTATO<\/strong><\/h4>\n\n<p>Se voc\u00ea \u00e9 desenvolvedor de projetos no setor de energia solar distribu\u00edda e pode se beneficiar de servi\u00e7os de prepara\u00e7\u00e3o de projetos e financiamento para o desenvolvimento inicial de projetos, entre em contato conosco em usicef@cpiclimatefinance.org.<\/p>\n\n<p>Se voc\u00ea deseja que nosso suporte replique ou expanda o modelo USICEF, entre em contato conosco em <a href=\"CPIservices@cpiglobal.org\" target=\"_blank\" rel=\"noreferrer noopener\" aria-label=\"undefined (opens in a new tab)\">CPIservices@cpiglobal.org<\/a>.<\/p>\n\n<p><a href=\"https:\/\/www.usicef.org\/\" target=\"_blank\" rel=\"noreferrer noopener\"><span class=\"button\">VISIT THE USICEF Website<\/span><\/a><\/p>\n","protected":false},"excerpt":{"rendered":"<p>A iniciativa da USICEF \u00e9 um passo cr\u00edtico para aumentar o acesso \u00e0 energia em regi\u00f5es carentes da \u00cdndia. Essa parceria p\u00fablico-privada apresenta a oportunidade para a OPIC financiar e implantar projetos de desenvolvimento de alto impacto que ap\u00f3iam comunidades carentes em toda a \u00cdndia para ajudar o pa\u00eds a cumprir suas metas de energia. [&hellip;]<\/p>\n","protected":false},"author":132,"featured_media":29198,"parent":0,"menu_order":0,"comment_status":"closed","ping_status":"closed","template":"","meta":{"_acf_changed":false,"footnotes":""},"programs":[1368],"regions":[1437,1401],"topics":[1284,1247,1288,1337,1273,1292,1345],"collaborations":[],"class_list":["post-30215","page","type-page","status-publish","format-standard","has-post-thumbnail","hentry","programs-us-india-clean-energy-finance","regions-estados-unidos","regions-india","topics-acesso-energetico","topics-desenvolvimento-economico","topics-eficiencia-energetica","topics-energia-renovavel","topics-energia-solar-concentrada","topics-financas","topics-pv-solar"],"acf":[],"yoast_head":"<!-- This site is optimized with the Yoast SEO plugin v27.3 - https:\/\/yoast.com\/product\/yoast-seo-wordpress\/ -->\n<title>Impulsionando o acesso \u00e0 energia nas regi\u00f5es mais carentes da \u00cdndia - CPI<\/title>\n<meta name=\"robots\" content=\"index, follow, max-snippet:-1, max-image-preview:large, max-video-preview:-1\" \/>\n<link rel=\"canonical\" href=\"https:\/\/www.climatepolicyinitiative.org\/pt-br\/impulsionando-o-acesso-a-energia-nas-regioes-mais-carentes-da-india\/\" \/>\n<meta property=\"og:locale\" content=\"pt_BR\" \/>\n<meta property=\"og:type\" content=\"article\" \/>\n<meta property=\"og:title\" content=\"Impulsionando o acesso \u00e0 energia nas regi\u00f5es mais carentes da \u00cdndia - CPI\" \/>\n<meta property=\"og:description\" content=\"A iniciativa da USICEF \u00e9 um passo cr\u00edtico para aumentar o acesso \u00e0 energia em regi\u00f5es carentes da \u00cdndia. Essa parceria p\u00fablico-privada apresenta a oportunidade para a OPIC financiar e implantar projetos de desenvolvimento de alto impacto que ap\u00f3iam comunidades carentes em toda a \u00cdndia para ajudar o pa\u00eds a cumprir suas metas de energia. [&hellip;]\" \/>\n<meta property=\"og:url\" content=\"https:\/\/www.climatepolicyinitiative.org\/pt-br\/impulsionando-o-acesso-a-energia-nas-regioes-mais-carentes-da-india\/\" \/>\n<meta property=\"og:site_name\" content=\"CPI\" \/>\n<meta property=\"article:publisher\" content=\"https:\/\/www.facebook.com\/ClimatePolicyInitiative\" \/>\n<meta property=\"article:modified_time\" content=\"2021-04-20T17:43:48+00:00\" \/>\n<meta property=\"og:image\" content=\"https:\/\/www.climatepolicyinitiative.org\/wp-content\/uploads\/2020\/07\/iStock_000027969380_Large-scaled.jpg\" \/>\n\t<meta property=\"og:image:width\" content=\"2560\" \/>\n\t<meta property=\"og:image:height\" content=\"1666\" \/>\n\t<meta property=\"og:image:type\" content=\"image\/jpeg\" \/>\n<meta name=\"twitter:card\" content=\"summary_large_image\" \/>\n<meta name=\"twitter:site\" content=\"@climatepolicy\" \/>\n<meta name=\"twitter:label1\" content=\"Est. tempo de leitura\" \/>\n\t<meta name=\"twitter:data1\" content=\"2 minutos\" \/>\n<script type=\"application\/ld+json\" class=\"yoast-schema-graph\">{\"@context\":\"https:\\\/\\\/schema.org\",\"@graph\":[{\"@type\":\"WebPage\",\"@id\":\"https:\\\/\\\/www.climatepolicyinitiative.org\\\/pt-br\\\/impulsionando-o-acesso-a-energia-nas-regioes-mais-carentes-da-india\\\/\",\"url\":\"https:\\\/\\\/www.climatepolicyinitiative.org\\\/pt-br\\\/impulsionando-o-acesso-a-energia-nas-regioes-mais-carentes-da-india\\\/\",\"name\":\"Impulsionando o acesso \u00e0 energia nas regi\u00f5es mais carentes da \u00cdndia - CPI\",\"isPartOf\":{\"@id\":\"https:\\\/\\\/www.climatepolicyinitiative.org\\\/pt-br\\\/#website\"},\"primaryImageOfPage\":{\"@id\":\"https:\\\/\\\/www.climatepolicyinitiative.org\\\/pt-br\\\/impulsionando-o-acesso-a-energia-nas-regioes-mais-carentes-da-india\\\/#primaryimage\"},\"image\":{\"@id\":\"https:\\\/\\\/www.climatepolicyinitiative.org\\\/pt-br\\\/impulsionando-o-acesso-a-energia-nas-regioes-mais-carentes-da-india\\\/#primaryimage\"},\"thumbnailUrl\":\"https:\\\/\\\/www.climatepolicyinitiative.org\\\/wp-content\\\/uploads\\\/2020\\\/07\\\/iStock_000027969380_Large-scaled.jpg\",\"datePublished\":\"2020-07-14T11:34:33+00:00\",\"dateModified\":\"2021-04-20T17:43:48+00:00\",\"breadcrumb\":{\"@id\":\"https:\\\/\\\/www.climatepolicyinitiative.org\\\/pt-br\\\/impulsionando-o-acesso-a-energia-nas-regioes-mais-carentes-da-india\\\/#breadcrumb\"},\"inLanguage\":\"pt-BR\",\"potentialAction\":[{\"@type\":\"ReadAction\",\"target\":[\"https:\\\/\\\/www.climatepolicyinitiative.org\\\/pt-br\\\/impulsionando-o-acesso-a-energia-nas-regioes-mais-carentes-da-india\\\/\"]}]},{\"@type\":\"ImageObject\",\"inLanguage\":\"pt-BR\",\"@id\":\"https:\\\/\\\/www.climatepolicyinitiative.org\\\/pt-br\\\/impulsionando-o-acesso-a-energia-nas-regioes-mais-carentes-da-india\\\/#primaryimage\",\"url\":\"https:\\\/\\\/www.climatepolicyinitiative.org\\\/wp-content\\\/uploads\\\/2020\\\/07\\\/iStock_000027969380_Large-scaled.jpg\",\"contentUrl\":\"https:\\\/\\\/www.climatepolicyinitiative.org\\\/wp-content\\\/uploads\\\/2020\\\/07\\\/iStock_000027969380_Large-scaled.jpg\",\"width\":2560,\"height\":1666},{\"@type\":\"BreadcrumbList\",\"@id\":\"https:\\\/\\\/www.climatepolicyinitiative.org\\\/pt-br\\\/impulsionando-o-acesso-a-energia-nas-regioes-mais-carentes-da-india\\\/#breadcrumb\",\"itemListElement\":[{\"@type\":\"ListItem\",\"position\":1,\"name\":\"Home\",\"item\":\"https:\\\/\\\/www.climatepolicyinitiative.org\\\/pt-br\\\/\"},{\"@type\":\"ListItem\",\"position\":2,\"name\":\"Impulsionando o acesso \u00e0 energia nas regi\u00f5es mais carentes da \u00cdndia\"}]},{\"@type\":\"WebSite\",\"@id\":\"https:\\\/\\\/www.climatepolicyinitiative.org\\\/pt-br\\\/#website\",\"url\":\"https:\\\/\\\/www.climatepolicyinitiative.org\\\/pt-br\\\/\",\"name\":\"CPI\",\"description\":\"Climate Policy Initiative works to improve the most important energy and land use policies around the world, with a particular focus on finance.\",\"publisher\":{\"@id\":\"https:\\\/\\\/www.climatepolicyinitiative.org\\\/pt-br\\\/#organization\"},\"potentialAction\":[{\"@type\":\"SearchAction\",\"target\":{\"@type\":\"EntryPoint\",\"urlTemplate\":\"https:\\\/\\\/www.climatepolicyinitiative.org\\\/pt-br\\\/?s={search_term_string}\"},\"query-input\":{\"@type\":\"PropertyValueSpecification\",\"valueRequired\":true,\"valueName\":\"search_term_string\"}}],\"inLanguage\":\"pt-BR\"},{\"@type\":\"Organization\",\"@id\":\"https:\\\/\\\/www.climatepolicyinitiative.org\\\/pt-br\\\/#organization\",\"name\":\"Climate Policy Initiative\",\"url\":\"https:\\\/\\\/www.climatepolicyinitiative.org\\\/pt-br\\\/\",\"logo\":{\"@type\":\"ImageObject\",\"inLanguage\":\"pt-BR\",\"@id\":\"https:\\\/\\\/www.climatepolicyinitiative.org\\\/pt-br\\\/#\\\/schema\\\/logo\\\/image\\\/\",\"url\":\"https:\\\/\\\/www.climatepolicyinitiative.org\\\/wp-content\\\/uploads\\\/2021\\\/07\\\/CPI_logo_cmyk_transparent.png\",\"contentUrl\":\"https:\\\/\\\/www.climatepolicyinitiative.org\\\/wp-content\\\/uploads\\\/2021\\\/07\\\/CPI_logo_cmyk_transparent.png\",\"width\":1728,\"height\":720,\"caption\":\"Climate Policy Initiative\"},\"image\":{\"@id\":\"https:\\\/\\\/www.climatepolicyinitiative.org\\\/pt-br\\\/#\\\/schema\\\/logo\\\/image\\\/\"},\"sameAs\":[\"https:\\\/\\\/www.facebook.com\\\/ClimatePolicyInitiative\",\"https:\\\/\\\/x.com\\\/climatepolicy\",\"https:\\\/\\\/www.linkedin.com\\\/company\\\/climate-policy-initiative\\\/?lipi=urn:li:page:d_flagship3_search_srp_all;GvyQ8DliSYaW9eZhdq8RBQ==\",\"https:\\\/\\\/www.youtube.com\\\/channel\\\/UCE8V0iDgBU8mreZdBegVCcA\",\"https:\\\/\\\/en.wikipedia.org\\\/wiki\\\/Climate_Policy_Initiative\"]}]}<\/script>\n<!-- \/ Yoast SEO plugin. -->","yoast_head_json":{"title":"Impulsionando o acesso \u00e0 energia nas regi\u00f5es mais carentes da \u00cdndia - CPI","robots":{"index":"index","follow":"follow","max-snippet":"max-snippet:-1","max-image-preview":"max-image-preview:large","max-video-preview":"max-video-preview:-1"},"canonical":"https:\/\/www.climatepolicyinitiative.org\/pt-br\/impulsionando-o-acesso-a-energia-nas-regioes-mais-carentes-da-india\/","og_locale":"pt_BR","og_type":"article","og_title":"Impulsionando o acesso \u00e0 energia nas regi\u00f5es mais carentes da \u00cdndia - CPI","og_description":"A iniciativa da USICEF \u00e9 um passo cr\u00edtico para aumentar o acesso \u00e0 energia em regi\u00f5es carentes da \u00cdndia. Essa parceria p\u00fablico-privada apresenta a oportunidade para a OPIC financiar e implantar projetos de desenvolvimento de alto impacto que ap\u00f3iam comunidades carentes em toda a \u00cdndia para ajudar o pa\u00eds a cumprir suas metas de energia. [&hellip;]","og_url":"https:\/\/www.climatepolicyinitiative.org\/pt-br\/impulsionando-o-acesso-a-energia-nas-regioes-mais-carentes-da-india\/","og_site_name":"CPI","article_publisher":"https:\/\/www.facebook.com\/ClimatePolicyInitiative","article_modified_time":"2021-04-20T17:43:48+00:00","og_image":[{"width":2560,"height":1666,"url":"https:\/\/www.climatepolicyinitiative.org\/wp-content\/uploads\/2020\/07\/iStock_000027969380_Large-scaled.jpg","type":"image\/jpeg"}],"twitter_card":"summary_large_image","twitter_site":"@climatepolicy","twitter_misc":{"Est. tempo de leitura":"2 minutos"},"schema":{"@context":"https:\/\/schema.org","@graph":[{"@type":"WebPage","@id":"https:\/\/www.climatepolicyinitiative.org\/pt-br\/impulsionando-o-acesso-a-energia-nas-regioes-mais-carentes-da-india\/","url":"https:\/\/www.climatepolicyinitiative.org\/pt-br\/impulsionando-o-acesso-a-energia-nas-regioes-mais-carentes-da-india\/","name":"Impulsionando o acesso \u00e0 energia nas regi\u00f5es mais carentes da \u00cdndia - CPI","isPartOf":{"@id":"https:\/\/www.climatepolicyinitiative.org\/pt-br\/#website"},"primaryImageOfPage":{"@id":"https:\/\/www.climatepolicyinitiative.org\/pt-br\/impulsionando-o-acesso-a-energia-nas-regioes-mais-carentes-da-india\/#primaryimage"},"image":{"@id":"https:\/\/www.climatepolicyinitiative.org\/pt-br\/impulsionando-o-acesso-a-energia-nas-regioes-mais-carentes-da-india\/#primaryimage"},"thumbnailUrl":"https:\/\/www.climatepolicyinitiative.org\/wp-content\/uploads\/2020\/07\/iStock_000027969380_Large-scaled.jpg","datePublished":"2020-07-14T11:34:33+00:00","dateModified":"2021-04-20T17:43:48+00:00","breadcrumb":{"@id":"https:\/\/www.climatepolicyinitiative.org\/pt-br\/impulsionando-o-acesso-a-energia-nas-regioes-mais-carentes-da-india\/#breadcrumb"},"inLanguage":"pt-BR","potentialAction":[{"@type":"ReadAction","target":["https:\/\/www.climatepolicyinitiative.org\/pt-br\/impulsionando-o-acesso-a-energia-nas-regioes-mais-carentes-da-india\/"]}]},{"@type":"ImageObject","inLanguage":"pt-BR","@id":"https:\/\/www.climatepolicyinitiative.org\/pt-br\/impulsionando-o-acesso-a-energia-nas-regioes-mais-carentes-da-india\/#primaryimage","url":"https:\/\/www.climatepolicyinitiative.org\/wp-content\/uploads\/2020\/07\/iStock_000027969380_Large-scaled.jpg","contentUrl":"https:\/\/www.climatepolicyinitiative.org\/wp-content\/uploads\/2020\/07\/iStock_000027969380_Large-scaled.jpg","width":2560,"height":1666},{"@type":"BreadcrumbList","@id":"https:\/\/www.climatepolicyinitiative.org\/pt-br\/impulsionando-o-acesso-a-energia-nas-regioes-mais-carentes-da-india\/#breadcrumb","itemListElement":[{"@type":"ListItem","position":1,"name":"Home","item":"https:\/\/www.climatepolicyinitiative.org\/pt-br\/"},{"@type":"ListItem","position":2,"name":"Impulsionando o acesso \u00e0 energia nas regi\u00f5es mais carentes da \u00cdndia"}]},{"@type":"WebSite","@id":"https:\/\/www.climatepolicyinitiative.org\/pt-br\/#website","url":"https:\/\/www.climatepolicyinitiative.org\/pt-br\/","name":"CPI","description":"Climate Policy Initiative works to improve the most important energy and land use policies around the world, with a particular focus on finance.","publisher":{"@id":"https:\/\/www.climatepolicyinitiative.org\/pt-br\/#organization"},"potentialAction":[{"@type":"SearchAction","target":{"@type":"EntryPoint","urlTemplate":"https:\/\/www.climatepolicyinitiative.org\/pt-br\/?s={search_term_string}"},"query-input":{"@type":"PropertyValueSpecification","valueRequired":true,"valueName":"search_term_string"}}],"inLanguage":"pt-BR"},{"@type":"Organization","@id":"https:\/\/www.climatepolicyinitiative.org\/pt-br\/#organization","name":"Climate Policy Initiative","url":"https:\/\/www.climatepolicyinitiative.org\/pt-br\/","logo":{"@type":"ImageObject","inLanguage":"pt-BR","@id":"https:\/\/www.climatepolicyinitiative.org\/pt-br\/#\/schema\/logo\/image\/","url":"https:\/\/www.climatepolicyinitiative.org\/wp-content\/uploads\/2021\/07\/CPI_logo_cmyk_transparent.png","contentUrl":"https:\/\/www.climatepolicyinitiative.org\/wp-content\/uploads\/2021\/07\/CPI_logo_cmyk_transparent.png","width":1728,"height":720,"caption":"Climate Policy Initiative"},"image":{"@id":"https:\/\/www.climatepolicyinitiative.org\/pt-br\/#\/schema\/logo\/image\/"},"sameAs":["https:\/\/www.facebook.com\/ClimatePolicyInitiative","https:\/\/x.com\/climatepolicy","https:\/\/www.linkedin.com\/company\/climate-policy-initiative\/?lipi=urn:li:page:d_flagship3_search_srp_all;GvyQ8DliSYaW9eZhdq8RBQ==","https:\/\/www.youtube.com\/channel\/UCE8V0iDgBU8mreZdBegVCcA","https:\/\/en.wikipedia.org\/wiki\/Climate_Policy_Initiative"]}]}},"_links":{"self":[{"href":"https:\/\/www.climatepolicyinitiative.org\/pt-br\/wp-json\/wp\/v2\/pages\/30215","targetHints":{"allow":["GET"]}}],"collection":[{"href":"https:\/\/www.climatepolicyinitiative.org\/pt-br\/wp-json\/wp\/v2\/pages"}],"about":[{"href":"https:\/\/www.climatepolicyinitiative.org\/pt-br\/wp-json\/wp\/v2\/types\/page"}],"author":[{"embeddable":true,"href":"https:\/\/www.climatepolicyinitiative.org\/pt-br\/wp-json\/wp\/v2\/users\/132"}],"replies":[{"embeddable":true,"href":"https:\/\/www.climatepolicyinitiative.org\/pt-br\/wp-json\/wp\/v2\/comments?post=30215"}],"version-history":[{"count":0,"href":"https:\/\/www.climatepolicyinitiative.org\/pt-br\/wp-json\/wp\/v2\/pages\/30215\/revisions"}],"wp:featuredmedia":[{"embeddable":true,"href":"https:\/\/www.climatepolicyinitiative.org\/pt-br\/wp-json\/wp\/v2\/media\/29198"}],"wp:attachment":[{"href":"https:\/\/www.climatepolicyinitiative.org\/pt-br\/wp-json\/wp\/v2\/media?parent=30215"}],"wp:term":[{"taxonomy":"programs","embeddable":true,"href":"https:\/\/www.climatepolicyinitiative.org\/pt-br\/wp-json\/wp\/v2\/programs?post=30215"},{"taxonomy":"regions","embeddable":true,"href":"https:\/\/www.climatepolicyinitiative.org\/pt-br\/wp-json\/wp\/v2\/regions?post=30215"},{"taxonomy":"topics","embeddable":true,"href":"https:\/\/www.climatepolicyinitiative.org\/pt-br\/wp-json\/wp\/v2\/topics?post=30215"},{"taxonomy":"collaborations","embeddable":true,"href":"https:\/\/www.climatepolicyinitiative.org\/pt-br\/wp-json\/wp\/v2\/collaborations?post=30215"}],"curies":[{"name":"wp","href":"https:\/\/api.w.org\/{rel}","templated":true}]}}