{"id":30213,"date":"2020-07-14T10:11:42","date_gmt":"2020-07-14T10:11:42","guid":{"rendered":"http:\/\/climatepolicyinitiative.org\/sobre-o-cpi\/o-que-fazemos\/clareando-o-progresso-das-metas-de-financiamento-climatico\/"},"modified":"2024-11-12T11:21:50","modified_gmt":"2024-11-12T11:21:50","slug":"clareando-o-progresso-das-metas-de-financiamento-climatico","status":"publish","type":"page","link":"https:\/\/www.climatepolicyinitiative.org\/pt-br\/clareando-o-progresso-das-metas-de-financiamento-climatico\/","title":{"rendered":"Clareando o progresso das metas de financiamento clim\u00e1tico"},"content":{"rendered":"\n<h4 class=\"wp-block-heading\">COMPROMISSO<\/h4>\n\n\n\n<p>Desde 2010, o CPI apoia tomadores de decis\u00e3o dos setores p\u00fablico e privado para definir e rastrear como o financiamento clim\u00e1tico dom\u00e9stico e internacional flui de fontes e atores, atrav\u00e9s de uma variedade de instrumentos financeiros, a destinat\u00e1rios e usos finais.<\/p>\n\n\n\n<p>Concentramos grande parte do nosso trabalho na intera\u00e7\u00e3o entre atores p\u00fablicos e privados para garantir que as interven\u00e7\u00f5es p\u00fablicas tenham como alvo efetivo e eliminem as diferen\u00e7as de custo, risco e conhecimento que impedem os investidores privados. Gasto com sabedoria, os recursos p\u00fablicos nacionais e internacionais podem impulsionar o investimento privado, reduzindo a carga sobre os contribuintes, otimizando os retornos para investidores p\u00fablicos e privados.<\/p>\n\n\n\n<p>Apesar de muitas lacunas e desafios de rastreamento permanecerem, ao continuar a fornecer dados mais claros, abrangentes e compar\u00e1veis, o trabalho da CPI continuar\u00e1 ajudando os tomadores de decis\u00e3o a otimizar o uso de seus recursos.<\/p>\n\n\n\n<h4 class=\"wp-block-heading\">IMPACTO<\/h4>\n\n\n\n<p>Os dados produzidos pelo trabalho de rastreamento do CPI s\u00e3o referenciados por doadores e formuladores de pol\u00edticas &nbsp;<a href=\"http:\/\/unfccc.int\/cooperation_and_support\/financial_mechanism\/standing_committee\/items\/10028.php\" target=\"_blank\" rel=\"noreferrer noopener\" aria-label=\"undefined (opens in a new tab)\">no contecto das negocia\u00e7\u00f5es da UNFCCC<\/a> e usados nos planos e estrat\u00e9gias nacionais de desenvolvimento elaborados por governos e institui\u00e7\u00f5es financeiras. Ele forma a base s\u00f3lida sobre a qual nossa an\u00e1lise e outras an\u00e1lises s\u00e3o constru\u00eddas.<\/p>\n\n\n\n<p>Os relat\u00f3rios do CPI foram <a href=\"https:\/\/climatepolicyinitiative.org\/publication\/global-landscape-of-climate-finance-2019\/\" target=\"_blank\" rel=\"noreferrer noopener\" aria-label=\"undefined (opens in a new tab)\">os primeiros a fornecer uma imagem abrangente de todos os dados de financimento clim\u00e1tico<\/a> relatados para ou por outras organiza\u00e7\u00f5es, incluindo a Organiza\u00e7\u00e3o para Coopera\u00e7\u00e3o e Desenvolvimento Econ\u00f4mico (OCDE) e a Bloomberg New Energy Finance. Destacamos oportunidades para melhorar a coleta de dados e harmonizar os relat\u00f3rios, ajudando a criar uma vis\u00e3o geral mais robusta. Dados s\u00f3lidos permitem que os tomadores de decis\u00e3o avaliem o progresso em dire\u00e7\u00e3o a seus objetivos.<\/p>\n\n\n\n<p>O engajamento das principais partes interessadas na compila\u00e7\u00e3o desses relat\u00f3rios, e particularmente dos provedores de finan\u00e7as p\u00fablicas internacionais, informou os esfor\u00e7os de <a href=\"https:\/\/www.adb.org\/documents\/joint-report-mdbs-climate-finance-2015\" target=\"_blank\" rel=\"noreferrer noopener\" aria-label=\"undefined (opens in a new tab)\">bancos multilaterais de desenvolvimento<\/a>, <a href=\"http:\/\/www.idfc.org\/\" target=\"_blank\" rel=\"noreferrer noopener\" aria-label=\"undefined (opens in a new tab)\">institui\u00e7\u00f5es financeiras bilaterais,e bancos nacionais de desenvolvimento <\/a>para fechar algumas das principais lacunas relatadas em nossos estudos. Nossas metodologias de rastreamento tamb\u00e9m foram aplicadas e adaptadas por outras pessoas para se adequarem \u00e0s circunst\u00e2ncias nacionais.<\/p>\n\n\n\n<h5 class=\"wp-block-heading\">CONTATO<\/h5>\n\n\n\n<p>Se quiser nosso apoio avaliando a efic\u00e1cia de seus fluxos de financiamento clim\u00e1tico, entre em contato em <a href=\"mailto:CPIservices@cpiglobal.org\">CPIservices@cpiglobal.org<\/a>.<\/p>\n\n\n\n<p><\/p>\n","protected":false},"excerpt":{"rendered":"<p>COMPROMISSO Desde 2010, o CPI apoia tomadores de decis\u00e3o dos setores p\u00fablico e privado para definir e rastrear como o financiamento clim\u00e1tico dom\u00e9stico e internacional flui de fontes e atores, atrav\u00e9s de uma variedade de instrumentos financeiros, a destinat\u00e1rios e usos finais. Concentramos grande parte do nosso trabalho na intera\u00e7\u00e3o entre atores p\u00fablicos e privados [&hellip;]<\/p>\n","protected":false},"author":132,"featured_media":29142,"parent":0,"menu_order":15,"comment_status":"closed","ping_status":"closed","template":"","meta":{"_acf_changed":false,"footnotes":""},"programs":[1360],"regions":[1375,1391,1399,1423],"topics":[1292,1259],"collaborations":[],"class_list":["post-30213","page","type-page","status-publish","format-standard","has-post-thumbnail","hentry","programs-lab-de-inovacoes-globais-para-financiamento-climatico","regions-asia","regions-economias-em-desenvolvimento","regions-global","regions-outros","topics-financas","topics-financiamento-misto"],"acf":[],"yoast_head":"<!-- This site is optimized with the Yoast SEO plugin v27.3 - https:\/\/yoast.com\/product\/yoast-seo-wordpress\/ -->\n<title>Clareando o progresso das metas de financiamento clim\u00e1tico - CPI<\/title>\n<meta name=\"robots\" content=\"index, follow, max-snippet:-1, max-image-preview:large, max-video-preview:-1\" \/>\n<link rel=\"canonical\" href=\"https:\/\/www.climatepolicyinitiative.org\/pt-br\/clareando-o-progresso-das-metas-de-financiamento-climatico\/\" \/>\n<meta property=\"og:locale\" content=\"pt_BR\" \/>\n<meta property=\"og:type\" content=\"article\" \/>\n<meta property=\"og:title\" content=\"Clareando o progresso das metas de financiamento clim\u00e1tico - CPI\" \/>\n<meta property=\"og:description\" content=\"COMPROMISSO Desde 2010, o CPI apoia tomadores de decis\u00e3o dos setores p\u00fablico e privado para definir e rastrear como o financiamento clim\u00e1tico dom\u00e9stico e internacional flui de fontes e atores, atrav\u00e9s de uma variedade de instrumentos financeiros, a destinat\u00e1rios e usos finais. Concentramos grande parte do nosso trabalho na intera\u00e7\u00e3o entre atores p\u00fablicos e privados [&hellip;]\" \/>\n<meta property=\"og:url\" content=\"https:\/\/www.climatepolicyinitiative.org\/pt-br\/clareando-o-progresso-das-metas-de-financiamento-climatico\/\" \/>\n<meta property=\"og:site_name\" content=\"CPI\" \/>\n<meta property=\"article:publisher\" content=\"https:\/\/www.facebook.com\/ClimatePolicyInitiative\" \/>\n<meta property=\"article:modified_time\" content=\"2024-11-12T11:21:50+00:00\" \/>\n<meta property=\"og:image\" content=\"https:\/\/www.climatepolicyinitiative.org\/wp-content\/uploads\/2020\/07\/Resized.jpg\" \/>\n\t<meta property=\"og:image:width\" content=\"2451\" \/>\n\t<meta property=\"og:image:height\" content=\"1631\" \/>\n\t<meta property=\"og:image:type\" content=\"image\/jpeg\" \/>\n<meta name=\"twitter:card\" content=\"summary_large_image\" \/>\n<meta name=\"twitter:site\" content=\"@climatepolicy\" \/>\n<meta name=\"twitter:label1\" content=\"Est. tempo de leitura\" \/>\n\t<meta name=\"twitter:data1\" content=\"2 minutos\" \/>\n<script type=\"application\/ld+json\" class=\"yoast-schema-graph\">{\"@context\":\"https:\\\/\\\/schema.org\",\"@graph\":[{\"@type\":\"WebPage\",\"@id\":\"https:\\\/\\\/www.climatepolicyinitiative.org\\\/pt-br\\\/clareando-o-progresso-das-metas-de-financiamento-climatico\\\/\",\"url\":\"https:\\\/\\\/www.climatepolicyinitiative.org\\\/pt-br\\\/clareando-o-progresso-das-metas-de-financiamento-climatico\\\/\",\"name\":\"Clareando o progresso das metas de financiamento clim\u00e1tico - CPI\",\"isPartOf\":{\"@id\":\"https:\\\/\\\/www.climatepolicyinitiative.org\\\/pt-br\\\/#website\"},\"primaryImageOfPage\":{\"@id\":\"https:\\\/\\\/www.climatepolicyinitiative.org\\\/pt-br\\\/clareando-o-progresso-das-metas-de-financiamento-climatico\\\/#primaryimage\"},\"image\":{\"@id\":\"https:\\\/\\\/www.climatepolicyinitiative.org\\\/pt-br\\\/clareando-o-progresso-das-metas-de-financiamento-climatico\\\/#primaryimage\"},\"thumbnailUrl\":\"https:\\\/\\\/www.climatepolicyinitiative.org\\\/wp-content\\\/uploads\\\/2020\\\/07\\\/Resized.jpg\",\"datePublished\":\"2020-07-14T10:11:42+00:00\",\"dateModified\":\"2024-11-12T11:21:50+00:00\",\"breadcrumb\":{\"@id\":\"https:\\\/\\\/www.climatepolicyinitiative.org\\\/pt-br\\\/clareando-o-progresso-das-metas-de-financiamento-climatico\\\/#breadcrumb\"},\"inLanguage\":\"pt-BR\",\"potentialAction\":[{\"@type\":\"ReadAction\",\"target\":[\"https:\\\/\\\/www.climatepolicyinitiative.org\\\/pt-br\\\/clareando-o-progresso-das-metas-de-financiamento-climatico\\\/\"]}]},{\"@type\":\"ImageObject\",\"inLanguage\":\"pt-BR\",\"@id\":\"https:\\\/\\\/www.climatepolicyinitiative.org\\\/pt-br\\\/clareando-o-progresso-das-metas-de-financiamento-climatico\\\/#primaryimage\",\"url\":\"https:\\\/\\\/www.climatepolicyinitiative.org\\\/wp-content\\\/uploads\\\/2020\\\/07\\\/Resized.jpg\",\"contentUrl\":\"https:\\\/\\\/www.climatepolicyinitiative.org\\\/wp-content\\\/uploads\\\/2020\\\/07\\\/Resized.jpg\",\"width\":2451,\"height\":1631},{\"@type\":\"BreadcrumbList\",\"@id\":\"https:\\\/\\\/www.climatepolicyinitiative.org\\\/pt-br\\\/clareando-o-progresso-das-metas-de-financiamento-climatico\\\/#breadcrumb\",\"itemListElement\":[{\"@type\":\"ListItem\",\"position\":1,\"name\":\"Home\",\"item\":\"https:\\\/\\\/www.climatepolicyinitiative.org\\\/pt-br\\\/\"},{\"@type\":\"ListItem\",\"position\":2,\"name\":\"Clareando o progresso das metas de financiamento clim\u00e1tico\"}]},{\"@type\":\"WebSite\",\"@id\":\"https:\\\/\\\/www.climatepolicyinitiative.org\\\/pt-br\\\/#website\",\"url\":\"https:\\\/\\\/www.climatepolicyinitiative.org\\\/pt-br\\\/\",\"name\":\"CPI\",\"description\":\"Climate Policy Initiative works to improve the most important energy and land use policies around the world, with a particular focus on finance.\",\"publisher\":{\"@id\":\"https:\\\/\\\/www.climatepolicyinitiative.org\\\/pt-br\\\/#organization\"},\"potentialAction\":[{\"@type\":\"SearchAction\",\"target\":{\"@type\":\"EntryPoint\",\"urlTemplate\":\"https:\\\/\\\/www.climatepolicyinitiative.org\\\/pt-br\\\/?s={search_term_string}\"},\"query-input\":{\"@type\":\"PropertyValueSpecification\",\"valueRequired\":true,\"valueName\":\"search_term_string\"}}],\"inLanguage\":\"pt-BR\"},{\"@type\":\"Organization\",\"@id\":\"https:\\\/\\\/www.climatepolicyinitiative.org\\\/pt-br\\\/#organization\",\"name\":\"Climate Policy Initiative\",\"url\":\"https:\\\/\\\/www.climatepolicyinitiative.org\\\/pt-br\\\/\",\"logo\":{\"@type\":\"ImageObject\",\"inLanguage\":\"pt-BR\",\"@id\":\"https:\\\/\\\/www.climatepolicyinitiative.org\\\/pt-br\\\/#\\\/schema\\\/logo\\\/image\\\/\",\"url\":\"https:\\\/\\\/www.climatepolicyinitiative.org\\\/wp-content\\\/uploads\\\/2021\\\/07\\\/CPI_logo_cmyk_transparent.png\",\"contentUrl\":\"https:\\\/\\\/www.climatepolicyinitiative.org\\\/wp-content\\\/uploads\\\/2021\\\/07\\\/CPI_logo_cmyk_transparent.png\",\"width\":1728,\"height\":720,\"caption\":\"Climate Policy Initiative\"},\"image\":{\"@id\":\"https:\\\/\\\/www.climatepolicyinitiative.org\\\/pt-br\\\/#\\\/schema\\\/logo\\\/image\\\/\"},\"sameAs\":[\"https:\\\/\\\/www.facebook.com\\\/ClimatePolicyInitiative\",\"https:\\\/\\\/x.com\\\/climatepolicy\",\"https:\\\/\\\/www.linkedin.com\\\/company\\\/climate-policy-initiative\\\/?lipi=urn:li:page:d_flagship3_search_srp_all;GvyQ8DliSYaW9eZhdq8RBQ==\",\"https:\\\/\\\/www.youtube.com\\\/channel\\\/UCE8V0iDgBU8mreZdBegVCcA\",\"https:\\\/\\\/en.wikipedia.org\\\/wiki\\\/Climate_Policy_Initiative\"]}]}<\/script>\n<!-- \/ Yoast SEO plugin. -->","yoast_head_json":{"title":"Clareando o progresso das metas de financiamento clim\u00e1tico - CPI","robots":{"index":"index","follow":"follow","max-snippet":"max-snippet:-1","max-image-preview":"max-image-preview:large","max-video-preview":"max-video-preview:-1"},"canonical":"https:\/\/www.climatepolicyinitiative.org\/pt-br\/clareando-o-progresso-das-metas-de-financiamento-climatico\/","og_locale":"pt_BR","og_type":"article","og_title":"Clareando o progresso das metas de financiamento clim\u00e1tico - CPI","og_description":"COMPROMISSO Desde 2010, o CPI apoia tomadores de decis\u00e3o dos setores p\u00fablico e privado para definir e rastrear como o financiamento clim\u00e1tico dom\u00e9stico e internacional flui de fontes e atores, atrav\u00e9s de uma variedade de instrumentos financeiros, a destinat\u00e1rios e usos finais. Concentramos grande parte do nosso trabalho na intera\u00e7\u00e3o entre atores p\u00fablicos e privados [&hellip;]","og_url":"https:\/\/www.climatepolicyinitiative.org\/pt-br\/clareando-o-progresso-das-metas-de-financiamento-climatico\/","og_site_name":"CPI","article_publisher":"https:\/\/www.facebook.com\/ClimatePolicyInitiative","article_modified_time":"2024-11-12T11:21:50+00:00","og_image":[{"width":2451,"height":1631,"url":"https:\/\/www.climatepolicyinitiative.org\/wp-content\/uploads\/2020\/07\/Resized.jpg","type":"image\/jpeg"}],"twitter_card":"summary_large_image","twitter_site":"@climatepolicy","twitter_misc":{"Est. tempo de leitura":"2 minutos"},"schema":{"@context":"https:\/\/schema.org","@graph":[{"@type":"WebPage","@id":"https:\/\/www.climatepolicyinitiative.org\/pt-br\/clareando-o-progresso-das-metas-de-financiamento-climatico\/","url":"https:\/\/www.climatepolicyinitiative.org\/pt-br\/clareando-o-progresso-das-metas-de-financiamento-climatico\/","name":"Clareando o progresso das metas de financiamento clim\u00e1tico - CPI","isPartOf":{"@id":"https:\/\/www.climatepolicyinitiative.org\/pt-br\/#website"},"primaryImageOfPage":{"@id":"https:\/\/www.climatepolicyinitiative.org\/pt-br\/clareando-o-progresso-das-metas-de-financiamento-climatico\/#primaryimage"},"image":{"@id":"https:\/\/www.climatepolicyinitiative.org\/pt-br\/clareando-o-progresso-das-metas-de-financiamento-climatico\/#primaryimage"},"thumbnailUrl":"https:\/\/www.climatepolicyinitiative.org\/wp-content\/uploads\/2020\/07\/Resized.jpg","datePublished":"2020-07-14T10:11:42+00:00","dateModified":"2024-11-12T11:21:50+00:00","breadcrumb":{"@id":"https:\/\/www.climatepolicyinitiative.org\/pt-br\/clareando-o-progresso-das-metas-de-financiamento-climatico\/#breadcrumb"},"inLanguage":"pt-BR","potentialAction":[{"@type":"ReadAction","target":["https:\/\/www.climatepolicyinitiative.org\/pt-br\/clareando-o-progresso-das-metas-de-financiamento-climatico\/"]}]},{"@type":"ImageObject","inLanguage":"pt-BR","@id":"https:\/\/www.climatepolicyinitiative.org\/pt-br\/clareando-o-progresso-das-metas-de-financiamento-climatico\/#primaryimage","url":"https:\/\/www.climatepolicyinitiative.org\/wp-content\/uploads\/2020\/07\/Resized.jpg","contentUrl":"https:\/\/www.climatepolicyinitiative.org\/wp-content\/uploads\/2020\/07\/Resized.jpg","width":2451,"height":1631},{"@type":"BreadcrumbList","@id":"https:\/\/www.climatepolicyinitiative.org\/pt-br\/clareando-o-progresso-das-metas-de-financiamento-climatico\/#breadcrumb","itemListElement":[{"@type":"ListItem","position":1,"name":"Home","item":"https:\/\/www.climatepolicyinitiative.org\/pt-br\/"},{"@type":"ListItem","position":2,"name":"Clareando o progresso das metas de financiamento clim\u00e1tico"}]},{"@type":"WebSite","@id":"https:\/\/www.climatepolicyinitiative.org\/pt-br\/#website","url":"https:\/\/www.climatepolicyinitiative.org\/pt-br\/","name":"CPI","description":"Climate Policy Initiative works to improve the most important energy and land use policies around the world, with a particular focus on finance.","publisher":{"@id":"https:\/\/www.climatepolicyinitiative.org\/pt-br\/#organization"},"potentialAction":[{"@type":"SearchAction","target":{"@type":"EntryPoint","urlTemplate":"https:\/\/www.climatepolicyinitiative.org\/pt-br\/?s={search_term_string}"},"query-input":{"@type":"PropertyValueSpecification","valueRequired":true,"valueName":"search_term_string"}}],"inLanguage":"pt-BR"},{"@type":"Organization","@id":"https:\/\/www.climatepolicyinitiative.org\/pt-br\/#organization","name":"Climate Policy Initiative","url":"https:\/\/www.climatepolicyinitiative.org\/pt-br\/","logo":{"@type":"ImageObject","inLanguage":"pt-BR","@id":"https:\/\/www.climatepolicyinitiative.org\/pt-br\/#\/schema\/logo\/image\/","url":"https:\/\/www.climatepolicyinitiative.org\/wp-content\/uploads\/2021\/07\/CPI_logo_cmyk_transparent.png","contentUrl":"https:\/\/www.climatepolicyinitiative.org\/wp-content\/uploads\/2021\/07\/CPI_logo_cmyk_transparent.png","width":1728,"height":720,"caption":"Climate Policy Initiative"},"image":{"@id":"https:\/\/www.climatepolicyinitiative.org\/pt-br\/#\/schema\/logo\/image\/"},"sameAs":["https:\/\/www.facebook.com\/ClimatePolicyInitiative","https:\/\/x.com\/climatepolicy","https:\/\/www.linkedin.com\/company\/climate-policy-initiative\/?lipi=urn:li:page:d_flagship3_search_srp_all;GvyQ8DliSYaW9eZhdq8RBQ==","https:\/\/www.youtube.com\/channel\/UCE8V0iDgBU8mreZdBegVCcA","https:\/\/en.wikipedia.org\/wiki\/Climate_Policy_Initiative"]}]}},"_links":{"self":[{"href":"https:\/\/www.climatepolicyinitiative.org\/pt-br\/wp-json\/wp\/v2\/pages\/30213","targetHints":{"allow":["GET"]}}],"collection":[{"href":"https:\/\/www.climatepolicyinitiative.org\/pt-br\/wp-json\/wp\/v2\/pages"}],"about":[{"href":"https:\/\/www.climatepolicyinitiative.org\/pt-br\/wp-json\/wp\/v2\/types\/page"}],"author":[{"embeddable":true,"href":"https:\/\/www.climatepolicyinitiative.org\/pt-br\/wp-json\/wp\/v2\/users\/132"}],"replies":[{"embeddable":true,"href":"https:\/\/www.climatepolicyinitiative.org\/pt-br\/wp-json\/wp\/v2\/comments?post=30213"}],"version-history":[{"count":0,"href":"https:\/\/www.climatepolicyinitiative.org\/pt-br\/wp-json\/wp\/v2\/pages\/30213\/revisions"}],"wp:featuredmedia":[{"embeddable":true,"href":"https:\/\/www.climatepolicyinitiative.org\/pt-br\/wp-json\/wp\/v2\/media\/29142"}],"wp:attachment":[{"href":"https:\/\/www.climatepolicyinitiative.org\/pt-br\/wp-json\/wp\/v2\/media?parent=30213"}],"wp:term":[{"taxonomy":"programs","embeddable":true,"href":"https:\/\/www.climatepolicyinitiative.org\/pt-br\/wp-json\/wp\/v2\/programs?post=30213"},{"taxonomy":"regions","embeddable":true,"href":"https:\/\/www.climatepolicyinitiative.org\/pt-br\/wp-json\/wp\/v2\/regions?post=30213"},{"taxonomy":"topics","embeddable":true,"href":"https:\/\/www.climatepolicyinitiative.org\/pt-br\/wp-json\/wp\/v2\/topics?post=30213"},{"taxonomy":"collaborations","embeddable":true,"href":"https:\/\/www.climatepolicyinitiative.org\/pt-br\/wp-json\/wp\/v2\/collaborations?post=30213"}],"curies":[{"name":"wp","href":"https:\/\/api.w.org\/{rel}","templated":true}]}}