{"id":30208,"date":"2020-07-14T09:21:14","date_gmt":"2020-07-14T09:21:14","guid":{"rendered":"http:\/\/climatepolicyinitiative.org\/sobre-o-cpi\/o-que-fazemos\/apoio-a-formuladores-de-politicas-e-investidores-na-transicao-energetica\/"},"modified":"2024-11-12T11:21:49","modified_gmt":"2024-11-12T11:21:49","slug":"apoio-a-formuladores-de-politicas-e-investidores-na-transicao-energetica","status":"publish","type":"page","link":"https:\/\/www.climatepolicyinitiative.org\/pt-br\/apoio-a-formuladores-de-politicas-e-investidores-na-transicao-energetica\/","title":{"rendered":"Apoio a formuladores de pol\u00edticas e investidores na transi\u00e7\u00e3o energ\u00e9tica"},"content":{"rendered":"\n<h4 class=\"wp-block-heading\">COMPROMISSOS<\/h4>\n\n\n\n<p>A agenda de Financiamento Energ\u00e9tico do CPI trabalha na interse\u00e7\u00e3o entre pol\u00edtica clim\u00e1tica e financiamento de energia para fornecer servi\u00e7os independentes de pesquisa e consultoria para formuladores de pol\u00edticas, investidores e empresas.<\/p>\n\n\n\n<p>Nosso trabalho se concentra em tr\u00eas programas principais que, juntos, conduzem essa transforma\u00e7\u00e3o:<\/p>\n\n\n\n<p><strong>Risco de transi\u00e7\u00e3o clim\u00e1tica<\/strong>: empresas e pa\u00edses que dependem de ativos ou exporta\u00e7\u00f5es de carbono podem estar em risco de perda financeira devido \u00e0 pol\u00edtica clim\u00e1tica ou \u00e0 din\u00e2mica do mercado. Avaliamos os custos da transi\u00e7\u00e3o clim\u00e1tica e desenvolvemos ferramentas para ajudar ind\u00fastrias e economias a gerenciar esse risco.<\/p>\n\n\n\n<p><strong>Reforma do mercado<\/strong>: uma transi\u00e7\u00e3o para um sistema de eletricidade de baixa emiss\u00e3o de carbono requer novos modelos de mercado que possam melhorar os sinais de pre\u00e7o, por exemplo, no investimento em recursos flex\u00edveis, essenciais na integra\u00e7\u00e3o de gera\u00e7\u00e3o renov\u00e1vel vari\u00e1vel.<\/p>\n\n\n\n<p><strong>O financiamento como catalisador<\/strong>: a inova\u00e7\u00e3o financeira pode aumentar as op\u00e7\u00f5es de financiamento para a tecnologia de baixa emiss\u00e3o de carbono, ajudar a facilitar a transi\u00e7\u00e3o para os combust\u00edveis f\u00f3sseis, abrir novos mercados para investidores institucionais e desbloquear <em>pools<\/em> de capital de baixo custo.<\/p>\n\n\n\n<h4 class=\"wp-block-heading\">CONTATO<\/h4>\n\n\n\n<p>Para saber mais sobre o nosso trabalho e como ele pode apoiar os objetivos de sua organiza\u00e7\u00e3o, entre em contato com Felicity Carus, em <a href=\"https:\/\/www.climatepolicyinitiative.org\/project\/support-policymakers-investors-energy-finance\/felicity.carus@cpi.org\">felicity.carus@cpilondon.org<\/a><\/p>\n","protected":false},"excerpt":{"rendered":"<p>COMPROMISSOS A agenda de Financiamento Energ\u00e9tico do CPI trabalha na interse\u00e7\u00e3o entre pol\u00edtica clim\u00e1tica e financiamento de energia para fornecer servi\u00e7os independentes de pesquisa e consultoria para formuladores de pol\u00edticas, investidores e empresas. Nosso trabalho se concentra em tr\u00eas programas principais que, juntos, conduzem essa transforma\u00e7\u00e3o: Risco de transi\u00e7\u00e3o clim\u00e1tica: empresas e pa\u00edses que dependem [&hellip;]<\/p>\n","protected":false},"author":132,"featured_media":29745,"parent":0,"menu_order":11,"comment_status":"closed","ping_status":"closed","template":"","meta":{"_acf_changed":false,"footnotes":""},"programs":[1255],"regions":[1370,1427,1375,1387,1391,1395,1399,1401],"topics":[],"collaborations":[],"class_list":["post-30208","page","type-page","status-publish","format-standard","has-post-thumbnail","hentry","programs-financiamento-energetico","regions-africa","regions-africa-do-sul","regions-asia","regions-china","regions-economias-em-desenvolvimento","regions-europa","regions-global","regions-india"],"acf":[],"yoast_head":"<!-- This site is optimized with the Yoast SEO plugin v27.3 - https:\/\/yoast.com\/product\/yoast-seo-wordpress\/ -->\n<title>Apoio a formuladores de pol\u00edticas e investidores na transi\u00e7\u00e3o energ\u00e9tica - CPI<\/title>\n<meta name=\"robots\" content=\"index, follow, max-snippet:-1, max-image-preview:large, max-video-preview:-1\" \/>\n<link rel=\"canonical\" href=\"https:\/\/www.climatepolicyinitiative.org\/pt-br\/apoio-a-formuladores-de-politicas-e-investidores-na-transicao-energetica\/\" \/>\n<meta property=\"og:locale\" content=\"pt_BR\" \/>\n<meta property=\"og:type\" content=\"article\" \/>\n<meta property=\"og:title\" content=\"Apoio a formuladores de pol\u00edticas e investidores na transi\u00e7\u00e3o energ\u00e9tica - CPI\" \/>\n<meta property=\"og:description\" content=\"COMPROMISSOS A agenda de Financiamento Energ\u00e9tico do CPI trabalha na interse\u00e7\u00e3o entre pol\u00edtica clim\u00e1tica e financiamento de energia para fornecer servi\u00e7os independentes de pesquisa e consultoria para formuladores de pol\u00edticas, investidores e empresas. Nosso trabalho se concentra em tr\u00eas programas principais que, juntos, conduzem essa transforma\u00e7\u00e3o: Risco de transi\u00e7\u00e3o clim\u00e1tica: empresas e pa\u00edses que dependem [&hellip;]\" \/>\n<meta property=\"og:url\" content=\"https:\/\/www.climatepolicyinitiative.org\/pt-br\/apoio-a-formuladores-de-politicas-e-investidores-na-transicao-energetica\/\" \/>\n<meta property=\"og:site_name\" content=\"CPI\" \/>\n<meta property=\"article:publisher\" content=\"https:\/\/www.facebook.com\/ClimatePolicyInitiative\" \/>\n<meta property=\"article:modified_time\" content=\"2024-11-12T11:21:49+00:00\" \/>\n<meta property=\"og:image\" content=\"https:\/\/www.climatepolicyinitiative.org\/wp-content\/uploads\/2020\/07\/Turbines-cropped.jpg\" \/>\n\t<meta property=\"og:image:width\" content=\"9252\" \/>\n\t<meta property=\"og:image:height\" content=\"5880\" \/>\n\t<meta property=\"og:image:type\" content=\"image\/jpeg\" \/>\n<meta name=\"twitter:card\" content=\"summary_large_image\" \/>\n<meta name=\"twitter:site\" content=\"@climatepolicy\" \/>\n<meta name=\"twitter:label1\" content=\"Est. tempo de leitura\" \/>\n\t<meta name=\"twitter:data1\" content=\"1 minuto\" \/>\n<script type=\"application\/ld+json\" class=\"yoast-schema-graph\">{\"@context\":\"https:\\\/\\\/schema.org\",\"@graph\":[{\"@type\":\"WebPage\",\"@id\":\"https:\\\/\\\/www.climatepolicyinitiative.org\\\/pt-br\\\/apoio-a-formuladores-de-politicas-e-investidores-na-transicao-energetica\\\/\",\"url\":\"https:\\\/\\\/www.climatepolicyinitiative.org\\\/pt-br\\\/apoio-a-formuladores-de-politicas-e-investidores-na-transicao-energetica\\\/\",\"name\":\"Apoio a formuladores de pol\u00edticas e investidores na transi\u00e7\u00e3o energ\u00e9tica - CPI\",\"isPartOf\":{\"@id\":\"https:\\\/\\\/www.climatepolicyinitiative.org\\\/pt-br\\\/#website\"},\"primaryImageOfPage\":{\"@id\":\"https:\\\/\\\/www.climatepolicyinitiative.org\\\/pt-br\\\/apoio-a-formuladores-de-politicas-e-investidores-na-transicao-energetica\\\/#primaryimage\"},\"image\":{\"@id\":\"https:\\\/\\\/www.climatepolicyinitiative.org\\\/pt-br\\\/apoio-a-formuladores-de-politicas-e-investidores-na-transicao-energetica\\\/#primaryimage\"},\"thumbnailUrl\":\"https:\\\/\\\/www.climatepolicyinitiative.org\\\/wp-content\\\/uploads\\\/2020\\\/07\\\/Turbines-cropped.jpg\",\"datePublished\":\"2020-07-14T09:21:14+00:00\",\"dateModified\":\"2024-11-12T11:21:49+00:00\",\"breadcrumb\":{\"@id\":\"https:\\\/\\\/www.climatepolicyinitiative.org\\\/pt-br\\\/apoio-a-formuladores-de-politicas-e-investidores-na-transicao-energetica\\\/#breadcrumb\"},\"inLanguage\":\"pt-BR\",\"potentialAction\":[{\"@type\":\"ReadAction\",\"target\":[\"https:\\\/\\\/www.climatepolicyinitiative.org\\\/pt-br\\\/apoio-a-formuladores-de-politicas-e-investidores-na-transicao-energetica\\\/\"]}]},{\"@type\":\"ImageObject\",\"inLanguage\":\"pt-BR\",\"@id\":\"https:\\\/\\\/www.climatepolicyinitiative.org\\\/pt-br\\\/apoio-a-formuladores-de-politicas-e-investidores-na-transicao-energetica\\\/#primaryimage\",\"url\":\"https:\\\/\\\/www.climatepolicyinitiative.org\\\/wp-content\\\/uploads\\\/2020\\\/07\\\/Turbines-cropped.jpg\",\"contentUrl\":\"https:\\\/\\\/www.climatepolicyinitiative.org\\\/wp-content\\\/uploads\\\/2020\\\/07\\\/Turbines-cropped.jpg\",\"width\":9252,\"height\":5880},{\"@type\":\"BreadcrumbList\",\"@id\":\"https:\\\/\\\/www.climatepolicyinitiative.org\\\/pt-br\\\/apoio-a-formuladores-de-politicas-e-investidores-na-transicao-energetica\\\/#breadcrumb\",\"itemListElement\":[{\"@type\":\"ListItem\",\"position\":1,\"name\":\"Home\",\"item\":\"https:\\\/\\\/www.climatepolicyinitiative.org\\\/pt-br\\\/\"},{\"@type\":\"ListItem\",\"position\":2,\"name\":\"Apoio a formuladores de pol\u00edticas e investidores na transi\u00e7\u00e3o energ\u00e9tica\"}]},{\"@type\":\"WebSite\",\"@id\":\"https:\\\/\\\/www.climatepolicyinitiative.org\\\/pt-br\\\/#website\",\"url\":\"https:\\\/\\\/www.climatepolicyinitiative.org\\\/pt-br\\\/\",\"name\":\"CPI\",\"description\":\"Climate Policy Initiative works to improve the most important energy and land use policies around the world, with a particular focus on finance.\",\"publisher\":{\"@id\":\"https:\\\/\\\/www.climatepolicyinitiative.org\\\/pt-br\\\/#organization\"},\"potentialAction\":[{\"@type\":\"SearchAction\",\"target\":{\"@type\":\"EntryPoint\",\"urlTemplate\":\"https:\\\/\\\/www.climatepolicyinitiative.org\\\/pt-br\\\/?s={search_term_string}\"},\"query-input\":{\"@type\":\"PropertyValueSpecification\",\"valueRequired\":true,\"valueName\":\"search_term_string\"}}],\"inLanguage\":\"pt-BR\"},{\"@type\":\"Organization\",\"@id\":\"https:\\\/\\\/www.climatepolicyinitiative.org\\\/pt-br\\\/#organization\",\"name\":\"Climate Policy Initiative\",\"url\":\"https:\\\/\\\/www.climatepolicyinitiative.org\\\/pt-br\\\/\",\"logo\":{\"@type\":\"ImageObject\",\"inLanguage\":\"pt-BR\",\"@id\":\"https:\\\/\\\/www.climatepolicyinitiative.org\\\/pt-br\\\/#\\\/schema\\\/logo\\\/image\\\/\",\"url\":\"https:\\\/\\\/www.climatepolicyinitiative.org\\\/wp-content\\\/uploads\\\/2021\\\/07\\\/CPI_logo_cmyk_transparent.png\",\"contentUrl\":\"https:\\\/\\\/www.climatepolicyinitiative.org\\\/wp-content\\\/uploads\\\/2021\\\/07\\\/CPI_logo_cmyk_transparent.png\",\"width\":1728,\"height\":720,\"caption\":\"Climate Policy Initiative\"},\"image\":{\"@id\":\"https:\\\/\\\/www.climatepolicyinitiative.org\\\/pt-br\\\/#\\\/schema\\\/logo\\\/image\\\/\"},\"sameAs\":[\"https:\\\/\\\/www.facebook.com\\\/ClimatePolicyInitiative\",\"https:\\\/\\\/x.com\\\/climatepolicy\",\"https:\\\/\\\/www.linkedin.com\\\/company\\\/climate-policy-initiative\\\/?lipi=urn:li:page:d_flagship3_search_srp_all;GvyQ8DliSYaW9eZhdq8RBQ==\",\"https:\\\/\\\/www.youtube.com\\\/channel\\\/UCE8V0iDgBU8mreZdBegVCcA\",\"https:\\\/\\\/en.wikipedia.org\\\/wiki\\\/Climate_Policy_Initiative\"]}]}<\/script>\n<!-- \/ Yoast SEO plugin. -->","yoast_head_json":{"title":"Apoio a formuladores de pol\u00edticas e investidores na transi\u00e7\u00e3o energ\u00e9tica - CPI","robots":{"index":"index","follow":"follow","max-snippet":"max-snippet:-1","max-image-preview":"max-image-preview:large","max-video-preview":"max-video-preview:-1"},"canonical":"https:\/\/www.climatepolicyinitiative.org\/pt-br\/apoio-a-formuladores-de-politicas-e-investidores-na-transicao-energetica\/","og_locale":"pt_BR","og_type":"article","og_title":"Apoio a formuladores de pol\u00edticas e investidores na transi\u00e7\u00e3o energ\u00e9tica - CPI","og_description":"COMPROMISSOS A agenda de Financiamento Energ\u00e9tico do CPI trabalha na interse\u00e7\u00e3o entre pol\u00edtica clim\u00e1tica e financiamento de energia para fornecer servi\u00e7os independentes de pesquisa e consultoria para formuladores de pol\u00edticas, investidores e empresas. Nosso trabalho se concentra em tr\u00eas programas principais que, juntos, conduzem essa transforma\u00e7\u00e3o: Risco de transi\u00e7\u00e3o clim\u00e1tica: empresas e pa\u00edses que dependem [&hellip;]","og_url":"https:\/\/www.climatepolicyinitiative.org\/pt-br\/apoio-a-formuladores-de-politicas-e-investidores-na-transicao-energetica\/","og_site_name":"CPI","article_publisher":"https:\/\/www.facebook.com\/ClimatePolicyInitiative","article_modified_time":"2024-11-12T11:21:49+00:00","og_image":[{"width":9252,"height":5880,"url":"https:\/\/www.climatepolicyinitiative.org\/wp-content\/uploads\/2020\/07\/Turbines-cropped.jpg","type":"image\/jpeg"}],"twitter_card":"summary_large_image","twitter_site":"@climatepolicy","twitter_misc":{"Est. tempo de leitura":"1 minuto"},"schema":{"@context":"https:\/\/schema.org","@graph":[{"@type":"WebPage","@id":"https:\/\/www.climatepolicyinitiative.org\/pt-br\/apoio-a-formuladores-de-politicas-e-investidores-na-transicao-energetica\/","url":"https:\/\/www.climatepolicyinitiative.org\/pt-br\/apoio-a-formuladores-de-politicas-e-investidores-na-transicao-energetica\/","name":"Apoio a formuladores de pol\u00edticas e investidores na transi\u00e7\u00e3o energ\u00e9tica - CPI","isPartOf":{"@id":"https:\/\/www.climatepolicyinitiative.org\/pt-br\/#website"},"primaryImageOfPage":{"@id":"https:\/\/www.climatepolicyinitiative.org\/pt-br\/apoio-a-formuladores-de-politicas-e-investidores-na-transicao-energetica\/#primaryimage"},"image":{"@id":"https:\/\/www.climatepolicyinitiative.org\/pt-br\/apoio-a-formuladores-de-politicas-e-investidores-na-transicao-energetica\/#primaryimage"},"thumbnailUrl":"https:\/\/www.climatepolicyinitiative.org\/wp-content\/uploads\/2020\/07\/Turbines-cropped.jpg","datePublished":"2020-07-14T09:21:14+00:00","dateModified":"2024-11-12T11:21:49+00:00","breadcrumb":{"@id":"https:\/\/www.climatepolicyinitiative.org\/pt-br\/apoio-a-formuladores-de-politicas-e-investidores-na-transicao-energetica\/#breadcrumb"},"inLanguage":"pt-BR","potentialAction":[{"@type":"ReadAction","target":["https:\/\/www.climatepolicyinitiative.org\/pt-br\/apoio-a-formuladores-de-politicas-e-investidores-na-transicao-energetica\/"]}]},{"@type":"ImageObject","inLanguage":"pt-BR","@id":"https:\/\/www.climatepolicyinitiative.org\/pt-br\/apoio-a-formuladores-de-politicas-e-investidores-na-transicao-energetica\/#primaryimage","url":"https:\/\/www.climatepolicyinitiative.org\/wp-content\/uploads\/2020\/07\/Turbines-cropped.jpg","contentUrl":"https:\/\/www.climatepolicyinitiative.org\/wp-content\/uploads\/2020\/07\/Turbines-cropped.jpg","width":9252,"height":5880},{"@type":"BreadcrumbList","@id":"https:\/\/www.climatepolicyinitiative.org\/pt-br\/apoio-a-formuladores-de-politicas-e-investidores-na-transicao-energetica\/#breadcrumb","itemListElement":[{"@type":"ListItem","position":1,"name":"Home","item":"https:\/\/www.climatepolicyinitiative.org\/pt-br\/"},{"@type":"ListItem","position":2,"name":"Apoio a formuladores de pol\u00edticas e investidores na transi\u00e7\u00e3o energ\u00e9tica"}]},{"@type":"WebSite","@id":"https:\/\/www.climatepolicyinitiative.org\/pt-br\/#website","url":"https:\/\/www.climatepolicyinitiative.org\/pt-br\/","name":"CPI","description":"Climate Policy Initiative works to improve the most important energy and land use policies around the world, with a particular focus on finance.","publisher":{"@id":"https:\/\/www.climatepolicyinitiative.org\/pt-br\/#organization"},"potentialAction":[{"@type":"SearchAction","target":{"@type":"EntryPoint","urlTemplate":"https:\/\/www.climatepolicyinitiative.org\/pt-br\/?s={search_term_string}"},"query-input":{"@type":"PropertyValueSpecification","valueRequired":true,"valueName":"search_term_string"}}],"inLanguage":"pt-BR"},{"@type":"Organization","@id":"https:\/\/www.climatepolicyinitiative.org\/pt-br\/#organization","name":"Climate Policy Initiative","url":"https:\/\/www.climatepolicyinitiative.org\/pt-br\/","logo":{"@type":"ImageObject","inLanguage":"pt-BR","@id":"https:\/\/www.climatepolicyinitiative.org\/pt-br\/#\/schema\/logo\/image\/","url":"https:\/\/www.climatepolicyinitiative.org\/wp-content\/uploads\/2021\/07\/CPI_logo_cmyk_transparent.png","contentUrl":"https:\/\/www.climatepolicyinitiative.org\/wp-content\/uploads\/2021\/07\/CPI_logo_cmyk_transparent.png","width":1728,"height":720,"caption":"Climate Policy Initiative"},"image":{"@id":"https:\/\/www.climatepolicyinitiative.org\/pt-br\/#\/schema\/logo\/image\/"},"sameAs":["https:\/\/www.facebook.com\/ClimatePolicyInitiative","https:\/\/x.com\/climatepolicy","https:\/\/www.linkedin.com\/company\/climate-policy-initiative\/?lipi=urn:li:page:d_flagship3_search_srp_all;GvyQ8DliSYaW9eZhdq8RBQ==","https:\/\/www.youtube.com\/channel\/UCE8V0iDgBU8mreZdBegVCcA","https:\/\/en.wikipedia.org\/wiki\/Climate_Policy_Initiative"]}]}},"_links":{"self":[{"href":"https:\/\/www.climatepolicyinitiative.org\/pt-br\/wp-json\/wp\/v2\/pages\/30208","targetHints":{"allow":["GET"]}}],"collection":[{"href":"https:\/\/www.climatepolicyinitiative.org\/pt-br\/wp-json\/wp\/v2\/pages"}],"about":[{"href":"https:\/\/www.climatepolicyinitiative.org\/pt-br\/wp-json\/wp\/v2\/types\/page"}],"author":[{"embeddable":true,"href":"https:\/\/www.climatepolicyinitiative.org\/pt-br\/wp-json\/wp\/v2\/users\/132"}],"replies":[{"embeddable":true,"href":"https:\/\/www.climatepolicyinitiative.org\/pt-br\/wp-json\/wp\/v2\/comments?post=30208"}],"version-history":[{"count":0,"href":"https:\/\/www.climatepolicyinitiative.org\/pt-br\/wp-json\/wp\/v2\/pages\/30208\/revisions"}],"wp:featuredmedia":[{"embeddable":true,"href":"https:\/\/www.climatepolicyinitiative.org\/pt-br\/wp-json\/wp\/v2\/media\/29745"}],"wp:attachment":[{"href":"https:\/\/www.climatepolicyinitiative.org\/pt-br\/wp-json\/wp\/v2\/media?parent=30208"}],"wp:term":[{"taxonomy":"programs","embeddable":true,"href":"https:\/\/www.climatepolicyinitiative.org\/pt-br\/wp-json\/wp\/v2\/programs?post=30208"},{"taxonomy":"regions","embeddable":true,"href":"https:\/\/www.climatepolicyinitiative.org\/pt-br\/wp-json\/wp\/v2\/regions?post=30208"},{"taxonomy":"topics","embeddable":true,"href":"https:\/\/www.climatepolicyinitiative.org\/pt-br\/wp-json\/wp\/v2\/topics?post=30208"},{"taxonomy":"collaborations","embeddable":true,"href":"https:\/\/www.climatepolicyinitiative.org\/pt-br\/wp-json\/wp\/v2\/collaborations?post=30208"}],"curies":[{"name":"wp","href":"https:\/\/api.w.org\/{rel}","templated":true}]}}