{"id":30069,"date":"2020-07-08T19:55:20","date_gmt":"2020-07-08T19:55:20","guid":{"rendered":"http:\/\/climatepolicyinitiative.org\/colaboracoes\/the-cities-climate-finance-leadership-alliance\/"},"modified":"2026-02-18T05:50:27","modified_gmt":"2026-02-18T05:50:27","slug":"the-cities-climate-finance-leadership-alliance","status":"publish","type":"page","link":"https:\/\/www.climatepolicyinitiative.org\/pt-br\/programas\/the-cities-climate-finance-leadership-alliance\/","title":{"rendered":"Cities Climate Finance Leadership Alliance"},"content":{"rendered":"\n<p>O CPI faz a gest\u00e3o da Cities Climate Finance Leadership Alliance (a Alian\u00e7a), a principal coaliz\u00e3o multin\u00edvel e  multilateral com o objetivo de diminuir o d\u00e9ficit de investimentos em projetos de infraestrutura urbanos e clim\u00e1ticos subnacionais em todo o mundo.<\/p>\n\n\n\n<p>A Alian\u00e7a fornece uma plataforma para agregar e trocar conhecimento entre todos os atores relevantes dedicados ao desenvolvimento urbano, a\u00e7\u00e3o clim\u00e1tica e finan\u00e7as.<\/p>\n\n\n\n<p class=\"has-text-align-left\">Os mais de 55 membros da Alian\u00e7a incluem institui\u00e7\u00f5es financeiras p\u00fablicas e privadas, governos, organiza\u00e7\u00f5es internacionais, ONGs, grupos de pesquisa e redes que representam a maioria das maiores cidades do mundo.\n\n<span class=\"button\"><a href=\"https:\/\/www.citiesclimatefinance.org\/\" target=\"_blank\" rel=\"noreferrer noopener\" aria-label=\"undefined (opens in a new tab)\">VISITE O SITE DA ALIAN\u00c7A<\/a><\/span><\/p>\n","protected":false},"excerpt":{"rendered":"<p>O CPI faz a gest\u00e3o da Cities Climate Finance Leadership Alliance (a Alian\u00e7a), a principal coaliz\u00e3o multin\u00edvel e multilateral com o objetivo de diminuir o d\u00e9ficit de investimentos em projetos de infraestrutura urbanos e clim\u00e1ticos subnacionais em todo o mundo. A Alian\u00e7a fornece uma plataforma para agregar e trocar conhecimento entre todos os atores relevantes [&hellip;]<\/p>\n","protected":false},"author":245,"featured_media":31845,"parent":29691,"menu_order":0,"comment_status":"closed","ping_status":"closed","template":"templates\/landing.php","meta":{"_acf_changed":false,"footnotes":""},"programs":[1358],"regions":[],"topics":[],"collaborations":[],"class_list":["post-30069","page","type-page","status-publish","format-standard","has-post-thumbnail","hentry","programs-cities-climate-finance-leadership-alliance"],"acf":[],"yoast_head":"<!-- This site is optimized with the Yoast SEO plugin v27.3 - https:\/\/yoast.com\/product\/yoast-seo-wordpress\/ -->\n<title>Cities Climate Finance Leadership Alliance - CPI<\/title>\n<meta name=\"robots\" content=\"index, follow, max-snippet:-1, max-image-preview:large, max-video-preview:-1\" \/>\n<link rel=\"canonical\" href=\"https:\/\/www.climatepolicyinitiative.org\/pt-br\/programas\/the-cities-climate-finance-leadership-alliance\/\" \/>\n<meta property=\"og:locale\" content=\"pt_BR\" \/>\n<meta property=\"og:type\" content=\"article\" \/>\n<meta property=\"og:title\" content=\"Cities Climate Finance Leadership Alliance - CPI\" \/>\n<meta property=\"og:description\" content=\"O CPI faz a gest\u00e3o da Cities Climate Finance Leadership Alliance (a Alian\u00e7a), a principal coaliz\u00e3o multin\u00edvel e multilateral com o objetivo de diminuir o d\u00e9ficit de investimentos em projetos de infraestrutura urbanos e clim\u00e1ticos subnacionais em todo o mundo. A Alian\u00e7a fornece uma plataforma para agregar e trocar conhecimento entre todos os atores relevantes [&hellip;]\" \/>\n<meta property=\"og:url\" content=\"https:\/\/www.climatepolicyinitiative.org\/pt-br\/programas\/the-cities-climate-finance-leadership-alliance\/\" \/>\n<meta property=\"og:site_name\" content=\"CPI\" \/>\n<meta property=\"article:publisher\" content=\"https:\/\/www.facebook.com\/ClimatePolicyInitiative\" \/>\n<meta property=\"article:modified_time\" content=\"2026-02-18T05:50:27+00:00\" \/>\n<meta property=\"og:image\" content=\"https:\/\/www.climatepolicyinitiative.org\/wp-content\/uploads\/2020\/09\/CCFLA_hero.png\" \/>\n\t<meta property=\"og:image:width\" content=\"817\" \/>\n\t<meta property=\"og:image:height\" content=\"669\" \/>\n\t<meta property=\"og:image:type\" content=\"image\/png\" \/>\n<meta name=\"twitter:card\" content=\"summary_large_image\" \/>\n<meta name=\"twitter:site\" content=\"@climatepolicy\" \/>\n<meta name=\"twitter:label1\" content=\"Est. tempo de leitura\" \/>\n\t<meta name=\"twitter:data1\" content=\"1 minuto\" \/>\n<script type=\"application\/ld+json\" class=\"yoast-schema-graph\">{\"@context\":\"https:\\\/\\\/schema.org\",\"@graph\":[{\"@type\":\"WebPage\",\"@id\":\"https:\\\/\\\/www.climatepolicyinitiative.org\\\/pt-br\\\/programas\\\/the-cities-climate-finance-leadership-alliance\\\/\",\"url\":\"https:\\\/\\\/www.climatepolicyinitiative.org\\\/pt-br\\\/programas\\\/the-cities-climate-finance-leadership-alliance\\\/\",\"name\":\"Cities Climate Finance Leadership Alliance - CPI\",\"isPartOf\":{\"@id\":\"https:\\\/\\\/www.climatepolicyinitiative.org\\\/pt-br\\\/#website\"},\"primaryImageOfPage\":{\"@id\":\"https:\\\/\\\/www.climatepolicyinitiative.org\\\/pt-br\\\/programas\\\/the-cities-climate-finance-leadership-alliance\\\/#primaryimage\"},\"image\":{\"@id\":\"https:\\\/\\\/www.climatepolicyinitiative.org\\\/pt-br\\\/programas\\\/the-cities-climate-finance-leadership-alliance\\\/#primaryimage\"},\"thumbnailUrl\":\"https:\\\/\\\/www.climatepolicyinitiative.org\\\/wp-content\\\/uploads\\\/2020\\\/09\\\/CCFLA_hero.png\",\"datePublished\":\"2020-07-08T19:55:20+00:00\",\"dateModified\":\"2026-02-18T05:50:27+00:00\",\"breadcrumb\":{\"@id\":\"https:\\\/\\\/www.climatepolicyinitiative.org\\\/pt-br\\\/programas\\\/the-cities-climate-finance-leadership-alliance\\\/#breadcrumb\"},\"inLanguage\":\"pt-BR\",\"potentialAction\":[{\"@type\":\"ReadAction\",\"target\":[\"https:\\\/\\\/www.climatepolicyinitiative.org\\\/pt-br\\\/programas\\\/the-cities-climate-finance-leadership-alliance\\\/\"]}]},{\"@type\":\"ImageObject\",\"inLanguage\":\"pt-BR\",\"@id\":\"https:\\\/\\\/www.climatepolicyinitiative.org\\\/pt-br\\\/programas\\\/the-cities-climate-finance-leadership-alliance\\\/#primaryimage\",\"url\":\"https:\\\/\\\/www.climatepolicyinitiative.org\\\/wp-content\\\/uploads\\\/2020\\\/09\\\/CCFLA_hero.png\",\"contentUrl\":\"https:\\\/\\\/www.climatepolicyinitiative.org\\\/wp-content\\\/uploads\\\/2020\\\/09\\\/CCFLA_hero.png\",\"width\":817,\"height\":669},{\"@type\":\"BreadcrumbList\",\"@id\":\"https:\\\/\\\/www.climatepolicyinitiative.org\\\/pt-br\\\/programas\\\/the-cities-climate-finance-leadership-alliance\\\/#breadcrumb\",\"itemListElement\":[{\"@type\":\"ListItem\",\"position\":1,\"name\":\"Home\",\"item\":\"https:\\\/\\\/www.climatepolicyinitiative.org\\\/pt-br\\\/\"},{\"@type\":\"ListItem\",\"position\":2,\"name\":\"Programas\",\"item\":\"https:\\\/\\\/www.climatepolicyinitiative.org\\\/pt-br\\\/programas\\\/\"},{\"@type\":\"ListItem\",\"position\":3,\"name\":\"Cities Climate Finance Leadership Alliance\"}]},{\"@type\":\"WebSite\",\"@id\":\"https:\\\/\\\/www.climatepolicyinitiative.org\\\/pt-br\\\/#website\",\"url\":\"https:\\\/\\\/www.climatepolicyinitiative.org\\\/pt-br\\\/\",\"name\":\"CPI\",\"description\":\"Climate Policy Initiative works to improve the most important energy and land use policies around the world, with a particular focus on finance.\",\"publisher\":{\"@id\":\"https:\\\/\\\/www.climatepolicyinitiative.org\\\/pt-br\\\/#organization\"},\"potentialAction\":[{\"@type\":\"SearchAction\",\"target\":{\"@type\":\"EntryPoint\",\"urlTemplate\":\"https:\\\/\\\/www.climatepolicyinitiative.org\\\/pt-br\\\/?s={search_term_string}\"},\"query-input\":{\"@type\":\"PropertyValueSpecification\",\"valueRequired\":true,\"valueName\":\"search_term_string\"}}],\"inLanguage\":\"pt-BR\"},{\"@type\":\"Organization\",\"@id\":\"https:\\\/\\\/www.climatepolicyinitiative.org\\\/pt-br\\\/#organization\",\"name\":\"Climate Policy Initiative\",\"url\":\"https:\\\/\\\/www.climatepolicyinitiative.org\\\/pt-br\\\/\",\"logo\":{\"@type\":\"ImageObject\",\"inLanguage\":\"pt-BR\",\"@id\":\"https:\\\/\\\/www.climatepolicyinitiative.org\\\/pt-br\\\/#\\\/schema\\\/logo\\\/image\\\/\",\"url\":\"https:\\\/\\\/www.climatepolicyinitiative.org\\\/wp-content\\\/uploads\\\/2021\\\/07\\\/CPI_logo_cmyk_transparent.png\",\"contentUrl\":\"https:\\\/\\\/www.climatepolicyinitiative.org\\\/wp-content\\\/uploads\\\/2021\\\/07\\\/CPI_logo_cmyk_transparent.png\",\"width\":1728,\"height\":720,\"caption\":\"Climate Policy Initiative\"},\"image\":{\"@id\":\"https:\\\/\\\/www.climatepolicyinitiative.org\\\/pt-br\\\/#\\\/schema\\\/logo\\\/image\\\/\"},\"sameAs\":[\"https:\\\/\\\/www.facebook.com\\\/ClimatePolicyInitiative\",\"https:\\\/\\\/x.com\\\/climatepolicy\",\"https:\\\/\\\/www.linkedin.com\\\/company\\\/climate-policy-initiative\\\/?lipi=urn:li:page:d_flagship3_search_srp_all;GvyQ8DliSYaW9eZhdq8RBQ==\",\"https:\\\/\\\/www.youtube.com\\\/channel\\\/UCE8V0iDgBU8mreZdBegVCcA\",\"https:\\\/\\\/en.wikipedia.org\\\/wiki\\\/Climate_Policy_Initiative\"]}]}<\/script>\n<!-- \/ Yoast SEO plugin. -->","yoast_head_json":{"title":"Cities Climate Finance Leadership Alliance - CPI","robots":{"index":"index","follow":"follow","max-snippet":"max-snippet:-1","max-image-preview":"max-image-preview:large","max-video-preview":"max-video-preview:-1"},"canonical":"https:\/\/www.climatepolicyinitiative.org\/pt-br\/programas\/the-cities-climate-finance-leadership-alliance\/","og_locale":"pt_BR","og_type":"article","og_title":"Cities Climate Finance Leadership Alliance - CPI","og_description":"O CPI faz a gest\u00e3o da Cities Climate Finance Leadership Alliance (a Alian\u00e7a), a principal coaliz\u00e3o multin\u00edvel e multilateral com o objetivo de diminuir o d\u00e9ficit de investimentos em projetos de infraestrutura urbanos e clim\u00e1ticos subnacionais em todo o mundo. A Alian\u00e7a fornece uma plataforma para agregar e trocar conhecimento entre todos os atores relevantes [&hellip;]","og_url":"https:\/\/www.climatepolicyinitiative.org\/pt-br\/programas\/the-cities-climate-finance-leadership-alliance\/","og_site_name":"CPI","article_publisher":"https:\/\/www.facebook.com\/ClimatePolicyInitiative","article_modified_time":"2026-02-18T05:50:27+00:00","og_image":[{"width":817,"height":669,"url":"https:\/\/www.climatepolicyinitiative.org\/wp-content\/uploads\/2020\/09\/CCFLA_hero.png","type":"image\/png"}],"twitter_card":"summary_large_image","twitter_site":"@climatepolicy","twitter_misc":{"Est. tempo de leitura":"1 minuto"},"schema":{"@context":"https:\/\/schema.org","@graph":[{"@type":"WebPage","@id":"https:\/\/www.climatepolicyinitiative.org\/pt-br\/programas\/the-cities-climate-finance-leadership-alliance\/","url":"https:\/\/www.climatepolicyinitiative.org\/pt-br\/programas\/the-cities-climate-finance-leadership-alliance\/","name":"Cities Climate Finance Leadership Alliance - CPI","isPartOf":{"@id":"https:\/\/www.climatepolicyinitiative.org\/pt-br\/#website"},"primaryImageOfPage":{"@id":"https:\/\/www.climatepolicyinitiative.org\/pt-br\/programas\/the-cities-climate-finance-leadership-alliance\/#primaryimage"},"image":{"@id":"https:\/\/www.climatepolicyinitiative.org\/pt-br\/programas\/the-cities-climate-finance-leadership-alliance\/#primaryimage"},"thumbnailUrl":"https:\/\/www.climatepolicyinitiative.org\/wp-content\/uploads\/2020\/09\/CCFLA_hero.png","datePublished":"2020-07-08T19:55:20+00:00","dateModified":"2026-02-18T05:50:27+00:00","breadcrumb":{"@id":"https:\/\/www.climatepolicyinitiative.org\/pt-br\/programas\/the-cities-climate-finance-leadership-alliance\/#breadcrumb"},"inLanguage":"pt-BR","potentialAction":[{"@type":"ReadAction","target":["https:\/\/www.climatepolicyinitiative.org\/pt-br\/programas\/the-cities-climate-finance-leadership-alliance\/"]}]},{"@type":"ImageObject","inLanguage":"pt-BR","@id":"https:\/\/www.climatepolicyinitiative.org\/pt-br\/programas\/the-cities-climate-finance-leadership-alliance\/#primaryimage","url":"https:\/\/www.climatepolicyinitiative.org\/wp-content\/uploads\/2020\/09\/CCFLA_hero.png","contentUrl":"https:\/\/www.climatepolicyinitiative.org\/wp-content\/uploads\/2020\/09\/CCFLA_hero.png","width":817,"height":669},{"@type":"BreadcrumbList","@id":"https:\/\/www.climatepolicyinitiative.org\/pt-br\/programas\/the-cities-climate-finance-leadership-alliance\/#breadcrumb","itemListElement":[{"@type":"ListItem","position":1,"name":"Home","item":"https:\/\/www.climatepolicyinitiative.org\/pt-br\/"},{"@type":"ListItem","position":2,"name":"Programas","item":"https:\/\/www.climatepolicyinitiative.org\/pt-br\/programas\/"},{"@type":"ListItem","position":3,"name":"Cities Climate Finance Leadership Alliance"}]},{"@type":"WebSite","@id":"https:\/\/www.climatepolicyinitiative.org\/pt-br\/#website","url":"https:\/\/www.climatepolicyinitiative.org\/pt-br\/","name":"CPI","description":"Climate Policy Initiative works to improve the most important energy and land use policies around the world, with a particular focus on finance.","publisher":{"@id":"https:\/\/www.climatepolicyinitiative.org\/pt-br\/#organization"},"potentialAction":[{"@type":"SearchAction","target":{"@type":"EntryPoint","urlTemplate":"https:\/\/www.climatepolicyinitiative.org\/pt-br\/?s={search_term_string}"},"query-input":{"@type":"PropertyValueSpecification","valueRequired":true,"valueName":"search_term_string"}}],"inLanguage":"pt-BR"},{"@type":"Organization","@id":"https:\/\/www.climatepolicyinitiative.org\/pt-br\/#organization","name":"Climate Policy Initiative","url":"https:\/\/www.climatepolicyinitiative.org\/pt-br\/","logo":{"@type":"ImageObject","inLanguage":"pt-BR","@id":"https:\/\/www.climatepolicyinitiative.org\/pt-br\/#\/schema\/logo\/image\/","url":"https:\/\/www.climatepolicyinitiative.org\/wp-content\/uploads\/2021\/07\/CPI_logo_cmyk_transparent.png","contentUrl":"https:\/\/www.climatepolicyinitiative.org\/wp-content\/uploads\/2021\/07\/CPI_logo_cmyk_transparent.png","width":1728,"height":720,"caption":"Climate Policy Initiative"},"image":{"@id":"https:\/\/www.climatepolicyinitiative.org\/pt-br\/#\/schema\/logo\/image\/"},"sameAs":["https:\/\/www.facebook.com\/ClimatePolicyInitiative","https:\/\/x.com\/climatepolicy","https:\/\/www.linkedin.com\/company\/climate-policy-initiative\/?lipi=urn:li:page:d_flagship3_search_srp_all;GvyQ8DliSYaW9eZhdq8RBQ==","https:\/\/www.youtube.com\/channel\/UCE8V0iDgBU8mreZdBegVCcA","https:\/\/en.wikipedia.org\/wiki\/Climate_Policy_Initiative"]}]}},"_links":{"self":[{"href":"https:\/\/www.climatepolicyinitiative.org\/pt-br\/wp-json\/wp\/v2\/pages\/30069","targetHints":{"allow":["GET"]}}],"collection":[{"href":"https:\/\/www.climatepolicyinitiative.org\/pt-br\/wp-json\/wp\/v2\/pages"}],"about":[{"href":"https:\/\/www.climatepolicyinitiative.org\/pt-br\/wp-json\/wp\/v2\/types\/page"}],"author":[{"embeddable":true,"href":"https:\/\/www.climatepolicyinitiative.org\/pt-br\/wp-json\/wp\/v2\/users\/245"}],"replies":[{"embeddable":true,"href":"https:\/\/www.climatepolicyinitiative.org\/pt-br\/wp-json\/wp\/v2\/comments?post=30069"}],"version-history":[{"count":1,"href":"https:\/\/www.climatepolicyinitiative.org\/pt-br\/wp-json\/wp\/v2\/pages\/30069\/revisions"}],"predecessor-version":[{"id":116624,"href":"https:\/\/www.climatepolicyinitiative.org\/pt-br\/wp-json\/wp\/v2\/pages\/30069\/revisions\/116624"}],"up":[{"embeddable":true,"href":"https:\/\/www.climatepolicyinitiative.org\/pt-br\/wp-json\/wp\/v2\/pages\/29691"}],"wp:featuredmedia":[{"embeddable":true,"href":"https:\/\/www.climatepolicyinitiative.org\/pt-br\/wp-json\/wp\/v2\/media\/31845"}],"wp:attachment":[{"href":"https:\/\/www.climatepolicyinitiative.org\/pt-br\/wp-json\/wp\/v2\/media?parent=30069"}],"wp:term":[{"taxonomy":"programs","embeddable":true,"href":"https:\/\/www.climatepolicyinitiative.org\/pt-br\/wp-json\/wp\/v2\/programs?post=30069"},{"taxonomy":"regions","embeddable":true,"href":"https:\/\/www.climatepolicyinitiative.org\/pt-br\/wp-json\/wp\/v2\/regions?post=30069"},{"taxonomy":"topics","embeddable":true,"href":"https:\/\/www.climatepolicyinitiative.org\/pt-br\/wp-json\/wp\/v2\/topics?post=30069"},{"taxonomy":"collaborations","embeddable":true,"href":"https:\/\/www.climatepolicyinitiative.org\/pt-br\/wp-json\/wp\/v2\/collaborations?post=30069"}],"curies":[{"name":"wp","href":"https:\/\/api.w.org\/{rel}","templated":true}]}}