{"id":30060,"date":"2020-07-06T18:33:09","date_gmt":"2020-07-06T18:33:09","guid":{"rendered":"http:\/\/climatepolicyinitiative.org\/colaboracoes\/the-global-innovation-lab-for-climate-finance\/"},"modified":"2026-02-18T05:50:46","modified_gmt":"2026-02-18T05:50:46","slug":"the-global-innovation-lab-for-climate-finance","status":"publish","type":"page","link":"https:\/\/www.climatepolicyinitiative.org\/pt-br\/programas\/the-global-innovation-lab-for-climate-finance\/","title":{"rendered":"Global Innovation Lab for Climate Finance"},"content":{"rendered":"\n<p>O <strong>Global Innovation Lab for Climate Finance<\/strong> identifica, desenvolve e lan\u00e7a instrumentos financeiros inovadores que podem atrair bilh\u00f5es em investimentos privados para a\u00e7\u00f5es de mitiga\u00e7\u00e3o e adapta\u00e7\u00e3o \u00e0s mudan\u00e7as clim\u00e1ticas e desenvolvimento sustent\u00e1vel.<\/p>\n\n\n\n<p>O Lab \u00e9 liderado por <a href=\"https:\/\/www.climatefinancelab.org\/network\/\">seus membros<\/a>, que incluem mais de cem institui\u00e7\u00f5es governamentais, financeiras, filantr\u00f3picas e privadas. \u00a0Climate Policy Initiative faz a gest\u00e3o do Lab e \u00e9 respons\u00e1vel pela an\u00e1lise t\u00e9cnica dos instrumentos.<\/p>\n\n\n\n<p>Desde 2014, o Lab lan\u00e7ou 680 solu\u00e7\u00f5es que mobilizaram mais de US$ 4 bilh\u00f5es para enfrentar com as mudan\u00e7as clim\u00e1ticas.<\/p>\n\n\n\n<p><a href=\"https:\/\/www.climatefinancelab.org\/\" target=\"_blank\" rel=\"noreferrer noopener\"><span class=\"button\">VISITE O SITE DO LAB<\/span><\/a><\/p>\n\n\n\n<div class=\"wp-block-buttons is-layout-flex wp-block-buttons-is-layout-flex\"><\/div>\n\n\n\n<p><\/p>\n","protected":false},"excerpt":{"rendered":"<p>O Global Innovation Lab for Climate Finance identifica, desenvolve e lan\u00e7a instrumentos financeiros inovadores que podem atrair bilh\u00f5es em investimentos privados para a\u00e7\u00f5es de mitiga\u00e7\u00e3o e adapta\u00e7\u00e3o \u00e0s mudan\u00e7as clim\u00e1ticas e desenvolvimento sustent\u00e1vel. O Lab \u00e9 liderado por seus membros, que incluem mais de cem institui\u00e7\u00f5es governamentais, financeiras, filantr\u00f3picas e privadas. \u00a0Climate Policy Initiative faz [&hellip;]<\/p>\n","protected":false},"author":206,"featured_media":31854,"parent":29691,"menu_order":0,"comment_status":"closed","ping_status":"closed","template":"templates\/landing.php","meta":{"_acf_changed":false,"footnotes":""},"programs":[1360],"regions":[],"topics":[],"collaborations":[],"class_list":["post-30060","page","type-page","status-publish","format-standard","has-post-thumbnail","hentry","programs-lab-de-inovacoes-globais-para-financiamento-climatico"],"acf":[],"yoast_head":"<!-- This site is optimized with the Yoast SEO plugin v27.3 - https:\/\/yoast.com\/product\/yoast-seo-wordpress\/ -->\n<title>Global Innovation Lab for Climate Finance - CPI<\/title>\n<meta name=\"robots\" content=\"index, follow, max-snippet:-1, max-image-preview:large, max-video-preview:-1\" \/>\n<link rel=\"canonical\" href=\"https:\/\/www.climatepolicyinitiative.org\/pt-br\/programas\/the-global-innovation-lab-for-climate-finance\/\" \/>\n<meta property=\"og:locale\" content=\"pt_BR\" \/>\n<meta property=\"og:type\" content=\"article\" \/>\n<meta property=\"og:title\" content=\"Global Innovation Lab for Climate Finance - CPI\" \/>\n<meta property=\"og:description\" content=\"O Global Innovation Lab for Climate Finance identifica, desenvolve e lan\u00e7a instrumentos financeiros inovadores que podem atrair bilh\u00f5es em investimentos privados para a\u00e7\u00f5es de mitiga\u00e7\u00e3o e adapta\u00e7\u00e3o \u00e0s mudan\u00e7as clim\u00e1ticas e desenvolvimento sustent\u00e1vel. O Lab \u00e9 liderado por seus membros, que incluem mais de cem institui\u00e7\u00f5es governamentais, financeiras, filantr\u00f3picas e privadas. \u00a0Climate Policy Initiative faz [&hellip;]\" \/>\n<meta property=\"og:url\" content=\"https:\/\/www.climatepolicyinitiative.org\/pt-br\/programas\/the-global-innovation-lab-for-climate-finance\/\" \/>\n<meta property=\"og:site_name\" content=\"CPI\" \/>\n<meta property=\"article:publisher\" content=\"https:\/\/www.facebook.com\/ClimatePolicyInitiative\" \/>\n<meta property=\"article:modified_time\" content=\"2026-02-18T05:50:46+00:00\" \/>\n<meta property=\"og:image\" content=\"https:\/\/www.climatepolicyinitiative.org\/wp-content\/uploads\/2020\/09\/LAB-hero.png\" \/>\n\t<meta property=\"og:image:width\" content=\"817\" \/>\n\t<meta property=\"og:image:height\" content=\"669\" \/>\n\t<meta property=\"og:image:type\" content=\"image\/png\" \/>\n<meta name=\"twitter:card\" content=\"summary_large_image\" \/>\n<meta name=\"twitter:site\" content=\"@climatepolicy\" \/>\n<meta name=\"twitter:label1\" content=\"Est. tempo de leitura\" \/>\n\t<meta name=\"twitter:data1\" content=\"1 minuto\" \/>\n<script type=\"application\/ld+json\" class=\"yoast-schema-graph\">{\"@context\":\"https:\\\/\\\/schema.org\",\"@graph\":[{\"@type\":\"WebPage\",\"@id\":\"https:\\\/\\\/www.climatepolicyinitiative.org\\\/pt-br\\\/programas\\\/the-global-innovation-lab-for-climate-finance\\\/\",\"url\":\"https:\\\/\\\/www.climatepolicyinitiative.org\\\/pt-br\\\/programas\\\/the-global-innovation-lab-for-climate-finance\\\/\",\"name\":\"Global Innovation Lab for Climate Finance - CPI\",\"isPartOf\":{\"@id\":\"https:\\\/\\\/www.climatepolicyinitiative.org\\\/pt-br\\\/#website\"},\"primaryImageOfPage\":{\"@id\":\"https:\\\/\\\/www.climatepolicyinitiative.org\\\/pt-br\\\/programas\\\/the-global-innovation-lab-for-climate-finance\\\/#primaryimage\"},\"image\":{\"@id\":\"https:\\\/\\\/www.climatepolicyinitiative.org\\\/pt-br\\\/programas\\\/the-global-innovation-lab-for-climate-finance\\\/#primaryimage\"},\"thumbnailUrl\":\"https:\\\/\\\/www.climatepolicyinitiative.org\\\/wp-content\\\/uploads\\\/2020\\\/09\\\/LAB-hero.png\",\"datePublished\":\"2020-07-06T18:33:09+00:00\",\"dateModified\":\"2026-02-18T05:50:46+00:00\",\"breadcrumb\":{\"@id\":\"https:\\\/\\\/www.climatepolicyinitiative.org\\\/pt-br\\\/programas\\\/the-global-innovation-lab-for-climate-finance\\\/#breadcrumb\"},\"inLanguage\":\"pt-BR\",\"potentialAction\":[{\"@type\":\"ReadAction\",\"target\":[\"https:\\\/\\\/www.climatepolicyinitiative.org\\\/pt-br\\\/programas\\\/the-global-innovation-lab-for-climate-finance\\\/\"]}]},{\"@type\":\"ImageObject\",\"inLanguage\":\"pt-BR\",\"@id\":\"https:\\\/\\\/www.climatepolicyinitiative.org\\\/pt-br\\\/programas\\\/the-global-innovation-lab-for-climate-finance\\\/#primaryimage\",\"url\":\"https:\\\/\\\/www.climatepolicyinitiative.org\\\/wp-content\\\/uploads\\\/2020\\\/09\\\/LAB-hero.png\",\"contentUrl\":\"https:\\\/\\\/www.climatepolicyinitiative.org\\\/wp-content\\\/uploads\\\/2020\\\/09\\\/LAB-hero.png\",\"width\":817,\"height\":669},{\"@type\":\"BreadcrumbList\",\"@id\":\"https:\\\/\\\/www.climatepolicyinitiative.org\\\/pt-br\\\/programas\\\/the-global-innovation-lab-for-climate-finance\\\/#breadcrumb\",\"itemListElement\":[{\"@type\":\"ListItem\",\"position\":1,\"name\":\"Home\",\"item\":\"https:\\\/\\\/www.climatepolicyinitiative.org\\\/pt-br\\\/\"},{\"@type\":\"ListItem\",\"position\":2,\"name\":\"Programas\",\"item\":\"https:\\\/\\\/www.climatepolicyinitiative.org\\\/pt-br\\\/programas\\\/\"},{\"@type\":\"ListItem\",\"position\":3,\"name\":\"Global Innovation Lab for Climate Finance\"}]},{\"@type\":\"WebSite\",\"@id\":\"https:\\\/\\\/www.climatepolicyinitiative.org\\\/pt-br\\\/#website\",\"url\":\"https:\\\/\\\/www.climatepolicyinitiative.org\\\/pt-br\\\/\",\"name\":\"CPI\",\"description\":\"Climate Policy Initiative works to improve the most important energy and land use policies around the world, with a particular focus on finance.\",\"publisher\":{\"@id\":\"https:\\\/\\\/www.climatepolicyinitiative.org\\\/pt-br\\\/#organization\"},\"potentialAction\":[{\"@type\":\"SearchAction\",\"target\":{\"@type\":\"EntryPoint\",\"urlTemplate\":\"https:\\\/\\\/www.climatepolicyinitiative.org\\\/pt-br\\\/?s={search_term_string}\"},\"query-input\":{\"@type\":\"PropertyValueSpecification\",\"valueRequired\":true,\"valueName\":\"search_term_string\"}}],\"inLanguage\":\"pt-BR\"},{\"@type\":\"Organization\",\"@id\":\"https:\\\/\\\/www.climatepolicyinitiative.org\\\/pt-br\\\/#organization\",\"name\":\"Climate Policy Initiative\",\"url\":\"https:\\\/\\\/www.climatepolicyinitiative.org\\\/pt-br\\\/\",\"logo\":{\"@type\":\"ImageObject\",\"inLanguage\":\"pt-BR\",\"@id\":\"https:\\\/\\\/www.climatepolicyinitiative.org\\\/pt-br\\\/#\\\/schema\\\/logo\\\/image\\\/\",\"url\":\"https:\\\/\\\/www.climatepolicyinitiative.org\\\/wp-content\\\/uploads\\\/2021\\\/07\\\/CPI_logo_cmyk_transparent.png\",\"contentUrl\":\"https:\\\/\\\/www.climatepolicyinitiative.org\\\/wp-content\\\/uploads\\\/2021\\\/07\\\/CPI_logo_cmyk_transparent.png\",\"width\":1728,\"height\":720,\"caption\":\"Climate Policy Initiative\"},\"image\":{\"@id\":\"https:\\\/\\\/www.climatepolicyinitiative.org\\\/pt-br\\\/#\\\/schema\\\/logo\\\/image\\\/\"},\"sameAs\":[\"https:\\\/\\\/www.facebook.com\\\/ClimatePolicyInitiative\",\"https:\\\/\\\/x.com\\\/climatepolicy\",\"https:\\\/\\\/www.linkedin.com\\\/company\\\/climate-policy-initiative\\\/?lipi=urn:li:page:d_flagship3_search_srp_all;GvyQ8DliSYaW9eZhdq8RBQ==\",\"https:\\\/\\\/www.youtube.com\\\/channel\\\/UCE8V0iDgBU8mreZdBegVCcA\",\"https:\\\/\\\/en.wikipedia.org\\\/wiki\\\/Climate_Policy_Initiative\"]}]}<\/script>\n<!-- \/ Yoast SEO plugin. -->","yoast_head_json":{"title":"Global Innovation Lab for Climate Finance - CPI","robots":{"index":"index","follow":"follow","max-snippet":"max-snippet:-1","max-image-preview":"max-image-preview:large","max-video-preview":"max-video-preview:-1"},"canonical":"https:\/\/www.climatepolicyinitiative.org\/pt-br\/programas\/the-global-innovation-lab-for-climate-finance\/","og_locale":"pt_BR","og_type":"article","og_title":"Global Innovation Lab for Climate Finance - CPI","og_description":"O Global Innovation Lab for Climate Finance identifica, desenvolve e lan\u00e7a instrumentos financeiros inovadores que podem atrair bilh\u00f5es em investimentos privados para a\u00e7\u00f5es de mitiga\u00e7\u00e3o e adapta\u00e7\u00e3o \u00e0s mudan\u00e7as clim\u00e1ticas e desenvolvimento sustent\u00e1vel. O Lab \u00e9 liderado por seus membros, que incluem mais de cem institui\u00e7\u00f5es governamentais, financeiras, filantr\u00f3picas e privadas. \u00a0Climate Policy Initiative faz [&hellip;]","og_url":"https:\/\/www.climatepolicyinitiative.org\/pt-br\/programas\/the-global-innovation-lab-for-climate-finance\/","og_site_name":"CPI","article_publisher":"https:\/\/www.facebook.com\/ClimatePolicyInitiative","article_modified_time":"2026-02-18T05:50:46+00:00","og_image":[{"width":817,"height":669,"url":"https:\/\/www.climatepolicyinitiative.org\/wp-content\/uploads\/2020\/09\/LAB-hero.png","type":"image\/png"}],"twitter_card":"summary_large_image","twitter_site":"@climatepolicy","twitter_misc":{"Est. tempo de leitura":"1 minuto"},"schema":{"@context":"https:\/\/schema.org","@graph":[{"@type":"WebPage","@id":"https:\/\/www.climatepolicyinitiative.org\/pt-br\/programas\/the-global-innovation-lab-for-climate-finance\/","url":"https:\/\/www.climatepolicyinitiative.org\/pt-br\/programas\/the-global-innovation-lab-for-climate-finance\/","name":"Global Innovation Lab for Climate Finance - CPI","isPartOf":{"@id":"https:\/\/www.climatepolicyinitiative.org\/pt-br\/#website"},"primaryImageOfPage":{"@id":"https:\/\/www.climatepolicyinitiative.org\/pt-br\/programas\/the-global-innovation-lab-for-climate-finance\/#primaryimage"},"image":{"@id":"https:\/\/www.climatepolicyinitiative.org\/pt-br\/programas\/the-global-innovation-lab-for-climate-finance\/#primaryimage"},"thumbnailUrl":"https:\/\/www.climatepolicyinitiative.org\/wp-content\/uploads\/2020\/09\/LAB-hero.png","datePublished":"2020-07-06T18:33:09+00:00","dateModified":"2026-02-18T05:50:46+00:00","breadcrumb":{"@id":"https:\/\/www.climatepolicyinitiative.org\/pt-br\/programas\/the-global-innovation-lab-for-climate-finance\/#breadcrumb"},"inLanguage":"pt-BR","potentialAction":[{"@type":"ReadAction","target":["https:\/\/www.climatepolicyinitiative.org\/pt-br\/programas\/the-global-innovation-lab-for-climate-finance\/"]}]},{"@type":"ImageObject","inLanguage":"pt-BR","@id":"https:\/\/www.climatepolicyinitiative.org\/pt-br\/programas\/the-global-innovation-lab-for-climate-finance\/#primaryimage","url":"https:\/\/www.climatepolicyinitiative.org\/wp-content\/uploads\/2020\/09\/LAB-hero.png","contentUrl":"https:\/\/www.climatepolicyinitiative.org\/wp-content\/uploads\/2020\/09\/LAB-hero.png","width":817,"height":669},{"@type":"BreadcrumbList","@id":"https:\/\/www.climatepolicyinitiative.org\/pt-br\/programas\/the-global-innovation-lab-for-climate-finance\/#breadcrumb","itemListElement":[{"@type":"ListItem","position":1,"name":"Home","item":"https:\/\/www.climatepolicyinitiative.org\/pt-br\/"},{"@type":"ListItem","position":2,"name":"Programas","item":"https:\/\/www.climatepolicyinitiative.org\/pt-br\/programas\/"},{"@type":"ListItem","position":3,"name":"Global Innovation Lab for Climate Finance"}]},{"@type":"WebSite","@id":"https:\/\/www.climatepolicyinitiative.org\/pt-br\/#website","url":"https:\/\/www.climatepolicyinitiative.org\/pt-br\/","name":"CPI","description":"Climate Policy Initiative works to improve the most important energy and land use policies around the world, with a particular focus on finance.","publisher":{"@id":"https:\/\/www.climatepolicyinitiative.org\/pt-br\/#organization"},"potentialAction":[{"@type":"SearchAction","target":{"@type":"EntryPoint","urlTemplate":"https:\/\/www.climatepolicyinitiative.org\/pt-br\/?s={search_term_string}"},"query-input":{"@type":"PropertyValueSpecification","valueRequired":true,"valueName":"search_term_string"}}],"inLanguage":"pt-BR"},{"@type":"Organization","@id":"https:\/\/www.climatepolicyinitiative.org\/pt-br\/#organization","name":"Climate Policy Initiative","url":"https:\/\/www.climatepolicyinitiative.org\/pt-br\/","logo":{"@type":"ImageObject","inLanguage":"pt-BR","@id":"https:\/\/www.climatepolicyinitiative.org\/pt-br\/#\/schema\/logo\/image\/","url":"https:\/\/www.climatepolicyinitiative.org\/wp-content\/uploads\/2021\/07\/CPI_logo_cmyk_transparent.png","contentUrl":"https:\/\/www.climatepolicyinitiative.org\/wp-content\/uploads\/2021\/07\/CPI_logo_cmyk_transparent.png","width":1728,"height":720,"caption":"Climate Policy Initiative"},"image":{"@id":"https:\/\/www.climatepolicyinitiative.org\/pt-br\/#\/schema\/logo\/image\/"},"sameAs":["https:\/\/www.facebook.com\/ClimatePolicyInitiative","https:\/\/x.com\/climatepolicy","https:\/\/www.linkedin.com\/company\/climate-policy-initiative\/?lipi=urn:li:page:d_flagship3_search_srp_all;GvyQ8DliSYaW9eZhdq8RBQ==","https:\/\/www.youtube.com\/channel\/UCE8V0iDgBU8mreZdBegVCcA","https:\/\/en.wikipedia.org\/wiki\/Climate_Policy_Initiative"]}]}},"_links":{"self":[{"href":"https:\/\/www.climatepolicyinitiative.org\/pt-br\/wp-json\/wp\/v2\/pages\/30060","targetHints":{"allow":["GET"]}}],"collection":[{"href":"https:\/\/www.climatepolicyinitiative.org\/pt-br\/wp-json\/wp\/v2\/pages"}],"about":[{"href":"https:\/\/www.climatepolicyinitiative.org\/pt-br\/wp-json\/wp\/v2\/types\/page"}],"author":[{"embeddable":true,"href":"https:\/\/www.climatepolicyinitiative.org\/pt-br\/wp-json\/wp\/v2\/users\/206"}],"replies":[{"embeddable":true,"href":"https:\/\/www.climatepolicyinitiative.org\/pt-br\/wp-json\/wp\/v2\/comments?post=30060"}],"version-history":[{"count":1,"href":"https:\/\/www.climatepolicyinitiative.org\/pt-br\/wp-json\/wp\/v2\/pages\/30060\/revisions"}],"predecessor-version":[{"id":116625,"href":"https:\/\/www.climatepolicyinitiative.org\/pt-br\/wp-json\/wp\/v2\/pages\/30060\/revisions\/116625"}],"up":[{"embeddable":true,"href":"https:\/\/www.climatepolicyinitiative.org\/pt-br\/wp-json\/wp\/v2\/pages\/29691"}],"wp:featuredmedia":[{"embeddable":true,"href":"https:\/\/www.climatepolicyinitiative.org\/pt-br\/wp-json\/wp\/v2\/media\/31854"}],"wp:attachment":[{"href":"https:\/\/www.climatepolicyinitiative.org\/pt-br\/wp-json\/wp\/v2\/media?parent=30060"}],"wp:term":[{"taxonomy":"programs","embeddable":true,"href":"https:\/\/www.climatepolicyinitiative.org\/pt-br\/wp-json\/wp\/v2\/programs?post=30060"},{"taxonomy":"regions","embeddable":true,"href":"https:\/\/www.climatepolicyinitiative.org\/pt-br\/wp-json\/wp\/v2\/regions?post=30060"},{"taxonomy":"topics","embeddable":true,"href":"https:\/\/www.climatepolicyinitiative.org\/pt-br\/wp-json\/wp\/v2\/topics?post=30060"},{"taxonomy":"collaborations","embeddable":true,"href":"https:\/\/www.climatepolicyinitiative.org\/pt-br\/wp-json\/wp\/v2\/collaborations?post=30060"}],"curies":[{"name":"wp","href":"https:\/\/api.w.org\/{rel}","templated":true}]}}