{"id":30022,"date":"2020-06-30T20:52:18","date_gmt":"2020-06-30T20:52:18","guid":{"rendered":"http:\/\/climatepolicyinitiative.org\/?page_id=30022"},"modified":"2026-02-18T06:47:23","modified_gmt":"2026-02-18T06:47:23","slug":"energia-renovaveis","status":"publish","type":"page","link":"https:\/\/www.climatepolicyinitiative.org\/pt-br\/agendas\/energia-renovaveis\/","title":{"rendered":"Energia Renov\u00e1vel"},"content":{"rendered":"\n<p>O acesso \u00e0 energia renov\u00e1vel ajuda a reduzir as emiss\u00f5es de gases de efeito estufa, diminuindo a depend\u00eancia de combust\u00edveis f\u00f3sseis, principalmente usinas de carv\u00e3o e geradores a diesel. Embora o setor de energia renov\u00e1vel ofere\u00e7a uma atraente oportunidade de investimento, existem barreiras aos investimentos.<\/p>\n\n\n\n<p>Por meio de nossos escrit\u00f3rios na \u00cdndia e na Indon\u00e9sia, influenciamos significativamente as pol\u00edticas governamentais relacionadas \u00e0 energia renov\u00e1vel. Nossa equipe na \u00cdndia trabalha com o Minist\u00e9rio de Energia Nova e Renov\u00e1vel, o Minist\u00e9rio das Finan\u00e7as e outros formuladores de pol\u00edticas para aumentar o investimento nas metas de energia renov\u00e1vel do pa\u00eds atrav\u00e9s de uma abordagem de tr\u00eas pilares: primeiro, entender os potenciais investidores e as barreiras que eles enfrentam; segundo, explorar solu\u00e7\u00f5es pol\u00edticas para essas barreiras; e terceiro, desenvolver solu\u00e7\u00f5es de instrumentos financeiros para essas barreiras. Na Indon\u00e9sia, nossa equipe&nbsp;trabalha em colabora\u00e7\u00e3o&nbsp;com o Minist\u00e9rio das Finan\u00e7as, a PT Sarana Multi Infrastructure, o Minist\u00e9rio do Meio Ambiente e Florestas e o Minist\u00e9rio de Energia e Recursos Minerais para apoiar instrumentos de financiamento inovadores e&nbsp;ampliar&nbsp;o financiamento para energia renov\u00e1vel e efici\u00eancia energ\u00e9tica.&nbsp;<\/p>\n","protected":false},"excerpt":{"rendered":"<p>O acesso \u00e0 energia renov\u00e1vel ajuda a reduzir as emiss\u00f5es de gases de efeito estufa, diminuindo a depend\u00eancia de combust\u00edveis f\u00f3sseis, principalmente usinas de carv\u00e3o e geradores a diesel. Embora o setor de energia renov\u00e1vel ofere\u00e7a uma atraente oportunidade de investimento, existem barreiras aos investimentos. Por meio de nossos escrit\u00f3rios na \u00cdndia e na Indon\u00e9sia, [&hellip;]<\/p>\n","protected":false},"author":203,"featured_media":29183,"parent":29846,"menu_order":24,"comment_status":"closed","ping_status":"closed","template":"templates\/landing.php","meta":{"_acf_changed":false,"footnotes":""},"programs":[1255,1368],"regions":[],"topics":[],"collaborations":[],"class_list":["post-30022","page","type-page","status-publish","format-standard","has-post-thumbnail","hentry","programs-financiamento-energetico","programs-us-india-clean-energy-finance"],"acf":[],"yoast_head":"<!-- This site is optimized with the Yoast SEO plugin v27.3 - https:\/\/yoast.com\/product\/yoast-seo-wordpress\/ -->\n<title>Energia Renov\u00e1vel - CPI<\/title>\n<meta name=\"robots\" content=\"index, follow, max-snippet:-1, max-image-preview:large, max-video-preview:-1\" \/>\n<link rel=\"canonical\" href=\"https:\/\/www.climatepolicyinitiative.org\/pt-br\/agendas\/energia-renovaveis\/\" \/>\n<meta property=\"og:locale\" content=\"pt_BR\" \/>\n<meta property=\"og:type\" content=\"article\" \/>\n<meta property=\"og:title\" content=\"Energia Renov\u00e1vel - CPI\" \/>\n<meta property=\"og:description\" content=\"O acesso \u00e0 energia renov\u00e1vel ajuda a reduzir as emiss\u00f5es de gases de efeito estufa, diminuindo a depend\u00eancia de combust\u00edveis f\u00f3sseis, principalmente usinas de carv\u00e3o e geradores a diesel. Embora o setor de energia renov\u00e1vel ofere\u00e7a uma atraente oportunidade de investimento, existem barreiras aos investimentos. Por meio de nossos escrit\u00f3rios na \u00cdndia e na Indon\u00e9sia, [&hellip;]\" \/>\n<meta property=\"og:url\" content=\"https:\/\/www.climatepolicyinitiative.org\/pt-br\/agendas\/energia-renovaveis\/\" \/>\n<meta property=\"og:site_name\" content=\"CPI\" \/>\n<meta property=\"article:publisher\" content=\"https:\/\/www.facebook.com\/ClimatePolicyInitiative\" \/>\n<meta property=\"article:modified_time\" content=\"2026-02-18T06:47:23+00:00\" \/>\n<meta property=\"og:image\" content=\"https:\/\/www.climatepolicyinitiative.org\/wp-content\/uploads\/2020\/07\/1.-Angel-Jacob-5.jpg\" \/>\n\t<meta property=\"og:image:width\" content=\"1920\" \/>\n\t<meta property=\"og:image:height\" content=\"1080\" \/>\n\t<meta property=\"og:image:type\" content=\"image\/jpeg\" \/>\n<meta name=\"twitter:card\" content=\"summary_large_image\" \/>\n<meta name=\"twitter:site\" content=\"@climatepolicy\" \/>\n<meta name=\"twitter:label1\" content=\"Est. tempo de leitura\" \/>\n\t<meta name=\"twitter:data1\" content=\"1 minuto\" \/>\n<script type=\"application\/ld+json\" class=\"yoast-schema-graph\">{\"@context\":\"https:\\\/\\\/schema.org\",\"@graph\":[{\"@type\":\"WebPage\",\"@id\":\"https:\\\/\\\/www.climatepolicyinitiative.org\\\/pt-br\\\/agendas\\\/energia-renovaveis\\\/\",\"url\":\"https:\\\/\\\/www.climatepolicyinitiative.org\\\/pt-br\\\/agendas\\\/energia-renovaveis\\\/\",\"name\":\"Energia Renov\u00e1vel - CPI\",\"isPartOf\":{\"@id\":\"https:\\\/\\\/www.climatepolicyinitiative.org\\\/pt-br\\\/#website\"},\"primaryImageOfPage\":{\"@id\":\"https:\\\/\\\/www.climatepolicyinitiative.org\\\/pt-br\\\/agendas\\\/energia-renovaveis\\\/#primaryimage\"},\"image\":{\"@id\":\"https:\\\/\\\/www.climatepolicyinitiative.org\\\/pt-br\\\/agendas\\\/energia-renovaveis\\\/#primaryimage\"},\"thumbnailUrl\":\"https:\\\/\\\/www.climatepolicyinitiative.org\\\/wp-content\\\/uploads\\\/2020\\\/07\\\/1.-Angel-Jacob-5.jpg\",\"datePublished\":\"2020-06-30T20:52:18+00:00\",\"dateModified\":\"2026-02-18T06:47:23+00:00\",\"breadcrumb\":{\"@id\":\"https:\\\/\\\/www.climatepolicyinitiative.org\\\/pt-br\\\/agendas\\\/energia-renovaveis\\\/#breadcrumb\"},\"inLanguage\":\"pt-BR\",\"potentialAction\":[{\"@type\":\"ReadAction\",\"target\":[\"https:\\\/\\\/www.climatepolicyinitiative.org\\\/pt-br\\\/agendas\\\/energia-renovaveis\\\/\"]}]},{\"@type\":\"ImageObject\",\"inLanguage\":\"pt-BR\",\"@id\":\"https:\\\/\\\/www.climatepolicyinitiative.org\\\/pt-br\\\/agendas\\\/energia-renovaveis\\\/#primaryimage\",\"url\":\"https:\\\/\\\/www.climatepolicyinitiative.org\\\/wp-content\\\/uploads\\\/2020\\\/07\\\/1.-Angel-Jacob-5.jpg\",\"contentUrl\":\"https:\\\/\\\/www.climatepolicyinitiative.org\\\/wp-content\\\/uploads\\\/2020\\\/07\\\/1.-Angel-Jacob-5.jpg\",\"width\":1920,\"height\":1080,\"caption\":\"Photo by Angel Jacob\"},{\"@type\":\"BreadcrumbList\",\"@id\":\"https:\\\/\\\/www.climatepolicyinitiative.org\\\/pt-br\\\/agendas\\\/energia-renovaveis\\\/#breadcrumb\",\"itemListElement\":[{\"@type\":\"ListItem\",\"position\":1,\"name\":\"Home\",\"item\":\"https:\\\/\\\/www.climatepolicyinitiative.org\\\/pt-br\\\/\"},{\"@type\":\"ListItem\",\"position\":2,\"name\":\"Temas\",\"item\":\"https:\\\/\\\/www.climatepolicyinitiative.org\\\/pt-br\\\/agendas\\\/\"},{\"@type\":\"ListItem\",\"position\":3,\"name\":\"Energia Renov\u00e1vel\"}]},{\"@type\":\"WebSite\",\"@id\":\"https:\\\/\\\/www.climatepolicyinitiative.org\\\/pt-br\\\/#website\",\"url\":\"https:\\\/\\\/www.climatepolicyinitiative.org\\\/pt-br\\\/\",\"name\":\"CPI\",\"description\":\"Climate Policy Initiative works to improve the most important energy and land use policies around the world, with a particular focus on finance.\",\"publisher\":{\"@id\":\"https:\\\/\\\/www.climatepolicyinitiative.org\\\/pt-br\\\/#organization\"},\"potentialAction\":[{\"@type\":\"SearchAction\",\"target\":{\"@type\":\"EntryPoint\",\"urlTemplate\":\"https:\\\/\\\/www.climatepolicyinitiative.org\\\/pt-br\\\/?s={search_term_string}\"},\"query-input\":{\"@type\":\"PropertyValueSpecification\",\"valueRequired\":true,\"valueName\":\"search_term_string\"}}],\"inLanguage\":\"pt-BR\"},{\"@type\":\"Organization\",\"@id\":\"https:\\\/\\\/www.climatepolicyinitiative.org\\\/pt-br\\\/#organization\",\"name\":\"Climate Policy Initiative\",\"url\":\"https:\\\/\\\/www.climatepolicyinitiative.org\\\/pt-br\\\/\",\"logo\":{\"@type\":\"ImageObject\",\"inLanguage\":\"pt-BR\",\"@id\":\"https:\\\/\\\/www.climatepolicyinitiative.org\\\/pt-br\\\/#\\\/schema\\\/logo\\\/image\\\/\",\"url\":\"https:\\\/\\\/www.climatepolicyinitiative.org\\\/wp-content\\\/uploads\\\/2021\\\/07\\\/CPI_logo_cmyk_transparent.png\",\"contentUrl\":\"https:\\\/\\\/www.climatepolicyinitiative.org\\\/wp-content\\\/uploads\\\/2021\\\/07\\\/CPI_logo_cmyk_transparent.png\",\"width\":1728,\"height\":720,\"caption\":\"Climate Policy Initiative\"},\"image\":{\"@id\":\"https:\\\/\\\/www.climatepolicyinitiative.org\\\/pt-br\\\/#\\\/schema\\\/logo\\\/image\\\/\"},\"sameAs\":[\"https:\\\/\\\/www.facebook.com\\\/ClimatePolicyInitiative\",\"https:\\\/\\\/x.com\\\/climatepolicy\",\"https:\\\/\\\/www.linkedin.com\\\/company\\\/climate-policy-initiative\\\/?lipi=urn:li:page:d_flagship3_search_srp_all;GvyQ8DliSYaW9eZhdq8RBQ==\",\"https:\\\/\\\/www.youtube.com\\\/channel\\\/UCE8V0iDgBU8mreZdBegVCcA\",\"https:\\\/\\\/en.wikipedia.org\\\/wiki\\\/Climate_Policy_Initiative\"]}]}<\/script>\n<!-- \/ Yoast SEO plugin. -->","yoast_head_json":{"title":"Energia Renov\u00e1vel - CPI","robots":{"index":"index","follow":"follow","max-snippet":"max-snippet:-1","max-image-preview":"max-image-preview:large","max-video-preview":"max-video-preview:-1"},"canonical":"https:\/\/www.climatepolicyinitiative.org\/pt-br\/agendas\/energia-renovaveis\/","og_locale":"pt_BR","og_type":"article","og_title":"Energia Renov\u00e1vel - CPI","og_description":"O acesso \u00e0 energia renov\u00e1vel ajuda a reduzir as emiss\u00f5es de gases de efeito estufa, diminuindo a depend\u00eancia de combust\u00edveis f\u00f3sseis, principalmente usinas de carv\u00e3o e geradores a diesel. Embora o setor de energia renov\u00e1vel ofere\u00e7a uma atraente oportunidade de investimento, existem barreiras aos investimentos. Por meio de nossos escrit\u00f3rios na \u00cdndia e na Indon\u00e9sia, [&hellip;]","og_url":"https:\/\/www.climatepolicyinitiative.org\/pt-br\/agendas\/energia-renovaveis\/","og_site_name":"CPI","article_publisher":"https:\/\/www.facebook.com\/ClimatePolicyInitiative","article_modified_time":"2026-02-18T06:47:23+00:00","og_image":[{"width":1920,"height":1080,"url":"https:\/\/www.climatepolicyinitiative.org\/wp-content\/uploads\/2020\/07\/1.-Angel-Jacob-5.jpg","type":"image\/jpeg"}],"twitter_card":"summary_large_image","twitter_site":"@climatepolicy","twitter_misc":{"Est. tempo de leitura":"1 minuto"},"schema":{"@context":"https:\/\/schema.org","@graph":[{"@type":"WebPage","@id":"https:\/\/www.climatepolicyinitiative.org\/pt-br\/agendas\/energia-renovaveis\/","url":"https:\/\/www.climatepolicyinitiative.org\/pt-br\/agendas\/energia-renovaveis\/","name":"Energia Renov\u00e1vel - CPI","isPartOf":{"@id":"https:\/\/www.climatepolicyinitiative.org\/pt-br\/#website"},"primaryImageOfPage":{"@id":"https:\/\/www.climatepolicyinitiative.org\/pt-br\/agendas\/energia-renovaveis\/#primaryimage"},"image":{"@id":"https:\/\/www.climatepolicyinitiative.org\/pt-br\/agendas\/energia-renovaveis\/#primaryimage"},"thumbnailUrl":"https:\/\/www.climatepolicyinitiative.org\/wp-content\/uploads\/2020\/07\/1.-Angel-Jacob-5.jpg","datePublished":"2020-06-30T20:52:18+00:00","dateModified":"2026-02-18T06:47:23+00:00","breadcrumb":{"@id":"https:\/\/www.climatepolicyinitiative.org\/pt-br\/agendas\/energia-renovaveis\/#breadcrumb"},"inLanguage":"pt-BR","potentialAction":[{"@type":"ReadAction","target":["https:\/\/www.climatepolicyinitiative.org\/pt-br\/agendas\/energia-renovaveis\/"]}]},{"@type":"ImageObject","inLanguage":"pt-BR","@id":"https:\/\/www.climatepolicyinitiative.org\/pt-br\/agendas\/energia-renovaveis\/#primaryimage","url":"https:\/\/www.climatepolicyinitiative.org\/wp-content\/uploads\/2020\/07\/1.-Angel-Jacob-5.jpg","contentUrl":"https:\/\/www.climatepolicyinitiative.org\/wp-content\/uploads\/2020\/07\/1.-Angel-Jacob-5.jpg","width":1920,"height":1080,"caption":"Photo by Angel Jacob"},{"@type":"BreadcrumbList","@id":"https:\/\/www.climatepolicyinitiative.org\/pt-br\/agendas\/energia-renovaveis\/#breadcrumb","itemListElement":[{"@type":"ListItem","position":1,"name":"Home","item":"https:\/\/www.climatepolicyinitiative.org\/pt-br\/"},{"@type":"ListItem","position":2,"name":"Temas","item":"https:\/\/www.climatepolicyinitiative.org\/pt-br\/agendas\/"},{"@type":"ListItem","position":3,"name":"Energia Renov\u00e1vel"}]},{"@type":"WebSite","@id":"https:\/\/www.climatepolicyinitiative.org\/pt-br\/#website","url":"https:\/\/www.climatepolicyinitiative.org\/pt-br\/","name":"CPI","description":"Climate Policy Initiative works to improve the most important energy and land use policies around the world, with a particular focus on finance.","publisher":{"@id":"https:\/\/www.climatepolicyinitiative.org\/pt-br\/#organization"},"potentialAction":[{"@type":"SearchAction","target":{"@type":"EntryPoint","urlTemplate":"https:\/\/www.climatepolicyinitiative.org\/pt-br\/?s={search_term_string}"},"query-input":{"@type":"PropertyValueSpecification","valueRequired":true,"valueName":"search_term_string"}}],"inLanguage":"pt-BR"},{"@type":"Organization","@id":"https:\/\/www.climatepolicyinitiative.org\/pt-br\/#organization","name":"Climate Policy Initiative","url":"https:\/\/www.climatepolicyinitiative.org\/pt-br\/","logo":{"@type":"ImageObject","inLanguage":"pt-BR","@id":"https:\/\/www.climatepolicyinitiative.org\/pt-br\/#\/schema\/logo\/image\/","url":"https:\/\/www.climatepolicyinitiative.org\/wp-content\/uploads\/2021\/07\/CPI_logo_cmyk_transparent.png","contentUrl":"https:\/\/www.climatepolicyinitiative.org\/wp-content\/uploads\/2021\/07\/CPI_logo_cmyk_transparent.png","width":1728,"height":720,"caption":"Climate Policy Initiative"},"image":{"@id":"https:\/\/www.climatepolicyinitiative.org\/pt-br\/#\/schema\/logo\/image\/"},"sameAs":["https:\/\/www.facebook.com\/ClimatePolicyInitiative","https:\/\/x.com\/climatepolicy","https:\/\/www.linkedin.com\/company\/climate-policy-initiative\/?lipi=urn:li:page:d_flagship3_search_srp_all;GvyQ8DliSYaW9eZhdq8RBQ==","https:\/\/www.youtube.com\/channel\/UCE8V0iDgBU8mreZdBegVCcA","https:\/\/en.wikipedia.org\/wiki\/Climate_Policy_Initiative"]}]}},"_links":{"self":[{"href":"https:\/\/www.climatepolicyinitiative.org\/pt-br\/wp-json\/wp\/v2\/pages\/30022","targetHints":{"allow":["GET"]}}],"collection":[{"href":"https:\/\/www.climatepolicyinitiative.org\/pt-br\/wp-json\/wp\/v2\/pages"}],"about":[{"href":"https:\/\/www.climatepolicyinitiative.org\/pt-br\/wp-json\/wp\/v2\/types\/page"}],"author":[{"embeddable":true,"href":"https:\/\/www.climatepolicyinitiative.org\/pt-br\/wp-json\/wp\/v2\/users\/203"}],"replies":[{"embeddable":true,"href":"https:\/\/www.climatepolicyinitiative.org\/pt-br\/wp-json\/wp\/v2\/comments?post=30022"}],"version-history":[{"count":1,"href":"https:\/\/www.climatepolicyinitiative.org\/pt-br\/wp-json\/wp\/v2\/pages\/30022\/revisions"}],"predecessor-version":[{"id":116685,"href":"https:\/\/www.climatepolicyinitiative.org\/pt-br\/wp-json\/wp\/v2\/pages\/30022\/revisions\/116685"}],"up":[{"embeddable":true,"href":"https:\/\/www.climatepolicyinitiative.org\/pt-br\/wp-json\/wp\/v2\/pages\/29846"}],"wp:featuredmedia":[{"embeddable":true,"href":"https:\/\/www.climatepolicyinitiative.org\/pt-br\/wp-json\/wp\/v2\/media\/29183"}],"wp:attachment":[{"href":"https:\/\/www.climatepolicyinitiative.org\/pt-br\/wp-json\/wp\/v2\/media?parent=30022"}],"wp:term":[{"taxonomy":"programs","embeddable":true,"href":"https:\/\/www.climatepolicyinitiative.org\/pt-br\/wp-json\/wp\/v2\/programs?post=30022"},{"taxonomy":"regions","embeddable":true,"href":"https:\/\/www.climatepolicyinitiative.org\/pt-br\/wp-json\/wp\/v2\/regions?post=30022"},{"taxonomy":"topics","embeddable":true,"href":"https:\/\/www.climatepolicyinitiative.org\/pt-br\/wp-json\/wp\/v2\/topics?post=30022"},{"taxonomy":"collaborations","embeddable":true,"href":"https:\/\/www.climatepolicyinitiative.org\/pt-br\/wp-json\/wp\/v2\/collaborations?post=30022"}],"curies":[{"name":"wp","href":"https:\/\/api.w.org\/{rel}","templated":true}]}}