{"id":29186,"date":"2020-06-30T20:46:46","date_gmt":"2020-06-30T20:46:46","guid":{"rendered":"http:\/\/climatepolicyinitiative.org\/inovacoes-financeiras\/"},"modified":"2026-02-18T06:42:02","modified_gmt":"2026-02-18T06:42:02","slug":"inovacoes-financeiras","status":"publish","type":"page","link":"https:\/\/www.climatepolicyinitiative.org\/pt-br\/agendas\/inovacoes-financeiras\/","title":{"rendered":"Inova\u00e7\u00f5es Financeiras"},"content":{"rendered":"\n<p>A implementa\u00e7\u00e3o dos trilh\u00f5es necess\u00e1rios para lidar com a adapta\u00e7\u00e3o e mitiga\u00e7\u00e3o clim\u00e1ticas em n\u00edvel global requer n\u00e3o apenas mudar investimentos, mas tamb\u00e9m novas maneiras de atrair e implantar esses investimentos.<\/p>\n\n\n\n<p>O CPI pesquisa e desenvolve pol\u00edticas inovadoras de financiamento clim\u00e1tico, instrumentos financeiros e modelos de neg\u00f3cios que criam impacto mensur\u00e1vel e podem ser escalados rapidamente. Possui especial experi\u00eancia na combina\u00e7\u00e3o de modelos financeiros com assist\u00eancia t\u00e9cnica em est\u00e1gio inicial para garantir que ideias ousadas passem do conceito para a implementa\u00e7\u00e3o rapidamente e com o menor risco poss\u00edvel.<\/p>\n","protected":false},"excerpt":{"rendered":"<p>A implementa\u00e7\u00e3o dos trilh\u00f5es necess\u00e1rios para lidar com a adapta\u00e7\u00e3o e mitiga\u00e7\u00e3o clim\u00e1ticas em n\u00edvel global requer n\u00e3o apenas mudar investimentos, mas tamb\u00e9m novas maneiras de atrair e implantar esses investimentos. O CPI pesquisa e desenvolve pol\u00edticas inovadoras de financiamento clim\u00e1tico, instrumentos financeiros e modelos de neg\u00f3cios que criam impacto mensur\u00e1vel e podem ser escalados [&hellip;]<\/p>\n","protected":false},"author":206,"featured_media":29869,"parent":29846,"menu_order":13,"comment_status":"closed","ping_status":"closed","template":"templates\/landing.php","meta":{"_acf_changed":false,"footnotes":""},"programs":[],"regions":[],"topics":[],"collaborations":[],"class_list":["post-29186","page","type-page","status-publish","format-standard","has-post-thumbnail","hentry"],"acf":[],"yoast_head":"<!-- This site is optimized with the Yoast SEO plugin v27.3 - https:\/\/yoast.com\/product\/yoast-seo-wordpress\/ -->\n<title>Inova\u00e7\u00f5es Financeiras - CPI<\/title>\n<meta name=\"description\" content=\"O CPI pesquisa e desenvolve pol\u00edticas inovadoras de financiamento clim\u00e1tico, instrumentos financeiros e modelos de neg\u00f3cios que criam impacto mensur\u00e1vel e podem ser escalados rapidamente.\" \/>\n<meta name=\"robots\" content=\"index, follow, max-snippet:-1, max-image-preview:large, max-video-preview:-1\" \/>\n<link rel=\"canonical\" href=\"https:\/\/www.climatepolicyinitiative.org\/pt-br\/agendas\/inovacoes-financeiras\/\" \/>\n<meta property=\"og:locale\" content=\"pt_BR\" \/>\n<meta property=\"og:type\" content=\"article\" \/>\n<meta property=\"og:title\" content=\"Inova\u00e7\u00f5es Financeiras - CPI\" \/>\n<meta property=\"og:description\" content=\"O CPI pesquisa e desenvolve pol\u00edticas inovadoras de financiamento clim\u00e1tico, instrumentos financeiros e modelos de neg\u00f3cios que criam impacto mensur\u00e1vel e podem ser escalados rapidamente.\" \/>\n<meta property=\"og:url\" content=\"https:\/\/www.climatepolicyinitiative.org\/pt-br\/agendas\/inovacoes-financeiras\/\" \/>\n<meta property=\"og:site_name\" content=\"CPI\" \/>\n<meta property=\"article:publisher\" content=\"https:\/\/www.facebook.com\/ClimatePolicyInitiative\" \/>\n<meta property=\"article:modified_time\" content=\"2026-02-18T06:42:02+00:00\" \/>\n<meta property=\"og:image\" content=\"https:\/\/www.climatepolicyinitiative.org\/wp-content\/uploads\/2020\/07\/Dana-Chiriac_cabbage1.jpg\" \/>\n\t<meta property=\"og:image:width\" content=\"1668\" \/>\n\t<meta property=\"og:image:height\" content=\"1060\" \/>\n\t<meta property=\"og:image:type\" content=\"image\/jpeg\" \/>\n<meta name=\"twitter:card\" content=\"summary_large_image\" \/>\n<meta name=\"twitter:site\" content=\"@climatepolicy\" \/>\n<meta name=\"twitter:label1\" content=\"Est. tempo de leitura\" \/>\n\t<meta name=\"twitter:data1\" content=\"1 minuto\" \/>\n<script type=\"application\/ld+json\" class=\"yoast-schema-graph\">{\"@context\":\"https:\\\/\\\/schema.org\",\"@graph\":[{\"@type\":\"WebPage\",\"@id\":\"https:\\\/\\\/www.climatepolicyinitiative.org\\\/pt-br\\\/agendas\\\/inovacoes-financeiras\\\/\",\"url\":\"https:\\\/\\\/www.climatepolicyinitiative.org\\\/pt-br\\\/agendas\\\/inovacoes-financeiras\\\/\",\"name\":\"Inova\u00e7\u00f5es Financeiras - CPI\",\"isPartOf\":{\"@id\":\"https:\\\/\\\/www.climatepolicyinitiative.org\\\/pt-br\\\/#website\"},\"primaryImageOfPage\":{\"@id\":\"https:\\\/\\\/www.climatepolicyinitiative.org\\\/pt-br\\\/agendas\\\/inovacoes-financeiras\\\/#primaryimage\"},\"image\":{\"@id\":\"https:\\\/\\\/www.climatepolicyinitiative.org\\\/pt-br\\\/agendas\\\/inovacoes-financeiras\\\/#primaryimage\"},\"thumbnailUrl\":\"https:\\\/\\\/www.climatepolicyinitiative.org\\\/wp-content\\\/uploads\\\/2020\\\/07\\\/Dana-Chiriac_cabbage1.jpg\",\"datePublished\":\"2020-06-30T20:46:46+00:00\",\"dateModified\":\"2026-02-18T06:42:02+00:00\",\"description\":\"O CPI pesquisa e desenvolve pol\u00edticas inovadoras de financiamento clim\u00e1tico, instrumentos financeiros e modelos de neg\u00f3cios que criam impacto mensur\u00e1vel e podem ser escalados rapidamente.\",\"breadcrumb\":{\"@id\":\"https:\\\/\\\/www.climatepolicyinitiative.org\\\/pt-br\\\/agendas\\\/inovacoes-financeiras\\\/#breadcrumb\"},\"inLanguage\":\"pt-BR\",\"potentialAction\":[{\"@type\":\"ReadAction\",\"target\":[\"https:\\\/\\\/www.climatepolicyinitiative.org\\\/pt-br\\\/agendas\\\/inovacoes-financeiras\\\/\"]}]},{\"@type\":\"ImageObject\",\"inLanguage\":\"pt-BR\",\"@id\":\"https:\\\/\\\/www.climatepolicyinitiative.org\\\/pt-br\\\/agendas\\\/inovacoes-financeiras\\\/#primaryimage\",\"url\":\"https:\\\/\\\/www.climatepolicyinitiative.org\\\/wp-content\\\/uploads\\\/2020\\\/07\\\/Dana-Chiriac_cabbage1.jpg\",\"contentUrl\":\"https:\\\/\\\/www.climatepolicyinitiative.org\\\/wp-content\\\/uploads\\\/2020\\\/07\\\/Dana-Chiriac_cabbage1.jpg\",\"width\":1668,\"height\":1060,\"caption\":\"Photo by Dana Chiriac\"},{\"@type\":\"BreadcrumbList\",\"@id\":\"https:\\\/\\\/www.climatepolicyinitiative.org\\\/pt-br\\\/agendas\\\/inovacoes-financeiras\\\/#breadcrumb\",\"itemListElement\":[{\"@type\":\"ListItem\",\"position\":1,\"name\":\"Home\",\"item\":\"https:\\\/\\\/www.climatepolicyinitiative.org\\\/pt-br\\\/\"},{\"@type\":\"ListItem\",\"position\":2,\"name\":\"Temas\",\"item\":\"https:\\\/\\\/www.climatepolicyinitiative.org\\\/pt-br\\\/agendas\\\/\"},{\"@type\":\"ListItem\",\"position\":3,\"name\":\"Inova\u00e7\u00f5es Financeiras\"}]},{\"@type\":\"WebSite\",\"@id\":\"https:\\\/\\\/www.climatepolicyinitiative.org\\\/pt-br\\\/#website\",\"url\":\"https:\\\/\\\/www.climatepolicyinitiative.org\\\/pt-br\\\/\",\"name\":\"CPI\",\"description\":\"Climate Policy Initiative works to improve the most important energy and land use policies around the world, with a particular focus on finance.\",\"publisher\":{\"@id\":\"https:\\\/\\\/www.climatepolicyinitiative.org\\\/pt-br\\\/#organization\"},\"potentialAction\":[{\"@type\":\"SearchAction\",\"target\":{\"@type\":\"EntryPoint\",\"urlTemplate\":\"https:\\\/\\\/www.climatepolicyinitiative.org\\\/pt-br\\\/?s={search_term_string}\"},\"query-input\":{\"@type\":\"PropertyValueSpecification\",\"valueRequired\":true,\"valueName\":\"search_term_string\"}}],\"inLanguage\":\"pt-BR\"},{\"@type\":\"Organization\",\"@id\":\"https:\\\/\\\/www.climatepolicyinitiative.org\\\/pt-br\\\/#organization\",\"name\":\"Climate Policy Initiative\",\"url\":\"https:\\\/\\\/www.climatepolicyinitiative.org\\\/pt-br\\\/\",\"logo\":{\"@type\":\"ImageObject\",\"inLanguage\":\"pt-BR\",\"@id\":\"https:\\\/\\\/www.climatepolicyinitiative.org\\\/pt-br\\\/#\\\/schema\\\/logo\\\/image\\\/\",\"url\":\"https:\\\/\\\/www.climatepolicyinitiative.org\\\/wp-content\\\/uploads\\\/2021\\\/07\\\/CPI_logo_cmyk_transparent.png\",\"contentUrl\":\"https:\\\/\\\/www.climatepolicyinitiative.org\\\/wp-content\\\/uploads\\\/2021\\\/07\\\/CPI_logo_cmyk_transparent.png\",\"width\":1728,\"height\":720,\"caption\":\"Climate Policy Initiative\"},\"image\":{\"@id\":\"https:\\\/\\\/www.climatepolicyinitiative.org\\\/pt-br\\\/#\\\/schema\\\/logo\\\/image\\\/\"},\"sameAs\":[\"https:\\\/\\\/www.facebook.com\\\/ClimatePolicyInitiative\",\"https:\\\/\\\/x.com\\\/climatepolicy\",\"https:\\\/\\\/www.linkedin.com\\\/company\\\/climate-policy-initiative\\\/?lipi=urn:li:page:d_flagship3_search_srp_all;GvyQ8DliSYaW9eZhdq8RBQ==\",\"https:\\\/\\\/www.youtube.com\\\/channel\\\/UCE8V0iDgBU8mreZdBegVCcA\",\"https:\\\/\\\/en.wikipedia.org\\\/wiki\\\/Climate_Policy_Initiative\"]}]}<\/script>\n<!-- \/ Yoast SEO plugin. -->","yoast_head_json":{"title":"Inova\u00e7\u00f5es Financeiras - CPI","description":"O CPI pesquisa e desenvolve pol\u00edticas inovadoras de financiamento clim\u00e1tico, instrumentos financeiros e modelos de neg\u00f3cios que criam impacto mensur\u00e1vel e podem ser escalados rapidamente.","robots":{"index":"index","follow":"follow","max-snippet":"max-snippet:-1","max-image-preview":"max-image-preview:large","max-video-preview":"max-video-preview:-1"},"canonical":"https:\/\/www.climatepolicyinitiative.org\/pt-br\/agendas\/inovacoes-financeiras\/","og_locale":"pt_BR","og_type":"article","og_title":"Inova\u00e7\u00f5es Financeiras - CPI","og_description":"O CPI pesquisa e desenvolve pol\u00edticas inovadoras de financiamento clim\u00e1tico, instrumentos financeiros e modelos de neg\u00f3cios que criam impacto mensur\u00e1vel e podem ser escalados rapidamente.","og_url":"https:\/\/www.climatepolicyinitiative.org\/pt-br\/agendas\/inovacoes-financeiras\/","og_site_name":"CPI","article_publisher":"https:\/\/www.facebook.com\/ClimatePolicyInitiative","article_modified_time":"2026-02-18T06:42:02+00:00","og_image":[{"width":1668,"height":1060,"url":"https:\/\/www.climatepolicyinitiative.org\/wp-content\/uploads\/2020\/07\/Dana-Chiriac_cabbage1.jpg","type":"image\/jpeg"}],"twitter_card":"summary_large_image","twitter_site":"@climatepolicy","twitter_misc":{"Est. tempo de leitura":"1 minuto"},"schema":{"@context":"https:\/\/schema.org","@graph":[{"@type":"WebPage","@id":"https:\/\/www.climatepolicyinitiative.org\/pt-br\/agendas\/inovacoes-financeiras\/","url":"https:\/\/www.climatepolicyinitiative.org\/pt-br\/agendas\/inovacoes-financeiras\/","name":"Inova\u00e7\u00f5es Financeiras - CPI","isPartOf":{"@id":"https:\/\/www.climatepolicyinitiative.org\/pt-br\/#website"},"primaryImageOfPage":{"@id":"https:\/\/www.climatepolicyinitiative.org\/pt-br\/agendas\/inovacoes-financeiras\/#primaryimage"},"image":{"@id":"https:\/\/www.climatepolicyinitiative.org\/pt-br\/agendas\/inovacoes-financeiras\/#primaryimage"},"thumbnailUrl":"https:\/\/www.climatepolicyinitiative.org\/wp-content\/uploads\/2020\/07\/Dana-Chiriac_cabbage1.jpg","datePublished":"2020-06-30T20:46:46+00:00","dateModified":"2026-02-18T06:42:02+00:00","description":"O CPI pesquisa e desenvolve pol\u00edticas inovadoras de financiamento clim\u00e1tico, instrumentos financeiros e modelos de neg\u00f3cios que criam impacto mensur\u00e1vel e podem ser escalados rapidamente.","breadcrumb":{"@id":"https:\/\/www.climatepolicyinitiative.org\/pt-br\/agendas\/inovacoes-financeiras\/#breadcrumb"},"inLanguage":"pt-BR","potentialAction":[{"@type":"ReadAction","target":["https:\/\/www.climatepolicyinitiative.org\/pt-br\/agendas\/inovacoes-financeiras\/"]}]},{"@type":"ImageObject","inLanguage":"pt-BR","@id":"https:\/\/www.climatepolicyinitiative.org\/pt-br\/agendas\/inovacoes-financeiras\/#primaryimage","url":"https:\/\/www.climatepolicyinitiative.org\/wp-content\/uploads\/2020\/07\/Dana-Chiriac_cabbage1.jpg","contentUrl":"https:\/\/www.climatepolicyinitiative.org\/wp-content\/uploads\/2020\/07\/Dana-Chiriac_cabbage1.jpg","width":1668,"height":1060,"caption":"Photo by Dana Chiriac"},{"@type":"BreadcrumbList","@id":"https:\/\/www.climatepolicyinitiative.org\/pt-br\/agendas\/inovacoes-financeiras\/#breadcrumb","itemListElement":[{"@type":"ListItem","position":1,"name":"Home","item":"https:\/\/www.climatepolicyinitiative.org\/pt-br\/"},{"@type":"ListItem","position":2,"name":"Temas","item":"https:\/\/www.climatepolicyinitiative.org\/pt-br\/agendas\/"},{"@type":"ListItem","position":3,"name":"Inova\u00e7\u00f5es Financeiras"}]},{"@type":"WebSite","@id":"https:\/\/www.climatepolicyinitiative.org\/pt-br\/#website","url":"https:\/\/www.climatepolicyinitiative.org\/pt-br\/","name":"CPI","description":"Climate Policy Initiative works to improve the most important energy and land use policies around the world, with a particular focus on finance.","publisher":{"@id":"https:\/\/www.climatepolicyinitiative.org\/pt-br\/#organization"},"potentialAction":[{"@type":"SearchAction","target":{"@type":"EntryPoint","urlTemplate":"https:\/\/www.climatepolicyinitiative.org\/pt-br\/?s={search_term_string}"},"query-input":{"@type":"PropertyValueSpecification","valueRequired":true,"valueName":"search_term_string"}}],"inLanguage":"pt-BR"},{"@type":"Organization","@id":"https:\/\/www.climatepolicyinitiative.org\/pt-br\/#organization","name":"Climate Policy Initiative","url":"https:\/\/www.climatepolicyinitiative.org\/pt-br\/","logo":{"@type":"ImageObject","inLanguage":"pt-BR","@id":"https:\/\/www.climatepolicyinitiative.org\/pt-br\/#\/schema\/logo\/image\/","url":"https:\/\/www.climatepolicyinitiative.org\/wp-content\/uploads\/2021\/07\/CPI_logo_cmyk_transparent.png","contentUrl":"https:\/\/www.climatepolicyinitiative.org\/wp-content\/uploads\/2021\/07\/CPI_logo_cmyk_transparent.png","width":1728,"height":720,"caption":"Climate Policy Initiative"},"image":{"@id":"https:\/\/www.climatepolicyinitiative.org\/pt-br\/#\/schema\/logo\/image\/"},"sameAs":["https:\/\/www.facebook.com\/ClimatePolicyInitiative","https:\/\/x.com\/climatepolicy","https:\/\/www.linkedin.com\/company\/climate-policy-initiative\/?lipi=urn:li:page:d_flagship3_search_srp_all;GvyQ8DliSYaW9eZhdq8RBQ==","https:\/\/www.youtube.com\/channel\/UCE8V0iDgBU8mreZdBegVCcA","https:\/\/en.wikipedia.org\/wiki\/Climate_Policy_Initiative"]}]}},"_links":{"self":[{"href":"https:\/\/www.climatepolicyinitiative.org\/pt-br\/wp-json\/wp\/v2\/pages\/29186","targetHints":{"allow":["GET"]}}],"collection":[{"href":"https:\/\/www.climatepolicyinitiative.org\/pt-br\/wp-json\/wp\/v2\/pages"}],"about":[{"href":"https:\/\/www.climatepolicyinitiative.org\/pt-br\/wp-json\/wp\/v2\/types\/page"}],"author":[{"embeddable":true,"href":"https:\/\/www.climatepolicyinitiative.org\/pt-br\/wp-json\/wp\/v2\/users\/206"}],"replies":[{"embeddable":true,"href":"https:\/\/www.climatepolicyinitiative.org\/pt-br\/wp-json\/wp\/v2\/comments?post=29186"}],"version-history":[{"count":2,"href":"https:\/\/www.climatepolicyinitiative.org\/pt-br\/wp-json\/wp\/v2\/pages\/29186\/revisions"}],"predecessor-version":[{"id":116675,"href":"https:\/\/www.climatepolicyinitiative.org\/pt-br\/wp-json\/wp\/v2\/pages\/29186\/revisions\/116675"}],"up":[{"embeddable":true,"href":"https:\/\/www.climatepolicyinitiative.org\/pt-br\/wp-json\/wp\/v2\/pages\/29846"}],"wp:featuredmedia":[{"embeddable":true,"href":"https:\/\/www.climatepolicyinitiative.org\/pt-br\/wp-json\/wp\/v2\/media\/29869"}],"wp:attachment":[{"href":"https:\/\/www.climatepolicyinitiative.org\/pt-br\/wp-json\/wp\/v2\/media?parent=29186"}],"wp:term":[{"taxonomy":"programs","embeddable":true,"href":"https:\/\/www.climatepolicyinitiative.org\/pt-br\/wp-json\/wp\/v2\/programs?post=29186"},{"taxonomy":"regions","embeddable":true,"href":"https:\/\/www.climatepolicyinitiative.org\/pt-br\/wp-json\/wp\/v2\/regions?post=29186"},{"taxonomy":"topics","embeddable":true,"href":"https:\/\/www.climatepolicyinitiative.org\/pt-br\/wp-json\/wp\/v2\/topics?post=29186"},{"taxonomy":"collaborations","embeddable":true,"href":"https:\/\/www.climatepolicyinitiative.org\/pt-br\/wp-json\/wp\/v2\/collaborations?post=29186"}],"curies":[{"name":"wp","href":"https:\/\/api.w.org\/{rel}","templated":true}]}}