{"id":29176,"date":"2020-06-30T20:43:33","date_gmt":"2020-06-30T20:43:33","guid":{"rendered":"http:\/\/climatepolicyinitiative.org\/acesso-energetico\/"},"modified":"2026-02-18T06:38:28","modified_gmt":"2026-02-18T06:38:28","slug":"acesso-energetico","status":"publish","type":"page","link":"https:\/\/www.climatepolicyinitiative.org\/pt-br\/agendas\/acesso-energetico\/","title":{"rendered":"Acesso Energ\u00e9tico"},"content":{"rendered":"\n<p>Muitos aspectos de uma economia saud\u00e1vel e&nbsp;sustent\u00e1vel se apoiam no acesso \u00e0 energia sustent\u00e1vel. No entanto, menos de um quarto do investimento necess\u00e1rio para o acesso universal \u00e0 energia est\u00e1 ocorrendo. Embora existam tecnologias e modelos de neg\u00f3cios comprovados acess\u00edveis e confi\u00e1veis que podem aumentar o acesso \u00e0 energia limpa, o financiamento desses projetos e empresas continua sendo um desafio persistente.<\/p>\n\n\n\n<p>A s\u00e9rie <ins><a href=\"https:\/\/climatepolicyinitiative.org\/publication\/energizing-finance-understanding-the-landscape-2019\/\" target=\"_blank\" rel=\"noreferrer noopener\">Energizing Finance<\/a><\/ins>, desenvolvida pela Sustainable Energy for All em parceria com o CPI, captura financiamento para as duas principais \u00e1reas de acesso \u00e0 energia: eletrifica\u00e7\u00e3o e cozimento limpo. O relat\u00f3rio anual concentra-se em compromissos financeiros p\u00fablicos e privados em 20 pa\u00edses em desenvolvimento que, juntos, abrigam quase 80% dos que vivem sem acesso \u00e0 energia sustent\u00e1vel e moderna.<\/p>\n","protected":false},"excerpt":{"rendered":"<p>Muitos aspectos de uma economia saud\u00e1vel e&nbsp;sustent\u00e1vel se apoiam no acesso \u00e0 energia sustent\u00e1vel. No entanto, menos de um quarto do investimento necess\u00e1rio para o acesso universal \u00e0 energia est\u00e1 ocorrendo. Embora existam tecnologias e modelos de neg\u00f3cios comprovados acess\u00edveis e confi\u00e1veis que podem aumentar o acesso \u00e0 energia limpa, o financiamento desses projetos e [&hellip;]<\/p>\n","protected":false},"author":206,"featured_media":28713,"parent":29846,"menu_order":10,"comment_status":"closed","ping_status":"closed","template":"templates\/landing.php","meta":{"_acf_changed":false,"footnotes":""},"programs":[],"regions":[1370,1399],"topics":[],"collaborations":[],"class_list":["post-29176","page","type-page","status-publish","format-standard","has-post-thumbnail","hentry","regions-africa","regions-global"],"acf":[],"yoast_head":"<!-- This site is optimized with the Yoast SEO plugin v27.3 - https:\/\/yoast.com\/product\/yoast-seo-wordpress\/ -->\n<title>Acesso Energ\u00e9tico - CPI<\/title>\n<meta name=\"robots\" content=\"index, follow, max-snippet:-1, max-image-preview:large, max-video-preview:-1\" \/>\n<link rel=\"canonical\" href=\"https:\/\/www.climatepolicyinitiative.org\/pt-br\/agendas\/acesso-energetico\/\" \/>\n<meta property=\"og:locale\" content=\"pt_BR\" \/>\n<meta property=\"og:type\" content=\"article\" \/>\n<meta property=\"og:title\" content=\"Acesso Energ\u00e9tico - CPI\" \/>\n<meta property=\"og:description\" content=\"Muitos aspectos de uma economia saud\u00e1vel e&nbsp;sustent\u00e1vel se apoiam no acesso \u00e0 energia sustent\u00e1vel. No entanto, menos de um quarto do investimento necess\u00e1rio para o acesso universal \u00e0 energia est\u00e1 ocorrendo. Embora existam tecnologias e modelos de neg\u00f3cios comprovados acess\u00edveis e confi\u00e1veis que podem aumentar o acesso \u00e0 energia limpa, o financiamento desses projetos e [&hellip;]\" \/>\n<meta property=\"og:url\" content=\"https:\/\/www.climatepolicyinitiative.org\/pt-br\/agendas\/acesso-energetico\/\" \/>\n<meta property=\"og:site_name\" content=\"CPI\" \/>\n<meta property=\"article:publisher\" content=\"https:\/\/www.facebook.com\/ClimatePolicyInitiative\" \/>\n<meta property=\"article:modified_time\" content=\"2026-02-18T06:38:28+00:00\" \/>\n<meta property=\"og:image\" content=\"https:\/\/www.climatepolicyinitiative.org\/wp-content\/uploads\/2020\/07\/1.-Angel-Jacob-2.jpg\" \/>\n\t<meta property=\"og:image:width\" content=\"1920\" \/>\n\t<meta property=\"og:image:height\" content=\"1230\" \/>\n\t<meta property=\"og:image:type\" content=\"image\/jpeg\" \/>\n<meta name=\"twitter:card\" content=\"summary_large_image\" \/>\n<meta name=\"twitter:site\" content=\"@climatepolicy\" \/>\n<meta name=\"twitter:label1\" content=\"Est. tempo de leitura\" \/>\n\t<meta name=\"twitter:data1\" content=\"1 minuto\" \/>\n<script type=\"application\/ld+json\" class=\"yoast-schema-graph\">{\"@context\":\"https:\\\/\\\/schema.org\",\"@graph\":[{\"@type\":\"WebPage\",\"@id\":\"https:\\\/\\\/www.climatepolicyinitiative.org\\\/pt-br\\\/agendas\\\/acesso-energetico\\\/\",\"url\":\"https:\\\/\\\/www.climatepolicyinitiative.org\\\/pt-br\\\/agendas\\\/acesso-energetico\\\/\",\"name\":\"Acesso Energ\u00e9tico - CPI\",\"isPartOf\":{\"@id\":\"https:\\\/\\\/www.climatepolicyinitiative.org\\\/pt-br\\\/#website\"},\"primaryImageOfPage\":{\"@id\":\"https:\\\/\\\/www.climatepolicyinitiative.org\\\/pt-br\\\/agendas\\\/acesso-energetico\\\/#primaryimage\"},\"image\":{\"@id\":\"https:\\\/\\\/www.climatepolicyinitiative.org\\\/pt-br\\\/agendas\\\/acesso-energetico\\\/#primaryimage\"},\"thumbnailUrl\":\"https:\\\/\\\/www.climatepolicyinitiative.org\\\/wp-content\\\/uploads\\\/2020\\\/07\\\/1.-Angel-Jacob-2.jpg\",\"datePublished\":\"2020-06-30T20:43:33+00:00\",\"dateModified\":\"2026-02-18T06:38:28+00:00\",\"breadcrumb\":{\"@id\":\"https:\\\/\\\/www.climatepolicyinitiative.org\\\/pt-br\\\/agendas\\\/acesso-energetico\\\/#breadcrumb\"},\"inLanguage\":\"pt-BR\",\"potentialAction\":[{\"@type\":\"ReadAction\",\"target\":[\"https:\\\/\\\/www.climatepolicyinitiative.org\\\/pt-br\\\/agendas\\\/acesso-energetico\\\/\"]}]},{\"@type\":\"ImageObject\",\"inLanguage\":\"pt-BR\",\"@id\":\"https:\\\/\\\/www.climatepolicyinitiative.org\\\/pt-br\\\/agendas\\\/acesso-energetico\\\/#primaryimage\",\"url\":\"https:\\\/\\\/www.climatepolicyinitiative.org\\\/wp-content\\\/uploads\\\/2020\\\/07\\\/1.-Angel-Jacob-2.jpg\",\"contentUrl\":\"https:\\\/\\\/www.climatepolicyinitiative.org\\\/wp-content\\\/uploads\\\/2020\\\/07\\\/1.-Angel-Jacob-2.jpg\",\"width\":1920,\"height\":1230,\"caption\":\"Photo by Angel Jacob\"},{\"@type\":\"BreadcrumbList\",\"@id\":\"https:\\\/\\\/www.climatepolicyinitiative.org\\\/pt-br\\\/agendas\\\/acesso-energetico\\\/#breadcrumb\",\"itemListElement\":[{\"@type\":\"ListItem\",\"position\":1,\"name\":\"Home\",\"item\":\"https:\\\/\\\/www.climatepolicyinitiative.org\\\/pt-br\\\/\"},{\"@type\":\"ListItem\",\"position\":2,\"name\":\"Temas\",\"item\":\"https:\\\/\\\/www.climatepolicyinitiative.org\\\/pt-br\\\/agendas\\\/\"},{\"@type\":\"ListItem\",\"position\":3,\"name\":\"Acesso Energ\u00e9tico\"}]},{\"@type\":\"WebSite\",\"@id\":\"https:\\\/\\\/www.climatepolicyinitiative.org\\\/pt-br\\\/#website\",\"url\":\"https:\\\/\\\/www.climatepolicyinitiative.org\\\/pt-br\\\/\",\"name\":\"CPI\",\"description\":\"Climate Policy Initiative works to improve the most important energy and land use policies around the world, with a particular focus on finance.\",\"publisher\":{\"@id\":\"https:\\\/\\\/www.climatepolicyinitiative.org\\\/pt-br\\\/#organization\"},\"potentialAction\":[{\"@type\":\"SearchAction\",\"target\":{\"@type\":\"EntryPoint\",\"urlTemplate\":\"https:\\\/\\\/www.climatepolicyinitiative.org\\\/pt-br\\\/?s={search_term_string}\"},\"query-input\":{\"@type\":\"PropertyValueSpecification\",\"valueRequired\":true,\"valueName\":\"search_term_string\"}}],\"inLanguage\":\"pt-BR\"},{\"@type\":\"Organization\",\"@id\":\"https:\\\/\\\/www.climatepolicyinitiative.org\\\/pt-br\\\/#organization\",\"name\":\"Climate Policy Initiative\",\"url\":\"https:\\\/\\\/www.climatepolicyinitiative.org\\\/pt-br\\\/\",\"logo\":{\"@type\":\"ImageObject\",\"inLanguage\":\"pt-BR\",\"@id\":\"https:\\\/\\\/www.climatepolicyinitiative.org\\\/pt-br\\\/#\\\/schema\\\/logo\\\/image\\\/\",\"url\":\"https:\\\/\\\/www.climatepolicyinitiative.org\\\/wp-content\\\/uploads\\\/2021\\\/07\\\/CPI_logo_cmyk_transparent.png\",\"contentUrl\":\"https:\\\/\\\/www.climatepolicyinitiative.org\\\/wp-content\\\/uploads\\\/2021\\\/07\\\/CPI_logo_cmyk_transparent.png\",\"width\":1728,\"height\":720,\"caption\":\"Climate Policy Initiative\"},\"image\":{\"@id\":\"https:\\\/\\\/www.climatepolicyinitiative.org\\\/pt-br\\\/#\\\/schema\\\/logo\\\/image\\\/\"},\"sameAs\":[\"https:\\\/\\\/www.facebook.com\\\/ClimatePolicyInitiative\",\"https:\\\/\\\/x.com\\\/climatepolicy\",\"https:\\\/\\\/www.linkedin.com\\\/company\\\/climate-policy-initiative\\\/?lipi=urn:li:page:d_flagship3_search_srp_all;GvyQ8DliSYaW9eZhdq8RBQ==\",\"https:\\\/\\\/www.youtube.com\\\/channel\\\/UCE8V0iDgBU8mreZdBegVCcA\",\"https:\\\/\\\/en.wikipedia.org\\\/wiki\\\/Climate_Policy_Initiative\"]}]}<\/script>\n<!-- \/ Yoast SEO plugin. -->","yoast_head_json":{"title":"Acesso Energ\u00e9tico - CPI","robots":{"index":"index","follow":"follow","max-snippet":"max-snippet:-1","max-image-preview":"max-image-preview:large","max-video-preview":"max-video-preview:-1"},"canonical":"https:\/\/www.climatepolicyinitiative.org\/pt-br\/agendas\/acesso-energetico\/","og_locale":"pt_BR","og_type":"article","og_title":"Acesso Energ\u00e9tico - CPI","og_description":"Muitos aspectos de uma economia saud\u00e1vel e&nbsp;sustent\u00e1vel se apoiam no acesso \u00e0 energia sustent\u00e1vel. No entanto, menos de um quarto do investimento necess\u00e1rio para o acesso universal \u00e0 energia est\u00e1 ocorrendo. Embora existam tecnologias e modelos de neg\u00f3cios comprovados acess\u00edveis e confi\u00e1veis que podem aumentar o acesso \u00e0 energia limpa, o financiamento desses projetos e [&hellip;]","og_url":"https:\/\/www.climatepolicyinitiative.org\/pt-br\/agendas\/acesso-energetico\/","og_site_name":"CPI","article_publisher":"https:\/\/www.facebook.com\/ClimatePolicyInitiative","article_modified_time":"2026-02-18T06:38:28+00:00","og_image":[{"width":1920,"height":1230,"url":"https:\/\/www.climatepolicyinitiative.org\/wp-content\/uploads\/2020\/07\/1.-Angel-Jacob-2.jpg","type":"image\/jpeg"}],"twitter_card":"summary_large_image","twitter_site":"@climatepolicy","twitter_misc":{"Est. tempo de leitura":"1 minuto"},"schema":{"@context":"https:\/\/schema.org","@graph":[{"@type":"WebPage","@id":"https:\/\/www.climatepolicyinitiative.org\/pt-br\/agendas\/acesso-energetico\/","url":"https:\/\/www.climatepolicyinitiative.org\/pt-br\/agendas\/acesso-energetico\/","name":"Acesso Energ\u00e9tico - CPI","isPartOf":{"@id":"https:\/\/www.climatepolicyinitiative.org\/pt-br\/#website"},"primaryImageOfPage":{"@id":"https:\/\/www.climatepolicyinitiative.org\/pt-br\/agendas\/acesso-energetico\/#primaryimage"},"image":{"@id":"https:\/\/www.climatepolicyinitiative.org\/pt-br\/agendas\/acesso-energetico\/#primaryimage"},"thumbnailUrl":"https:\/\/www.climatepolicyinitiative.org\/wp-content\/uploads\/2020\/07\/1.-Angel-Jacob-2.jpg","datePublished":"2020-06-30T20:43:33+00:00","dateModified":"2026-02-18T06:38:28+00:00","breadcrumb":{"@id":"https:\/\/www.climatepolicyinitiative.org\/pt-br\/agendas\/acesso-energetico\/#breadcrumb"},"inLanguage":"pt-BR","potentialAction":[{"@type":"ReadAction","target":["https:\/\/www.climatepolicyinitiative.org\/pt-br\/agendas\/acesso-energetico\/"]}]},{"@type":"ImageObject","inLanguage":"pt-BR","@id":"https:\/\/www.climatepolicyinitiative.org\/pt-br\/agendas\/acesso-energetico\/#primaryimage","url":"https:\/\/www.climatepolicyinitiative.org\/wp-content\/uploads\/2020\/07\/1.-Angel-Jacob-2.jpg","contentUrl":"https:\/\/www.climatepolicyinitiative.org\/wp-content\/uploads\/2020\/07\/1.-Angel-Jacob-2.jpg","width":1920,"height":1230,"caption":"Photo by Angel Jacob"},{"@type":"BreadcrumbList","@id":"https:\/\/www.climatepolicyinitiative.org\/pt-br\/agendas\/acesso-energetico\/#breadcrumb","itemListElement":[{"@type":"ListItem","position":1,"name":"Home","item":"https:\/\/www.climatepolicyinitiative.org\/pt-br\/"},{"@type":"ListItem","position":2,"name":"Temas","item":"https:\/\/www.climatepolicyinitiative.org\/pt-br\/agendas\/"},{"@type":"ListItem","position":3,"name":"Acesso Energ\u00e9tico"}]},{"@type":"WebSite","@id":"https:\/\/www.climatepolicyinitiative.org\/pt-br\/#website","url":"https:\/\/www.climatepolicyinitiative.org\/pt-br\/","name":"CPI","description":"Climate Policy Initiative works to improve the most important energy and land use policies around the world, with a particular focus on finance.","publisher":{"@id":"https:\/\/www.climatepolicyinitiative.org\/pt-br\/#organization"},"potentialAction":[{"@type":"SearchAction","target":{"@type":"EntryPoint","urlTemplate":"https:\/\/www.climatepolicyinitiative.org\/pt-br\/?s={search_term_string}"},"query-input":{"@type":"PropertyValueSpecification","valueRequired":true,"valueName":"search_term_string"}}],"inLanguage":"pt-BR"},{"@type":"Organization","@id":"https:\/\/www.climatepolicyinitiative.org\/pt-br\/#organization","name":"Climate Policy Initiative","url":"https:\/\/www.climatepolicyinitiative.org\/pt-br\/","logo":{"@type":"ImageObject","inLanguage":"pt-BR","@id":"https:\/\/www.climatepolicyinitiative.org\/pt-br\/#\/schema\/logo\/image\/","url":"https:\/\/www.climatepolicyinitiative.org\/wp-content\/uploads\/2021\/07\/CPI_logo_cmyk_transparent.png","contentUrl":"https:\/\/www.climatepolicyinitiative.org\/wp-content\/uploads\/2021\/07\/CPI_logo_cmyk_transparent.png","width":1728,"height":720,"caption":"Climate Policy Initiative"},"image":{"@id":"https:\/\/www.climatepolicyinitiative.org\/pt-br\/#\/schema\/logo\/image\/"},"sameAs":["https:\/\/www.facebook.com\/ClimatePolicyInitiative","https:\/\/x.com\/climatepolicy","https:\/\/www.linkedin.com\/company\/climate-policy-initiative\/?lipi=urn:li:page:d_flagship3_search_srp_all;GvyQ8DliSYaW9eZhdq8RBQ==","https:\/\/www.youtube.com\/channel\/UCE8V0iDgBU8mreZdBegVCcA","https:\/\/en.wikipedia.org\/wiki\/Climate_Policy_Initiative"]}]}},"_links":{"self":[{"href":"https:\/\/www.climatepolicyinitiative.org\/pt-br\/wp-json\/wp\/v2\/pages\/29176","targetHints":{"allow":["GET"]}}],"collection":[{"href":"https:\/\/www.climatepolicyinitiative.org\/pt-br\/wp-json\/wp\/v2\/pages"}],"about":[{"href":"https:\/\/www.climatepolicyinitiative.org\/pt-br\/wp-json\/wp\/v2\/types\/page"}],"author":[{"embeddable":true,"href":"https:\/\/www.climatepolicyinitiative.org\/pt-br\/wp-json\/wp\/v2\/users\/206"}],"replies":[{"embeddable":true,"href":"https:\/\/www.climatepolicyinitiative.org\/pt-br\/wp-json\/wp\/v2\/comments?post=29176"}],"version-history":[{"count":0,"href":"https:\/\/www.climatepolicyinitiative.org\/pt-br\/wp-json\/wp\/v2\/pages\/29176\/revisions"}],"up":[{"embeddable":true,"href":"https:\/\/www.climatepolicyinitiative.org\/pt-br\/wp-json\/wp\/v2\/pages\/29846"}],"wp:featuredmedia":[{"embeddable":true,"href":"https:\/\/www.climatepolicyinitiative.org\/pt-br\/wp-json\/wp\/v2\/media\/28713"}],"wp:attachment":[{"href":"https:\/\/www.climatepolicyinitiative.org\/pt-br\/wp-json\/wp\/v2\/media?parent=29176"}],"wp:term":[{"taxonomy":"programs","embeddable":true,"href":"https:\/\/www.climatepolicyinitiative.org\/pt-br\/wp-json\/wp\/v2\/programs?post=29176"},{"taxonomy":"regions","embeddable":true,"href":"https:\/\/www.climatepolicyinitiative.org\/pt-br\/wp-json\/wp\/v2\/regions?post=29176"},{"taxonomy":"topics","embeddable":true,"href":"https:\/\/www.climatepolicyinitiative.org\/pt-br\/wp-json\/wp\/v2\/topics?post=29176"},{"taxonomy":"collaborations","embeddable":true,"href":"https:\/\/www.climatepolicyinitiative.org\/pt-br\/wp-json\/wp\/v2\/collaborations?post=29176"}],"curies":[{"name":"wp","href":"https:\/\/api.w.org\/{rel}","templated":true}]}}