{"id":29162,"date":"2014-07-15T21:34:52","date_gmt":"2014-07-15T21:34:52","guid":{"rendered":"http:\/\/climatepolicyinitiative.org\/indonesia\/"},"modified":"2026-02-18T06:25:45","modified_gmt":"2026-02-18T06:25:45","slug":"indonesia","status":"publish","type":"page","link":"https:\/\/www.climatepolicyinitiative.org\/pt-br\/regioes\/indonesia\/","title":{"rendered":"Indonesia"},"content":{"rendered":"<p>Na Indon\u00e9sia, o trabalho do Climate Policy Initiative respalda\u00a0 os objetivos clim\u00e1ticos e de desenvolvimento sustent\u00e1vel estabelecidos pelo Governo da Indon\u00e9sia.<\/p>\n<p>\u00c0 medida que os compromissos clim\u00e1ticos da Indon\u00e9sia se expandem \u2013 mais recentemente com o aprimoramento da sua NDC, publicada em setembro de 2022 \u2013 o trabalho do CPI na Indon\u00e9sia evolui e se expande para refletir essas mudan\u00e7as importantes. Isso inclui avalia\u00e7\u00f5es atualizadas do cen\u00e1rio e recomenda\u00e7\u00f5es pr\u00e1ticas sobre as pol\u00edticas de mudan\u00e7a clim\u00e1tica do pa\u00eds, bem como suas necessidades de financiamento clim\u00e1tico.<\/p>\n<p>Atrav\u00e9s do nosso <a href=\"https:\/\/www.climatepolicyinitiative.org\/climate-finance-tracking\/\" target=\"_blank\" rel=\"noopener\">panorama de financiamento clim\u00e1tico<\/a>, de an\u00e1lises de pol\u00edticas e de consultorias, ajudamos stakeholders do governo, empresas e institui\u00e7\u00f5es financeiras no pa\u00eds a acelerar a transi\u00e7\u00e3o para economias neutras em carbono e resilientes ao clima.<\/p>\n<ul>\n<li>Ajuda a garantir a rastreabilidade do financiamento clim\u00e1tico p\u00fablico e privado da Indon\u00e9sia,<\/li>\n<li>Desenvolve instrumentos financeiros inovadores e estruturas pol\u00edticas para acelerar o investimento privado, e<\/li>\n<li>Fornece assist\u00eancia t\u00e9cnica para \u00e1reas emergentes e bastante cr\u00edticas, como o <a href=\"https:\/\/www.climatepolicyinitiative.org\/climate-finance-tracking\/\" target=\"_blank\" rel=\"noopener\">Mecanismo de Transi\u00e7\u00e3o Energ\u00e9tica<\/a> e <a href=\"https:\/\/www.climatepolicyinitiative.org\/pt-br\/agendas\/transicao-justa\/\" target=\"_blank\" rel=\"noopener\">Transi\u00e7\u00e3o Justa<\/a>.<\/li>\n<\/ul>\n<p>A expertise da equipe na Indon\u00e9sia inclui:<\/p>\n<ul>\n<li><a href=\"https:\/\/www.climatepolicyinitiative.org\/pt-br\/agendas\/inovacoes-financeiras\/\" target=\"_blank\" rel=\"noopener\">Efetividade e inova\u00e7\u00e3o em financiamento clim\u00e1tico<\/a>,<\/li>\n<li><a href=\"https:\/\/www.climatepolicyinitiative.org\/the-topics\/energy-efficiency\/\" target=\"_blank\" rel=\"noopener\">Efici\u00eancia energ\u00e9tica<\/a>,<\/li>\n<li><a href=\"https:\/\/www.climatepolicyinitiative.org\/pt-br\/agendas\/energia-renovaveis\/\" target=\"_blank\" rel=\"noopener\">Energia renov\u00e1vel<\/a>,<\/li>\n<li><a href=\"https:\/\/www.climatepolicyinitiative.org\/indonesia-green-taxonomy-1-0-yellow-does-not-mean-go\/\" target=\"_blank\" rel=\"noopener\">Taxonomia verde<\/a>,<\/li>\n<li>Transi\u00e7\u00e3o justa e<\/li>\n<li><a href=\"https:\/\/www.climatepolicyinitiative.org\/pt-br\/agendas\/uso-da-terra\/\" target=\"_blank\" rel=\"noopener\">Uso da terra<\/a>.<\/li>\n<\/ul>\n<p>Trabalhamos em estreita colabora\u00e7\u00e3o com parceiros estrat\u00e9gicos do governo, incluindo o Minist\u00e9rio da Fazenda, Minist\u00e9rio de Energia e Recursos Minerais, Minist\u00e9rio Coordenador de Assuntos Mar\u00edtimos e Investimentos, Minist\u00e9rio do Meio Ambiente e Florestas, Autoridade de Servi\u00e7os Financeiros da Indon\u00e9sia e <a href=\"https:\/\/www.greenclimate.fund\/ae\/ptsmi\" target=\"_blank\" rel=\"noopener\">PT Sarana Multi Infrastruktur<\/a>.<\/p>\n<p>O escrit\u00f3rio do CPI na Indon\u00e9sia \u00e9 liderado por <a href=\"https:\/\/www.climatepolicyinitiative.org\/people\/tiza-mafira\/\" target=\"_blank\" rel=\"noopener\">Tiza Mafira<\/a>.<\/p>\n","protected":false},"excerpt":{"rendered":"<p>Na Indon\u00e9sia, o trabalho do Climate Policy Initiative respalda\u00a0 os objetivos clim\u00e1ticos e de desenvolvimento sustent\u00e1vel estabelecidos pelo Governo da Indon\u00e9sia. \u00c0 medida que os compromissos clim\u00e1ticos da Indon\u00e9sia se expandem \u2013 mais recentemente com o aprimoramento da sua NDC, publicada em setembro de 2022 \u2013 o trabalho do CPI na Indon\u00e9sia evolui e se [&hellip;]<\/p>\n","protected":false},"author":33,"featured_media":28675,"parent":29845,"menu_order":37,"comment_status":"closed","ping_status":"closed","template":"templates\/landing.php","meta":{"_acf_changed":false,"footnotes":""},"programs":[1761,1771],"regions":[1375,1391,1403,1381,1393],"topics":[1284,1351,1337,1292,1259,1245,1251,1243,1320],"collaborations":[],"class_list":["post-29162","page","type-page","status-publish","format-standard","has-post-thumbnail","hentry","programs-climate-finance-tracking","programs-panorama-de-financiamento-climatico","regions-asia","regions-economias-em-desenvolvimento","regions-indonesia","regions-kalimantan-central","regions-kalimantan-oriental","topics-acesso-energetico","topics-agricultura-sustentavel","topics-energia-renovavel","topics-financas","topics-financiamento-misto","topics-politicas-fiscais","topics-regulacao-e-politica-publica","topics-uso-da-terra","topics-uso-da-terra-e-conservacao"],"acf":[],"yoast_head":"<!-- This site is optimized with the Yoast SEO plugin v27.3 - https:\/\/yoast.com\/product\/yoast-seo-wordpress\/ -->\n<title>Indonesia - CPI<\/title>\n<meta name=\"robots\" content=\"index, follow, max-snippet:-1, max-image-preview:large, max-video-preview:-1\" \/>\n<link rel=\"canonical\" href=\"https:\/\/www.climatepolicyinitiative.org\/pt-br\/regioes\/indonesia\/\" \/>\n<meta property=\"og:locale\" content=\"pt_BR\" \/>\n<meta property=\"og:type\" content=\"article\" \/>\n<meta property=\"og:title\" content=\"Indonesia - CPI\" \/>\n<meta property=\"og:description\" content=\"Na Indon\u00e9sia, o trabalho do Climate Policy Initiative respalda\u00a0 os objetivos clim\u00e1ticos e de desenvolvimento sustent\u00e1vel estabelecidos pelo Governo da Indon\u00e9sia. \u00c0 medida que os compromissos clim\u00e1ticos da Indon\u00e9sia se expandem \u2013 mais recentemente com o aprimoramento da sua NDC, publicada em setembro de 2022 \u2013 o trabalho do CPI na Indon\u00e9sia evolui e se [&hellip;]\" \/>\n<meta property=\"og:url\" content=\"https:\/\/www.climatepolicyinitiative.org\/pt-br\/regioes\/indonesia\/\" \/>\n<meta property=\"og:site_name\" content=\"CPI\" \/>\n<meta property=\"article:publisher\" content=\"https:\/\/www.facebook.com\/ClimatePolicyInitiative\" \/>\n<meta property=\"article:modified_time\" content=\"2026-02-18T06:25:45+00:00\" \/>\n<meta property=\"og:image\" content=\"https:\/\/www.climatepolicyinitiative.org\/wp-content\/uploads\/2020\/07\/solar-panel-4716640-scaled.jpg\" \/>\n\t<meta property=\"og:image:width\" content=\"2560\" \/>\n\t<meta property=\"og:image:height\" content=\"1707\" \/>\n\t<meta property=\"og:image:type\" content=\"image\/jpeg\" \/>\n<meta name=\"twitter:card\" content=\"summary_large_image\" \/>\n<meta name=\"twitter:site\" content=\"@climatepolicy\" \/>\n<meta name=\"twitter:label1\" content=\"Est. tempo de leitura\" \/>\n\t<meta name=\"twitter:data1\" content=\"2 minutos\" \/>\n<script type=\"application\/ld+json\" class=\"yoast-schema-graph\">{\"@context\":\"https:\\\/\\\/schema.org\",\"@graph\":[{\"@type\":\"WebPage\",\"@id\":\"https:\\\/\\\/www.climatepolicyinitiative.org\\\/pt-br\\\/regioes\\\/indonesia\\\/\",\"url\":\"https:\\\/\\\/www.climatepolicyinitiative.org\\\/pt-br\\\/regioes\\\/indonesia\\\/\",\"name\":\"Indonesia - CPI\",\"isPartOf\":{\"@id\":\"https:\\\/\\\/www.climatepolicyinitiative.org\\\/pt-br\\\/#website\"},\"primaryImageOfPage\":{\"@id\":\"https:\\\/\\\/www.climatepolicyinitiative.org\\\/pt-br\\\/regioes\\\/indonesia\\\/#primaryimage\"},\"image\":{\"@id\":\"https:\\\/\\\/www.climatepolicyinitiative.org\\\/pt-br\\\/regioes\\\/indonesia\\\/#primaryimage\"},\"thumbnailUrl\":\"https:\\\/\\\/www.climatepolicyinitiative.org\\\/wp-content\\\/uploads\\\/2020\\\/07\\\/solar-panel-4716640-scaled.jpg\",\"datePublished\":\"2014-07-15T21:34:52+00:00\",\"dateModified\":\"2026-02-18T06:25:45+00:00\",\"breadcrumb\":{\"@id\":\"https:\\\/\\\/www.climatepolicyinitiative.org\\\/pt-br\\\/regioes\\\/indonesia\\\/#breadcrumb\"},\"inLanguage\":\"pt-BR\",\"potentialAction\":[{\"@type\":\"ReadAction\",\"target\":[\"https:\\\/\\\/www.climatepolicyinitiative.org\\\/pt-br\\\/regioes\\\/indonesia\\\/\"]}]},{\"@type\":\"ImageObject\",\"inLanguage\":\"pt-BR\",\"@id\":\"https:\\\/\\\/www.climatepolicyinitiative.org\\\/pt-br\\\/regioes\\\/indonesia\\\/#primaryimage\",\"url\":\"https:\\\/\\\/www.climatepolicyinitiative.org\\\/wp-content\\\/uploads\\\/2020\\\/07\\\/solar-panel-4716640-scaled.jpg\",\"contentUrl\":\"https:\\\/\\\/www.climatepolicyinitiative.org\\\/wp-content\\\/uploads\\\/2020\\\/07\\\/solar-panel-4716640-scaled.jpg\",\"width\":2560,\"height\":1707,\"caption\":\"Indonesia\"},{\"@type\":\"BreadcrumbList\",\"@id\":\"https:\\\/\\\/www.climatepolicyinitiative.org\\\/pt-br\\\/regioes\\\/indonesia\\\/#breadcrumb\",\"itemListElement\":[{\"@type\":\"ListItem\",\"position\":1,\"name\":\"Home\",\"item\":\"https:\\\/\\\/www.climatepolicyinitiative.org\\\/pt-br\\\/\"},{\"@type\":\"ListItem\",\"position\":2,\"name\":\"Regi\u00f5es\",\"item\":\"https:\\\/\\\/www.climatepolicyinitiative.org\\\/pt-br\\\/regioes\\\/\"},{\"@type\":\"ListItem\",\"position\":3,\"name\":\"Indonesia\"}]},{\"@type\":\"WebSite\",\"@id\":\"https:\\\/\\\/www.climatepolicyinitiative.org\\\/pt-br\\\/#website\",\"url\":\"https:\\\/\\\/www.climatepolicyinitiative.org\\\/pt-br\\\/\",\"name\":\"CPI\",\"description\":\"Climate Policy Initiative works to improve the most important energy and land use policies around the world, with a particular focus on finance.\",\"publisher\":{\"@id\":\"https:\\\/\\\/www.climatepolicyinitiative.org\\\/pt-br\\\/#organization\"},\"potentialAction\":[{\"@type\":\"SearchAction\",\"target\":{\"@type\":\"EntryPoint\",\"urlTemplate\":\"https:\\\/\\\/www.climatepolicyinitiative.org\\\/pt-br\\\/?s={search_term_string}\"},\"query-input\":{\"@type\":\"PropertyValueSpecification\",\"valueRequired\":true,\"valueName\":\"search_term_string\"}}],\"inLanguage\":\"pt-BR\"},{\"@type\":\"Organization\",\"@id\":\"https:\\\/\\\/www.climatepolicyinitiative.org\\\/pt-br\\\/#organization\",\"name\":\"Climate Policy Initiative\",\"url\":\"https:\\\/\\\/www.climatepolicyinitiative.org\\\/pt-br\\\/\",\"logo\":{\"@type\":\"ImageObject\",\"inLanguage\":\"pt-BR\",\"@id\":\"https:\\\/\\\/www.climatepolicyinitiative.org\\\/pt-br\\\/#\\\/schema\\\/logo\\\/image\\\/\",\"url\":\"https:\\\/\\\/www.climatepolicyinitiative.org\\\/wp-content\\\/uploads\\\/2021\\\/07\\\/CPI_logo_cmyk_transparent.png\",\"contentUrl\":\"https:\\\/\\\/www.climatepolicyinitiative.org\\\/wp-content\\\/uploads\\\/2021\\\/07\\\/CPI_logo_cmyk_transparent.png\",\"width\":1728,\"height\":720,\"caption\":\"Climate Policy Initiative\"},\"image\":{\"@id\":\"https:\\\/\\\/www.climatepolicyinitiative.org\\\/pt-br\\\/#\\\/schema\\\/logo\\\/image\\\/\"},\"sameAs\":[\"https:\\\/\\\/www.facebook.com\\\/ClimatePolicyInitiative\",\"https:\\\/\\\/x.com\\\/climatepolicy\",\"https:\\\/\\\/www.linkedin.com\\\/company\\\/climate-policy-initiative\\\/?lipi=urn:li:page:d_flagship3_search_srp_all;GvyQ8DliSYaW9eZhdq8RBQ==\",\"https:\\\/\\\/www.youtube.com\\\/channel\\\/UCE8V0iDgBU8mreZdBegVCcA\",\"https:\\\/\\\/en.wikipedia.org\\\/wiki\\\/Climate_Policy_Initiative\"]}]}<\/script>\n<!-- \/ Yoast SEO plugin. -->","yoast_head_json":{"title":"Indonesia - CPI","robots":{"index":"index","follow":"follow","max-snippet":"max-snippet:-1","max-image-preview":"max-image-preview:large","max-video-preview":"max-video-preview:-1"},"canonical":"https:\/\/www.climatepolicyinitiative.org\/pt-br\/regioes\/indonesia\/","og_locale":"pt_BR","og_type":"article","og_title":"Indonesia - CPI","og_description":"Na Indon\u00e9sia, o trabalho do Climate Policy Initiative respalda\u00a0 os objetivos clim\u00e1ticos e de desenvolvimento sustent\u00e1vel estabelecidos pelo Governo da Indon\u00e9sia. \u00c0 medida que os compromissos clim\u00e1ticos da Indon\u00e9sia se expandem \u2013 mais recentemente com o aprimoramento da sua NDC, publicada em setembro de 2022 \u2013 o trabalho do CPI na Indon\u00e9sia evolui e se [&hellip;]","og_url":"https:\/\/www.climatepolicyinitiative.org\/pt-br\/regioes\/indonesia\/","og_site_name":"CPI","article_publisher":"https:\/\/www.facebook.com\/ClimatePolicyInitiative","article_modified_time":"2026-02-18T06:25:45+00:00","og_image":[{"width":2560,"height":1707,"url":"https:\/\/www.climatepolicyinitiative.org\/wp-content\/uploads\/2020\/07\/solar-panel-4716640-scaled.jpg","type":"image\/jpeg"}],"twitter_card":"summary_large_image","twitter_site":"@climatepolicy","twitter_misc":{"Est. tempo de leitura":"2 minutos"},"schema":{"@context":"https:\/\/schema.org","@graph":[{"@type":"WebPage","@id":"https:\/\/www.climatepolicyinitiative.org\/pt-br\/regioes\/indonesia\/","url":"https:\/\/www.climatepolicyinitiative.org\/pt-br\/regioes\/indonesia\/","name":"Indonesia - CPI","isPartOf":{"@id":"https:\/\/www.climatepolicyinitiative.org\/pt-br\/#website"},"primaryImageOfPage":{"@id":"https:\/\/www.climatepolicyinitiative.org\/pt-br\/regioes\/indonesia\/#primaryimage"},"image":{"@id":"https:\/\/www.climatepolicyinitiative.org\/pt-br\/regioes\/indonesia\/#primaryimage"},"thumbnailUrl":"https:\/\/www.climatepolicyinitiative.org\/wp-content\/uploads\/2020\/07\/solar-panel-4716640-scaled.jpg","datePublished":"2014-07-15T21:34:52+00:00","dateModified":"2026-02-18T06:25:45+00:00","breadcrumb":{"@id":"https:\/\/www.climatepolicyinitiative.org\/pt-br\/regioes\/indonesia\/#breadcrumb"},"inLanguage":"pt-BR","potentialAction":[{"@type":"ReadAction","target":["https:\/\/www.climatepolicyinitiative.org\/pt-br\/regioes\/indonesia\/"]}]},{"@type":"ImageObject","inLanguage":"pt-BR","@id":"https:\/\/www.climatepolicyinitiative.org\/pt-br\/regioes\/indonesia\/#primaryimage","url":"https:\/\/www.climatepolicyinitiative.org\/wp-content\/uploads\/2020\/07\/solar-panel-4716640-scaled.jpg","contentUrl":"https:\/\/www.climatepolicyinitiative.org\/wp-content\/uploads\/2020\/07\/solar-panel-4716640-scaled.jpg","width":2560,"height":1707,"caption":"Indonesia"},{"@type":"BreadcrumbList","@id":"https:\/\/www.climatepolicyinitiative.org\/pt-br\/regioes\/indonesia\/#breadcrumb","itemListElement":[{"@type":"ListItem","position":1,"name":"Home","item":"https:\/\/www.climatepolicyinitiative.org\/pt-br\/"},{"@type":"ListItem","position":2,"name":"Regi\u00f5es","item":"https:\/\/www.climatepolicyinitiative.org\/pt-br\/regioes\/"},{"@type":"ListItem","position":3,"name":"Indonesia"}]},{"@type":"WebSite","@id":"https:\/\/www.climatepolicyinitiative.org\/pt-br\/#website","url":"https:\/\/www.climatepolicyinitiative.org\/pt-br\/","name":"CPI","description":"Climate Policy Initiative works to improve the most important energy and land use policies around the world, with a particular focus on finance.","publisher":{"@id":"https:\/\/www.climatepolicyinitiative.org\/pt-br\/#organization"},"potentialAction":[{"@type":"SearchAction","target":{"@type":"EntryPoint","urlTemplate":"https:\/\/www.climatepolicyinitiative.org\/pt-br\/?s={search_term_string}"},"query-input":{"@type":"PropertyValueSpecification","valueRequired":true,"valueName":"search_term_string"}}],"inLanguage":"pt-BR"},{"@type":"Organization","@id":"https:\/\/www.climatepolicyinitiative.org\/pt-br\/#organization","name":"Climate Policy Initiative","url":"https:\/\/www.climatepolicyinitiative.org\/pt-br\/","logo":{"@type":"ImageObject","inLanguage":"pt-BR","@id":"https:\/\/www.climatepolicyinitiative.org\/pt-br\/#\/schema\/logo\/image\/","url":"https:\/\/www.climatepolicyinitiative.org\/wp-content\/uploads\/2021\/07\/CPI_logo_cmyk_transparent.png","contentUrl":"https:\/\/www.climatepolicyinitiative.org\/wp-content\/uploads\/2021\/07\/CPI_logo_cmyk_transparent.png","width":1728,"height":720,"caption":"Climate Policy Initiative"},"image":{"@id":"https:\/\/www.climatepolicyinitiative.org\/pt-br\/#\/schema\/logo\/image\/"},"sameAs":["https:\/\/www.facebook.com\/ClimatePolicyInitiative","https:\/\/x.com\/climatepolicy","https:\/\/www.linkedin.com\/company\/climate-policy-initiative\/?lipi=urn:li:page:d_flagship3_search_srp_all;GvyQ8DliSYaW9eZhdq8RBQ==","https:\/\/www.youtube.com\/channel\/UCE8V0iDgBU8mreZdBegVCcA","https:\/\/en.wikipedia.org\/wiki\/Climate_Policy_Initiative"]}]}},"_links":{"self":[{"href":"https:\/\/www.climatepolicyinitiative.org\/pt-br\/wp-json\/wp\/v2\/pages\/29162","targetHints":{"allow":["GET"]}}],"collection":[{"href":"https:\/\/www.climatepolicyinitiative.org\/pt-br\/wp-json\/wp\/v2\/pages"}],"about":[{"href":"https:\/\/www.climatepolicyinitiative.org\/pt-br\/wp-json\/wp\/v2\/types\/page"}],"author":[{"embeddable":true,"href":"https:\/\/www.climatepolicyinitiative.org\/pt-br\/wp-json\/wp\/v2\/users\/33"}],"replies":[{"embeddable":true,"href":"https:\/\/www.climatepolicyinitiative.org\/pt-br\/wp-json\/wp\/v2\/comments?post=29162"}],"version-history":[{"count":3,"href":"https:\/\/www.climatepolicyinitiative.org\/pt-br\/wp-json\/wp\/v2\/pages\/29162\/revisions"}],"predecessor-version":[{"id":118251,"href":"https:\/\/www.climatepolicyinitiative.org\/pt-br\/wp-json\/wp\/v2\/pages\/29162\/revisions\/118251"}],"up":[{"embeddable":true,"href":"https:\/\/www.climatepolicyinitiative.org\/pt-br\/wp-json\/wp\/v2\/pages\/29845"}],"wp:featuredmedia":[{"embeddable":true,"href":"https:\/\/www.climatepolicyinitiative.org\/pt-br\/wp-json\/wp\/v2\/media\/28675"}],"wp:attachment":[{"href":"https:\/\/www.climatepolicyinitiative.org\/pt-br\/wp-json\/wp\/v2\/media?parent=29162"}],"wp:term":[{"taxonomy":"programs","embeddable":true,"href":"https:\/\/www.climatepolicyinitiative.org\/pt-br\/wp-json\/wp\/v2\/programs?post=29162"},{"taxonomy":"regions","embeddable":true,"href":"https:\/\/www.climatepolicyinitiative.org\/pt-br\/wp-json\/wp\/v2\/regions?post=29162"},{"taxonomy":"topics","embeddable":true,"href":"https:\/\/www.climatepolicyinitiative.org\/pt-br\/wp-json\/wp\/v2\/topics?post=29162"},{"taxonomy":"collaborations","embeddable":true,"href":"https:\/\/www.climatepolicyinitiative.org\/pt-br\/wp-json\/wp\/v2\/collaborations?post=29162"}],"curies":[{"name":"wp","href":"https:\/\/api.w.org\/{rel}","templated":true}]}}