{"id":23937,"date":"2020-06-25T14:18:07","date_gmt":"2020-06-25T14:18:07","guid":{"rendered":"http:\/\/climatepolicyinitiative.org\/nucleo-de-avaliacao-de-pesquisa-climatica\/"},"modified":"2026-02-18T05:51:03","modified_gmt":"2026-02-18T05:51:03","slug":"brazil-policy-center","status":"publish","type":"page","link":"https:\/\/www.climatepolicyinitiative.org\/pt-br\/programas\/brazil-policy-center\/","title":{"rendered":"Brazil Policy Center"},"content":{"rendered":"\n<p>O Brazil Policy Center combina rigorosa\u00a0an\u00e1lise\u00a0econ\u00f4mica, institucional e jur\u00eddica\u00a0com o intuito de\u00a0identificar \u00e1reas para melhorar pol\u00edticas p\u00fablicas e fornece recomenda\u00e7\u00f5es concretas sobre como\u00a0conciliar\u00a0desenvolvimento econ\u00f4mico com conserva\u00e7\u00e3o ambiental.\u00a0O CPI trabalha em estreita colabora\u00e7\u00e3o com ag\u00eancias governamentais e a sociedade civil para tra\u00e7ar caminhos para\u00a0o progresso,\u00a0concentra-se\u00a0em \u00e1reas estrat\u00e9gicas, incluindo Direito e Governan\u00e7a do Clima, Conserva\u00e7\u00e3o, Energia, Instrumentos Financeiros, Infraestrutura e Agricultura Sustent\u00e1vel,\u00a0e est\u00e1 localizado na Pontif\u00edcia Universidade Cat\u00f3lica do Rio de Janeiro (PUC-Rio).\u00a0O escrit\u00f3rio do CPI no Brasil \u00e9 liderado por <a href=\"https:\/\/www.climatepolicyinitiative.org\/pt-br\/people\/juliano-j-assuncao\/\">Juliano J. Assun\u00e7\u00e3o<\/a>, professor no Departamento de Economia da PUC-Rio.<\/p>\n\n\n\n<p><\/p>\n\n\n\n<p><\/p>\n","protected":false},"excerpt":{"rendered":"<p>O Brazil Policy Center combina rigorosa\u00a0an\u00e1lise\u00a0econ\u00f4mica, institucional e jur\u00eddica\u00a0com o intuito de\u00a0identificar \u00e1reas para melhorar pol\u00edticas p\u00fablicas e fornece recomenda\u00e7\u00f5es concretas sobre como\u00a0conciliar\u00a0desenvolvimento econ\u00f4mico com conserva\u00e7\u00e3o ambiental.\u00a0O CPI trabalha em estreita colabora\u00e7\u00e3o com ag\u00eancias governamentais e a sociedade civil para tra\u00e7ar caminhos para\u00a0o progresso,\u00a0concentra-se\u00a0em \u00e1reas estrat\u00e9gicas, incluindo Direito e Governan\u00e7a do Clima, Conserva\u00e7\u00e3o, Energia, Instrumentos [&hellip;]<\/p>\n","protected":false},"author":183,"featured_media":29411,"parent":29691,"menu_order":2,"comment_status":"closed","ping_status":"closed","template":"templates\/landing.php","meta":{"_acf_changed":false,"footnotes":""},"programs":[1241],"regions":[1377],"topics":[],"collaborations":[],"class_list":["post-23937","page","type-page","status-publish","format-standard","has-post-thumbnail","hentry","programs-brazil-policy-center","regions-brasil"],"acf":[],"yoast_head":"<!-- This site is optimized with the Yoast SEO plugin v27.3 - https:\/\/yoast.com\/product\/yoast-seo-wordpress\/ -->\n<title>Brazil Policy Center - CPI<\/title>\n<meta name=\"robots\" content=\"index, follow, max-snippet:-1, max-image-preview:large, max-video-preview:-1\" \/>\n<link rel=\"canonical\" href=\"https:\/\/www.climatepolicyinitiative.org\/pt-br\/programas\/brazil-policy-center\/\" \/>\n<meta property=\"og:locale\" content=\"pt_BR\" \/>\n<meta property=\"og:type\" content=\"article\" \/>\n<meta property=\"og:title\" content=\"Brazil Policy Center - CPI\" \/>\n<meta property=\"og:description\" content=\"O Brazil Policy Center combina rigorosa\u00a0an\u00e1lise\u00a0econ\u00f4mica, institucional e jur\u00eddica\u00a0com o intuito de\u00a0identificar \u00e1reas para melhorar pol\u00edticas p\u00fablicas e fornece recomenda\u00e7\u00f5es concretas sobre como\u00a0conciliar\u00a0desenvolvimento econ\u00f4mico com conserva\u00e7\u00e3o ambiental.\u00a0O CPI trabalha em estreita colabora\u00e7\u00e3o com ag\u00eancias governamentais e a sociedade civil para tra\u00e7ar caminhos para\u00a0o progresso,\u00a0concentra-se\u00a0em \u00e1reas estrat\u00e9gicas, incluindo Direito e Governan\u00e7a do Clima, Conserva\u00e7\u00e3o, Energia, Instrumentos [&hellip;]\" \/>\n<meta property=\"og:url\" content=\"https:\/\/www.climatepolicyinitiative.org\/pt-br\/programas\/brazil-policy-center\/\" \/>\n<meta property=\"og:site_name\" content=\"CPI\" \/>\n<meta property=\"article:publisher\" content=\"https:\/\/www.facebook.com\/ClimatePolicyInitiative\" \/>\n<meta property=\"article:modified_time\" content=\"2026-02-18T05:51:03+00:00\" \/>\n<meta property=\"og:image\" content=\"https:\/\/www.climatepolicyinitiative.org\/wp-content\/uploads\/2020\/07\/Depositphotos_164632704_xl-2015-scaled.jpg\" \/>\n\t<meta property=\"og:image:width\" content=\"2560\" \/>\n\t<meta property=\"og:image:height\" content=\"1705\" \/>\n\t<meta property=\"og:image:type\" content=\"image\/jpeg\" \/>\n<meta name=\"twitter:card\" content=\"summary_large_image\" \/>\n<meta name=\"twitter:site\" content=\"@climatepolicy\" \/>\n<meta name=\"twitter:label1\" content=\"Est. tempo de leitura\" \/>\n\t<meta name=\"twitter:data1\" content=\"1 minuto\" \/>\n<script type=\"application\/ld+json\" class=\"yoast-schema-graph\">{\"@context\":\"https:\\\/\\\/schema.org\",\"@graph\":[{\"@type\":\"WebPage\",\"@id\":\"https:\\\/\\\/www.climatepolicyinitiative.org\\\/pt-br\\\/programas\\\/brazil-policy-center\\\/\",\"url\":\"https:\\\/\\\/www.climatepolicyinitiative.org\\\/pt-br\\\/programas\\\/brazil-policy-center\\\/\",\"name\":\"Brazil Policy Center - CPI\",\"isPartOf\":{\"@id\":\"https:\\\/\\\/www.climatepolicyinitiative.org\\\/pt-br\\\/#website\"},\"primaryImageOfPage\":{\"@id\":\"https:\\\/\\\/www.climatepolicyinitiative.org\\\/pt-br\\\/programas\\\/brazil-policy-center\\\/#primaryimage\"},\"image\":{\"@id\":\"https:\\\/\\\/www.climatepolicyinitiative.org\\\/pt-br\\\/programas\\\/brazil-policy-center\\\/#primaryimage\"},\"thumbnailUrl\":\"https:\\\/\\\/www.climatepolicyinitiative.org\\\/wp-content\\\/uploads\\\/2020\\\/07\\\/Depositphotos_164632704_xl-2015-scaled.jpg\",\"datePublished\":\"2020-06-25T14:18:07+00:00\",\"dateModified\":\"2026-02-18T05:51:03+00:00\",\"breadcrumb\":{\"@id\":\"https:\\\/\\\/www.climatepolicyinitiative.org\\\/pt-br\\\/programas\\\/brazil-policy-center\\\/#breadcrumb\"},\"inLanguage\":\"pt-BR\",\"potentialAction\":[{\"@type\":\"ReadAction\",\"target\":[\"https:\\\/\\\/www.climatepolicyinitiative.org\\\/pt-br\\\/programas\\\/brazil-policy-center\\\/\"]}]},{\"@type\":\"ImageObject\",\"inLanguage\":\"pt-BR\",\"@id\":\"https:\\\/\\\/www.climatepolicyinitiative.org\\\/pt-br\\\/programas\\\/brazil-policy-center\\\/#primaryimage\",\"url\":\"https:\\\/\\\/www.climatepolicyinitiative.org\\\/wp-content\\\/uploads\\\/2020\\\/07\\\/Depositphotos_164632704_xl-2015-scaled.jpg\",\"contentUrl\":\"https:\\\/\\\/www.climatepolicyinitiative.org\\\/wp-content\\\/uploads\\\/2020\\\/07\\\/Depositphotos_164632704_xl-2015-scaled.jpg\",\"width\":2560,\"height\":1705,\"caption\":\"CPI in Brazil\"},{\"@type\":\"BreadcrumbList\",\"@id\":\"https:\\\/\\\/www.climatepolicyinitiative.org\\\/pt-br\\\/programas\\\/brazil-policy-center\\\/#breadcrumb\",\"itemListElement\":[{\"@type\":\"ListItem\",\"position\":1,\"name\":\"Home\",\"item\":\"https:\\\/\\\/www.climatepolicyinitiative.org\\\/pt-br\\\/\"},{\"@type\":\"ListItem\",\"position\":2,\"name\":\"Programas\",\"item\":\"https:\\\/\\\/www.climatepolicyinitiative.org\\\/pt-br\\\/programas\\\/\"},{\"@type\":\"ListItem\",\"position\":3,\"name\":\"Brazil Policy Center\"}]},{\"@type\":\"WebSite\",\"@id\":\"https:\\\/\\\/www.climatepolicyinitiative.org\\\/pt-br\\\/#website\",\"url\":\"https:\\\/\\\/www.climatepolicyinitiative.org\\\/pt-br\\\/\",\"name\":\"CPI\",\"description\":\"Climate Policy Initiative works to improve the most important energy and land use policies around the world, with a particular focus on finance.\",\"publisher\":{\"@id\":\"https:\\\/\\\/www.climatepolicyinitiative.org\\\/pt-br\\\/#organization\"},\"potentialAction\":[{\"@type\":\"SearchAction\",\"target\":{\"@type\":\"EntryPoint\",\"urlTemplate\":\"https:\\\/\\\/www.climatepolicyinitiative.org\\\/pt-br\\\/?s={search_term_string}\"},\"query-input\":{\"@type\":\"PropertyValueSpecification\",\"valueRequired\":true,\"valueName\":\"search_term_string\"}}],\"inLanguage\":\"pt-BR\"},{\"@type\":\"Organization\",\"@id\":\"https:\\\/\\\/www.climatepolicyinitiative.org\\\/pt-br\\\/#organization\",\"name\":\"Climate Policy Initiative\",\"url\":\"https:\\\/\\\/www.climatepolicyinitiative.org\\\/pt-br\\\/\",\"logo\":{\"@type\":\"ImageObject\",\"inLanguage\":\"pt-BR\",\"@id\":\"https:\\\/\\\/www.climatepolicyinitiative.org\\\/pt-br\\\/#\\\/schema\\\/logo\\\/image\\\/\",\"url\":\"https:\\\/\\\/www.climatepolicyinitiative.org\\\/wp-content\\\/uploads\\\/2021\\\/07\\\/CPI_logo_cmyk_transparent.png\",\"contentUrl\":\"https:\\\/\\\/www.climatepolicyinitiative.org\\\/wp-content\\\/uploads\\\/2021\\\/07\\\/CPI_logo_cmyk_transparent.png\",\"width\":1728,\"height\":720,\"caption\":\"Climate Policy Initiative\"},\"image\":{\"@id\":\"https:\\\/\\\/www.climatepolicyinitiative.org\\\/pt-br\\\/#\\\/schema\\\/logo\\\/image\\\/\"},\"sameAs\":[\"https:\\\/\\\/www.facebook.com\\\/ClimatePolicyInitiative\",\"https:\\\/\\\/x.com\\\/climatepolicy\",\"https:\\\/\\\/www.linkedin.com\\\/company\\\/climate-policy-initiative\\\/?lipi=urn:li:page:d_flagship3_search_srp_all;GvyQ8DliSYaW9eZhdq8RBQ==\",\"https:\\\/\\\/www.youtube.com\\\/channel\\\/UCE8V0iDgBU8mreZdBegVCcA\",\"https:\\\/\\\/en.wikipedia.org\\\/wiki\\\/Climate_Policy_Initiative\"]}]}<\/script>\n<!-- \/ Yoast SEO plugin. -->","yoast_head_json":{"title":"Brazil Policy Center - CPI","robots":{"index":"index","follow":"follow","max-snippet":"max-snippet:-1","max-image-preview":"max-image-preview:large","max-video-preview":"max-video-preview:-1"},"canonical":"https:\/\/www.climatepolicyinitiative.org\/pt-br\/programas\/brazil-policy-center\/","og_locale":"pt_BR","og_type":"article","og_title":"Brazil Policy Center - CPI","og_description":"O Brazil Policy Center combina rigorosa\u00a0an\u00e1lise\u00a0econ\u00f4mica, institucional e jur\u00eddica\u00a0com o intuito de\u00a0identificar \u00e1reas para melhorar pol\u00edticas p\u00fablicas e fornece recomenda\u00e7\u00f5es concretas sobre como\u00a0conciliar\u00a0desenvolvimento econ\u00f4mico com conserva\u00e7\u00e3o ambiental.\u00a0O CPI trabalha em estreita colabora\u00e7\u00e3o com ag\u00eancias governamentais e a sociedade civil para tra\u00e7ar caminhos para\u00a0o progresso,\u00a0concentra-se\u00a0em \u00e1reas estrat\u00e9gicas, incluindo Direito e Governan\u00e7a do Clima, Conserva\u00e7\u00e3o, Energia, Instrumentos [&hellip;]","og_url":"https:\/\/www.climatepolicyinitiative.org\/pt-br\/programas\/brazil-policy-center\/","og_site_name":"CPI","article_publisher":"https:\/\/www.facebook.com\/ClimatePolicyInitiative","article_modified_time":"2026-02-18T05:51:03+00:00","og_image":[{"width":2560,"height":1705,"url":"https:\/\/www.climatepolicyinitiative.org\/wp-content\/uploads\/2020\/07\/Depositphotos_164632704_xl-2015-scaled.jpg","type":"image\/jpeg"}],"twitter_card":"summary_large_image","twitter_site":"@climatepolicy","twitter_misc":{"Est. tempo de leitura":"1 minuto"},"schema":{"@context":"https:\/\/schema.org","@graph":[{"@type":"WebPage","@id":"https:\/\/www.climatepolicyinitiative.org\/pt-br\/programas\/brazil-policy-center\/","url":"https:\/\/www.climatepolicyinitiative.org\/pt-br\/programas\/brazil-policy-center\/","name":"Brazil Policy Center - CPI","isPartOf":{"@id":"https:\/\/www.climatepolicyinitiative.org\/pt-br\/#website"},"primaryImageOfPage":{"@id":"https:\/\/www.climatepolicyinitiative.org\/pt-br\/programas\/brazil-policy-center\/#primaryimage"},"image":{"@id":"https:\/\/www.climatepolicyinitiative.org\/pt-br\/programas\/brazil-policy-center\/#primaryimage"},"thumbnailUrl":"https:\/\/www.climatepolicyinitiative.org\/wp-content\/uploads\/2020\/07\/Depositphotos_164632704_xl-2015-scaled.jpg","datePublished":"2020-06-25T14:18:07+00:00","dateModified":"2026-02-18T05:51:03+00:00","breadcrumb":{"@id":"https:\/\/www.climatepolicyinitiative.org\/pt-br\/programas\/brazil-policy-center\/#breadcrumb"},"inLanguage":"pt-BR","potentialAction":[{"@type":"ReadAction","target":["https:\/\/www.climatepolicyinitiative.org\/pt-br\/programas\/brazil-policy-center\/"]}]},{"@type":"ImageObject","inLanguage":"pt-BR","@id":"https:\/\/www.climatepolicyinitiative.org\/pt-br\/programas\/brazil-policy-center\/#primaryimage","url":"https:\/\/www.climatepolicyinitiative.org\/wp-content\/uploads\/2020\/07\/Depositphotos_164632704_xl-2015-scaled.jpg","contentUrl":"https:\/\/www.climatepolicyinitiative.org\/wp-content\/uploads\/2020\/07\/Depositphotos_164632704_xl-2015-scaled.jpg","width":2560,"height":1705,"caption":"CPI in Brazil"},{"@type":"BreadcrumbList","@id":"https:\/\/www.climatepolicyinitiative.org\/pt-br\/programas\/brazil-policy-center\/#breadcrumb","itemListElement":[{"@type":"ListItem","position":1,"name":"Home","item":"https:\/\/www.climatepolicyinitiative.org\/pt-br\/"},{"@type":"ListItem","position":2,"name":"Programas","item":"https:\/\/www.climatepolicyinitiative.org\/pt-br\/programas\/"},{"@type":"ListItem","position":3,"name":"Brazil Policy Center"}]},{"@type":"WebSite","@id":"https:\/\/www.climatepolicyinitiative.org\/pt-br\/#website","url":"https:\/\/www.climatepolicyinitiative.org\/pt-br\/","name":"CPI","description":"Climate Policy Initiative works to improve the most important energy and land use policies around the world, with a particular focus on finance.","publisher":{"@id":"https:\/\/www.climatepolicyinitiative.org\/pt-br\/#organization"},"potentialAction":[{"@type":"SearchAction","target":{"@type":"EntryPoint","urlTemplate":"https:\/\/www.climatepolicyinitiative.org\/pt-br\/?s={search_term_string}"},"query-input":{"@type":"PropertyValueSpecification","valueRequired":true,"valueName":"search_term_string"}}],"inLanguage":"pt-BR"},{"@type":"Organization","@id":"https:\/\/www.climatepolicyinitiative.org\/pt-br\/#organization","name":"Climate Policy Initiative","url":"https:\/\/www.climatepolicyinitiative.org\/pt-br\/","logo":{"@type":"ImageObject","inLanguage":"pt-BR","@id":"https:\/\/www.climatepolicyinitiative.org\/pt-br\/#\/schema\/logo\/image\/","url":"https:\/\/www.climatepolicyinitiative.org\/wp-content\/uploads\/2021\/07\/CPI_logo_cmyk_transparent.png","contentUrl":"https:\/\/www.climatepolicyinitiative.org\/wp-content\/uploads\/2021\/07\/CPI_logo_cmyk_transparent.png","width":1728,"height":720,"caption":"Climate Policy Initiative"},"image":{"@id":"https:\/\/www.climatepolicyinitiative.org\/pt-br\/#\/schema\/logo\/image\/"},"sameAs":["https:\/\/www.facebook.com\/ClimatePolicyInitiative","https:\/\/x.com\/climatepolicy","https:\/\/www.linkedin.com\/company\/climate-policy-initiative\/?lipi=urn:li:page:d_flagship3_search_srp_all;GvyQ8DliSYaW9eZhdq8RBQ==","https:\/\/www.youtube.com\/channel\/UCE8V0iDgBU8mreZdBegVCcA","https:\/\/en.wikipedia.org\/wiki\/Climate_Policy_Initiative"]}]}},"_links":{"self":[{"href":"https:\/\/www.climatepolicyinitiative.org\/pt-br\/wp-json\/wp\/v2\/pages\/23937","targetHints":{"allow":["GET"]}}],"collection":[{"href":"https:\/\/www.climatepolicyinitiative.org\/pt-br\/wp-json\/wp\/v2\/pages"}],"about":[{"href":"https:\/\/www.climatepolicyinitiative.org\/pt-br\/wp-json\/wp\/v2\/types\/page"}],"author":[{"embeddable":true,"href":"https:\/\/www.climatepolicyinitiative.org\/pt-br\/wp-json\/wp\/v2\/users\/183"}],"replies":[{"embeddable":true,"href":"https:\/\/www.climatepolicyinitiative.org\/pt-br\/wp-json\/wp\/v2\/comments?post=23937"}],"version-history":[{"count":2,"href":"https:\/\/www.climatepolicyinitiative.org\/pt-br\/wp-json\/wp\/v2\/pages\/23937\/revisions"}],"predecessor-version":[{"id":116627,"href":"https:\/\/www.climatepolicyinitiative.org\/pt-br\/wp-json\/wp\/v2\/pages\/23937\/revisions\/116627"}],"up":[{"embeddable":true,"href":"https:\/\/www.climatepolicyinitiative.org\/pt-br\/wp-json\/wp\/v2\/pages\/29691"}],"wp:featuredmedia":[{"embeddable":true,"href":"https:\/\/www.climatepolicyinitiative.org\/pt-br\/wp-json\/wp\/v2\/media\/29411"}],"wp:attachment":[{"href":"https:\/\/www.climatepolicyinitiative.org\/pt-br\/wp-json\/wp\/v2\/media?parent=23937"}],"wp:term":[{"taxonomy":"programs","embeddable":true,"href":"https:\/\/www.climatepolicyinitiative.org\/pt-br\/wp-json\/wp\/v2\/programs?post=23937"},{"taxonomy":"regions","embeddable":true,"href":"https:\/\/www.climatepolicyinitiative.org\/pt-br\/wp-json\/wp\/v2\/regions?post=23937"},{"taxonomy":"topics","embeddable":true,"href":"https:\/\/www.climatepolicyinitiative.org\/pt-br\/wp-json\/wp\/v2\/topics?post=23937"},{"taxonomy":"collaborations","embeddable":true,"href":"https:\/\/www.climatepolicyinitiative.org\/pt-br\/wp-json\/wp\/v2\/collaborations?post=23937"}],"curies":[{"name":"wp","href":"https:\/\/api.w.org\/{rel}","templated":true}]}}