{"id":81403,"date":"2024-11-07T14:37:59","date_gmt":"2024-11-07T14:37:59","guid":{"rendered":"https:\/\/www.climatepolicyinitiative.org\/landscape-of-climate-finance-for-land-use-in-brazil-2021-2023-government-spending\/"},"modified":"2024-11-07T18:07:50","modified_gmt":"2024-11-07T18:07:50","slug":"government-spending-landscape-of-climate-finance-for-land-use-in-brazil-2021-2023","status":"publish","type":"page","link":"https:\/\/www.climatepolicyinitiative.org\/id\/government-spending-landscape-of-climate-finance-for-land-use-in-brazil-2021-2023\/","title":{"rendered":"Government Spending (Landscape of Climate Finance for Land Use in Brazil 2021\u20132023)"},"content":{"rendered":"\n<p><a href=\"https:\/\/www.climatepolicyinitiative.org\/publication\/landscape-of-climate-finance-for-land-use-in-brazil-2021-2023\/\" target=\"_blank\" rel=\"noreferrer noopener\"><span class=\"button\">Main Page<\/span><\/a>&nbsp;<a href=\"https:\/\/www.climatepolicyinitiative.org\/dataviz\/landscape-of-climate-finance-for-land-use-in-brazil-2021-2023-interactive-sankey\/\" target=\"_blank\" rel=\"noreferrer noopener\"><span class=\"button\">interactive Sankey<\/span><\/a>&nbsp;<a href=\"https:\/\/www.climatepolicyinitiative.org\/wp-content\/uploads\/2024\/11\/Landscape-Climate-Finance-Land-Use-Brazil-2021-2023.pdf\" target=\"_blank\" rel=\"noreferrer noopener\"><span class=\"button\">Full Report (pdf)<\/span><\/a><\/p>\n\n\n\n<div class=\"wp-block-columns is-layout-flex wp-container-core-columns-is-layout-9d6595d7 wp-block-columns-is-layout-flex\">\n<div class=\"wp-block-column my-padding-column-2 has-background is-layout-flow wp-block-column-is-layout-flow\" style=\"background-color:#f2e3dc\">\n<h2 class=\"wp-block-heading\"><strong>What Is Classified as Government Spending?<\/strong> <\/h2>\n\n\n\n<p>The government spending analyzed in this chapter is the paid expenditure of the federal public budget, including the entire executive sphere and transfers to states and municipalities. Federal public policies are related to flows tracked in various sections of this publication, but the direct budget is highlighted for its structuring role, especially in the native forest sector. This section maps the budget disbursed by federal government ministries and agencies, related to climate objectives for the land use sector. Using this filter, the volume and profile of the federal government\u2019s direct action on the agenda is explored.<\/p>\n<\/div>\n<\/div>\n\n\n\n<p>Between 2021 and 2023, federal public budget spending accounted for 3% of climate resources for land use, totaling US$ 561 million per year.<a id=\"_ftnref1\" href=\"#_ftn1\"><sup>[1]<\/sup><\/a> <span lang=\"EN-US\" style=\"font-family: 'Calibri',sans-serif;\">During this period, there was a 48% increase in flows, returning to levels seen prior to the Bolsonaro government (Figure 10). This interrupts a downward trend that had been observed since 2016, which coincided with the change of the federal executive to more liberal coalitions and the adoption of Constitutional Amendment <span class=\"wrap-text\">no. 95\/2016<\/span>, known as the \u201cSpending Ceiling\u201d, which culminated in the reduction and, in certain cases, the extinction of climate-relevant government programs (IPEA 2021). Despite the change in trend, flows from government spending in the last three years are 40% lower than the average of what was tracked between 2015 and 2020.<\/span><\/p>\n\n\n\n<p>The forest sector is responsible for 71% of these disbursements, through the work of key agencies for implementing Brazil\u2019s climate commitments in the land use sector, which involves conservation, restoration, and reforestation actions, such as IBAMA, ICMBIO, FUNAI, MMA, the SFB and the Rio de Janeiro Botanical Garden Research Institute (<em>Instituto de Pesquisas Jardim Bot\u00e2nico do Rio de Janeiro<\/em> &#8211; JBRJ). These agencies are fundamental to environmental preservation and the protection of native vegetation, the fight against deforestation and fires, and the protection of indigenous peoples. For this reason, their budget was fully accounted for<a id=\"_ftnref2\" href=\"#_ftn2\"><sup>[2]<\/sup><\/a> among the climate flows tracked, including administrative expenses,<a id=\"_ftnref3\" href=\"#_ftn3\"><sup>[3]<\/sup><\/a> <span lang=\"EN-US\" style=\"font-family: 'Calibri',sans-serif;\">which accounted for 53% of the amounts in the three-year period. However, the administrative budget was stagnant between 2021 and 2023, not keeping pace with the budgetary expansion observed in the sector over the same period.<\/span><\/p>\n\n\n\n<p><strong>Figure 10.<\/strong> Climate Finance for Land Use via the Public Budget by Type of Resource, 2015-2023\n<\/p>\n\n\n\n<p><img loading=\"lazy\" decoding=\"async\" width=\"900\" height=\"658\" class=\"wp-image-81380\" style=\"width: 900px;\" src=\"https:\/\/www.climatepolicyinitiative.org\/wp-content\/uploads\/2024\/11\/FIG10-Land-Use-2024-07Nov24.jpg\" alt=\"\" srcset=\"https:\/\/www.climatepolicyinitiative.org\/wp-content\/uploads\/2024\/11\/FIG10-Land-Use-2024-07Nov24.jpg 1992w, https:\/\/www.climatepolicyinitiative.org\/wp-content\/uploads\/2024\/11\/FIG10-Land-Use-2024-07Nov24-300x219.jpg 300w, https:\/\/www.climatepolicyinitiative.org\/wp-content\/uploads\/2024\/11\/FIG10-Land-Use-2024-07Nov24-1024x748.jpg 1024w, https:\/\/www.climatepolicyinitiative.org\/wp-content\/uploads\/2024\/11\/FIG10-Land-Use-2024-07Nov24-1536x1123.jpg 1536w\" sizes=\"auto, (max-width: 900px) 100vw, 900px\" \/><\/p>\n\n\n\n<p><em><strong>Source:<\/strong> CPI\/PUC-RIO with data from SIOP\/MPO (2023), 2024<\/em><\/p>\n\n\n\n<p>On the other hand, the effort to increase non-administrative spending by the federal executive in line with the climate was successful, with a growth of 124% between 2021 and 2023. <\/p>\n\n\n\n<p>Water infrastructure and irrigation projects related to climate adaptation for agriculture in the northeast of Brazil represented the biggest impact on the growth of government spending between 2021 and 2023. In 2023, US$ 92 million was channeled through the Ministry of Integration and Regional Development (<em>Minist\u00e9rio da Integra\u00e7\u00e3o e do Desenvolvimento Regional<\/em> &#8211; MIDR) for water supply projects, in particular the construction of adductor canals taking advantage of the transposed waters of the S\u00e3o Francisco River.<\/p>\n\n\n\n<p>In 2023, spending on environmental and land regularization and land use planning, which are fundamental to the success of policies to combat deforestation, reached a peak of US$ 68 million, an increase of US$ 35 million compared to 2021. The creation, management, and implementation of federally protected areas by ICMBIO had a budget of US$ 36 million in 2023, an increase of 82% on 2021. Activities related to the demarcation, monitoring, and inspection of indigenous lands received US$ 25 million from the public budget in 2023, an increase of 249% on 2021, with FUNAI, ICMBIO, and IBAMA as the main agencies disbursing funds for these activities.<\/p>\n\n\n\n<p>Spending on actions to prevent and control deforestation and fires had a budget of US$ 72 million in 2023, representing growth of US$ 30 million on 2021. ICMBIO\u2019s budget for \u201cenvironmental inspection and preventing and fighting forest fires\u201d increased by US$ 25 million in 2023, 112% more than in 2021.<\/p>\n\n\n\n<p>These activities reinforce the government\u2019s role as one of the main financiers of Brazil\u2019s forest sector. <strong>The public budget was responsible for two-thirds (67%) of the resources for native forests in Brazil between 2021 and 2023, with US$ 400 million per year. <\/strong>These government disbursements are structural for the national strategy of monitoring, preventing, and combating deforestation and fires and for promoting the conservation of native vegetation and its recovery. For this reason, it is essential to continue the climate policy and expand government programs and actions aligned with climate objectives, strengthening the aforementioned agencies to ensure concrete, long-term impacts.<\/p>\n\n\n\n<div class=\"wp-block-columns is-layout-flex wp-container-core-columns-is-layout-9d6595d7 wp-block-columns-is-layout-flex\">\n<div class=\"wp-block-column my-padding-column-2 has-background is-layout-flow wp-block-column-is-layout-flow\" style=\"background-color:#f2e3dc\">\n<h2 class=\"wp-block-heading\"><strong>National Fund for Climate Change <\/strong> <\/h2>\n\n\n\n<p>The National Fund for Climate Change (<em>Fundo Nacional sobre Mudan\u00e7as do Clima<\/em> &#8211; <span class=\"wrap-text\">FNMC)\u2014known<\/span> as the Climate <span class=\"wrap-text\">Fund\u2014is<\/span> an accounting fund linked to the MMA, established by Law <span class=\"wrap-text\">no. 12,114\/2009<\/span> to mobilize resources for projects aimed at climate mitigation and adaptation. In December 2023, it had US$ 260 million available in funds (BNDES 2024a), which are raised through taxes from national oil companies, in addition to receiving resources from public and private institutions (CEPAL 2016). However, difficulties in accessing the fund\u2019s resources due to tax, management, and execution issues have limited its impact (INESC 2022). During the period tracked, the Fund mobilized only US$ 30 million per year, between reimbursable and non-reimbursable modalities, of which US$ 14 million per year was related to the land use sector.<\/p>\n\n\n\n<p>The Climate Fund operates through two modalities. The non-reimbursable modality is run by the MMA and operates through grants, mainly to subnational government projects. This modality has mobilized US$ 0.46 million per year, with US$ 0.37 million per year for land use, 86% of which went to projects in Brazil\u2019s Northeast Region. The fund\u2019s reimbursable modality is managed by the BNDES through low-cost credits under the Climate Fund Program, and has financed US$ 30 million per year, with US$ 14 million per year related to land use. These flows were covered in the \u201cCapital markets and other financial instruments\u201d section of this report because of the financial instrument used to channel these funds.<\/p>\n\n\n\n<p>Although the amount disbursed in the tracked period is limited, the Climate Fund has great impact potential. In August 2023, the MMA and the BNDES announced reforms for the fund, relaunching it as the New Climate Fund, with a contribution of R$ 10 billion (U$$ 2 billion) to the reimbursable finance line and revising its governance model to include the participation of representatives from civil society and the private sector (MMA 2023).<\/p>\n<\/div>\n<\/div>\n\n\n\n<hr class=\"wp-block-separator has-alpha-channel-opacity\"\/>\n\n\n\n<p><a id=\"_ftn1\" href=\"#_ftnref1\">[1]<\/a> Budget expenditures on compensations for the PROAGRO and Crop Guarantee Fund programs are considered in the Agriculture Risk Management section and are therefore not included in this section.<\/p>\n\n\n\n<p><a id=\"_ftn2\" href=\"#_ftnref2\">[2]<\/a> <span lang=\"EN-US\" style=\"font-family: 'Calibri',sans-serif;\">The budget was accounted for with the exception of pensions and precatory payments.<\/span><\/p>\n\n\n\n<p><a id=\"_ftn3\" href=\"#_ftnref3\">[3]<\/a> This report consides administrative expenses as payroll, benefits for active staff and the administration.<\/p>\n\n\n\n<p><\/p>\n","protected":false},"excerpt":{"rendered":"<p>Main Page&nbsp;interactive Sankey&nbsp;Full Report (pdf) What Is Classified as Government Spending? The government spending analyzed in this chapter is the paid expenditure of the federal public budget, including the entire executive sphere and transfers to states and municipalities. Federal public policies are related to flows tracked in various sections of this publication, but the direct [&hellip;]<\/p>\n","protected":false},"author":233,"featured_media":80995,"parent":0,"menu_order":0,"comment_status":"closed","ping_status":"closed","template":"","meta":{"_acf_changed":false,"footnotes":""},"programs":[725,1761],"regions":[353],"topics":[1901,481,287,1172],"collaborations":[],"class_list":["post-81403","page","type-page","status-publish","format-standard","has-post-thumbnail","hentry","programs-brazil","programs-climate-finance-tracking","regions-brazil","topics-climate-finance-landscapes","topics-land-use","topics-rural-credit","topics-sustainable-agriculture"],"acf":[],"yoast_head":"<!-- This site is optimized with the Yoast SEO plugin v27.3 - https:\/\/yoast.com\/product\/yoast-seo-wordpress\/ -->\n<title>Government Spending (Landscape of Climate Finance for Land Use in Brazil 2021\u20132023) - CPI<\/title>\n<meta name=\"robots\" content=\"index, follow, max-snippet:-1, max-image-preview:large, max-video-preview:-1\" \/>\n<link rel=\"canonical\" href=\"https:\/\/www.climatepolicyinitiative.org\/government-spending-landscape-of-climate-finance-for-land-use-in-brazil-2021-2023\/\" \/>\n<meta property=\"og:locale\" content=\"id_ID\" \/>\n<meta property=\"og:type\" content=\"article\" \/>\n<meta property=\"og:title\" content=\"Government Spending (Landscape of Climate Finance for Land Use in Brazil 2021\u20132023) - CPI\" \/>\n<meta property=\"og:description\" content=\"Main Page&nbsp;interactive Sankey&nbsp;Full Report (pdf) What Is Classified as Government Spending? The government spending analyzed in this chapter is the paid expenditure of the federal public budget, including the entire executive sphere and transfers to states and municipalities. Federal public policies are related to flows tracked in various sections of this publication, but the direct [&hellip;]\" \/>\n<meta property=\"og:url\" content=\"https:\/\/www.climatepolicyinitiative.org\/government-spending-landscape-of-climate-finance-for-land-use-in-brazil-2021-2023\/\" \/>\n<meta property=\"og:site_name\" content=\"CPI\" \/>\n<meta property=\"article:publisher\" content=\"https:\/\/www.facebook.com\/ClimatePolicyInitiative\" \/>\n<meta property=\"article:modified_time\" content=\"2024-11-07T18:07:50+00:00\" \/>\n<meta property=\"og:image\" content=\"https:\/\/www.climatepolicyinitiative.org\/wp-content\/uploads\/2024\/11\/gastos.jpg\" \/>\n\t<meta property=\"og:image:width\" content=\"2000\" \/>\n\t<meta property=\"og:image:height\" content=\"618\" \/>\n\t<meta property=\"og:image:type\" content=\"image\/jpeg\" \/>\n<meta name=\"twitter:card\" content=\"summary_large_image\" \/>\n<meta name=\"twitter:site\" content=\"@climatepolicy\" \/>\n<meta name=\"twitter:label1\" content=\"Estimasi waktu membaca\" \/>\n\t<meta name=\"twitter:data1\" content=\"6 menit\" \/>\n<script type=\"application\/ld+json\" class=\"yoast-schema-graph\">{\"@context\":\"https:\\\/\\\/schema.org\",\"@graph\":[{\"@type\":\"WebPage\",\"@id\":\"https:\\\/\\\/www.climatepolicyinitiative.org\\\/government-spending-landscape-of-climate-finance-for-land-use-in-brazil-2021-2023\\\/\",\"url\":\"https:\\\/\\\/www.climatepolicyinitiative.org\\\/government-spending-landscape-of-climate-finance-for-land-use-in-brazil-2021-2023\\\/\",\"name\":\"Government Spending (Landscape of Climate Finance for Land Use in Brazil 2021\u20132023) - CPI\",\"isPartOf\":{\"@id\":\"https:\\\/\\\/www.climatepolicyinitiative.org\\\/pt-br\\\/#website\"},\"primaryImageOfPage\":{\"@id\":\"https:\\\/\\\/www.climatepolicyinitiative.org\\\/government-spending-landscape-of-climate-finance-for-land-use-in-brazil-2021-2023\\\/#primaryimage\"},\"image\":{\"@id\":\"https:\\\/\\\/www.climatepolicyinitiative.org\\\/government-spending-landscape-of-climate-finance-for-land-use-in-brazil-2021-2023\\\/#primaryimage\"},\"thumbnailUrl\":\"https:\\\/\\\/www.climatepolicyinitiative.org\\\/wp-content\\\/uploads\\\/2024\\\/11\\\/gastos.jpg\",\"datePublished\":\"2024-11-07T14:37:59+00:00\",\"dateModified\":\"2024-11-07T18:07:50+00:00\",\"breadcrumb\":{\"@id\":\"https:\\\/\\\/www.climatepolicyinitiative.org\\\/government-spending-landscape-of-climate-finance-for-land-use-in-brazil-2021-2023\\\/#breadcrumb\"},\"inLanguage\":\"id\",\"potentialAction\":[{\"@type\":\"ReadAction\",\"target\":[\"https:\\\/\\\/www.climatepolicyinitiative.org\\\/government-spending-landscape-of-climate-finance-for-land-use-in-brazil-2021-2023\\\/\"]}]},{\"@type\":\"ImageObject\",\"inLanguage\":\"id\",\"@id\":\"https:\\\/\\\/www.climatepolicyinitiative.org\\\/government-spending-landscape-of-climate-finance-for-land-use-in-brazil-2021-2023\\\/#primaryimage\",\"url\":\"https:\\\/\\\/www.climatepolicyinitiative.org\\\/wp-content\\\/uploads\\\/2024\\\/11\\\/gastos.jpg\",\"contentUrl\":\"https:\\\/\\\/www.climatepolicyinitiative.org\\\/wp-content\\\/uploads\\\/2024\\\/11\\\/gastos.jpg\",\"width\":2000,\"height\":618,\"caption\":\"4K Aerial view of Amazon tropical Rainforest, Drone footage from above of Amazon jungle.\"},{\"@type\":\"BreadcrumbList\",\"@id\":\"https:\\\/\\\/www.climatepolicyinitiative.org\\\/government-spending-landscape-of-climate-finance-for-land-use-in-brazil-2021-2023\\\/#breadcrumb\",\"itemListElement\":[{\"@type\":\"ListItem\",\"position\":1,\"name\":\"Home\",\"item\":\"https:\\\/\\\/www.climatepolicyinitiative.org\\\/id\\\/\"},{\"@type\":\"ListItem\",\"position\":2,\"name\":\"Government Spending (Landscape of Climate Finance for Land Use in Brazil 2021\u20132023)\"}]},{\"@type\":\"WebSite\",\"@id\":\"https:\\\/\\\/www.climatepolicyinitiative.org\\\/pt-br\\\/#website\",\"url\":\"https:\\\/\\\/www.climatepolicyinitiative.org\\\/pt-br\\\/\",\"name\":\"CPI\",\"description\":\"Climate Policy Initiative works to improve the most important energy and land use policies around the world, with a particular focus on finance.\",\"publisher\":{\"@id\":\"https:\\\/\\\/www.climatepolicyinitiative.org\\\/pt-br\\\/#organization\"},\"potentialAction\":[{\"@type\":\"SearchAction\",\"target\":{\"@type\":\"EntryPoint\",\"urlTemplate\":\"https:\\\/\\\/www.climatepolicyinitiative.org\\\/pt-br\\\/?s={search_term_string}\"},\"query-input\":{\"@type\":\"PropertyValueSpecification\",\"valueRequired\":true,\"valueName\":\"search_term_string\"}}],\"inLanguage\":\"id\"},{\"@type\":\"Organization\",\"@id\":\"https:\\\/\\\/www.climatepolicyinitiative.org\\\/pt-br\\\/#organization\",\"name\":\"Climate Policy Initiative\",\"url\":\"https:\\\/\\\/www.climatepolicyinitiative.org\\\/pt-br\\\/\",\"logo\":{\"@type\":\"ImageObject\",\"inLanguage\":\"id\",\"@id\":\"https:\\\/\\\/www.climatepolicyinitiative.org\\\/pt-br\\\/#\\\/schema\\\/logo\\\/image\\\/\",\"url\":\"https:\\\/\\\/www.climatepolicyinitiative.org\\\/wp-content\\\/uploads\\\/2021\\\/07\\\/CPI_logo_cmyk_transparent.png\",\"contentUrl\":\"https:\\\/\\\/www.climatepolicyinitiative.org\\\/wp-content\\\/uploads\\\/2021\\\/07\\\/CPI_logo_cmyk_transparent.png\",\"width\":1728,\"height\":720,\"caption\":\"Climate Policy Initiative\"},\"image\":{\"@id\":\"https:\\\/\\\/www.climatepolicyinitiative.org\\\/pt-br\\\/#\\\/schema\\\/logo\\\/image\\\/\"},\"sameAs\":[\"https:\\\/\\\/www.facebook.com\\\/ClimatePolicyInitiative\",\"https:\\\/\\\/x.com\\\/climatepolicy\",\"https:\\\/\\\/www.linkedin.com\\\/company\\\/climate-policy-initiative\\\/?lipi=urn:li:page:d_flagship3_search_srp_all;GvyQ8DliSYaW9eZhdq8RBQ==\",\"https:\\\/\\\/www.youtube.com\\\/channel\\\/UCE8V0iDgBU8mreZdBegVCcA\",\"https:\\\/\\\/en.wikipedia.org\\\/wiki\\\/Climate_Policy_Initiative\"]}]}<\/script>\n<!-- \/ Yoast SEO plugin. -->","yoast_head_json":{"title":"Government Spending (Landscape of Climate Finance for Land Use in Brazil 2021\u20132023) - CPI","robots":{"index":"index","follow":"follow","max-snippet":"max-snippet:-1","max-image-preview":"max-image-preview:large","max-video-preview":"max-video-preview:-1"},"canonical":"https:\/\/www.climatepolicyinitiative.org\/government-spending-landscape-of-climate-finance-for-land-use-in-brazil-2021-2023\/","og_locale":"id_ID","og_type":"article","og_title":"Government Spending (Landscape of Climate Finance for Land Use in Brazil 2021\u20132023) - CPI","og_description":"Main Page&nbsp;interactive Sankey&nbsp;Full Report (pdf) What Is Classified as Government Spending? The government spending analyzed in this chapter is the paid expenditure of the federal public budget, including the entire executive sphere and transfers to states and municipalities. Federal public policies are related to flows tracked in various sections of this publication, but the direct [&hellip;]","og_url":"https:\/\/www.climatepolicyinitiative.org\/government-spending-landscape-of-climate-finance-for-land-use-in-brazil-2021-2023\/","og_site_name":"CPI","article_publisher":"https:\/\/www.facebook.com\/ClimatePolicyInitiative","article_modified_time":"2024-11-07T18:07:50+00:00","og_image":[{"width":2000,"height":618,"url":"https:\/\/www.climatepolicyinitiative.org\/wp-content\/uploads\/2024\/11\/gastos.jpg","type":"image\/jpeg"}],"twitter_card":"summary_large_image","twitter_site":"@climatepolicy","twitter_misc":{"Estimasi waktu membaca":"6 menit"},"schema":{"@context":"https:\/\/schema.org","@graph":[{"@type":"WebPage","@id":"https:\/\/www.climatepolicyinitiative.org\/government-spending-landscape-of-climate-finance-for-land-use-in-brazil-2021-2023\/","url":"https:\/\/www.climatepolicyinitiative.org\/government-spending-landscape-of-climate-finance-for-land-use-in-brazil-2021-2023\/","name":"Government Spending (Landscape of Climate Finance for Land Use in Brazil 2021\u20132023) - CPI","isPartOf":{"@id":"https:\/\/www.climatepolicyinitiative.org\/pt-br\/#website"},"primaryImageOfPage":{"@id":"https:\/\/www.climatepolicyinitiative.org\/government-spending-landscape-of-climate-finance-for-land-use-in-brazil-2021-2023\/#primaryimage"},"image":{"@id":"https:\/\/www.climatepolicyinitiative.org\/government-spending-landscape-of-climate-finance-for-land-use-in-brazil-2021-2023\/#primaryimage"},"thumbnailUrl":"https:\/\/www.climatepolicyinitiative.org\/wp-content\/uploads\/2024\/11\/gastos.jpg","datePublished":"2024-11-07T14:37:59+00:00","dateModified":"2024-11-07T18:07:50+00:00","breadcrumb":{"@id":"https:\/\/www.climatepolicyinitiative.org\/government-spending-landscape-of-climate-finance-for-land-use-in-brazil-2021-2023\/#breadcrumb"},"inLanguage":"id","potentialAction":[{"@type":"ReadAction","target":["https:\/\/www.climatepolicyinitiative.org\/government-spending-landscape-of-climate-finance-for-land-use-in-brazil-2021-2023\/"]}]},{"@type":"ImageObject","inLanguage":"id","@id":"https:\/\/www.climatepolicyinitiative.org\/government-spending-landscape-of-climate-finance-for-land-use-in-brazil-2021-2023\/#primaryimage","url":"https:\/\/www.climatepolicyinitiative.org\/wp-content\/uploads\/2024\/11\/gastos.jpg","contentUrl":"https:\/\/www.climatepolicyinitiative.org\/wp-content\/uploads\/2024\/11\/gastos.jpg","width":2000,"height":618,"caption":"4K Aerial view of Amazon tropical Rainforest, Drone footage from above of Amazon jungle."},{"@type":"BreadcrumbList","@id":"https:\/\/www.climatepolicyinitiative.org\/government-spending-landscape-of-climate-finance-for-land-use-in-brazil-2021-2023\/#breadcrumb","itemListElement":[{"@type":"ListItem","position":1,"name":"Home","item":"https:\/\/www.climatepolicyinitiative.org\/id\/"},{"@type":"ListItem","position":2,"name":"Government Spending (Landscape of Climate Finance for Land Use in Brazil 2021\u20132023)"}]},{"@type":"WebSite","@id":"https:\/\/www.climatepolicyinitiative.org\/pt-br\/#website","url":"https:\/\/www.climatepolicyinitiative.org\/pt-br\/","name":"CPI","description":"Climate Policy Initiative works to improve the most important energy and land use policies around the world, with a particular focus on finance.","publisher":{"@id":"https:\/\/www.climatepolicyinitiative.org\/pt-br\/#organization"},"potentialAction":[{"@type":"SearchAction","target":{"@type":"EntryPoint","urlTemplate":"https:\/\/www.climatepolicyinitiative.org\/pt-br\/?s={search_term_string}"},"query-input":{"@type":"PropertyValueSpecification","valueRequired":true,"valueName":"search_term_string"}}],"inLanguage":"id"},{"@type":"Organization","@id":"https:\/\/www.climatepolicyinitiative.org\/pt-br\/#organization","name":"Climate Policy Initiative","url":"https:\/\/www.climatepolicyinitiative.org\/pt-br\/","logo":{"@type":"ImageObject","inLanguage":"id","@id":"https:\/\/www.climatepolicyinitiative.org\/pt-br\/#\/schema\/logo\/image\/","url":"https:\/\/www.climatepolicyinitiative.org\/wp-content\/uploads\/2021\/07\/CPI_logo_cmyk_transparent.png","contentUrl":"https:\/\/www.climatepolicyinitiative.org\/wp-content\/uploads\/2021\/07\/CPI_logo_cmyk_transparent.png","width":1728,"height":720,"caption":"Climate Policy Initiative"},"image":{"@id":"https:\/\/www.climatepolicyinitiative.org\/pt-br\/#\/schema\/logo\/image\/"},"sameAs":["https:\/\/www.facebook.com\/ClimatePolicyInitiative","https:\/\/x.com\/climatepolicy","https:\/\/www.linkedin.com\/company\/climate-policy-initiative\/?lipi=urn:li:page:d_flagship3_search_srp_all;GvyQ8DliSYaW9eZhdq8RBQ==","https:\/\/www.youtube.com\/channel\/UCE8V0iDgBU8mreZdBegVCcA","https:\/\/en.wikipedia.org\/wiki\/Climate_Policy_Initiative"]}]}},"_links":{"self":[{"href":"https:\/\/www.climatepolicyinitiative.org\/id\/wp-json\/wp\/v2\/pages\/81403","targetHints":{"allow":["GET"]}}],"collection":[{"href":"https:\/\/www.climatepolicyinitiative.org\/id\/wp-json\/wp\/v2\/pages"}],"about":[{"href":"https:\/\/www.climatepolicyinitiative.org\/id\/wp-json\/wp\/v2\/types\/page"}],"author":[{"embeddable":true,"href":"https:\/\/www.climatepolicyinitiative.org\/id\/wp-json\/wp\/v2\/users\/233"}],"replies":[{"embeddable":true,"href":"https:\/\/www.climatepolicyinitiative.org\/id\/wp-json\/wp\/v2\/comments?post=81403"}],"version-history":[{"count":0,"href":"https:\/\/www.climatepolicyinitiative.org\/id\/wp-json\/wp\/v2\/pages\/81403\/revisions"}],"wp:featuredmedia":[{"embeddable":true,"href":"https:\/\/www.climatepolicyinitiative.org\/id\/wp-json\/wp\/v2\/media\/80995"}],"wp:attachment":[{"href":"https:\/\/www.climatepolicyinitiative.org\/id\/wp-json\/wp\/v2\/media?parent=81403"}],"wp:term":[{"taxonomy":"programs","embeddable":true,"href":"https:\/\/www.climatepolicyinitiative.org\/id\/wp-json\/wp\/v2\/programs?post=81403"},{"taxonomy":"regions","embeddable":true,"href":"https:\/\/www.climatepolicyinitiative.org\/id\/wp-json\/wp\/v2\/regions?post=81403"},{"taxonomy":"topics","embeddable":true,"href":"https:\/\/www.climatepolicyinitiative.org\/id\/wp-json\/wp\/v2\/topics?post=81403"},{"taxonomy":"collaborations","embeddable":true,"href":"https:\/\/www.climatepolicyinitiative.org\/id\/wp-json\/wp\/v2\/collaborations?post=81403"}],"curies":[{"name":"wp","href":"https:\/\/api.w.org\/{rel}","templated":true}]}}